{"id":1759,"date":"2025-01-05T06:22:57","date_gmt":"2025-01-05T03:22:57","guid":{"rendered":"https:\/\/gelisimyemkatki.com\/protectors\/toxin-binders\/vizyotox-fusion\/"},"modified":"2025-01-05T06:22:57","modified_gmt":"2025-01-05T03:22:57","slug":"vizyotox-fusion","status":"publish","type":"page","link":"https:\/\/gelisimyemkatki.com\/en\/protective-additives\/toxin-binders\/vizyotox-fusion\/","title":{"rendered":"Vizyotox Fusion"},"content":{"rendered":"<div class=\"tg-wrap\">\n<table class=\"tg\">\n<tbody>\n<tr>\n<td class=\"tg-yla0\"><span style=\"font-weight: bold;\">PRODUCT CODE:<\/span><\/td>\n<td class=\"tg-yla0\" colspan=\"5\"><span style=\"font-weight: bold;\">TB2630<\/span><\/td>\n<\/tr>\n<tr>\n<td class=\"tg-7zrl\" colspan=\"6\">It is an additive produced to bind toxins and protect liver health in ruminant animals, poultry, fish and all domestic animal species.<\/td>\n<\/tr>\n<tr>\n<td class=\"tg-wa1i\" colspan=\"6\"><span style=\"font-weight: bold;\">COMPOSITION<\/span><\/td>\n<\/tr>\n<tr>\n<td class=\"tg-wa1i\"><span style=\"font-weight: bold;\">Identifier Number (CAS)<\/span><\/td>\n<td class=\"tg-wa1i\"><span style=\"font-weight: bold;\">Active Substance<\/span><\/td>\n<td class=\"tg-wa1i\" colspan=\"2\"><span style=\"font-weight: bold;\">Contribution Name<\/span><\/td>\n<td class=\"tg-wa1i\" colspan=\"2\"><span style=\"font-weight: bold;\">Level in Premix Units (Per 1 kg)<\/span><\/td>\n<\/tr>\n<tr>\n<td class=\"tg-yla0\" colspan=\"6\"><span style=\"font-weight: bold;\">Technological Additives: Binders, Anti-caking agents and Anticoagulants<\/span><\/td>\n<\/tr>\n<tr>\n<td class=\"tg-cly1\">E552<\/td>\n<td class=\"tg-cly1\" colspan=\"3\">Calcium aluminosilicate, synthetic<\/td>\n<td class=\"tg-mwxe\" style=\"text-align: left;\">200.000<\/td>\n<td class=\"tg-mwxe\">mg\/kg<\/td>\n<\/tr>\n<tr>\n<td class=\"tg-cly1\">E554<\/td>\n<td class=\"tg-cly1\" colspan=\"3\">Sodium aluminosilicate, synthetic<\/td>\n<td class=\"tg-mwxe\" style=\"text-align: left;\">200.000<\/td>\n<td class=\"tg-mwxe\">mg\/kg<\/td>\n<\/tr>\n<tr>\n<td class=\"tg-cly1\">E558<\/td>\n<td class=\"tg-cly1\" colspan=\"3\">Bentonite &#8211; Montmorillonite<\/td>\n<td class=\"tg-mwxe\" style=\"text-align: left;\">200.000<\/td>\n<td class=\"tg-mwxe\">mg\/kg<\/td>\n<\/tr>\n<tr>\n<td class=\"tg-cly1\">E562<\/td>\n<td class=\"tg-cly1\">Sepiolite<\/td>\n<td class=\"tg-cly1\" colspan=\"2\">Hydrated magnesium silicate containing at least 60% sepiolite and at most 30% montmorillonite (without asbestos)<\/td>\n<td class=\"tg-mwxe\" style=\"text-align: left;\">250<\/td>\n<td class=\"tg-mwxe\">mg<\/td>\n<\/tr>\n<tr>\n<td class=\"tg-yla0\" colspan=\"6\"><span style=\"font-weight: bold;\">Technological Additives: Substances that reduce mycotoxin contamination<\/span><\/td>\n<\/tr>\n<tr>\n<td class=\"tg-cly1\">12.1.5<\/td>\n<td class=\"tg-cly1\">Inactive Yeast Product<\/td>\n<td class=\"tg-8zwo\" colspan=\"2\"><span style=\"font-style: italic;\">Saccharomyces cerevisiae<\/span><span style=\"font-style: normal;\"> cell wall<\/span><\/td>\n<td class=\"tg-mwxe\" style=\"text-align: left;\">100<\/td>\n<td class=\"tg-mwxe\">mg<\/td>\n<\/tr>\n<tr>\n<td class=\"tg-yla0\" colspan=\"6\"><span style=\"font-weight: bold;\">Natural Additives<\/span><\/td>\n<\/tr>\n<tr>\n<td class=\"tg-cly1\">2b<\/td>\n<td class=\"tg-cly1\">Silybum marianum<\/td>\n<td class=\"tg-cly1\" colspan=\"2\">Silybum marianum (L.) Gaertn.= Carduus marianus L. : Milk thistle extract CoE 551\/ Milk thistle tincture CoE 551<\/td>\n<td class=\"tg-mwxe\" style=\"text-align: left;\">15<\/td>\n<td class=\"tg-mwxe\">mg<\/td>\n<\/tr>\n<tr>\n<td class=\"tg-cly1\">2b<\/td>\n<td class=\"tg-cly1\">Illicium verum<\/td>\n<td class=\"tg-cly1\" colspan=\"2\">-Illicium verum Hook, Anisum stellatum: Star anise oil without terpene CAS 8007-70-3 CoE 238 EINECS 283-518-1 \/ Star anise tincture<br \/> -CoE 238 \/ Star anise terpenes<br \/> -CoE 238 \/ Star anise oil without terpene CAS 8007-70-3 CoE 238 EINECS 283-518-1<\/td>\n<td class=\"tg-mwxe\" style=\"text-align: left;\">15<\/td>\n<td class=\"tg-mwxe\">mg<\/td>\n<\/tr>\n<tr>\n<td class=\"tg-cly1\">2b<\/td>\n<td class=\"tg-cly1\">Allium sativum<\/td>\n<td class=\"tg-cly1\" colspan=\"2\">Allium sativum L.: Garlic oleoresin CAS 8000-78-0 CoE 26 EINECS 232-371-1 \/ Garlic oil CAS 8000-78-0 FEMA 2503 CoE 26 EINECS 232-371-1 \/ Garlic tincture CoE 26<\/td>\n<td class=\"tg-mwxe\" style=\"text-align: left;\">15<\/td>\n<td class=\"tg-mwxe\">mg<\/td>\n<\/tr>\n<tr>\n<td class=\"tg-cly1\">2b<\/td>\n<td class=\"tg-cly1\">Grape Seed Extract<\/td>\n<td class=\"tg-cly1\" colspan=\"2\">4\/ Grape skin extract CoE 485\/ Grape seed extract<\/td>\n<td class=\"tg-mwxe\" style=\"text-align: left;\">5<\/td>\n<td class=\"tg-mwxe\">mg<\/td>\n<\/tr>\n<tr>\n<td class=\"tg-mlwo\" colspan=\"6\"><span style=\"font-style: italic;\">Amount (mg\/kg) in complete feed: 20,000<\/span><\/td>\n<\/tr>\n<tr>\n<td class=\"tg-yla0\"><span style=\"font-weight: bold;\">INSTRUCTIONS FOR USE:<\/span><\/td>\n<td class=\"tg-cly1\" colspan=\"5\">It is recommended to use between 0.5 &#8211; 2.0 kg per 1 ton of feed for bovine and ovine animals, poultry and fish.<\/td>\n<\/tr>\n<tr>\n<td class=\"tg-yla0\"><span style=\"font-weight: bold;\">STORAGE CONDITIONS:<\/span><\/td>\n<td class=\"tg-cly1\" colspan=\"5\">Store in cool, dark and moisture-free conditions in its packaging.<\/td>\n<\/tr>\n<tr>\n<td class=\"tg-yla0\"><span style=\"font-weight: bold;\">WARNING:<\/span><\/td>\n<td class=\"tg-soni\" colspan=\"5\"><span style=\"color: #1f1f1f;\">Must be consumed within 24 months from the date of production.<\/span><\/td>\n<\/tr>\n<\/tbody>\n<\/table>\n<\/div>\n","protected":false},"excerpt":{"rendered":"<p>PRODUCT CODE: TB2630 It is an additive produced to bind toxins and protect liver health in ruminant animals, poultry, fish and all domestic animal species. COMPOSITION Identifier Number (CAS) Active Substance Contribution Name Level in Premix Units (Per 1 kg) Technological Additives: Binders, Anti-caking agents and Anticoagulants E552 Calcium aluminosilicate, synthetic 200.000 mg\/kg E554 Sodium [&hellip;]<\/p>\n","protected":false},"author":1,"featured_media":0,"parent":1608,"menu_order":0,"comment_status":"closed","ping_status":"closed","template":"","meta":{"footnotes":""},"class_list":["post-1759","page","type-page","status-publish","hentry"],"yoast_head":"<!-- This site is optimized with the Yoast SEO Premium plugin v24.1 (Yoast SEO v26.6) - https:\/\/yoast.com\/wordpress\/plugins\/seo\/ -->\n<title>Vizyotox Fusion | Geli\u015fim Yem Katk\u0131<\/title>\n<meta name=\"description\" content=\"It is an additive produced to bind toxins and protect liver health in ruminant animals, poultry, fish and all domestic animal species.\" \/>\n<meta name=\"robots\" content=\"index, follow, max-snippet:-1, max-image-preview:large, max-video-preview:-1\" \/>\n<link rel=\"canonical\" href=\"https:\/\/gelisimyemkatki.com\/en\/protective-additives\/toxin-binders\/vizyotox-fusion\/\" \/>\n<meta property=\"og:locale\" content=\"en_US\" \/>\n<meta property=\"og:type\" content=\"article\" \/>\n<meta property=\"og:title\" content=\"Vizyotox Fusion\" \/>\n<meta property=\"og:description\" content=\"It is an additive produced to bind toxins and protect liver health in ruminant animals, poultry, fish and all domestic animal species.\" \/>\n<meta property=\"og:url\" content=\"https:\/\/gelisimyemkatki.com\/en\/protective-additives\/toxin-binders\/vizyotox-fusion\/\" \/>\n<meta property=\"og:site_name\" content=\"Geli\u015fim Yem Katk\u0131\" \/>\n<meta name=\"twitter:card\" content=\"summary_large_image\" \/>\n<meta name=\"twitter:label1\" content=\"Est. reading time\" \/>\n\t<meta name=\"twitter:data1\" content=\"1 minute\" \/>\n<script type=\"application\/ld+json\" class=\"yoast-schema-graph\">{\"@context\":\"https:\/\/schema.org\",\"@graph\":[{\"@type\":\"WebPage\",\"@id\":\"https:\/\/gelisimyemkatki.com\/en\/protective-additives\/toxin-binders\/vizyotox-fusion\/\",\"url\":\"https:\/\/gelisimyemkatki.com\/en\/protective-additives\/toxin-binders\/vizyotox-fusion\/\",\"name\":\"Vizyotox Fusion | Geli\u015fim Yem Katk\u0131\",\"isPartOf\":{\"@id\":\"https:\/\/gelisimyemkatki.com\/en\/#website\"},\"datePublished\":\"2025-01-05T03:22:57+00:00\",\"description\":\"It is an additive produced to bind toxins and protect liver health in ruminant animals, poultry, fish and all domestic animal species.\",\"breadcrumb\":{\"@id\":\"https:\/\/gelisimyemkatki.com\/en\/protective-additives\/toxin-binders\/vizyotox-fusion\/#breadcrumb\"},\"inLanguage\":\"en-US\",\"potentialAction\":[{\"@type\":\"ReadAction\",\"target\":[\"https:\/\/gelisimyemkatki.com\/en\/protective-additives\/toxin-binders\/vizyotox-fusion\/\"]}]},{\"@type\":\"BreadcrumbList\",\"@id\":\"https:\/\/gelisimyemkatki.com\/en\/protective-additives\/toxin-binders\/vizyotox-fusion\/#breadcrumb\",\"itemListElement\":[{\"@type\":\"ListItem\",\"position\":1,\"name\":\"Home\",\"item\":\"https:\/\/gelisimyemkatki.com\/en\/\"},{\"@type\":\"ListItem\",\"position\":2,\"name\":\"Protective Additives\",\"item\":\"https:\/\/gelisimyemkatki.com\/en\/protective-additives\/\"},{\"@type\":\"ListItem\",\"position\":3,\"name\":\"Toxin Binders\",\"item\":\"https:\/\/gelisimyemkatki.com\/en\/protective-additives\/toxin-binders\/\"},{\"@type\":\"ListItem\",\"position\":4,\"name\":\"Vizyotox Fusion\"}]},{\"@type\":\"WebSite\",\"@id\":\"https:\/\/gelisimyemkatki.com\/en\/#website\",\"url\":\"https:\/\/gelisimyemkatki.com\/en\/\",\"name\":\"Geli\u015fim Yem Katk\u0131 \u00dcr\u00fcnleri\",\"description\":\"Maddeleri Tic. Ltd. \u015eti.\",\"potentialAction\":[{\"@type\":\"SearchAction\",\"target\":{\"@type\":\"EntryPoint\",\"urlTemplate\":\"https:\/\/gelisimyemkatki.com\/en\/?s={search_term_string}\"},\"query-input\":{\"@type\":\"PropertyValueSpecification\",\"valueRequired\":true,\"valueName\":\"search_term_string\"}}],\"inLanguage\":\"en-US\"}]}<\/script>\n<!-- \/ Yoast SEO Premium plugin. -->","yoast_head_json":{"title":"Vizyotox Fusion | Geli\u015fim Yem Katk\u0131","description":"It is an additive produced to bind toxins and protect liver health in ruminant animals, poultry, fish and all domestic animal species.","robots":{"index":"index","follow":"follow","max-snippet":"max-snippet:-1","max-image-preview":"max-image-preview:large","max-video-preview":"max-video-preview:-1"},"canonical":"https:\/\/gelisimyemkatki.com\/en\/protective-additives\/toxin-binders\/vizyotox-fusion\/","og_locale":"en_US","og_type":"article","og_title":"Vizyotox Fusion","og_description":"It is an additive produced to bind toxins and protect liver health in ruminant animals, poultry, fish and all domestic animal species.","og_url":"https:\/\/gelisimyemkatki.com\/en\/protective-additives\/toxin-binders\/vizyotox-fusion\/","og_site_name":"Geli\u015fim Yem Katk\u0131","twitter_card":"summary_large_image","twitter_misc":{"Est. reading time":"1 minute"},"schema":{"@context":"https:\/\/schema.org","@graph":[{"@type":"WebPage","@id":"https:\/\/gelisimyemkatki.com\/en\/protective-additives\/toxin-binders\/vizyotox-fusion\/","url":"https:\/\/gelisimyemkatki.com\/en\/protective-additives\/toxin-binders\/vizyotox-fusion\/","name":"Vizyotox Fusion | Geli\u015fim Yem Katk\u0131","isPartOf":{"@id":"https:\/\/gelisimyemkatki.com\/en\/#website"},"datePublished":"2025-01-05T03:22:57+00:00","description":"It is an additive produced to bind toxins and protect liver health in ruminant animals, poultry, fish and all domestic animal species.","breadcrumb":{"@id":"https:\/\/gelisimyemkatki.com\/en\/protective-additives\/toxin-binders\/vizyotox-fusion\/#breadcrumb"},"inLanguage":"en-US","potentialAction":[{"@type":"ReadAction","target":["https:\/\/gelisimyemkatki.com\/en\/protective-additives\/toxin-binders\/vizyotox-fusion\/"]}]},{"@type":"BreadcrumbList","@id":"https:\/\/gelisimyemkatki.com\/en\/protective-additives\/toxin-binders\/vizyotox-fusion\/#breadcrumb","itemListElement":[{"@type":"ListItem","position":1,"name":"Home","item":"https:\/\/gelisimyemkatki.com\/en\/"},{"@type":"ListItem","position":2,"name":"Protective Additives","item":"https:\/\/gelisimyemkatki.com\/en\/protective-additives\/"},{"@type":"ListItem","position":3,"name":"Toxin Binders","item":"https:\/\/gelisimyemkatki.com\/en\/protective-additives\/toxin-binders\/"},{"@type":"ListItem","position":4,"name":"Vizyotox Fusion"}]},{"@type":"WebSite","@id":"https:\/\/gelisimyemkatki.com\/en\/#website","url":"https:\/\/gelisimyemkatki.com\/en\/","name":"Geli\u015fim Yem Katk\u0131 \u00dcr\u00fcnleri","description":"Maddeleri Tic. Ltd. \u015eti.","potentialAction":[{"@type":"SearchAction","target":{"@type":"EntryPoint","urlTemplate":"https:\/\/gelisimyemkatki.com\/en\/?s={search_term_string}"},"query-input":{"@type":"PropertyValueSpecification","valueRequired":true,"valueName":"search_term_string"}}],"inLanguage":"en-US"}]}},"_links":{"self":[{"href":"https:\/\/gelisimyemkatki.com\/en\/wp-json\/wp\/v2\/pages\/1759","targetHints":{"allow":["GET"]}}],"collection":[{"href":"https:\/\/gelisimyemkatki.com\/en\/wp-json\/wp\/v2\/pages"}],"about":[{"href":"https:\/\/gelisimyemkatki.com\/en\/wp-json\/wp\/v2\/types\/page"}],"author":[{"embeddable":true,"href":"https:\/\/gelisimyemkatki.com\/en\/wp-json\/wp\/v2\/users\/1"}],"replies":[{"embeddable":true,"href":"https:\/\/gelisimyemkatki.com\/en\/wp-json\/wp\/v2\/comments?post=1759"}],"version-history":[{"count":0,"href":"https:\/\/gelisimyemkatki.com\/en\/wp-json\/wp\/v2\/pages\/1759\/revisions"}],"up":[{"embeddable":true,"href":"https:\/\/gelisimyemkatki.com\/en\/wp-json\/wp\/v2\/pages\/1608"}],"wp:attachment":[{"href":"https:\/\/gelisimyemkatki.com\/en\/wp-json\/wp\/v2\/media?parent=1759"}],"curies":[{"name":"wp","href":"https:\/\/api.w.org\/{rel}","templated":true}]}}