{"id":1752,"date":"2025-01-05T06:22:55","date_gmt":"2025-01-05T03:22:55","guid":{"rendered":"https:\/\/gelisimyemkatki.com\/water-products\/biosurfactant\/lysophos-aqua\/"},"modified":"2025-01-14T00:19:11","modified_gmt":"2025-01-13T21:19:11","slug":"lysophos-aqua","status":"publish","type":"page","link":"https:\/\/gelisimyemkatki.com\/en\/aquatic-products\/biosurfactant\/lysophos-aqua\/","title":{"rendered":"Lysophos Aqua"},"content":{"rendered":"<div class=\"tg-wrap\">\n<table class=\"tg\">\n<tbody>\n<tr>\n<td class=\"tg-yla0\"><span style=\"font-weight: bold;\">PRODUCT CODE:<\/span><\/td>\n<td class=\"tg-yla0\" colspan=\"5\"><span style=\"font-weight: bold;\">BF2360<\/span><\/td>\n<\/tr>\n<tr>\n<td class=\"tg-7zrl\" colspan=\"6\">It is an additive produced to strengthen the immune system of animals to increase their resistance to diseases, to meet their phospholipid needs, to protect the integrity of their organs and tissues (antioxidant and regenerative effect).<\/td>\n<\/tr>\n<tr>\n<td class=\"tg-yla0\" colspan=\"6\"><span style=\"font-weight: bold;\">COMPOSITION<\/span><\/td>\n<\/tr>\n<tr>\n<td class=\"tg-yla0\"><span style=\"font-weight: bold;\">Identifier Number<\/span><\/td>\n<td class=\"tg-yla0\"><span style=\"font-weight: bold;\">Active Substance<\/span><\/td>\n<td class=\"tg-yla0\" colspan=\"2\"><span style=\"font-weight: bold;\">Contribution Name<\/span><\/td>\n<td class=\"tg-yla0\" colspan=\"2\"><span style=\"font-weight: bold;\">Level in Premix Units<\/span><\/td>\n<\/tr>\n<tr>\n<td class=\"tg-yla0\" colspan=\"6\"><span style=\"font-weight: bold;\">Technological Additives: Emulsifiers, Stabilizers, Thickeners and Gelling agents<\/span><\/td>\n<\/tr>\n<tr>\n<td class=\"tg-cly1\">E222<\/td>\n<td class=\"tg-cly1\">Phospholipid<\/td>\n<td class=\"tg-cly1\" colspan=\"2\">60% Lecithin<\/td>\n<td class=\"tg-cly1\">240.000<\/td>\n<td class=\"tg-cly1\">mg<\/td>\n<\/tr>\n<tr>\n<td class=\"tg-yla0\" colspan=\"6\"><span style=\"font-weight: bold;\">Technological Additives: Binders, Anti-caking agents and Coagulants<\/span><\/td>\n<\/tr>\n<tr>\n<td class=\"tg-cly1\">E551<\/td>\n<td class=\"tg-cly1\">Silicon dioxide<\/td>\n<td class=\"tg-cly1\" colspan=\"2\">Synthetic amorphous silicon dioxide<\/td>\n<td class=\"tg-cly1\">50.000<\/td>\n<td class=\"tg-cly1\">mg<\/td>\n<\/tr>\n<tr>\n<td class=\"tg-yla0\" colspan=\"6\"><span style=\"font-weight: bold;\">Functional Group: Protectors <\/span><\/td>\n<\/tr>\n<tr>\n<td class=\"tg-cly1\">E238<\/td>\n<td class=\"tg-cly1\">Calcium format [CaHCOO)2]<\/td>\n<td class=\"tg-cly1\" colspan=\"2\">Calcium formate (99.9%)<\/td>\n<td class=\"tg-cly1\">5.000<\/td>\n<td class=\"tg-cly1\">mg<\/td>\n<\/tr>\n<tr>\n<td class=\"tg-yla0\" colspan=\"6\"><span style=\"font-weight: bold;\">Functional Group: Carriers<\/span><\/td>\n<\/tr>\n<tr>\n<td class=\"tg-cly1\">11.1.1 &#8211; E170<\/td>\n<td class=\"tg-cly1\">Calcium carbonate (CaCO3)<\/td>\n<td class=\"tg-cly1\" colspan=\"2\">Calcite (limestone)<\/td>\n<td class=\"tg-cly1\">545.000<\/td>\n<td class=\"tg-cly1\">mg<\/td>\n<\/tr>\n<tr>\n<td class=\"tg-yla0\"><span style=\"font-weight: bold;\">INSTRUCTIONS FOR USE:<\/span><\/td>\n<td class=\"tg-cly1\" colspan=\"5\">It is recommended to use between 0.5 &#8211; 2.0 kg per 1 ton of feed for fish and pet animals.<\/td>\n<\/tr>\n<tr>\n<td class=\"tg-yla0\"><span style=\"font-weight: bold;\">STORAGE CONDITIONS:<\/span><\/td>\n<td class=\"tg-cly1\" colspan=\"5\">Store in cool, dark and moisture-free conditions in its packaging. Stabilizes up to 185 C in pelletizing and extrusion processes.<\/td>\n<\/tr>\n<tr>\n<td class=\"tg-yla0\"><span style=\"font-weight: bold;\">WARNING:<\/span><\/td>\n<td class=\"tg-fiw3\" colspan=\"5\">Must be consumed within 24 months from the date of production.<\/td>\n<\/tr>\n<\/tbody>\n<\/table>\n<\/div>\n","protected":false},"excerpt":{"rendered":"<p>PRODUCT CODE: BF2360 It is an additive produced to strengthen the immune system of animals to increase their resistance to diseases, to meet their phospholipid needs, to protect the integrity of their organs and tissues (antioxidant and regenerative effect). COMPOSITION Identifier Number Active Substance Contribution Name Level in Premix Units Technological Additives: Emulsifiers, Stabilizers, Thickeners [&hellip;]<\/p>\n","protected":false},"author":1,"featured_media":0,"parent":1640,"menu_order":0,"comment_status":"closed","ping_status":"closed","template":"","meta":{"footnotes":""},"class_list":["post-1752","page","type-page","status-publish","hentry"],"yoast_head":"<!-- This site is optimized with the Yoast SEO Premium plugin v24.1 (Yoast SEO v26.6) - https:\/\/yoast.com\/wordpress\/plugins\/seo\/ -->\n<title>Lysophos Aqua | Geli\u015fim Yem Katk\u0131<\/title>\n<meta name=\"description\" content=\"It is an additive produced to strengthen the immune system of animals to increase their resistance to diseases, to meet their phospholipid needs, to protect the integrity of their organs and tissues (antioxidant and regenerative effect).\" \/>\n<meta name=\"robots\" content=\"index, follow, max-snippet:-1, max-image-preview:large, max-video-preview:-1\" \/>\n<link rel=\"canonical\" href=\"https:\/\/gelisimyemkatki.com\/en\/aquatic-products\/biosurfactant\/lysophos-aqua\/\" \/>\n<meta property=\"og:locale\" content=\"en_US\" \/>\n<meta property=\"og:type\" content=\"article\" \/>\n<meta property=\"og:title\" content=\"Lysophos Aqua\" \/>\n<meta property=\"og:description\" content=\"It is an additive produced to strengthen the immune system of animals to increase their resistance to diseases, to meet their phospholipid needs, to protect the integrity of their organs and tissues (antioxidant and regenerative effect).\" \/>\n<meta property=\"og:url\" content=\"https:\/\/gelisimyemkatki.com\/en\/aquatic-products\/biosurfactant\/lysophos-aqua\/\" \/>\n<meta property=\"og:site_name\" content=\"Geli\u015fim Yem Katk\u0131\" \/>\n<meta property=\"article:modified_time\" content=\"2025-01-13T21:19:11+00:00\" \/>\n<meta name=\"twitter:card\" content=\"summary_large_image\" \/>\n<meta name=\"twitter:label1\" content=\"Est. reading time\" \/>\n\t<meta name=\"twitter:data1\" content=\"1 minute\" \/>\n<script type=\"application\/ld+json\" class=\"yoast-schema-graph\">{\"@context\":\"https:\/\/schema.org\",\"@graph\":[{\"@type\":\"WebPage\",\"@id\":\"https:\/\/gelisimyemkatki.com\/en\/aquatic-products\/biosurfactant\/lysophos-aqua\/\",\"url\":\"https:\/\/gelisimyemkatki.com\/en\/aquatic-products\/biosurfactant\/lysophos-aqua\/\",\"name\":\"Lysophos Aqua | Geli\u015fim Yem Katk\u0131\",\"isPartOf\":{\"@id\":\"https:\/\/gelisimyemkatki.com\/en\/#website\"},\"datePublished\":\"2025-01-05T03:22:55+00:00\",\"dateModified\":\"2025-01-13T21:19:11+00:00\",\"description\":\"It is an additive produced to strengthen the immune system of animals to increase their resistance to diseases, to meet their phospholipid needs, to protect the integrity of their organs and tissues (antioxidant and regenerative effect).\",\"breadcrumb\":{\"@id\":\"https:\/\/gelisimyemkatki.com\/en\/aquatic-products\/biosurfactant\/lysophos-aqua\/#breadcrumb\"},\"inLanguage\":\"en-US\",\"potentialAction\":[{\"@type\":\"ReadAction\",\"target\":[\"https:\/\/gelisimyemkatki.com\/en\/aquatic-products\/biosurfactant\/lysophos-aqua\/\"]}]},{\"@type\":\"BreadcrumbList\",\"@id\":\"https:\/\/gelisimyemkatki.com\/en\/aquatic-products\/biosurfactant\/lysophos-aqua\/#breadcrumb\",\"itemListElement\":[{\"@type\":\"ListItem\",\"position\":1,\"name\":\"Home\",\"item\":\"https:\/\/gelisimyemkatki.com\/en\/\"},{\"@type\":\"ListItem\",\"position\":2,\"name\":\"Aquatic Products\",\"item\":\"https:\/\/gelisimyemkatki.com\/en\/aquatic-products\/\"},{\"@type\":\"ListItem\",\"position\":3,\"name\":\"Biosurfactant\",\"item\":\"https:\/\/gelisimyemkatki.com\/en\/aquatic-products\/biosurfactant\/\"},{\"@type\":\"ListItem\",\"position\":4,\"name\":\"Lysophos Aqua\"}]},{\"@type\":\"WebSite\",\"@id\":\"https:\/\/gelisimyemkatki.com\/en\/#website\",\"url\":\"https:\/\/gelisimyemkatki.com\/en\/\",\"name\":\"Geli\u015fim Yem Katk\u0131 \u00dcr\u00fcnleri\",\"description\":\"Maddeleri Tic. Ltd. \u015eti.\",\"potentialAction\":[{\"@type\":\"SearchAction\",\"target\":{\"@type\":\"EntryPoint\",\"urlTemplate\":\"https:\/\/gelisimyemkatki.com\/en\/?s={search_term_string}\"},\"query-input\":{\"@type\":\"PropertyValueSpecification\",\"valueRequired\":true,\"valueName\":\"search_term_string\"}}],\"inLanguage\":\"en-US\"}]}<\/script>\n<!-- \/ Yoast SEO Premium plugin. -->","yoast_head_json":{"title":"Lysophos Aqua | Geli\u015fim Yem Katk\u0131","description":"It is an additive produced to strengthen the immune system of animals to increase their resistance to diseases, to meet their phospholipid needs, to protect the integrity of their organs and tissues (antioxidant and regenerative effect).","robots":{"index":"index","follow":"follow","max-snippet":"max-snippet:-1","max-image-preview":"max-image-preview:large","max-video-preview":"max-video-preview:-1"},"canonical":"https:\/\/gelisimyemkatki.com\/en\/aquatic-products\/biosurfactant\/lysophos-aqua\/","og_locale":"en_US","og_type":"article","og_title":"Lysophos Aqua","og_description":"It is an additive produced to strengthen the immune system of animals to increase their resistance to diseases, to meet their phospholipid needs, to protect the integrity of their organs and tissues (antioxidant and regenerative effect).","og_url":"https:\/\/gelisimyemkatki.com\/en\/aquatic-products\/biosurfactant\/lysophos-aqua\/","og_site_name":"Geli\u015fim Yem Katk\u0131","article_modified_time":"2025-01-13T21:19:11+00:00","twitter_card":"summary_large_image","twitter_misc":{"Est. reading time":"1 minute"},"schema":{"@context":"https:\/\/schema.org","@graph":[{"@type":"WebPage","@id":"https:\/\/gelisimyemkatki.com\/en\/aquatic-products\/biosurfactant\/lysophos-aqua\/","url":"https:\/\/gelisimyemkatki.com\/en\/aquatic-products\/biosurfactant\/lysophos-aqua\/","name":"Lysophos Aqua | Geli\u015fim Yem Katk\u0131","isPartOf":{"@id":"https:\/\/gelisimyemkatki.com\/en\/#website"},"datePublished":"2025-01-05T03:22:55+00:00","dateModified":"2025-01-13T21:19:11+00:00","description":"It is an additive produced to strengthen the immune system of animals to increase their resistance to diseases, to meet their phospholipid needs, to protect the integrity of their organs and tissues (antioxidant and regenerative effect).","breadcrumb":{"@id":"https:\/\/gelisimyemkatki.com\/en\/aquatic-products\/biosurfactant\/lysophos-aqua\/#breadcrumb"},"inLanguage":"en-US","potentialAction":[{"@type":"ReadAction","target":["https:\/\/gelisimyemkatki.com\/en\/aquatic-products\/biosurfactant\/lysophos-aqua\/"]}]},{"@type":"BreadcrumbList","@id":"https:\/\/gelisimyemkatki.com\/en\/aquatic-products\/biosurfactant\/lysophos-aqua\/#breadcrumb","itemListElement":[{"@type":"ListItem","position":1,"name":"Home","item":"https:\/\/gelisimyemkatki.com\/en\/"},{"@type":"ListItem","position":2,"name":"Aquatic Products","item":"https:\/\/gelisimyemkatki.com\/en\/aquatic-products\/"},{"@type":"ListItem","position":3,"name":"Biosurfactant","item":"https:\/\/gelisimyemkatki.com\/en\/aquatic-products\/biosurfactant\/"},{"@type":"ListItem","position":4,"name":"Lysophos Aqua"}]},{"@type":"WebSite","@id":"https:\/\/gelisimyemkatki.com\/en\/#website","url":"https:\/\/gelisimyemkatki.com\/en\/","name":"Geli\u015fim Yem Katk\u0131 \u00dcr\u00fcnleri","description":"Maddeleri Tic. Ltd. \u015eti.","potentialAction":[{"@type":"SearchAction","target":{"@type":"EntryPoint","urlTemplate":"https:\/\/gelisimyemkatki.com\/en\/?s={search_term_string}"},"query-input":{"@type":"PropertyValueSpecification","valueRequired":true,"valueName":"search_term_string"}}],"inLanguage":"en-US"}]}},"_links":{"self":[{"href":"https:\/\/gelisimyemkatki.com\/en\/wp-json\/wp\/v2\/pages\/1752","targetHints":{"allow":["GET"]}}],"collection":[{"href":"https:\/\/gelisimyemkatki.com\/en\/wp-json\/wp\/v2\/pages"}],"about":[{"href":"https:\/\/gelisimyemkatki.com\/en\/wp-json\/wp\/v2\/types\/page"}],"author":[{"embeddable":true,"href":"https:\/\/gelisimyemkatki.com\/en\/wp-json\/wp\/v2\/users\/1"}],"replies":[{"embeddable":true,"href":"https:\/\/gelisimyemkatki.com\/en\/wp-json\/wp\/v2\/comments?post=1752"}],"version-history":[{"count":1,"href":"https:\/\/gelisimyemkatki.com\/en\/wp-json\/wp\/v2\/pages\/1752\/revisions"}],"predecessor-version":[{"id":2529,"href":"https:\/\/gelisimyemkatki.com\/en\/wp-json\/wp\/v2\/pages\/1752\/revisions\/2529"}],"up":[{"embeddable":true,"href":"https:\/\/gelisimyemkatki.com\/en\/wp-json\/wp\/v2\/pages\/1640"}],"wp:attachment":[{"href":"https:\/\/gelisimyemkatki.com\/en\/wp-json\/wp\/v2\/media?parent=1752"}],"curies":[{"name":"wp","href":"https:\/\/api.w.org\/{rel}","templated":true}]}}