{"id":1744,"date":"2025-01-05T06:22:54","date_gmt":"2025-01-05T03:22:54","guid":{"rendered":"https:\/\/gelisimyemkatki.com\/protectors\/toxin-binders\/vizyotox-fusion-ac\/"},"modified":"2025-01-05T06:22:54","modified_gmt":"2025-01-05T03:22:54","slug":"vizyotox-fusion-ac","status":"publish","type":"page","link":"https:\/\/gelisimyemkatki.com\/en\/protective-additives\/toxin-binders\/vizyotox-fusion-ac\/","title":{"rendered":"Vizyotox Fusion AC"},"content":{"rendered":"<div class=\"tg-wrap\">\n<table class=\"tg\">\n<tbody>\n<tr>\n<td class=\"tg-yla0\"><span style=\"font-weight: bold;\">PRODUCT CODE:<\/span><\/td>\n<td class=\"tg-yla0\" colspan=\"6\"><span style=\"font-weight: bold;\">TB2640<\/span><\/td>\n<\/tr>\n<tr>\n<td class=\"tg-7zrl\" colspan=\"7\">It is an additive produced to bind toxins and protect liver health in ruminant animals, poultry, fish and all domestic animal species.<\/td>\n<\/tr>\n<tr>\n<td class=\"tg-wa1i\" colspan=\"7\"><span style=\"font-weight: bold;\">COMPOSITION<\/span><\/td>\n<\/tr>\n<tr>\n<td class=\"tg-wa1i\"><span style=\"font-weight: bold;\">Identifier Number<\/span><\/td>\n<td class=\"tg-wa1i\"><span style=\"font-weight: bold;\">Active Substance<\/span><\/td>\n<td class=\"tg-wa1i\" colspan=\"3\"><span style=\"font-weight: bold;\">Contribution Name<\/span><\/td>\n<td class=\"tg-wa1i\" colspan=\"2\"><span style=\"font-weight: bold;\">Level in Premix Units (Per 1 kg)<\/span><\/td>\n<\/tr>\n<tr>\n<td class=\"tg-yla0\" colspan=\"7\"><span style=\"font-weight: bold;\">Organic Acids<\/span><\/td>\n<\/tr>\n<tr>\n<td class=\"tg-cly1\">E598<\/td>\n<td class=\"tg-cly1\" colspan=\"4\">Humic acid<\/td>\n<td class=\"tg-mwxe\">75.000<\/td>\n<td class=\"tg-mwxe\">mg\/kg<\/td>\n<\/tr>\n<tr>\n<td class=\"tg-yla0\" colspan=\"7\"><span style=\"font-weight: bold;\">Technological Additives: Binders, Anti-caking agents, Anticoagulants<\/span><\/td>\n<\/tr>\n<tr>\n<td class=\"tg-cly1\">E552<\/td>\n<td class=\"tg-cly1\" colspan=\"4\">Calcium aluminosilicate, synthetic<\/td>\n<td class=\"tg-mwxe\">200.000<\/td>\n<td class=\"tg-mwxe\">mg\/kg<\/td>\n<\/tr>\n<tr>\n<td class=\"tg-cly1\">E554<\/td>\n<td class=\"tg-cly1\" colspan=\"4\">Sodium aluminosilicate, synthetic<\/td>\n<td class=\"tg-mwxe\">200.000<\/td>\n<td class=\"tg-mwxe\">mg\/kg<\/td>\n<\/tr>\n<tr>\n<td class=\"tg-cly1\">E558<\/td>\n<td class=\"tg-cly1\" colspan=\"4\">Bentonite &#8211; Montmorillonite<\/td>\n<td class=\"tg-mwxe\">200.000<\/td>\n<td class=\"tg-mwxe\">mg\/kg<\/td>\n<\/tr>\n<tr>\n<td class=\"tg-cly1\">E562<\/td>\n<td class=\"tg-cly1\">Sepiolite<\/td>\n<td class=\"tg-cly1\" colspan=\"3\">Hydrated magnesium silicate containing at least 60% sepiolite and at most 30% montmorillonite (without asbestos)<\/td>\n<td class=\"tg-mwxe\">250<\/td>\n<td class=\"tg-mwxe\">mg\/kg<\/td>\n<\/tr>\n<tr>\n<td class=\"tg-yla0\" colspan=\"7\"><span style=\"font-weight: bold;\">Technological Additives: Substances that reduce mycotoxin contamination<\/span><\/td>\n<\/tr>\n<tr>\n<td class=\"tg-cly1\">12.1.5<\/td>\n<td class=\"tg-cly1\">Inactive Yeast Product<\/td>\n<td class=\"tg-8zwo\" colspan=\"3\"><span style=\"font-style: italic;\">Saccharomyces cerevisiae<\/span><span style=\"font-style: normal;\"> cell wall<\/span><\/td>\n<td class=\"tg-mwxe\">100<\/td>\n<td class=\"tg-mwxe\">mg<\/td>\n<\/tr>\n<tr>\n<td class=\"tg-yla0\" colspan=\"7\"><span style=\"font-weight: bold;\">Natural Additives<\/span><\/td>\n<\/tr>\n<tr>\n<td class=\"tg-cly1\">2b<\/td>\n<td class=\"tg-cly1\">Silybum marianum<\/td>\n<td class=\"tg-cly1\" colspan=\"3\">Silybum marianum (L.) Gaertn.= Carduus marianus L. : Milk thistle extract CoE 551\/ Milk thistle tincture CoE 551<\/td>\n<td class=\"tg-mwxe\">15<\/td>\n<td class=\"tg-mwxe\">mg<\/td>\n<\/tr>\n<tr>\n<td class=\"tg-cly1\">2b<\/td>\n<td class=\"tg-cly1\">Illicium verum<\/td>\n<td class=\"tg-cly1\" colspan=\"3\">-Illicium verum Hook, Anisum stellatum: Star anise oil without terpene CAS 8007-70-3 CoE 238 EINECS 283-518-1 \/ Star anise tincture<br \/> -CoE 238 \/ Star anise terpenes<br \/> -CoE 238 \/ Star anise oil without terpene CAS 8007-70-3 CoE 238 EINECS 283-518-1<\/td>\n<td class=\"tg-mwxe\">15<\/td>\n<td class=\"tg-mwxe\">mg<\/td>\n<\/tr>\n<tr>\n<td class=\"tg-cly1\">2b<\/td>\n<td class=\"tg-cly1\">Allium satium<\/td>\n<td class=\"tg-cly1\" colspan=\"3\">Allium sativum L.: Garlic oleoresin CAS 8000-78-0 CoE 26 EINECS 232-371-1 \/ Garlic oil CAS 8000-78-0 FEMA 2503 CoE 26 EINECS 232-371-1 \/ Garlic tincture CoE 26<\/td>\n<td class=\"tg-mwxe\">15<\/td>\n<td class=\"tg-mwxe\">mg<\/td>\n<\/tr>\n<tr>\n<td class=\"tg-cly1\">2b<\/td>\n<td class=\"tg-cly1\">Grape Seed Extract<\/td>\n<td class=\"tg-cly1\" colspan=\"3\">4\/ Grape skin extract CoE 485\/ Grape seed extract<\/td>\n<td class=\"tg-mwxe\">5<\/td>\n<td class=\"tg-mwxe\">mg<\/td>\n<\/tr>\n<tr>\n<td class=\"tg-mlwo\" colspan=\"7\"><span style=\"font-style: italic;\">Amount (mg\/kg) in complete feed: 20,000<\/span><\/td>\n<\/tr>\n<tr>\n<td class=\"tg-yla0\"><span style=\"font-weight: bold;\">INSTRUCTIONS FOR USE:<\/span><\/td>\n<td class=\"tg-cly1\" colspan=\"6\">It is recommended to use between 0.5 &#8211; 2.0 kg per 1 ton of feed for bovine and ovine animals, poultry and fish.<\/td>\n<\/tr>\n<tr>\n<td class=\"tg-yla0\"><span style=\"font-weight: bold;\">STORAGE CONDITIONS:<\/span><\/td>\n<td class=\"tg-cly1\" colspan=\"6\">Store in cool, dark and moisture-free conditions in its packaging.<\/td>\n<\/tr>\n<tr>\n<td class=\"tg-yla0\"><span style=\"font-weight: bold;\">WARNING:<\/span><\/td>\n<td class=\"tg-soni\" colspan=\"6\"><span style=\"color: #1f1f1f;\">Must be consumed within 24 months from the date of production.<\/span><\/td>\n<\/tr>\n<\/tbody>\n<\/table>\n<\/div>\n","protected":false},"excerpt":{"rendered":"<p>PRODUCT CODE: TB2640 It is an additive produced to bind toxins and protect liver health in ruminant animals, poultry, fish and all domestic animal species. COMPOSITION Identifier Number Active Substance Contribution Name Level in Premix Units (Per 1 kg) Organic Acids E598 Humic acid 75.000 mg\/kg Technological Additives: Binders, Anti-caking agents, Anticoagulants E552 Calcium aluminosilicate, [&hellip;]<\/p>\n","protected":false},"author":1,"featured_media":0,"parent":1608,"menu_order":0,"comment_status":"closed","ping_status":"closed","template":"","meta":{"footnotes":""},"class_list":["post-1744","page","type-page","status-publish","hentry"],"yoast_head":"<!-- This site is optimized with the Yoast SEO Premium plugin v24.1 (Yoast SEO v26.6) - https:\/\/yoast.com\/wordpress\/plugins\/seo\/ -->\n<title>Vizyotox Fusion AC | Geli\u015fim Yem Katk\u0131<\/title>\n<meta name=\"description\" content=\"It is an additive produced to bind toxins and protect liver health in ruminant animals, poultry, fish and all domestic animal species.\" \/>\n<meta name=\"robots\" content=\"index, follow, max-snippet:-1, max-image-preview:large, max-video-preview:-1\" \/>\n<link rel=\"canonical\" href=\"https:\/\/gelisimyemkatki.com\/en\/protective-additives\/toxin-binders\/vizyotox-fusion-ac\/\" \/>\n<meta property=\"og:locale\" content=\"en_US\" \/>\n<meta property=\"og:type\" content=\"article\" \/>\n<meta property=\"og:title\" content=\"Vizyotox Fusion AC\" \/>\n<meta property=\"og:description\" content=\"It is an additive produced to bind toxins and protect liver health in ruminant animals, poultry, fish and all domestic animal species.\" \/>\n<meta property=\"og:url\" content=\"https:\/\/gelisimyemkatki.com\/en\/protective-additives\/toxin-binders\/vizyotox-fusion-ac\/\" \/>\n<meta property=\"og:site_name\" content=\"Geli\u015fim Yem Katk\u0131\" \/>\n<meta name=\"twitter:card\" content=\"summary_large_image\" \/>\n<meta name=\"twitter:label1\" content=\"Est. reading time\" \/>\n\t<meta name=\"twitter:data1\" content=\"1 minute\" \/>\n<script type=\"application\/ld+json\" class=\"yoast-schema-graph\">{\"@context\":\"https:\/\/schema.org\",\"@graph\":[{\"@type\":\"WebPage\",\"@id\":\"https:\/\/gelisimyemkatki.com\/en\/protective-additives\/toxin-binders\/vizyotox-fusion-ac\/\",\"url\":\"https:\/\/gelisimyemkatki.com\/en\/protective-additives\/toxin-binders\/vizyotox-fusion-ac\/\",\"name\":\"Vizyotox Fusion AC | Geli\u015fim Yem Katk\u0131\",\"isPartOf\":{\"@id\":\"https:\/\/gelisimyemkatki.com\/en\/#website\"},\"datePublished\":\"2025-01-05T03:22:54+00:00\",\"description\":\"It is an additive produced to bind toxins and protect liver health in ruminant animals, poultry, fish and all domestic animal species.\",\"breadcrumb\":{\"@id\":\"https:\/\/gelisimyemkatki.com\/en\/protective-additives\/toxin-binders\/vizyotox-fusion-ac\/#breadcrumb\"},\"inLanguage\":\"en-US\",\"potentialAction\":[{\"@type\":\"ReadAction\",\"target\":[\"https:\/\/gelisimyemkatki.com\/en\/protective-additives\/toxin-binders\/vizyotox-fusion-ac\/\"]}]},{\"@type\":\"BreadcrumbList\",\"@id\":\"https:\/\/gelisimyemkatki.com\/en\/protective-additives\/toxin-binders\/vizyotox-fusion-ac\/#breadcrumb\",\"itemListElement\":[{\"@type\":\"ListItem\",\"position\":1,\"name\":\"Home\",\"item\":\"https:\/\/gelisimyemkatki.com\/en\/\"},{\"@type\":\"ListItem\",\"position\":2,\"name\":\"Protective Additives\",\"item\":\"https:\/\/gelisimyemkatki.com\/en\/protective-additives\/\"},{\"@type\":\"ListItem\",\"position\":3,\"name\":\"Toxin Binders\",\"item\":\"https:\/\/gelisimyemkatki.com\/en\/protective-additives\/toxin-binders\/\"},{\"@type\":\"ListItem\",\"position\":4,\"name\":\"Vizyotox Fusion AC\"}]},{\"@type\":\"WebSite\",\"@id\":\"https:\/\/gelisimyemkatki.com\/en\/#website\",\"url\":\"https:\/\/gelisimyemkatki.com\/en\/\",\"name\":\"Geli\u015fim Yem Katk\u0131 \u00dcr\u00fcnleri\",\"description\":\"Maddeleri Tic. Ltd. \u015eti.\",\"potentialAction\":[{\"@type\":\"SearchAction\",\"target\":{\"@type\":\"EntryPoint\",\"urlTemplate\":\"https:\/\/gelisimyemkatki.com\/en\/?s={search_term_string}\"},\"query-input\":{\"@type\":\"PropertyValueSpecification\",\"valueRequired\":true,\"valueName\":\"search_term_string\"}}],\"inLanguage\":\"en-US\"}]}<\/script>\n<!-- \/ Yoast SEO Premium plugin. -->","yoast_head_json":{"title":"Vizyotox Fusion AC | Geli\u015fim Yem Katk\u0131","description":"It is an additive produced to bind toxins and protect liver health in ruminant animals, poultry, fish and all domestic animal species.","robots":{"index":"index","follow":"follow","max-snippet":"max-snippet:-1","max-image-preview":"max-image-preview:large","max-video-preview":"max-video-preview:-1"},"canonical":"https:\/\/gelisimyemkatki.com\/en\/protective-additives\/toxin-binders\/vizyotox-fusion-ac\/","og_locale":"en_US","og_type":"article","og_title":"Vizyotox Fusion AC","og_description":"It is an additive produced to bind toxins and protect liver health in ruminant animals, poultry, fish and all domestic animal species.","og_url":"https:\/\/gelisimyemkatki.com\/en\/protective-additives\/toxin-binders\/vizyotox-fusion-ac\/","og_site_name":"Geli\u015fim Yem Katk\u0131","twitter_card":"summary_large_image","twitter_misc":{"Est. reading time":"1 minute"},"schema":{"@context":"https:\/\/schema.org","@graph":[{"@type":"WebPage","@id":"https:\/\/gelisimyemkatki.com\/en\/protective-additives\/toxin-binders\/vizyotox-fusion-ac\/","url":"https:\/\/gelisimyemkatki.com\/en\/protective-additives\/toxin-binders\/vizyotox-fusion-ac\/","name":"Vizyotox Fusion AC | Geli\u015fim Yem Katk\u0131","isPartOf":{"@id":"https:\/\/gelisimyemkatki.com\/en\/#website"},"datePublished":"2025-01-05T03:22:54+00:00","description":"It is an additive produced to bind toxins and protect liver health in ruminant animals, poultry, fish and all domestic animal species.","breadcrumb":{"@id":"https:\/\/gelisimyemkatki.com\/en\/protective-additives\/toxin-binders\/vizyotox-fusion-ac\/#breadcrumb"},"inLanguage":"en-US","potentialAction":[{"@type":"ReadAction","target":["https:\/\/gelisimyemkatki.com\/en\/protective-additives\/toxin-binders\/vizyotox-fusion-ac\/"]}]},{"@type":"BreadcrumbList","@id":"https:\/\/gelisimyemkatki.com\/en\/protective-additives\/toxin-binders\/vizyotox-fusion-ac\/#breadcrumb","itemListElement":[{"@type":"ListItem","position":1,"name":"Home","item":"https:\/\/gelisimyemkatki.com\/en\/"},{"@type":"ListItem","position":2,"name":"Protective Additives","item":"https:\/\/gelisimyemkatki.com\/en\/protective-additives\/"},{"@type":"ListItem","position":3,"name":"Toxin Binders","item":"https:\/\/gelisimyemkatki.com\/en\/protective-additives\/toxin-binders\/"},{"@type":"ListItem","position":4,"name":"Vizyotox Fusion AC"}]},{"@type":"WebSite","@id":"https:\/\/gelisimyemkatki.com\/en\/#website","url":"https:\/\/gelisimyemkatki.com\/en\/","name":"Geli\u015fim Yem Katk\u0131 \u00dcr\u00fcnleri","description":"Maddeleri Tic. Ltd. \u015eti.","potentialAction":[{"@type":"SearchAction","target":{"@type":"EntryPoint","urlTemplate":"https:\/\/gelisimyemkatki.com\/en\/?s={search_term_string}"},"query-input":{"@type":"PropertyValueSpecification","valueRequired":true,"valueName":"search_term_string"}}],"inLanguage":"en-US"}]}},"_links":{"self":[{"href":"https:\/\/gelisimyemkatki.com\/en\/wp-json\/wp\/v2\/pages\/1744","targetHints":{"allow":["GET"]}}],"collection":[{"href":"https:\/\/gelisimyemkatki.com\/en\/wp-json\/wp\/v2\/pages"}],"about":[{"href":"https:\/\/gelisimyemkatki.com\/en\/wp-json\/wp\/v2\/types\/page"}],"author":[{"embeddable":true,"href":"https:\/\/gelisimyemkatki.com\/en\/wp-json\/wp\/v2\/users\/1"}],"replies":[{"embeddable":true,"href":"https:\/\/gelisimyemkatki.com\/en\/wp-json\/wp\/v2\/comments?post=1744"}],"version-history":[{"count":0,"href":"https:\/\/gelisimyemkatki.com\/en\/wp-json\/wp\/v2\/pages\/1744\/revisions"}],"up":[{"embeddable":true,"href":"https:\/\/gelisimyemkatki.com\/en\/wp-json\/wp\/v2\/pages\/1608"}],"wp:attachment":[{"href":"https:\/\/gelisimyemkatki.com\/en\/wp-json\/wp\/v2\/media?parent=1744"}],"curies":[{"name":"wp","href":"https:\/\/api.w.org\/{rel}","templated":true}]}}