{"id":1742,"date":"2025-01-05T06:22:52","date_gmt":"2025-01-05T03:22:52","guid":{"rendered":"https:\/\/gelisimyemkatki.com\/protectors\/antioxidants\/vizyotox-afl\/"},"modified":"2025-01-07T18:51:17","modified_gmt":"2025-01-07T15:51:17","slug":"vizyotox-afl","status":"publish","type":"page","link":"https:\/\/gelisimyemkatki.com\/en\/protective-additives\/antioxidants\/vizyotox-afl\/","title":{"rendered":"Vizyotox AFL"},"content":{"rendered":"<div class=\"tg-wrap\">\n<table class=\"tg\" style=\"width: 100%;\">\n<tbody>\n<tr>\n<td class=\"tg-yla0\" style=\"width: 18.7608%;\"><span style=\"font-weight: bold;\">PRODUCT CODE:<\/span><\/td>\n<td class=\"tg-yla0\" style=\"width: 54.6305%;\" colspan=\"3\"><span style=\"font-weight: bold;\">TB2650<\/span><\/td>\n<\/tr>\n<tr>\n<td class=\"tg-cly1\" style=\"width: 73.3913%;\" colspan=\"4\">It is an additive produced to bind toxins in ruminant animals, poultry, fish and all domestic animal species.<\/td>\n<\/tr>\n<tr>\n<td class=\"tg-wa1i\" style=\"width: 73.3913%;\" colspan=\"4\"><span style=\"font-weight: bold;\">COMPOSITION<\/span><\/td>\n<\/tr>\n<tr>\n<td class=\"tg-wa1i\" style=\"width: 18.7608%;\"><span style=\"font-weight: bold;\">Identifier Number<\/span><\/td>\n<td class=\"tg-wa1i\" style=\"width: 25.7315%;\"><span style=\"font-weight: bold;\">Active Substance<\/span><\/td>\n<td class=\"tg-wa1i\" style=\"width: 28.899%;\" colspan=\"2\"><span style=\"font-weight: bold;\">Level in Premix Units <\/span><\/td>\n<\/tr>\n<tr>\n<td class=\"tg-yla0\" style=\"width: 73.3913%;\" colspan=\"4\"><span style=\"font-weight: bold;\">Minerals Anti-caking agents, Toxin binders<\/span><\/td>\n<\/tr>\n<tr>\n<td class=\"tg-cly1\" style=\"width: 18.7608%;\">1m558i<\/td>\n<td class=\"tg-cly1\" style=\"width: 25.7315%;\">Bentonite<\/td>\n<td class=\"tg-mwxe\" style=\"width: 22.3752%;\">500.000<\/td>\n<td class=\"tg-soni\" style=\"width: 6.52375%;\"><span style=\"color: #1f1f1f;\">mg\/kg<\/span><\/td>\n<\/tr>\n<tr>\n<td class=\"tg-cly1\" style=\"width: 18.7608%;\">1g557<\/td>\n<td class=\"tg-cly1\" style=\"width: 25.7315%;\">Montmorillonite<\/td>\n<td class=\"tg-mwxe\" style=\"width: 22.3752%;\">500.000<\/td>\n<td class=\"tg-soni\" style=\"width: 6.52375%;\"><span style=\"color: #1f1f1f;\">mg\/kg<\/span><\/td>\n<\/tr>\n<tr>\n<td class=\"tg-yla0\" style=\"width: 18.7608%;\"><span style=\"font-weight: bold;\">INSTRUCTIONS FOR USE:<\/span><\/td>\n<td class=\"tg-cly1\" style=\"width: 54.6305%;\" colspan=\"3\">It is recommended to use between 1 &#8211; 5 kg per 1 ton of feed in ruminants, poultry, fish and all pet species.<\/td>\n<\/tr>\n<tr>\n<td class=\"tg-yla0\" style=\"width: 18.7608%;\"><span style=\"font-weight: bold;\">STORAGE CONDITIONS:<\/span><\/td>\n<td class=\"tg-cly1\" style=\"width: 54.6305%;\" colspan=\"3\">Store in cool, dark and moisture-free conditions in its packaging.<\/td>\n<\/tr>\n<tr>\n<td class=\"tg-yla0\" style=\"width: 18.7608%;\"><span style=\"font-weight: bold;\">WARNING:<\/span><\/td>\n<td class=\"tg-soni\" style=\"width: 54.6305%;\" colspan=\"3\"><span style=\"color: #1f1f1f;\">Must be consumed within 24 months from the date of production.<\/span><\/td>\n<\/tr>\n<\/tbody>\n<\/table>\n<\/div>\n","protected":false},"excerpt":{"rendered":"<p>PRODUCT CODE: TB2650 It is an additive produced to bind toxins in ruminant animals, poultry, fish and all domestic animal species. COMPOSITION Identifier Number Active Substance Level in Premix Units Minerals Anti-caking agents, Toxin binders 1m558i Bentonite 500.000 mg\/kg 1g557 Montmorillonite 500.000 mg\/kg INSTRUCTIONS FOR USE: It is recommended to use between 1 &#8211; 5 [&hellip;]<\/p>\n","protected":false},"author":1,"featured_media":0,"parent":1610,"menu_order":0,"comment_status":"closed","ping_status":"closed","template":"","meta":{"footnotes":""},"class_list":["post-1742","page","type-page","status-publish","hentry"],"yoast_head":"<!-- This site is optimized with the Yoast SEO Premium plugin v24.1 (Yoast SEO v26.6) - https:\/\/yoast.com\/wordpress\/plugins\/seo\/ -->\n<title>Vizyotox AFL | Geli\u015fim Yem Katk\u0131<\/title>\n<meta name=\"description\" content=\"It is an additive produced to bind toxins in ruminant animals, poultry, fish and all domestic animal species.\" \/>\n<meta name=\"robots\" content=\"index, follow, max-snippet:-1, max-image-preview:large, max-video-preview:-1\" \/>\n<link rel=\"canonical\" href=\"https:\/\/gelisimyemkatki.com\/en\/protective-additives\/antioxidants\/vizyotox-afl\/\" \/>\n<meta property=\"og:locale\" content=\"en_US\" \/>\n<meta property=\"og:type\" content=\"article\" \/>\n<meta property=\"og:title\" content=\"Vizyotox AFL\" \/>\n<meta property=\"og:description\" content=\"It is an additive produced to bind toxins in ruminant animals, poultry, fish and all domestic animal species.\" \/>\n<meta property=\"og:url\" content=\"https:\/\/gelisimyemkatki.com\/en\/protective-additives\/antioxidants\/vizyotox-afl\/\" \/>\n<meta property=\"og:site_name\" content=\"Geli\u015fim Yem Katk\u0131\" \/>\n<meta property=\"article:modified_time\" content=\"2025-01-07T15:51:17+00:00\" \/>\n<meta name=\"twitter:card\" content=\"summary_large_image\" \/>\n<script type=\"application\/ld+json\" class=\"yoast-schema-graph\">{\"@context\":\"https:\/\/schema.org\",\"@graph\":[{\"@type\":\"WebPage\",\"@id\":\"https:\/\/gelisimyemkatki.com\/en\/protective-additives\/antioxidants\/vizyotox-afl\/\",\"url\":\"https:\/\/gelisimyemkatki.com\/en\/protective-additives\/antioxidants\/vizyotox-afl\/\",\"name\":\"Vizyotox AFL | Geli\u015fim Yem Katk\u0131\",\"isPartOf\":{\"@id\":\"https:\/\/gelisimyemkatki.com\/en\/#website\"},\"datePublished\":\"2025-01-05T03:22:52+00:00\",\"dateModified\":\"2025-01-07T15:51:17+00:00\",\"description\":\"It is an additive produced to bind toxins in ruminant animals, poultry, fish and all domestic animal species.\",\"breadcrumb\":{\"@id\":\"https:\/\/gelisimyemkatki.com\/en\/protective-additives\/antioxidants\/vizyotox-afl\/#breadcrumb\"},\"inLanguage\":\"en-US\",\"potentialAction\":[{\"@type\":\"ReadAction\",\"target\":[\"https:\/\/gelisimyemkatki.com\/en\/protective-additives\/antioxidants\/vizyotox-afl\/\"]}]},{\"@type\":\"BreadcrumbList\",\"@id\":\"https:\/\/gelisimyemkatki.com\/en\/protective-additives\/antioxidants\/vizyotox-afl\/#breadcrumb\",\"itemListElement\":[{\"@type\":\"ListItem\",\"position\":1,\"name\":\"Home\",\"item\":\"https:\/\/gelisimyemkatki.com\/en\/\"},{\"@type\":\"ListItem\",\"position\":2,\"name\":\"Protective Additives\",\"item\":\"https:\/\/gelisimyemkatki.com\/en\/protective-additives\/\"},{\"@type\":\"ListItem\",\"position\":3,\"name\":\"Antioxidants\",\"item\":\"https:\/\/gelisimyemkatki.com\/en\/protective-additives\/antioxidants\/\"},{\"@type\":\"ListItem\",\"position\":4,\"name\":\"Vizyotox AFL\"}]},{\"@type\":\"WebSite\",\"@id\":\"https:\/\/gelisimyemkatki.com\/en\/#website\",\"url\":\"https:\/\/gelisimyemkatki.com\/en\/\",\"name\":\"Geli\u015fim Yem Katk\u0131 \u00dcr\u00fcnleri\",\"description\":\"Maddeleri Tic. Ltd. \u015eti.\",\"potentialAction\":[{\"@type\":\"SearchAction\",\"target\":{\"@type\":\"EntryPoint\",\"urlTemplate\":\"https:\/\/gelisimyemkatki.com\/en\/?s={search_term_string}\"},\"query-input\":{\"@type\":\"PropertyValueSpecification\",\"valueRequired\":true,\"valueName\":\"search_term_string\"}}],\"inLanguage\":\"en-US\"}]}<\/script>\n<!-- \/ Yoast SEO Premium plugin. -->","yoast_head_json":{"title":"Vizyotox AFL | Geli\u015fim Yem Katk\u0131","description":"It is an additive produced to bind toxins in ruminant animals, poultry, fish and all domestic animal species.","robots":{"index":"index","follow":"follow","max-snippet":"max-snippet:-1","max-image-preview":"max-image-preview:large","max-video-preview":"max-video-preview:-1"},"canonical":"https:\/\/gelisimyemkatki.com\/en\/protective-additives\/antioxidants\/vizyotox-afl\/","og_locale":"en_US","og_type":"article","og_title":"Vizyotox AFL","og_description":"It is an additive produced to bind toxins in ruminant animals, poultry, fish and all domestic animal species.","og_url":"https:\/\/gelisimyemkatki.com\/en\/protective-additives\/antioxidants\/vizyotox-afl\/","og_site_name":"Geli\u015fim Yem Katk\u0131","article_modified_time":"2025-01-07T15:51:17+00:00","twitter_card":"summary_large_image","schema":{"@context":"https:\/\/schema.org","@graph":[{"@type":"WebPage","@id":"https:\/\/gelisimyemkatki.com\/en\/protective-additives\/antioxidants\/vizyotox-afl\/","url":"https:\/\/gelisimyemkatki.com\/en\/protective-additives\/antioxidants\/vizyotox-afl\/","name":"Vizyotox AFL | Geli\u015fim Yem Katk\u0131","isPartOf":{"@id":"https:\/\/gelisimyemkatki.com\/en\/#website"},"datePublished":"2025-01-05T03:22:52+00:00","dateModified":"2025-01-07T15:51:17+00:00","description":"It is an additive produced to bind toxins in ruminant animals, poultry, fish and all domestic animal species.","breadcrumb":{"@id":"https:\/\/gelisimyemkatki.com\/en\/protective-additives\/antioxidants\/vizyotox-afl\/#breadcrumb"},"inLanguage":"en-US","potentialAction":[{"@type":"ReadAction","target":["https:\/\/gelisimyemkatki.com\/en\/protective-additives\/antioxidants\/vizyotox-afl\/"]}]},{"@type":"BreadcrumbList","@id":"https:\/\/gelisimyemkatki.com\/en\/protective-additives\/antioxidants\/vizyotox-afl\/#breadcrumb","itemListElement":[{"@type":"ListItem","position":1,"name":"Home","item":"https:\/\/gelisimyemkatki.com\/en\/"},{"@type":"ListItem","position":2,"name":"Protective Additives","item":"https:\/\/gelisimyemkatki.com\/en\/protective-additives\/"},{"@type":"ListItem","position":3,"name":"Antioxidants","item":"https:\/\/gelisimyemkatki.com\/en\/protective-additives\/antioxidants\/"},{"@type":"ListItem","position":4,"name":"Vizyotox AFL"}]},{"@type":"WebSite","@id":"https:\/\/gelisimyemkatki.com\/en\/#website","url":"https:\/\/gelisimyemkatki.com\/en\/","name":"Geli\u015fim Yem Katk\u0131 \u00dcr\u00fcnleri","description":"Maddeleri Tic. Ltd. \u015eti.","potentialAction":[{"@type":"SearchAction","target":{"@type":"EntryPoint","urlTemplate":"https:\/\/gelisimyemkatki.com\/en\/?s={search_term_string}"},"query-input":{"@type":"PropertyValueSpecification","valueRequired":true,"valueName":"search_term_string"}}],"inLanguage":"en-US"}]}},"_links":{"self":[{"href":"https:\/\/gelisimyemkatki.com\/en\/wp-json\/wp\/v2\/pages\/1742","targetHints":{"allow":["GET"]}}],"collection":[{"href":"https:\/\/gelisimyemkatki.com\/en\/wp-json\/wp\/v2\/pages"}],"about":[{"href":"https:\/\/gelisimyemkatki.com\/en\/wp-json\/wp\/v2\/types\/page"}],"author":[{"embeddable":true,"href":"https:\/\/gelisimyemkatki.com\/en\/wp-json\/wp\/v2\/users\/1"}],"replies":[{"embeddable":true,"href":"https:\/\/gelisimyemkatki.com\/en\/wp-json\/wp\/v2\/comments?post=1742"}],"version-history":[{"count":0,"href":"https:\/\/gelisimyemkatki.com\/en\/wp-json\/wp\/v2\/pages\/1742\/revisions"}],"up":[{"embeddable":true,"href":"https:\/\/gelisimyemkatki.com\/en\/wp-json\/wp\/v2\/pages\/1610"}],"wp:attachment":[{"href":"https:\/\/gelisimyemkatki.com\/en\/wp-json\/wp\/v2\/media?parent=1742"}],"curies":[{"name":"wp","href":"https:\/\/api.w.org\/{rel}","templated":true}]}}