{"id":1739,"date":"2025-01-05T06:22:51","date_gmt":"2025-01-05T03:22:51","guid":{"rendered":"https:\/\/gelisimyemkatki.com\/protectors\/antioxidants\/antiox-liquid-35\/"},"modified":"2025-01-07T18:53:42","modified_gmt":"2025-01-07T15:53:42","slug":"antiox-liquid-35","status":"publish","type":"page","link":"https:\/\/gelisimyemkatki.com\/en\/protective-additives\/antioxidants\/antiox-liquid-35\/","title":{"rendered":"Antiox Liquid 35"},"content":{"rendered":"<div class=\"tg-wrap\">\n<table class=\"tg\" style=\"width: 100%;\">\n<tbody>\n<tr>\n<td class=\"tg-yla0\" style=\"width: 19.951%;\"><span style=\"font-weight: bold;\">PRODUCT CODE:<\/span><\/td>\n<td class=\"tg-yla0\" style=\"width: 79.3146%;\" colspan=\"3\"><span style=\"font-weight: bold;\">KR3570<\/span><\/td>\n<\/tr>\n<tr>\n<td class=\"tg-cly1\" style=\"width: 99.2656%;\" colspan=\"4\">It is an additive produced to reduce the loss of nutritional value in all compound feeds, animal and vegetable origin feed raw materials and to prevent autooxidation and rancidity in fats.<\/td>\n<\/tr>\n<tr>\n<td class=\"tg-wa1i\" style=\"width: 99.2656%;\" colspan=\"4\"><span style=\"font-weight: bold;\">COMPOSITION<\/span><\/td>\n<\/tr>\n<tr>\n<td class=\"tg-wa1i\" style=\"width: 19.951%;\"><span style=\"font-weight: bold;\">Identifier Number<\/span><\/td>\n<td class=\"tg-wa1i\" style=\"width: 31.2729%;\"><span style=\"font-weight: bold;\">Active Substance<\/span><\/td>\n<td class=\"tg-wa1i\" style=\"width: 48.0416%;\" colspan=\"2\"><span style=\"font-weight: bold;\">Level in Premix Units <\/span><\/td>\n<\/tr>\n<tr>\n<td class=\"tg-yla0\" style=\"width: 99.2656%;\" colspan=\"4\"><span style=\"font-weight: bold;\">Antioxidants<\/span><\/td>\n<\/tr>\n<tr>\n<td class=\"tg-cly1\" style=\"width: 19.951%;\">E320<\/td>\n<td class=\"tg-cly1\" style=\"width: 31.2729%;\">BHA (Butylhydroxyanisole)<\/td>\n<td class=\"tg-mwxe\" style=\"width: 27.4174%;\">20<\/td>\n<td class=\"tg-yqfv\" style=\"width: 20.6242%;\"><span style=\"color: #1f1f1f;\">%<\/span><\/td>\n<\/tr>\n<tr>\n<td class=\"tg-cly1\" style=\"width: 19.951%;\">E321<\/td>\n<td class=\"tg-cly1\" style=\"width: 31.2729%;\">BHT (Butylhydroxytoluene)<\/td>\n<td class=\"tg-mwxe\" style=\"width: 27.4174%;\">15<\/td>\n<td class=\"tg-yqfv\" style=\"width: 20.6242%;\"><span style=\"color: #1f1f1f;\">%<\/span><\/td>\n<\/tr>\n<tr>\n<td class=\"tg-yla0\" style=\"width: 99.2656%;\" colspan=\"4\"><span style=\"font-weight: bold;\">Organic Acids<\/span><\/td>\n<\/tr>\n<tr>\n<td class=\"tg-cly1\" style=\"width: 19.951%;\">E330<\/td>\n<td class=\"tg-7zrl\" style=\"width: 31.2729%;\">Citric acid (C6H8O7)<\/td>\n<td class=\"tg-2b7s\" style=\"width: 27.4174%;\">2<\/td>\n<td class=\"tg-yqfv\" style=\"width: 20.6242%;\"><span style=\"color: #1f1f1f;\">%<\/span><\/td>\n<\/tr>\n<tr>\n<td class=\"tg-j6zm\" style=\"width: 99.2656%;\" colspan=\"4\"><span style=\"font-weight: bold;\">Nutritional Additives<\/span><\/td>\n<\/tr>\n<tr>\n<td class=\"tg-7zrl\" style=\"width: 19.951%;\"> <\/td>\n<td class=\"tg-7zrl\" style=\"width: 31.2729%;\" colspan=\"3\">Vegetable oil composition<\/td>\n<\/tr>\n<tr>\n<td class=\"tg-yla0\" style=\"width: 19.951%;\"><span style=\"font-weight: bold;\">INSTRUCTIONS FOR USE:<\/span><\/td>\n<td class=\"tg-cly1\" style=\"width: 79.3146%;\" colspan=\"3\">It is recommended to use 1 &#8211; 3 liters per 1 ton of feed in vegetable origin fats, 3 &#8211; 5 liters per 1 ton of feed in animal origin fats, blood meal, meat &#8211; bone meal, chicken meal and feather meal, and 5 &#8211; 8 liters per 1 ton of feed in fish meal.<\/td>\n<\/tr>\n<tr>\n<td class=\"tg-yla0\" style=\"width: 19.951%;\"><span style=\"font-weight: bold;\">STORAGE CONDITIONS:<\/span><\/td>\n<td class=\"tg-cly1\" style=\"width: 79.3146%;\" colspan=\"3\">Store in cool, dark and moisture-free conditions in its packaging.<\/td>\n<\/tr>\n<tr>\n<td class=\"tg-yla0\" style=\"width: 19.951%;\"><span style=\"font-weight: bold;\">WARNING:<\/span><\/td>\n<td class=\"tg-soni\" style=\"width: 79.3146%;\" colspan=\"3\"><span style=\"color: #1f1f1f;\">Must be consumed within 24 months from the date of production.<\/span><\/td>\n<\/tr>\n<\/tbody>\n<\/table>\n<\/div>\n","protected":false},"excerpt":{"rendered":"<p>PRODUCT CODE: KR3570 It is an additive produced to reduce the loss of nutritional value in all compound feeds, animal and vegetable origin feed raw materials and to prevent autooxidation and rancidity in fats. COMPOSITION Identifier Number Active Substance Level in Premix Units Antioxidants E320 BHA (Butylhydroxyanisole) 20 % E321 BHT (Butylhydroxytoluene) 15 % Organic [&hellip;]<\/p>\n","protected":false},"author":1,"featured_media":0,"parent":1610,"menu_order":0,"comment_status":"closed","ping_status":"closed","template":"","meta":{"footnotes":""},"class_list":["post-1739","page","type-page","status-publish","hentry"],"yoast_head":"<!-- This site is optimized with the Yoast SEO Premium plugin v24.1 (Yoast SEO v26.6) - https:\/\/yoast.com\/wordpress\/plugins\/seo\/ -->\n<title>Antiox Liquid 35 | Geli\u015fim Yem Katk\u0131<\/title>\n<meta name=\"description\" content=\"It is an additive produced to reduce the loss of nutritional value in all compound feeds, animal and vegetable origin feed raw materials and to prevent autooxidation and rancidity in fats.\" \/>\n<meta name=\"robots\" content=\"index, follow, max-snippet:-1, max-image-preview:large, max-video-preview:-1\" \/>\n<link rel=\"canonical\" href=\"https:\/\/gelisimyemkatki.com\/en\/protective-additives\/antioxidants\/antiox-liquid-35\/\" \/>\n<meta property=\"og:locale\" content=\"en_US\" \/>\n<meta property=\"og:type\" content=\"article\" \/>\n<meta property=\"og:title\" content=\"Antiox Liquid 35\" \/>\n<meta property=\"og:description\" content=\"It is an additive produced to reduce the loss of nutritional value in all compound feeds, animal and vegetable origin feed raw materials and to prevent autooxidation and rancidity in fats.\" \/>\n<meta property=\"og:url\" content=\"https:\/\/gelisimyemkatki.com\/en\/protective-additives\/antioxidants\/antiox-liquid-35\/\" \/>\n<meta property=\"og:site_name\" content=\"Geli\u015fim Yem Katk\u0131\" \/>\n<meta property=\"article:modified_time\" content=\"2025-01-07T15:53:42+00:00\" \/>\n<meta name=\"twitter:card\" content=\"summary_large_image\" \/>\n<meta name=\"twitter:label1\" content=\"Est. reading time\" \/>\n\t<meta name=\"twitter:data1\" content=\"1 minute\" \/>\n<script type=\"application\/ld+json\" class=\"yoast-schema-graph\">{\"@context\":\"https:\/\/schema.org\",\"@graph\":[{\"@type\":\"WebPage\",\"@id\":\"https:\/\/gelisimyemkatki.com\/en\/protective-additives\/antioxidants\/antiox-liquid-35\/\",\"url\":\"https:\/\/gelisimyemkatki.com\/en\/protective-additives\/antioxidants\/antiox-liquid-35\/\",\"name\":\"Antiox Liquid 35 | Geli\u015fim Yem Katk\u0131\",\"isPartOf\":{\"@id\":\"https:\/\/gelisimyemkatki.com\/en\/#website\"},\"datePublished\":\"2025-01-05T03:22:51+00:00\",\"dateModified\":\"2025-01-07T15:53:42+00:00\",\"description\":\"It is an additive produced to reduce the loss of nutritional value in all compound feeds, animal and vegetable origin feed raw materials and to prevent autooxidation and rancidity in fats.\",\"breadcrumb\":{\"@id\":\"https:\/\/gelisimyemkatki.com\/en\/protective-additives\/antioxidants\/antiox-liquid-35\/#breadcrumb\"},\"inLanguage\":\"en-US\",\"potentialAction\":[{\"@type\":\"ReadAction\",\"target\":[\"https:\/\/gelisimyemkatki.com\/en\/protective-additives\/antioxidants\/antiox-liquid-35\/\"]}]},{\"@type\":\"BreadcrumbList\",\"@id\":\"https:\/\/gelisimyemkatki.com\/en\/protective-additives\/antioxidants\/antiox-liquid-35\/#breadcrumb\",\"itemListElement\":[{\"@type\":\"ListItem\",\"position\":1,\"name\":\"Home\",\"item\":\"https:\/\/gelisimyemkatki.com\/en\/\"},{\"@type\":\"ListItem\",\"position\":2,\"name\":\"Protective Additives\",\"item\":\"https:\/\/gelisimyemkatki.com\/en\/protective-additives\/\"},{\"@type\":\"ListItem\",\"position\":3,\"name\":\"Antioxidants\",\"item\":\"https:\/\/gelisimyemkatki.com\/en\/protective-additives\/antioxidants\/\"},{\"@type\":\"ListItem\",\"position\":4,\"name\":\"Antiox Liquid 35\"}]},{\"@type\":\"WebSite\",\"@id\":\"https:\/\/gelisimyemkatki.com\/en\/#website\",\"url\":\"https:\/\/gelisimyemkatki.com\/en\/\",\"name\":\"Geli\u015fim Yem Katk\u0131 \u00dcr\u00fcnleri\",\"description\":\"Maddeleri Tic. Ltd. \u015eti.\",\"potentialAction\":[{\"@type\":\"SearchAction\",\"target\":{\"@type\":\"EntryPoint\",\"urlTemplate\":\"https:\/\/gelisimyemkatki.com\/en\/?s={search_term_string}\"},\"query-input\":{\"@type\":\"PropertyValueSpecification\",\"valueRequired\":true,\"valueName\":\"search_term_string\"}}],\"inLanguage\":\"en-US\"}]}<\/script>\n<!-- \/ Yoast SEO Premium plugin. -->","yoast_head_json":{"title":"Antiox Liquid 35 | Geli\u015fim Yem Katk\u0131","description":"It is an additive produced to reduce the loss of nutritional value in all compound feeds, animal and vegetable origin feed raw materials and to prevent autooxidation and rancidity in fats.","robots":{"index":"index","follow":"follow","max-snippet":"max-snippet:-1","max-image-preview":"max-image-preview:large","max-video-preview":"max-video-preview:-1"},"canonical":"https:\/\/gelisimyemkatki.com\/en\/protective-additives\/antioxidants\/antiox-liquid-35\/","og_locale":"en_US","og_type":"article","og_title":"Antiox Liquid 35","og_description":"It is an additive produced to reduce the loss of nutritional value in all compound feeds, animal and vegetable origin feed raw materials and to prevent autooxidation and rancidity in fats.","og_url":"https:\/\/gelisimyemkatki.com\/en\/protective-additives\/antioxidants\/antiox-liquid-35\/","og_site_name":"Geli\u015fim Yem Katk\u0131","article_modified_time":"2025-01-07T15:53:42+00:00","twitter_card":"summary_large_image","twitter_misc":{"Est. reading time":"1 minute"},"schema":{"@context":"https:\/\/schema.org","@graph":[{"@type":"WebPage","@id":"https:\/\/gelisimyemkatki.com\/en\/protective-additives\/antioxidants\/antiox-liquid-35\/","url":"https:\/\/gelisimyemkatki.com\/en\/protective-additives\/antioxidants\/antiox-liquid-35\/","name":"Antiox Liquid 35 | Geli\u015fim Yem Katk\u0131","isPartOf":{"@id":"https:\/\/gelisimyemkatki.com\/en\/#website"},"datePublished":"2025-01-05T03:22:51+00:00","dateModified":"2025-01-07T15:53:42+00:00","description":"It is an additive produced to reduce the loss of nutritional value in all compound feeds, animal and vegetable origin feed raw materials and to prevent autooxidation and rancidity in fats.","breadcrumb":{"@id":"https:\/\/gelisimyemkatki.com\/en\/protective-additives\/antioxidants\/antiox-liquid-35\/#breadcrumb"},"inLanguage":"en-US","potentialAction":[{"@type":"ReadAction","target":["https:\/\/gelisimyemkatki.com\/en\/protective-additives\/antioxidants\/antiox-liquid-35\/"]}]},{"@type":"BreadcrumbList","@id":"https:\/\/gelisimyemkatki.com\/en\/protective-additives\/antioxidants\/antiox-liquid-35\/#breadcrumb","itemListElement":[{"@type":"ListItem","position":1,"name":"Home","item":"https:\/\/gelisimyemkatki.com\/en\/"},{"@type":"ListItem","position":2,"name":"Protective Additives","item":"https:\/\/gelisimyemkatki.com\/en\/protective-additives\/"},{"@type":"ListItem","position":3,"name":"Antioxidants","item":"https:\/\/gelisimyemkatki.com\/en\/protective-additives\/antioxidants\/"},{"@type":"ListItem","position":4,"name":"Antiox Liquid 35"}]},{"@type":"WebSite","@id":"https:\/\/gelisimyemkatki.com\/en\/#website","url":"https:\/\/gelisimyemkatki.com\/en\/","name":"Geli\u015fim Yem Katk\u0131 \u00dcr\u00fcnleri","description":"Maddeleri Tic. Ltd. \u015eti.","potentialAction":[{"@type":"SearchAction","target":{"@type":"EntryPoint","urlTemplate":"https:\/\/gelisimyemkatki.com\/en\/?s={search_term_string}"},"query-input":{"@type":"PropertyValueSpecification","valueRequired":true,"valueName":"search_term_string"}}],"inLanguage":"en-US"}]}},"_links":{"self":[{"href":"https:\/\/gelisimyemkatki.com\/en\/wp-json\/wp\/v2\/pages\/1739","targetHints":{"allow":["GET"]}}],"collection":[{"href":"https:\/\/gelisimyemkatki.com\/en\/wp-json\/wp\/v2\/pages"}],"about":[{"href":"https:\/\/gelisimyemkatki.com\/en\/wp-json\/wp\/v2\/types\/page"}],"author":[{"embeddable":true,"href":"https:\/\/gelisimyemkatki.com\/en\/wp-json\/wp\/v2\/users\/1"}],"replies":[{"embeddable":true,"href":"https:\/\/gelisimyemkatki.com\/en\/wp-json\/wp\/v2\/comments?post=1739"}],"version-history":[{"count":0,"href":"https:\/\/gelisimyemkatki.com\/en\/wp-json\/wp\/v2\/pages\/1739\/revisions"}],"up":[{"embeddable":true,"href":"https:\/\/gelisimyemkatki.com\/en\/wp-json\/wp\/v2\/pages\/1610"}],"wp:attachment":[{"href":"https:\/\/gelisimyemkatki.com\/en\/wp-json\/wp\/v2\/media?parent=1739"}],"curies":[{"name":"wp","href":"https:\/\/api.w.org\/{rel}","templated":true}]}}