{"id":1733,"date":"2025-01-05T06:22:50","date_gmt":"2025-01-05T03:22:50","guid":{"rendered":"https:\/\/gelisimyemkatki.com\/water-products\/magnification-factors\/bioliquid-3000-aqua\/"},"modified":"2025-01-05T06:22:50","modified_gmt":"2025-01-05T03:22:50","slug":"bioliquid-3000-aqua","status":"publish","type":"page","link":"https:\/\/gelisimyemkatki.com\/en\/aquatic-products\/growth-factors\/bioliquid-3000-aqua\/","title":{"rendered":"Bioliquid 3000 Aqua"},"content":{"rendered":"<div class=\"tg-wrap\">\n<table class=\"tg\">\n<tbody>\n<tr>\n<td class=\"tg-yla0\"><span style=\"font-weight: bold;\">PRODUCT CODE:<\/span><\/td>\n<td class=\"tg-yla0\" colspan=\"3\"><span style=\"font-weight: bold;\">BH2355<\/span><\/td>\n<\/tr>\n<tr>\n<td class=\"tg-cly1\" colspan=\"4\">It is a liquid form additive produced to reduce the bad odor caused by ammonia, sulfuric acid and other gases in fish and to regulate the intestinal flora.<\/td>\n<\/tr>\n<tr>\n<td class=\"tg-yla0\" colspan=\"4\"><span style=\"font-weight: bold;\">COMPOSITION<\/span><\/td>\n<\/tr>\n<tr>\n<td class=\"tg-yla0\"><span style=\"font-weight: bold;\">Identifier Number<\/span><\/td>\n<td class=\"tg-yla0\"><span style=\"font-weight: bold;\">Active Substance<\/span><\/td>\n<td class=\"tg-yla0\" colspan=\"2\"><span style=\"font-weight: bold;\">Level in Premix Units<\/span><\/td>\n<\/tr>\n<tr>\n<td class=\"tg-yla0\" colspan=\"4\"><span style=\"font-weight: bold;\">Aromatic Compounds<\/span><\/td>\n<\/tr>\n<tr>\n<td class=\"tg-82xw\"><span style=\"color: #1f1f1f;\">2b<\/span><\/td>\n<td class=\"tg-cly1\">Yucca Schidigera (active ingredient Saponin 12% &#8211; liquid form)<\/td>\n<td class=\"tg-cly1\">1000.000<\/td>\n<td class=\"tg-cly1\">mg<\/td>\n<\/tr>\n<tr>\n<td class=\"tg-yla0\"><span style=\"font-weight: bold;\">INSTRUCTIONS FOR USE:<\/span><\/td>\n<td class=\"tg-cly1\" colspan=\"3\">It is recommended to use between 1 &#8211; 2 liters per 1 ton of feed for fish.<\/td>\n<\/tr>\n<tr>\n<td class=\"tg-yla0\"><span style=\"font-weight: bold;\">STORAGE CONDITIONS:<\/span><\/td>\n<td class=\"tg-cly1\" colspan=\"3\">Store in cool, dark and moisture-free conditions in its packaging.<\/td>\n<\/tr>\n<tr>\n<td class=\"tg-yla0\"><span style=\"font-weight: bold;\">WARNING:<\/span><\/td>\n<td class=\"tg-cly1\" colspan=\"3\">Must be consumed within 24 months from the date of production.<\/td>\n<\/tr>\n<\/tbody>\n<\/table>\n<\/div>\n","protected":false},"excerpt":{"rendered":"<p>PRODUCT CODE: BH2355 It is a liquid form additive produced to reduce the bad odor caused by ammonia, sulfuric acid and other gases in fish and to regulate the intestinal flora. COMPOSITION Identifier Number Active Substance Level in Premix Units Aromatic Compounds 2b Yucca Schidigera (active ingredient Saponin 12% &#8211; liquid form) 1000.000 mg INSTRUCTIONS [&hellip;]<\/p>\n","protected":false},"author":1,"featured_media":0,"parent":1567,"menu_order":0,"comment_status":"closed","ping_status":"closed","template":"","meta":{"footnotes":""},"class_list":["post-1733","page","type-page","status-publish","hentry"],"yoast_head":"<!-- This site is optimized with the Yoast SEO Premium plugin v24.1 (Yoast SEO v26.6) - https:\/\/yoast.com\/wordpress\/plugins\/seo\/ -->\n<title>Bioliquid 3000 Aqua | Geli\u015fim Yem Katk\u0131<\/title>\n<meta name=\"description\" content=\"It is a liquid form additive produced to reduce the bad odor caused by ammonia, sulfuric acid and other gases in fish and to regulate the intestinal flora.\" \/>\n<meta name=\"robots\" content=\"index, follow, max-snippet:-1, max-image-preview:large, max-video-preview:-1\" \/>\n<link rel=\"canonical\" href=\"https:\/\/gelisimyemkatki.com\/en\/aquatic-products\/growth-factors\/bioliquid-3000-aqua\/\" \/>\n<meta property=\"og:locale\" content=\"en_US\" \/>\n<meta property=\"og:type\" content=\"article\" \/>\n<meta property=\"og:title\" content=\"Bioliquid 3000 Aqua\" \/>\n<meta property=\"og:description\" content=\"It is a liquid form additive produced to reduce the bad odor caused by ammonia, sulfuric acid and other gases in fish and to regulate the intestinal flora.\" \/>\n<meta property=\"og:url\" content=\"https:\/\/gelisimyemkatki.com\/en\/aquatic-products\/growth-factors\/bioliquid-3000-aqua\/\" \/>\n<meta property=\"og:site_name\" content=\"Geli\u015fim Yem Katk\u0131\" \/>\n<meta name=\"twitter:card\" content=\"summary_large_image\" \/>\n<script type=\"application\/ld+json\" class=\"yoast-schema-graph\">{\"@context\":\"https:\/\/schema.org\",\"@graph\":[{\"@type\":\"WebPage\",\"@id\":\"https:\/\/gelisimyemkatki.com\/en\/aquatic-products\/growth-factors\/bioliquid-3000-aqua\/\",\"url\":\"https:\/\/gelisimyemkatki.com\/en\/aquatic-products\/growth-factors\/bioliquid-3000-aqua\/\",\"name\":\"Bioliquid 3000 Aqua | Geli\u015fim Yem Katk\u0131\",\"isPartOf\":{\"@id\":\"https:\/\/gelisimyemkatki.com\/en\/#website\"},\"datePublished\":\"2025-01-05T03:22:50+00:00\",\"description\":\"It is a liquid form additive produced to reduce the bad odor caused by ammonia, sulfuric acid and other gases in fish and to regulate the intestinal flora.\",\"breadcrumb\":{\"@id\":\"https:\/\/gelisimyemkatki.com\/en\/aquatic-products\/growth-factors\/bioliquid-3000-aqua\/#breadcrumb\"},\"inLanguage\":\"en-US\",\"potentialAction\":[{\"@type\":\"ReadAction\",\"target\":[\"https:\/\/gelisimyemkatki.com\/en\/aquatic-products\/growth-factors\/bioliquid-3000-aqua\/\"]}]},{\"@type\":\"BreadcrumbList\",\"@id\":\"https:\/\/gelisimyemkatki.com\/en\/aquatic-products\/growth-factors\/bioliquid-3000-aqua\/#breadcrumb\",\"itemListElement\":[{\"@type\":\"ListItem\",\"position\":1,\"name\":\"Home\",\"item\":\"https:\/\/gelisimyemkatki.com\/en\/\"},{\"@type\":\"ListItem\",\"position\":2,\"name\":\"Aquatic Products\",\"item\":\"https:\/\/gelisimyemkatki.com\/en\/aquatic-products\/\"},{\"@type\":\"ListItem\",\"position\":3,\"name\":\"Growth Factors\",\"item\":\"https:\/\/gelisimyemkatki.com\/en\/aquatic-products\/growth-factors\/\"},{\"@type\":\"ListItem\",\"position\":4,\"name\":\"Bioliquid 3000 Aqua\"}]},{\"@type\":\"WebSite\",\"@id\":\"https:\/\/gelisimyemkatki.com\/en\/#website\",\"url\":\"https:\/\/gelisimyemkatki.com\/en\/\",\"name\":\"Geli\u015fim Yem Katk\u0131 \u00dcr\u00fcnleri\",\"description\":\"Maddeleri Tic. Ltd. \u015eti.\",\"potentialAction\":[{\"@type\":\"SearchAction\",\"target\":{\"@type\":\"EntryPoint\",\"urlTemplate\":\"https:\/\/gelisimyemkatki.com\/en\/?s={search_term_string}\"},\"query-input\":{\"@type\":\"PropertyValueSpecification\",\"valueRequired\":true,\"valueName\":\"search_term_string\"}}],\"inLanguage\":\"en-US\"}]}<\/script>\n<!-- \/ Yoast SEO Premium plugin. -->","yoast_head_json":{"title":"Bioliquid 3000 Aqua | Geli\u015fim Yem Katk\u0131","description":"It is a liquid form additive produced to reduce the bad odor caused by ammonia, sulfuric acid and other gases in fish and to regulate the intestinal flora.","robots":{"index":"index","follow":"follow","max-snippet":"max-snippet:-1","max-image-preview":"max-image-preview:large","max-video-preview":"max-video-preview:-1"},"canonical":"https:\/\/gelisimyemkatki.com\/en\/aquatic-products\/growth-factors\/bioliquid-3000-aqua\/","og_locale":"en_US","og_type":"article","og_title":"Bioliquid 3000 Aqua","og_description":"It is a liquid form additive produced to reduce the bad odor caused by ammonia, sulfuric acid and other gases in fish and to regulate the intestinal flora.","og_url":"https:\/\/gelisimyemkatki.com\/en\/aquatic-products\/growth-factors\/bioliquid-3000-aqua\/","og_site_name":"Geli\u015fim Yem Katk\u0131","twitter_card":"summary_large_image","schema":{"@context":"https:\/\/schema.org","@graph":[{"@type":"WebPage","@id":"https:\/\/gelisimyemkatki.com\/en\/aquatic-products\/growth-factors\/bioliquid-3000-aqua\/","url":"https:\/\/gelisimyemkatki.com\/en\/aquatic-products\/growth-factors\/bioliquid-3000-aqua\/","name":"Bioliquid 3000 Aqua | Geli\u015fim Yem Katk\u0131","isPartOf":{"@id":"https:\/\/gelisimyemkatki.com\/en\/#website"},"datePublished":"2025-01-05T03:22:50+00:00","description":"It is a liquid form additive produced to reduce the bad odor caused by ammonia, sulfuric acid and other gases in fish and to regulate the intestinal flora.","breadcrumb":{"@id":"https:\/\/gelisimyemkatki.com\/en\/aquatic-products\/growth-factors\/bioliquid-3000-aqua\/#breadcrumb"},"inLanguage":"en-US","potentialAction":[{"@type":"ReadAction","target":["https:\/\/gelisimyemkatki.com\/en\/aquatic-products\/growth-factors\/bioliquid-3000-aqua\/"]}]},{"@type":"BreadcrumbList","@id":"https:\/\/gelisimyemkatki.com\/en\/aquatic-products\/growth-factors\/bioliquid-3000-aqua\/#breadcrumb","itemListElement":[{"@type":"ListItem","position":1,"name":"Home","item":"https:\/\/gelisimyemkatki.com\/en\/"},{"@type":"ListItem","position":2,"name":"Aquatic Products","item":"https:\/\/gelisimyemkatki.com\/en\/aquatic-products\/"},{"@type":"ListItem","position":3,"name":"Growth Factors","item":"https:\/\/gelisimyemkatki.com\/en\/aquatic-products\/growth-factors\/"},{"@type":"ListItem","position":4,"name":"Bioliquid 3000 Aqua"}]},{"@type":"WebSite","@id":"https:\/\/gelisimyemkatki.com\/en\/#website","url":"https:\/\/gelisimyemkatki.com\/en\/","name":"Geli\u015fim Yem Katk\u0131 \u00dcr\u00fcnleri","description":"Maddeleri Tic. Ltd. \u015eti.","potentialAction":[{"@type":"SearchAction","target":{"@type":"EntryPoint","urlTemplate":"https:\/\/gelisimyemkatki.com\/en\/?s={search_term_string}"},"query-input":{"@type":"PropertyValueSpecification","valueRequired":true,"valueName":"search_term_string"}}],"inLanguage":"en-US"}]}},"_links":{"self":[{"href":"https:\/\/gelisimyemkatki.com\/en\/wp-json\/wp\/v2\/pages\/1733","targetHints":{"allow":["GET"]}}],"collection":[{"href":"https:\/\/gelisimyemkatki.com\/en\/wp-json\/wp\/v2\/pages"}],"about":[{"href":"https:\/\/gelisimyemkatki.com\/en\/wp-json\/wp\/v2\/types\/page"}],"author":[{"embeddable":true,"href":"https:\/\/gelisimyemkatki.com\/en\/wp-json\/wp\/v2\/users\/1"}],"replies":[{"embeddable":true,"href":"https:\/\/gelisimyemkatki.com\/en\/wp-json\/wp\/v2\/comments?post=1733"}],"version-history":[{"count":0,"href":"https:\/\/gelisimyemkatki.com\/en\/wp-json\/wp\/v2\/pages\/1733\/revisions"}],"up":[{"embeddable":true,"href":"https:\/\/gelisimyemkatki.com\/en\/wp-json\/wp\/v2\/pages\/1567"}],"wp:attachment":[{"href":"https:\/\/gelisimyemkatki.com\/en\/wp-json\/wp\/v2\/media?parent=1733"}],"curies":[{"name":"wp","href":"https:\/\/api.w.org\/{rel}","templated":true}]}}