{"id":1729,"date":"2025-01-05T06:22:48","date_gmt":"2025-01-05T03:22:48","guid":{"rendered":"https:\/\/gelisimyemkatki.com\/animal-origin\/fish-meal\/"},"modified":"2025-01-18T12:56:06","modified_gmt":"2025-01-18T09:56:06","slug":"fish-meal","status":"publish","type":"page","link":"https:\/\/gelisimyemkatki.com\/en\/raw-materials\/animal-origin\/fish-meal\/","title":{"rendered":"Fish Meal"},"content":{"rendered":"<div class=\"tg-wrap\">\n<table class=\"tg\">\n<tbody>\n<tr>\n<td class=\"tg-yla0\"><span style=\"font-weight: bold;\">PRODUCT CODE:<\/span><\/td>\n<td class=\"tg-yla0\" colspan=\"5\"><span style=\"font-weight: bold;\">HH5130<\/span><\/td>\n<\/tr>\n<tr>\n<td class=\"tg-cly1\" colspan=\"6\">It is a raw material produced to meet the animal protein needs of animals.<\/td>\n<\/tr>\n<tr>\n<td class=\"tg-yla0\" colspan=\"6\"><span style=\"font-weight: bold;\">COMPOSITION<\/span><\/td>\n<\/tr>\n<tr>\n<td class=\"tg-yla0\"><span style=\"font-weight: bold;\">Identifier Number (ECHA)<\/span><\/td>\n<td class=\"tg-yla0\"><span style=\"font-weight: bold;\">Active Substance<\/span><\/td>\n<td class=\"tg-yla0\" colspan=\"2\"><span style=\"font-weight: bold;\">Level in Premix Units <\/span><\/td>\n<td class=\"tg-yla0\" colspan=\"2\"><span style=\"font-weight: bold;\">Digestibility<\/span><\/td>\n<\/tr>\n<tr>\n<td class=\"tg-yla0\" colspan=\"6\"><span style=\"font-weight: bold;\">Analytical Components <\/span><\/td>\n<\/tr>\n<tr>\n<td class=\"tg-cly1\">\u00a0<\/td>\n<td class=\"tg-cly1\">Crude protein<\/td>\n<td class=\"tg-cly1\">65.57<\/td>\n<td class=\"tg-cly1\">%<\/td>\n<td class=\"tg-cly1\">57.63<\/td>\n<td class=\"tg-82xw\"><span style=\"color: #1f1f1f;\">%<\/span><\/td>\n<\/tr>\n<tr>\n<td class=\"tg-cly1\">\u00a0<\/td>\n<td class=\"tg-cly1\">Crude oil<\/td>\n<td class=\"tg-cly1\">8.66<\/td>\n<td class=\"tg-cly1\">%<\/td>\n<td class=\"tg-cly1\">\u00a0<\/td>\n<td class=\"tg-cly1\">\u00a0<\/td>\n<\/tr>\n<tr>\n<td class=\"tg-cly1\">\u00a0<\/td>\n<td class=\"tg-cly1\">Crude ash<\/td>\n<td class=\"tg-cly1\">12.77<\/td>\n<td class=\"tg-cly1\">%<\/td>\n<td class=\"tg-cly1\">\u00a0<\/td>\n<td class=\"tg-cly1\">\u00a0<\/td>\n<\/tr>\n<tr>\n<td class=\"tg-yla0\" colspan=\"6\"><span style=\"font-weight: bold;\">Minerals<\/span><\/td>\n<\/tr>\n<tr>\n<td class=\"tg-cly1\">\u00a0<\/td>\n<td class=\"tg-cly1\">Calcium (Ca)<\/td>\n<td class=\"tg-cly1\">3.48<\/td>\n<td class=\"tg-cly1\">%<\/td>\n<td class=\"tg-cly1\">\u00a0<\/td>\n<td class=\"tg-cly1\">\u00a0<\/td>\n<\/tr>\n<tr>\n<td class=\"tg-cly1\">\u00a0<\/td>\n<td class=\"tg-cly1\">Phosphorus (P)<\/td>\n<td class=\"tg-cly1\">1.97<\/td>\n<td class=\"tg-cly1\">%<\/td>\n<td class=\"tg-cly1\">\u00a0<\/td>\n<td class=\"tg-cly1\">\u00a0<\/td>\n<\/tr>\n<tr>\n<td class=\"tg-cly1\">\u00a0<\/td>\n<td class=\"tg-cly1\">Sodium (Na)<\/td>\n<td class=\"tg-cly1\">0.33<\/td>\n<td class=\"tg-cly1\">%<\/td>\n<td class=\"tg-cly1\">\u00a0<\/td>\n<td class=\"tg-cly1\">\u00a0<\/td>\n<\/tr>\n<tr>\n<td class=\"tg-cly1\">\u00a0<\/td>\n<td class=\"tg-cly1\">Chlorine (Cl)<\/td>\n<td class=\"tg-cly1\">0.50<\/td>\n<td class=\"tg-cly1\">%<\/td>\n<td class=\"tg-cly1\">\u00a0<\/td>\n<td class=\"tg-cly1\">\u00a0<\/td>\n<\/tr>\n<tr>\n<td class=\"tg-yla0\" colspan=\"6\"><span style=\"font-weight: bold;\">Amino acids<\/span><\/td>\n<\/tr>\n<tr>\n<td class=\"tg-cly1\">100.000.673<\/td>\n<td class=\"tg-cly1\">Lysine<\/td>\n<td class=\"tg-cly1\">3.60<\/td>\n<td class=\"tg-cly1\">%<\/td>\n<td class=\"tg-cly1\">2.987<\/td>\n<td class=\"tg-82xw\"><span style=\"color: #1f1f1f;\">%<\/span><\/td>\n<\/tr>\n<tr>\n<td class=\"tg-cly1\">100.000.393<\/td>\n<td class=\"tg-cly1\">Methionine<\/td>\n<td class=\"tg-cly1\">1.63<\/td>\n<td class=\"tg-cly1\">%<\/td>\n<td class=\"tg-cly1\">1.500<\/td>\n<td class=\"tg-82xw\"><span style=\"color: #1f1f1f;\">%<\/span><\/td>\n<\/tr>\n<tr>\n<td class=\"tg-cly1\">100.000.145<\/td>\n<td class=\"tg-cly1\">Cysteine<\/td>\n<td class=\"tg-cly1\">1.47<\/td>\n<td class=\"tg-cly1\">%<\/td>\n<td class=\"tg-cly1\">892<\/td>\n<td class=\"tg-82xw\"><span style=\"color: #1f1f1f;\">%<\/span><\/td>\n<\/tr>\n<tr>\n<td class=\"tg-cly1\">\u00a0<\/td>\n<td class=\"tg-cly1\">Methionine + Cysteine<\/td>\n<td class=\"tg-cly1\">3.10<\/td>\n<td class=\"tg-cly1\">%<\/td>\n<td class=\"tg-cly1\">2.392<\/td>\n<td class=\"tg-82xw\"><span style=\"color: #1f1f1f;\">%<\/span><\/td>\n<\/tr>\n<tr>\n<td class=\"tg-cly1\">100.000.738<\/td>\n<td class=\"tg-cly1\">Threonine<\/td>\n<td class=\"tg-cly1\">2.56<\/td>\n<td class=\"tg-cly1\">%<\/td>\n<td class=\"tg-cly1\">1.988<\/td>\n<td class=\"tg-82xw\"><span style=\"color: #1f1f1f;\">%<\/span><\/td>\n<\/tr>\n<tr>\n<td class=\"tg-cly1\">100.000.517<\/td>\n<td class=\"tg-cly1\">Phenylalanine<\/td>\n<td class=\"tg-cly1\">2.66<\/td>\n<td class=\"tg-cly1\">%<\/td>\n<td class=\"tg-cly1\">2.120<\/td>\n<td class=\"tg-82xw\"><span style=\"color: #1f1f1f;\">%<\/span><\/td>\n<\/tr>\n<tr>\n<td class=\"tg-cly1\">\u00a0<\/td>\n<td class=\"tg-cly1\">Tryptophan<\/td>\n<td class=\"tg-cly1\">0.53<\/td>\n<td class=\"tg-cly1\">%<\/td>\n<td class=\"tg-cly1\">0.425<\/td>\n<td class=\"tg-82xw\"><span style=\"color: #1f1f1f;\">%<\/span><\/td>\n<\/tr>\n<tr>\n<td class=\"tg-cly1\">100.000.703<\/td>\n<td class=\"tg-cly1\">Valine<\/td>\n<td class=\"tg-cly1\">3.55<\/td>\n<td class=\"tg-cly1\">%<\/td>\n<td class=\"tg-cly1\">2.946<\/td>\n<td class=\"tg-82xw\"><span style=\"color: #1f1f1f;\">%<\/span><\/td>\n<\/tr>\n<tr>\n<td class=\"tg-cly1\">100.000.726<\/td>\n<td class=\"tg-cly1\">Isoleucine<\/td>\n<td class=\"tg-cly1\">2.60<\/td>\n<td class=\"tg-cly1\">%<\/td>\n<td class=\"tg-cly1\">2.255<\/td>\n<td class=\"tg-82xw\"><span style=\"color: #1f1f1f;\">%<\/span><\/td>\n<\/tr>\n<tr>\n<td class=\"tg-cly1\">100.000.475<\/td>\n<td class=\"tg-cly1\">Leucine<\/td>\n<td class=\"tg-cly1\">4.67<\/td>\n<td class=\"tg-cly1\">%<\/td>\n<td class=\"tg-cly1\">3.921<\/td>\n<td class=\"tg-82xw\"><span style=\"color: #1f1f1f;\">%<\/span><\/td>\n<\/tr>\n<tr>\n<td class=\"tg-cly1\">100.000.678<\/td>\n<td class=\"tg-cly1\">Histidine<\/td>\n<td class=\"tg-cly1\">1.06<\/td>\n<td class=\"tg-cly1\">%<\/td>\n<td class=\"tg-cly1\">735<\/td>\n<td class=\"tg-82xw\"><span style=\"color: #1f1f1f;\">%<\/span><\/td>\n<\/tr>\n<tr>\n<td class=\"tg-cly1\">100.000.738<\/td>\n<td class=\"tg-cly1\">Arginine<\/td>\n<td class=\"tg-cly1\">4.31<\/td>\n<td class=\"tg-cly1\">%<\/td>\n<td class=\"tg-cly1\">3.714<\/td>\n<td class=\"tg-82xw\"><span style=\"color: #1f1f1f;\">%<\/span><\/td>\n<\/tr>\n<tr>\n<td class=\"tg-yla0\" colspan=\"6\"><span style=\"font-weight: bold;\">Enzymes<\/span><\/td>\n<\/tr>\n<tr>\n<td class=\"tg-cly1\">\u00a0<\/td>\n<td class=\"tg-cly1\">Pepsin<\/td>\n<td class=\"tg-cly1\">\u00a0<\/td>\n<td class=\"tg-cly1\">\u00a0<\/td>\n<td class=\"tg-cly1\">87.89<\/td>\n<td class=\"tg-82xw\"><span style=\"color: #1f1f1f;\">%<\/span><\/td>\n<\/tr>\n<tr>\n<td class=\"tg-yla0\" colspan=\"6\"><span style=\"font-weight: bold;\">Physical Components<\/span><\/td>\n<\/tr>\n<tr>\n<td class=\"tg-cly1\">\u00a0<\/td>\n<td class=\"tg-cly1\">Moisture<\/td>\n<td class=\"tg-cly1\">5.01<\/td>\n<td class=\"tg-cly1\">%<\/td>\n<td class=\"tg-cly1\">\u00a0<\/td>\n<td class=\"tg-cly1\">\u00a0<\/td>\n<\/tr>\n<tr>\n<td class=\"tg-yla0\" colspan=\"6\"><span style=\"font-weight: bold;\">Metabolic Properties<\/span><\/td>\n<\/tr>\n<tr>\n<td class=\"tg-cly1\">\u00a0<\/td>\n<td class=\"tg-cly1\">Metabolic energy<\/td>\n<td class=\"tg-cly1\">3061<\/td>\n<td class=\"tg-cly1\">kcal\/kg<\/td>\n<td class=\"tg-cly1\">\u00a0<\/td>\n<td class=\"tg-cly1\">\u00a0<\/td>\n<\/tr>\n<tr>\n<td class=\"tg-yla0\"><span style=\"font-weight: bold;\">INSTRUCTIONS FOR USE:<\/span><\/td>\n<td class=\"tg-cly1\" colspan=\"5\">\u00a0<\/td>\n<\/tr>\n<tr>\n<td class=\"tg-yla0\"><span style=\"font-weight: bold;\">STORAGE CONDITIONS:<\/span><\/td>\n<td class=\"tg-cly1\" colspan=\"5\">Store in cool, dark and moisture-free conditions in its packaging.<\/td>\n<\/tr>\n<tr>\n<td class=\"tg-yla0\"><span style=\"font-weight: bold;\">WARNING:<\/span><\/td>\n<td class=\"tg-82xw\" colspan=\"5\"><span style=\"color: #1f1f1f;\">Must be consumed within 24 months from the date of production.<\/span><\/td>\n<\/tr>\n<\/tbody>\n<\/table>\n<\/div>\n","protected":false},"excerpt":{"rendered":"<p>PRODUCT CODE: HH5130 It is a raw material produced to meet the animal protein needs of animals. COMPOSITION Identifier Number (ECHA) Active Substance Level in Premix Units Digestibility Analytical Components \u00a0 Crude protein 65.57 % 57.63 % \u00a0 Crude oil 8.66 % \u00a0 \u00a0 \u00a0 Crude ash 12.77 % \u00a0 \u00a0 Minerals \u00a0 Calcium (Ca) [&hellip;]<\/p>\n","protected":false},"author":1,"featured_media":0,"parent":1716,"menu_order":0,"comment_status":"closed","ping_status":"closed","template":"","meta":{"footnotes":""},"class_list":["post-1729","page","type-page","status-publish","hentry"],"yoast_head":"<!-- This site is optimized with the Yoast SEO Premium plugin v24.1 (Yoast SEO v26.6) - https:\/\/yoast.com\/wordpress\/plugins\/seo\/ -->\n<title>Fish Meal | Geli\u015fim Yem Katk\u0131<\/title>\n<meta name=\"description\" content=\"It is a raw material produced to meet the animal protein needs of animals.\" \/>\n<meta name=\"robots\" content=\"index, follow, max-snippet:-1, max-image-preview:large, max-video-preview:-1\" \/>\n<link rel=\"canonical\" href=\"https:\/\/gelisimyemkatki.com\/en\/raw-materials\/animal-origin\/fish-meal\/\" \/>\n<meta property=\"og:locale\" content=\"en_US\" \/>\n<meta property=\"og:type\" content=\"article\" \/>\n<meta property=\"og:title\" content=\"Fish Meal\" \/>\n<meta property=\"og:description\" content=\"It is a raw material produced to meet the animal protein needs of animals.\" \/>\n<meta property=\"og:url\" content=\"https:\/\/gelisimyemkatki.com\/en\/raw-materials\/animal-origin\/fish-meal\/\" \/>\n<meta property=\"og:site_name\" content=\"Geli\u015fim Yem Katk\u0131\" \/>\n<meta property=\"article:modified_time\" content=\"2025-01-18T09:56:06+00:00\" \/>\n<meta name=\"twitter:card\" content=\"summary_large_image\" \/>\n<meta name=\"twitter:label1\" content=\"Est. reading time\" \/>\n\t<meta name=\"twitter:data1\" content=\"1 minute\" \/>\n<script type=\"application\/ld+json\" class=\"yoast-schema-graph\">{\"@context\":\"https:\/\/schema.org\",\"@graph\":[{\"@type\":\"WebPage\",\"@id\":\"https:\/\/gelisimyemkatki.com\/en\/raw-materials\/animal-origin\/fish-meal\/\",\"url\":\"https:\/\/gelisimyemkatki.com\/en\/raw-materials\/animal-origin\/fish-meal\/\",\"name\":\"Fish Meal | Geli\u015fim Yem Katk\u0131\",\"isPartOf\":{\"@id\":\"https:\/\/gelisimyemkatki.com\/en\/#website\"},\"datePublished\":\"2025-01-05T03:22:48+00:00\",\"dateModified\":\"2025-01-18T09:56:06+00:00\",\"description\":\"It is a raw material produced to meet the animal protein needs of animals.\",\"breadcrumb\":{\"@id\":\"https:\/\/gelisimyemkatki.com\/en\/raw-materials\/animal-origin\/fish-meal\/#breadcrumb\"},\"inLanguage\":\"en-US\",\"potentialAction\":[{\"@type\":\"ReadAction\",\"target\":[\"https:\/\/gelisimyemkatki.com\/en\/raw-materials\/animal-origin\/fish-meal\/\"]}]},{\"@type\":\"BreadcrumbList\",\"@id\":\"https:\/\/gelisimyemkatki.com\/en\/raw-materials\/animal-origin\/fish-meal\/#breadcrumb\",\"itemListElement\":[{\"@type\":\"ListItem\",\"position\":1,\"name\":\"Home\",\"item\":\"https:\/\/gelisimyemkatki.com\/en\/\"},{\"@type\":\"ListItem\",\"position\":2,\"name\":\"Raw Materials\",\"item\":\"https:\/\/gelisimyemkatki.com\/en\/raw-materials\/\"},{\"@type\":\"ListItem\",\"position\":3,\"name\":\"Animal Origin\",\"item\":\"https:\/\/gelisimyemkatki.com\/en\/raw-materials\/animal-origin\/\"},{\"@type\":\"ListItem\",\"position\":4,\"name\":\"Fish Meal\"}]},{\"@type\":\"WebSite\",\"@id\":\"https:\/\/gelisimyemkatki.com\/en\/#website\",\"url\":\"https:\/\/gelisimyemkatki.com\/en\/\",\"name\":\"Geli\u015fim Yem Katk\u0131 \u00dcr\u00fcnleri\",\"description\":\"Maddeleri Tic. Ltd. \u015eti.\",\"potentialAction\":[{\"@type\":\"SearchAction\",\"target\":{\"@type\":\"EntryPoint\",\"urlTemplate\":\"https:\/\/gelisimyemkatki.com\/en\/?s={search_term_string}\"},\"query-input\":{\"@type\":\"PropertyValueSpecification\",\"valueRequired\":true,\"valueName\":\"search_term_string\"}}],\"inLanguage\":\"en-US\"}]}<\/script>\n<!-- \/ Yoast SEO Premium plugin. -->","yoast_head_json":{"title":"Fish Meal | Geli\u015fim Yem Katk\u0131","description":"It is a raw material produced to meet the animal protein needs of animals.","robots":{"index":"index","follow":"follow","max-snippet":"max-snippet:-1","max-image-preview":"max-image-preview:large","max-video-preview":"max-video-preview:-1"},"canonical":"https:\/\/gelisimyemkatki.com\/en\/raw-materials\/animal-origin\/fish-meal\/","og_locale":"en_US","og_type":"article","og_title":"Fish Meal","og_description":"It is a raw material produced to meet the animal protein needs of animals.","og_url":"https:\/\/gelisimyemkatki.com\/en\/raw-materials\/animal-origin\/fish-meal\/","og_site_name":"Geli\u015fim Yem Katk\u0131","article_modified_time":"2025-01-18T09:56:06+00:00","twitter_card":"summary_large_image","twitter_misc":{"Est. reading time":"1 minute"},"schema":{"@context":"https:\/\/schema.org","@graph":[{"@type":"WebPage","@id":"https:\/\/gelisimyemkatki.com\/en\/raw-materials\/animal-origin\/fish-meal\/","url":"https:\/\/gelisimyemkatki.com\/en\/raw-materials\/animal-origin\/fish-meal\/","name":"Fish Meal | Geli\u015fim Yem Katk\u0131","isPartOf":{"@id":"https:\/\/gelisimyemkatki.com\/en\/#website"},"datePublished":"2025-01-05T03:22:48+00:00","dateModified":"2025-01-18T09:56:06+00:00","description":"It is a raw material produced to meet the animal protein needs of animals.","breadcrumb":{"@id":"https:\/\/gelisimyemkatki.com\/en\/raw-materials\/animal-origin\/fish-meal\/#breadcrumb"},"inLanguage":"en-US","potentialAction":[{"@type":"ReadAction","target":["https:\/\/gelisimyemkatki.com\/en\/raw-materials\/animal-origin\/fish-meal\/"]}]},{"@type":"BreadcrumbList","@id":"https:\/\/gelisimyemkatki.com\/en\/raw-materials\/animal-origin\/fish-meal\/#breadcrumb","itemListElement":[{"@type":"ListItem","position":1,"name":"Home","item":"https:\/\/gelisimyemkatki.com\/en\/"},{"@type":"ListItem","position":2,"name":"Raw Materials","item":"https:\/\/gelisimyemkatki.com\/en\/raw-materials\/"},{"@type":"ListItem","position":3,"name":"Animal Origin","item":"https:\/\/gelisimyemkatki.com\/en\/raw-materials\/animal-origin\/"},{"@type":"ListItem","position":4,"name":"Fish Meal"}]},{"@type":"WebSite","@id":"https:\/\/gelisimyemkatki.com\/en\/#website","url":"https:\/\/gelisimyemkatki.com\/en\/","name":"Geli\u015fim Yem Katk\u0131 \u00dcr\u00fcnleri","description":"Maddeleri Tic. Ltd. \u015eti.","potentialAction":[{"@type":"SearchAction","target":{"@type":"EntryPoint","urlTemplate":"https:\/\/gelisimyemkatki.com\/en\/?s={search_term_string}"},"query-input":{"@type":"PropertyValueSpecification","valueRequired":true,"valueName":"search_term_string"}}],"inLanguage":"en-US"}]}},"_links":{"self":[{"href":"https:\/\/gelisimyemkatki.com\/en\/wp-json\/wp\/v2\/pages\/1729","targetHints":{"allow":["GET"]}}],"collection":[{"href":"https:\/\/gelisimyemkatki.com\/en\/wp-json\/wp\/v2\/pages"}],"about":[{"href":"https:\/\/gelisimyemkatki.com\/en\/wp-json\/wp\/v2\/types\/page"}],"author":[{"embeddable":true,"href":"https:\/\/gelisimyemkatki.com\/en\/wp-json\/wp\/v2\/users\/1"}],"replies":[{"embeddable":true,"href":"https:\/\/gelisimyemkatki.com\/en\/wp-json\/wp\/v2\/comments?post=1729"}],"version-history":[{"count":3,"href":"https:\/\/gelisimyemkatki.com\/en\/wp-json\/wp\/v2\/pages\/1729\/revisions"}],"predecessor-version":[{"id":2556,"href":"https:\/\/gelisimyemkatki.com\/en\/wp-json\/wp\/v2\/pages\/1729\/revisions\/2556"}],"up":[{"embeddable":true,"href":"https:\/\/gelisimyemkatki.com\/en\/wp-json\/wp\/v2\/pages\/1716"}],"wp:attachment":[{"href":"https:\/\/gelisimyemkatki.com\/en\/wp-json\/wp\/v2\/media?parent=1729"}],"curies":[{"name":"wp","href":"https:\/\/api.w.org\/{rel}","templated":true}]}}