{"id":1718,"date":"2025-01-05T06:22:47","date_gmt":"2025-01-05T03:22:47","guid":{"rendered":"https:\/\/gelisimyemkatki.com\/chicken-oil\/"},"modified":"2025-01-07T18:57:51","modified_gmt":"2025-01-07T15:57:51","slug":"chicken-oil","status":"publish","type":"page","link":"https:\/\/gelisimyemkatki.com\/en\/raw-materials\/animal-origin\/chicken-oil\/","title":{"rendered":"Chicken Oil"},"content":{"rendered":"<div class=\"tg-wrap\">\n<table class=\"tg\" style=\"width: 100%;\">\n<tbody>\n<tr>\n<td class=\"tg-yla0\" style=\"width: 33.0838%;\"><span style=\"font-weight: bold;\">PRODUCT CODE:<\/span><\/td>\n<td class=\"tg-yla0\" style=\"width: 65.1198%;\" colspan=\"3\"><span style=\"font-weight: bold;\">HH5120<\/span><\/td>\n<\/tr>\n<tr>\n<td class=\"tg-cly1\" style=\"width: 98.2036%;\" colspan=\"4\">It is a raw material produced to meet the energy needs of animals.<\/td>\n<\/tr>\n<tr>\n<td class=\"tg-yla0\" style=\"width: 98.2036%;\" colspan=\"4\"><span style=\"font-weight: bold;\">COMPOSITION<\/span><\/td>\n<\/tr>\n<tr>\n<td class=\"tg-yla0\" style=\"width: 33.0838%;\"><span style=\"font-weight: bold;\">Identifier Number <\/span><\/td>\n<td class=\"tg-yla0\" style=\"width: 19.7605%;\"><span style=\"font-weight: bold;\">Active Substance<\/span><\/td>\n<td class=\"tg-yla0\" style=\"width: 45.3593%;\" colspan=\"2\"><span style=\"font-weight: bold;\">Level in Premix Units <\/span><\/td>\n<\/tr>\n<tr>\n<td class=\"tg-yla0\" style=\"width: 98.2036%;\" colspan=\"4\"><span style=\"font-weight: bold;\">Fatty Acids Composition<\/span><\/td>\n<\/tr>\n<tr>\n<td class=\"tg-cly1\" style=\"width: 33.0838%;\"> <\/td>\n<td class=\"tg-cly1\" style=\"width: 19.7605%;\">FFA<\/td>\n<td class=\"tg-cly1\" style=\"width: 15.7186%;\">max. 8<\/td>\n<td class=\"tg-cly1\" style=\"width: 29.6407%;\">%<\/td>\n<\/tr>\n<tr>\n<td class=\"tg-yla0\" style=\"width: 98.2036%;\" colspan=\"4\"><span style=\"font-weight: bold;\">Physical Properties<\/span><\/td>\n<\/tr>\n<tr>\n<td class=\"tg-cly1\" style=\"width: 33.0838%;\"> <\/td>\n<td class=\"tg-cly1\" style=\"width: 19.7605%;\">pH<\/td>\n<td class=\"tg-cly1\" style=\"width: 15.7186%;\">6 &#8211; 7.5<\/td>\n<td class=\"tg-cly1\" style=\"width: 29.6407%;\"> <\/td>\n<\/tr>\n<tr>\n<td class=\"tg-cly1\" style=\"width: 33.0838%;\"> <\/td>\n<td class=\"tg-cly1\" style=\"width: 19.7605%;\">Sediment<\/td>\n<td class=\"tg-cly1\" style=\"width: 15.7186%;\">max. 3<\/td>\n<td class=\"tg-cly1\" style=\"width: 29.6407%;\">%<\/td>\n<\/tr>\n<tr>\n<td class=\"tg-yla0\" style=\"width: 98.2036%;\" colspan=\"4\"><span style=\"font-weight: bold;\">Chemical Properties<\/span><\/td>\n<\/tr>\n<tr>\n<td class=\"tg-cly1\" style=\"width: 33.0838%;\"> <\/td>\n<td class=\"tg-cly1\" style=\"width: 19.7605%;\">Peroxide<\/td>\n<td class=\"tg-cly1\" style=\"width: 15.7186%;\">max. 2.5<\/td>\n<td class=\"tg-cly1\" style=\"width: 29.6407%;\">meq\/kg<\/td>\n<\/tr>\n<tr>\n<td class=\"tg-yla0\" style=\"width: 33.0838%;\"><span style=\"font-weight: bold;\">INSTRUCTIONS FOR USE:<\/span><\/td>\n<td class=\"tg-cly1\" style=\"width: 65.1198%;\" colspan=\"3\"> <\/td>\n<\/tr>\n<tr>\n<td class=\"tg-yla0\" style=\"width: 33.0838%;\"><span style=\"font-weight: bold;\">STORAGE CONDITIONS:<\/span><\/td>\n<td class=\"tg-cly1\" style=\"width: 65.1198%;\" colspan=\"3\">Store in cool, dark and moisture-free conditions in its packaging.<\/td>\n<\/tr>\n<tr>\n<td class=\"tg-yla0\" style=\"width: 33.0838%;\"><span style=\"font-weight: bold;\">WARNING:<\/span><\/td>\n<td class=\"tg-82xw\" style=\"width: 65.1198%;\" colspan=\"3\"><span style=\"color: #1f1f1f;\">Must be consumed within 24 months from the date of production.<\/span><\/td>\n<\/tr>\n<\/tbody>\n<\/table>\n<\/div>\n","protected":false},"excerpt":{"rendered":"<p>PRODUCT CODE: HH5120 It is a raw material produced to meet the energy needs of animals. COMPOSITION Identifier Number Active Substance Level in Premix Units Fatty Acids Composition FFA max. 8 % Physical Properties pH 6 &#8211; 7.5 Sediment max. 3 % Chemical Properties Peroxide max. 2.5 meq\/kg INSTRUCTIONS FOR USE: STORAGE CONDITIONS: Store in [&hellip;]<\/p>\n","protected":false},"author":1,"featured_media":0,"parent":1716,"menu_order":0,"comment_status":"closed","ping_status":"closed","template":"","meta":{"footnotes":""},"class_list":["post-1718","page","type-page","status-publish","hentry"],"yoast_head":"<!-- This site is optimized with the Yoast SEO Premium plugin v24.1 (Yoast SEO v26.6) - https:\/\/yoast.com\/wordpress\/plugins\/seo\/ -->\n<title>Chicken Oil | Geli\u015fim Yem Katk\u0131<\/title>\n<meta name=\"description\" content=\"It is a raw material produced to meet the energy needs of animals.\" \/>\n<meta name=\"robots\" content=\"index, follow, max-snippet:-1, max-image-preview:large, max-video-preview:-1\" \/>\n<link rel=\"canonical\" href=\"https:\/\/gelisimyemkatki.com\/en\/raw-materials\/animal-origin\/chicken-oil\/\" \/>\n<meta property=\"og:locale\" content=\"en_US\" \/>\n<meta property=\"og:type\" content=\"article\" \/>\n<meta property=\"og:title\" content=\"Chicken Oil\" \/>\n<meta property=\"og:description\" content=\"It is a raw material produced to meet the energy needs of animals.\" \/>\n<meta property=\"og:url\" content=\"https:\/\/gelisimyemkatki.com\/en\/raw-materials\/animal-origin\/chicken-oil\/\" \/>\n<meta property=\"og:site_name\" content=\"Geli\u015fim Yem Katk\u0131\" \/>\n<meta property=\"article:modified_time\" content=\"2025-01-07T15:57:51+00:00\" \/>\n<meta name=\"twitter:card\" content=\"summary_large_image\" \/>\n<script type=\"application\/ld+json\" class=\"yoast-schema-graph\">{\"@context\":\"https:\/\/schema.org\",\"@graph\":[{\"@type\":\"WebPage\",\"@id\":\"https:\/\/gelisimyemkatki.com\/en\/raw-materials\/animal-origin\/chicken-oil\/\",\"url\":\"https:\/\/gelisimyemkatki.com\/en\/raw-materials\/animal-origin\/chicken-oil\/\",\"name\":\"Chicken Oil | Geli\u015fim Yem Katk\u0131\",\"isPartOf\":{\"@id\":\"https:\/\/gelisimyemkatki.com\/en\/#website\"},\"datePublished\":\"2025-01-05T03:22:47+00:00\",\"dateModified\":\"2025-01-07T15:57:51+00:00\",\"description\":\"It is a raw material produced to meet the energy needs of animals.\",\"breadcrumb\":{\"@id\":\"https:\/\/gelisimyemkatki.com\/en\/raw-materials\/animal-origin\/chicken-oil\/#breadcrumb\"},\"inLanguage\":\"en-US\",\"potentialAction\":[{\"@type\":\"ReadAction\",\"target\":[\"https:\/\/gelisimyemkatki.com\/en\/raw-materials\/animal-origin\/chicken-oil\/\"]}]},{\"@type\":\"BreadcrumbList\",\"@id\":\"https:\/\/gelisimyemkatki.com\/en\/raw-materials\/animal-origin\/chicken-oil\/#breadcrumb\",\"itemListElement\":[{\"@type\":\"ListItem\",\"position\":1,\"name\":\"Home\",\"item\":\"https:\/\/gelisimyemkatki.com\/en\/\"},{\"@type\":\"ListItem\",\"position\":2,\"name\":\"Raw Materials\",\"item\":\"https:\/\/gelisimyemkatki.com\/en\/raw-materials\/\"},{\"@type\":\"ListItem\",\"position\":3,\"name\":\"Animal Origin\",\"item\":\"https:\/\/gelisimyemkatki.com\/en\/raw-materials\/animal-origin\/\"},{\"@type\":\"ListItem\",\"position\":4,\"name\":\"Chicken Oil\"}]},{\"@type\":\"WebSite\",\"@id\":\"https:\/\/gelisimyemkatki.com\/en\/#website\",\"url\":\"https:\/\/gelisimyemkatki.com\/en\/\",\"name\":\"Geli\u015fim Yem Katk\u0131 \u00dcr\u00fcnleri\",\"description\":\"Maddeleri Tic. Ltd. \u015eti.\",\"potentialAction\":[{\"@type\":\"SearchAction\",\"target\":{\"@type\":\"EntryPoint\",\"urlTemplate\":\"https:\/\/gelisimyemkatki.com\/en\/?s={search_term_string}\"},\"query-input\":{\"@type\":\"PropertyValueSpecification\",\"valueRequired\":true,\"valueName\":\"search_term_string\"}}],\"inLanguage\":\"en-US\"}]}<\/script>\n<!-- \/ Yoast SEO Premium plugin. -->","yoast_head_json":{"title":"Chicken Oil | Geli\u015fim Yem Katk\u0131","description":"It is a raw material produced to meet the energy needs of animals.","robots":{"index":"index","follow":"follow","max-snippet":"max-snippet:-1","max-image-preview":"max-image-preview:large","max-video-preview":"max-video-preview:-1"},"canonical":"https:\/\/gelisimyemkatki.com\/en\/raw-materials\/animal-origin\/chicken-oil\/","og_locale":"en_US","og_type":"article","og_title":"Chicken Oil","og_description":"It is a raw material produced to meet the energy needs of animals.","og_url":"https:\/\/gelisimyemkatki.com\/en\/raw-materials\/animal-origin\/chicken-oil\/","og_site_name":"Geli\u015fim Yem Katk\u0131","article_modified_time":"2025-01-07T15:57:51+00:00","twitter_card":"summary_large_image","schema":{"@context":"https:\/\/schema.org","@graph":[{"@type":"WebPage","@id":"https:\/\/gelisimyemkatki.com\/en\/raw-materials\/animal-origin\/chicken-oil\/","url":"https:\/\/gelisimyemkatki.com\/en\/raw-materials\/animal-origin\/chicken-oil\/","name":"Chicken Oil | Geli\u015fim Yem Katk\u0131","isPartOf":{"@id":"https:\/\/gelisimyemkatki.com\/en\/#website"},"datePublished":"2025-01-05T03:22:47+00:00","dateModified":"2025-01-07T15:57:51+00:00","description":"It is a raw material produced to meet the energy needs of animals.","breadcrumb":{"@id":"https:\/\/gelisimyemkatki.com\/en\/raw-materials\/animal-origin\/chicken-oil\/#breadcrumb"},"inLanguage":"en-US","potentialAction":[{"@type":"ReadAction","target":["https:\/\/gelisimyemkatki.com\/en\/raw-materials\/animal-origin\/chicken-oil\/"]}]},{"@type":"BreadcrumbList","@id":"https:\/\/gelisimyemkatki.com\/en\/raw-materials\/animal-origin\/chicken-oil\/#breadcrumb","itemListElement":[{"@type":"ListItem","position":1,"name":"Home","item":"https:\/\/gelisimyemkatki.com\/en\/"},{"@type":"ListItem","position":2,"name":"Raw Materials","item":"https:\/\/gelisimyemkatki.com\/en\/raw-materials\/"},{"@type":"ListItem","position":3,"name":"Animal Origin","item":"https:\/\/gelisimyemkatki.com\/en\/raw-materials\/animal-origin\/"},{"@type":"ListItem","position":4,"name":"Chicken Oil"}]},{"@type":"WebSite","@id":"https:\/\/gelisimyemkatki.com\/en\/#website","url":"https:\/\/gelisimyemkatki.com\/en\/","name":"Geli\u015fim Yem Katk\u0131 \u00dcr\u00fcnleri","description":"Maddeleri Tic. Ltd. \u015eti.","potentialAction":[{"@type":"SearchAction","target":{"@type":"EntryPoint","urlTemplate":"https:\/\/gelisimyemkatki.com\/en\/?s={search_term_string}"},"query-input":{"@type":"PropertyValueSpecification","valueRequired":true,"valueName":"search_term_string"}}],"inLanguage":"en-US"}]}},"_links":{"self":[{"href":"https:\/\/gelisimyemkatki.com\/en\/wp-json\/wp\/v2\/pages\/1718","targetHints":{"allow":["GET"]}}],"collection":[{"href":"https:\/\/gelisimyemkatki.com\/en\/wp-json\/wp\/v2\/pages"}],"about":[{"href":"https:\/\/gelisimyemkatki.com\/en\/wp-json\/wp\/v2\/types\/page"}],"author":[{"embeddable":true,"href":"https:\/\/gelisimyemkatki.com\/en\/wp-json\/wp\/v2\/users\/1"}],"replies":[{"embeddable":true,"href":"https:\/\/gelisimyemkatki.com\/en\/wp-json\/wp\/v2\/comments?post=1718"}],"version-history":[{"count":0,"href":"https:\/\/gelisimyemkatki.com\/en\/wp-json\/wp\/v2\/pages\/1718\/revisions"}],"up":[{"embeddable":true,"href":"https:\/\/gelisimyemkatki.com\/en\/wp-json\/wp\/v2\/pages\/1716"}],"wp:attachment":[{"href":"https:\/\/gelisimyemkatki.com\/en\/wp-json\/wp\/v2\/media?parent=1718"}],"curies":[{"name":"wp","href":"https:\/\/api.w.org\/{rel}","templated":true}]}}