{"id":1704,"date":"2025-01-05T06:22:44","date_gmt":"2025-01-05T03:22:44","guid":{"rendered":"https:\/\/gelisimyemkatki.com\/perfil-nutritionist-inactive-yeast\/"},"modified":"2025-01-18T13:19:30","modified_gmt":"2025-01-18T10:19:30","slug":"perfil-nutritionist-inactive-yeast","status":"publish","type":"page","link":"https:\/\/gelisimyemkatki.com\/en\/raw-materials\/vegetable-source\/perfil-nutritionist-inactive-yeast\/","title":{"rendered":"Perfil Nutritionist Inactive Yeast"},"content":{"rendered":"<div class=\"tg-wrap\">\n<table class=\"tg\">\n<tbody>\n<tr>\n<td class=\"tg-yla0\"><span style=\"font-weight: bold;\">PRODUCT CODE:<\/span><\/td>\n<td class=\"tg-yla0\" colspan=\"3\"><span style=\"font-weight: bold;\">BH5600<\/span><\/td>\n<\/tr>\n<tr>\n<td class=\"tg-cly1\" colspan=\"4\">It is an additive produced to meet the plant protein and amino acid needs of animals.<\/td>\n<\/tr>\n<tr>\n<td class=\"tg-yla0\" colspan=\"4\"><span style=\"font-weight: bold;\">COMPOSITION<\/span><\/td>\n<\/tr>\n<tr>\n<td class=\"tg-yla0\"><span style=\"font-weight: bold;\">Identifier Number (ECHA)<\/span><\/td>\n<td class=\"tg-yla0\"><span style=\"font-weight: bold;\">Active Substance<\/span><\/td>\n<td class=\"tg-yla0\" colspan=\"2\"><span style=\"font-weight: bold;\">Level in Premix Units <\/span><\/td>\n<\/tr>\n<tr>\n<td class=\"tg-yla0\" colspan=\"4\"><span style=\"font-weight: bold;\">Analytical Components<\/span><\/td>\n<\/tr>\n<tr>\n<td class=\"tg-cly1\">\u00a0<\/td>\n<td class=\"tg-cly1\">Dry matter<\/td>\n<td class=\"tg-cly1\">97.10<\/td>\n<td class=\"tg-cly1\">%<\/td>\n<\/tr>\n<tr>\n<td class=\"tg-cly1\">\u00a0<\/td>\n<td class=\"tg-cly1\">Crude protein<\/td>\n<td class=\"tg-cly1\">49.19<\/td>\n<td class=\"tg-cly1\">%<\/td>\n<\/tr>\n<tr>\n<td class=\"tg-cly1\">\u00a0<\/td>\n<td class=\"tg-cly1\">Crude fiber<\/td>\n<td class=\"tg-cly1\">0.01<\/td>\n<td class=\"tg-cly1\">%<\/td>\n<\/tr>\n<tr>\n<td class=\"tg-cly1\">\u00a0<\/td>\n<td class=\"tg-cly1\">Crude oil<\/td>\n<td class=\"tg-cly1\">1.8<\/td>\n<td class=\"tg-cly1\">%<\/td>\n<\/tr>\n<tr>\n<td class=\"tg-cly1\">\u00a0<\/td>\n<td class=\"tg-cly1\">Crude ash<\/td>\n<td class=\"tg-cly1\">3.07<\/td>\n<td class=\"tg-cly1\">%<\/td>\n<\/tr>\n<tr>\n<td class=\"tg-cly1\">\u00a0<\/td>\n<td class=\"tg-cly1\">NFE (Nitrogen-free extracts)<\/td>\n<td class=\"tg-cly1\">43.45<\/td>\n<td class=\"tg-cly1\">%<\/td>\n<\/tr>\n<tr>\n<td class=\"tg-yla0\" colspan=\"4\"><strong>Amino acids: Indispensable amino acids<\/strong><\/td>\n<\/tr>\n<tr>\n<td class=\"tg-cly1\">100.000.738<\/td>\n<td class=\"tg-cly1\">Arginine<\/td>\n<td class=\"tg-cly1\">2.67<\/td>\n<td class=\"tg-cly1\">%<\/td>\n<\/tr>\n<tr>\n<td class=\"tg-cly1\">100.000.678<\/td>\n<td class=\"tg-cly1\">Histidine<\/td>\n<td class=\"tg-cly1\">1.24<\/td>\n<td class=\"tg-cly1\">%<\/td>\n<\/tr>\n<tr>\n<td class=\"tg-cly1\">100.000.726<\/td>\n<td class=\"tg-cly1\">Isoleucine<\/td>\n<td class=\"tg-cly1\">2.33<\/td>\n<td class=\"tg-cly1\">%<\/td>\n<\/tr>\n<tr>\n<td class=\"tg-cly1\">100.000.475<\/td>\n<td class=\"tg-cly1\">Leucine<\/td>\n<td class=\"tg-cly1\">2.85<\/td>\n<td class=\"tg-cly1\">%<\/td>\n<\/tr>\n<tr>\n<td class=\"tg-cly1\">100.000.673<\/td>\n<td class=\"tg-cly1\">Lysine<\/td>\n<td class=\"tg-cly1\">3.75<\/td>\n<td class=\"tg-cly1\">%<\/td>\n<\/tr>\n<tr>\n<td class=\"tg-cly1\">100.000.393<\/td>\n<td class=\"tg-cly1\">Methionine<\/td>\n<td class=\"tg-cly1\">0.22<\/td>\n<td class=\"tg-cly1\">%<\/td>\n<\/tr>\n<tr>\n<td class=\"tg-cly1\">100.000.517<\/td>\n<td class=\"tg-cly1\">Phenylalanine<\/td>\n<td class=\"tg-cly1\">2.35<\/td>\n<td class=\"tg-cly1\">%<\/td>\n<\/tr>\n<tr>\n<td class=\"tg-cly1\">100.000.704<\/td>\n<td class=\"tg-cly1\">Threonine<\/td>\n<td class=\"tg-cly1\">2.92<\/td>\n<td class=\"tg-cly1\">%<\/td>\n<\/tr>\n<tr>\n<td class=\"tg-cly1\">100.000.703<\/td>\n<td class=\"tg-cly1\">Valine<\/td>\n<td class=\"tg-cly1\">3.56<\/td>\n<td class=\"tg-cly1\">%<\/td>\n<\/tr>\n<tr>\n<td class=\"tg-yla0\" colspan=\"4\"><strong>Amino acids: Dispensable amino acids<\/strong><\/td>\n<\/tr>\n<tr>\n<td class=\"tg-cly1\">100.000.249<\/td>\n<td class=\"tg-cly1\">Alanine<\/td>\n<td class=\"tg-cly1\">3.30<\/td>\n<td class=\"tg-cly1\">%<\/td>\n<\/tr>\n<tr>\n<td class=\"tg-cly1\">100.000.265<\/td>\n<td class=\"tg-cly1\">Aspartic acid<\/td>\n<td class=\"tg-cly1\">5.21<\/td>\n<td class=\"tg-cly1\">%<\/td>\n<\/tr>\n<tr>\n<td class=\"tg-cly1\">100.000.145<\/td>\n<td class=\"tg-cly1\">Cysteine<\/td>\n<td class=\"tg-cly1\">0.68<\/td>\n<td class=\"tg-cly1\">%<\/td>\n<\/tr>\n<tr>\n<td class=\"tg-cly1\">100.000.419<\/td>\n<td class=\"tg-cly1\">Tyrosine<\/td>\n<td class=\"tg-cly1\">1.59<\/td>\n<td class=\"tg-cly1\">%<\/td>\n<\/tr>\n<tr>\n<td class=\"tg-cly1\">E620<\/td>\n<td class=\"tg-cly1\">Glutamic acid<\/td>\n<td class=\"tg-cly1\">6.60<\/td>\n<td class=\"tg-cly1\">%<\/td>\n<\/tr>\n<tr>\n<td class=\"tg-cly1\">100.009.264<\/td>\n<td class=\"tg-cly1\">Proline<\/td>\n<td class=\"tg-cly1\">3.75<\/td>\n<td class=\"tg-cly1\">%<\/td>\n<\/tr>\n<tr>\n<td class=\"tg-cly1\">100.000.250<\/td>\n<td class=\"tg-cly1\">Serine<\/td>\n<td class=\"tg-cly1\">2.60<\/td>\n<td class=\"tg-cly1\">%<\/td>\n<\/tr>\n<tr>\n<td class=\"tg-yla0\" colspan=\"4\"><span style=\"font-weight: bold;\">Vitamins <\/span><\/td>\n<\/tr>\n<tr>\n<td class=\"tg-cly1\">E100<\/td>\n<td class=\"tg-cly1\">Vitamin B1 (Thiamine)<\/td>\n<td class=\"tg-cly1\">55.64<\/td>\n<td class=\"tg-cly1\">mg\/kg<\/td>\n<\/tr>\n<tr>\n<td class=\"tg-cly1\">E101<\/td>\n<td class=\"tg-cly1\">Vitamin B2 (Riboflavin)<\/td>\n<td class=\"tg-cly1\">15.71<\/td>\n<td class=\"tg-cly1\">mg\/kg<\/td>\n<\/tr>\n<tr>\n<td class=\"tg-cly1\">E375<\/td>\n<td class=\"tg-cly1\">Vitamin B3 (Niacin)<\/td>\n<td class=\"tg-cly1\">29.42<\/td>\n<td class=\"tg-cly1\">mg\/kg<\/td>\n<\/tr>\n<tr>\n<td class=\"tg-cly1\">E524<\/td>\n<td class=\"tg-cly1\">Vitamin B5 (Calcium pantothenate)<\/td>\n<td class=\"tg-cly1\">12.11<\/td>\n<td class=\"tg-cly1\">mg\/kg<\/td>\n<\/tr>\n<tr>\n<td class=\"tg-cly1\">E1006<\/td>\n<td class=\"tg-cly1\">Vitamin B6 (Pyridoxine)<\/td>\n<td class=\"tg-cly1\">27.20<\/td>\n<td class=\"tg-cly1\">mg\/kg<\/td>\n<\/tr>\n<tr>\n<td class=\"tg-cly1\">E363<\/td>\n<td class=\"tg-cly1\">Vitamin B7 (Biotin)<\/td>\n<td class=\"tg-cly1\">0.33<\/td>\n<td class=\"tg-cly1\">mg\/kg<\/td>\n<\/tr>\n<tr>\n<td class=\"tg-cly1\">E636<\/td>\n<td class=\"tg-cly1\">Vitamin B9 (Folic acid)<\/td>\n<td class=\"tg-cly1\">0.11<\/td>\n<td class=\"tg-cly1\">mg\/kg<\/td>\n<\/tr>\n<tr>\n<td class=\"tg-cly1\">3a300 &#8211; E300<\/td>\n<td class=\"tg-cly1\">Vitamin C (Ascorbic acid)<\/td>\n<td class=\"tg-cly1\">528.66<\/td>\n<td class=\"tg-cly1\">mg\/kg<\/td>\n<\/tr>\n<tr>\n<td class=\"tg-yla0\" colspan=\"4\"><span style=\"font-weight: bold;\">Minerals<\/span><\/td>\n<\/tr>\n<tr>\n<td class=\"tg-cly1\">\u00a0<\/td>\n<td class=\"tg-cly1\">Calcium (Ca)<\/td>\n<td class=\"tg-cly1\">0.56<\/td>\n<td class=\"tg-cly1\">%<\/td>\n<\/tr>\n<tr>\n<td class=\"tg-cly1\">\u00a0<\/td>\n<td class=\"tg-cly1\">Phosphorus (P)<\/td>\n<td class=\"tg-cly1\">0.81<\/td>\n<td class=\"tg-cly1\">%<\/td>\n<\/tr>\n<tr>\n<td class=\"tg-cly1\">\u00a0<\/td>\n<td class=\"tg-cly1\">Sodium (Na)<\/td>\n<td class=\"tg-cly1\">0.12<\/td>\n<td class=\"tg-cly1\">%<\/td>\n<\/tr>\n<tr>\n<td class=\"tg-cly1\">\u00a0<\/td>\n<td class=\"tg-cly1\">Magnesium (Mg)<\/td>\n<td class=\"tg-cly1\">0.15<\/td>\n<td class=\"tg-cly1\">%<\/td>\n<\/tr>\n<tr>\n<td class=\"tg-yla0\" colspan=\"4\"><span style=\"font-weight: bold;\">Trace Minerals<\/span><\/td>\n<\/tr>\n<tr>\n<td class=\"tg-cly1\">E1<\/td>\n<td class=\"tg-cly1\">Iron (Fe)<\/td>\n<td class=\"tg-cly1\">108.20<\/td>\n<td class=\"tg-cly1\">mg\/kg<\/td>\n<\/tr>\n<tr>\n<td class=\"tg-cly1\">3b606 &#8211; E6<\/td>\n<td class=\"tg-cly1\">Zinc (Zn)<\/td>\n<td class=\"tg-cly1\">96.08<\/td>\n<td class=\"tg-cly1\">mg\/kg<\/td>\n<\/tr>\n<tr>\n<td class=\"tg-yla0\" colspan=\"4\"><span style=\"font-weight: bold;\">Chemical Components<\/span><\/td>\n<\/tr>\n<tr>\n<td class=\"tg-cly1\">3a890<\/td>\n<td class=\"tg-cly1\">Cholin<\/td>\n<td class=\"tg-cly1\">2735.44<\/td>\n<td class=\"tg-cly1\">mg\/kg<\/td>\n<\/tr>\n<tr>\n<td class=\"tg-yla0\" colspan=\"4\"><span style=\"font-weight: bold;\">Metabolic Properties<\/span><\/td>\n<\/tr>\n<tr>\n<td class=\"tg-cly1\">\u00a0<\/td>\n<td class=\"tg-cly1\">Total energy<\/td>\n<td class=\"tg-cly1\">4487.49<\/td>\n<td class=\"tg-cly1\">kcal\/kg<\/td>\n<\/tr>\n<tr>\n<td class=\"tg-cly1\">\u00a0<\/td>\n<td class=\"tg-cly1\">Metabolic energy of poultry<\/td>\n<td class=\"tg-cly1\">2684.22<\/td>\n<td class=\"tg-cly1\">kcal\/kg<\/td>\n<\/tr>\n<tr>\n<td class=\"tg-yla0\"><span style=\"font-weight: bold;\">INSTRUCTIONS FOR USE:<\/span><\/td>\n<td class=\"tg-cly1\" colspan=\"3\">\u00a0<\/td>\n<\/tr>\n<tr>\n<td class=\"tg-yla0\"><span style=\"font-weight: bold;\">STORAGE CONDITIONS:<\/span><\/td>\n<td class=\"tg-cly1\" colspan=\"3\">Store in cool, dark and moisture-free conditions in its packaging.<\/td>\n<\/tr>\n<tr>\n<td class=\"tg-yla0\"><span style=\"font-weight: bold;\">WARNING:<\/span><\/td>\n<td class=\"tg-82xw\" colspan=\"3\"><span style=\"color: #1f1f1f;\">Must be consumed within 24 months from the date of production.<\/span><\/td>\n<\/tr>\n<\/tbody>\n<\/table>\n<\/div>\n","protected":false},"excerpt":{"rendered":"<p>PRODUCT CODE: BH5600 It is an additive produced to meet the plant protein and amino acid needs of animals. COMPOSITION Identifier Number (ECHA) Active Substance Level in Premix Units Analytical Components \u00a0 Dry matter 97.10 % \u00a0 Crude protein 49.19 % \u00a0 Crude fiber 0.01 % \u00a0 Crude oil 1.8 % \u00a0 Crude ash 3.07 [&hellip;]<\/p>\n","protected":false},"author":1,"featured_media":0,"parent":1709,"menu_order":0,"comment_status":"closed","ping_status":"closed","template":"","meta":{"footnotes":""},"class_list":["post-1704","page","type-page","status-publish","hentry"],"yoast_head":"<!-- This site is optimized with the Yoast SEO Premium plugin v24.1 (Yoast SEO v26.6) - https:\/\/yoast.com\/wordpress\/plugins\/seo\/ -->\n<title>Perfil Nutritionist Inactive Yeast | Geli\u015fim Yem Katk\u0131<\/title>\n<meta name=\"description\" content=\"It is an additive produced to meet the plant protein and amino acid needs of animals.\" \/>\n<meta name=\"robots\" content=\"index, follow, max-snippet:-1, max-image-preview:large, max-video-preview:-1\" \/>\n<link rel=\"canonical\" href=\"https:\/\/gelisimyemkatki.com\/en\/raw-materials\/vegetable-source\/perfil-nutritionist-inactive-yeast\/\" \/>\n<meta property=\"og:locale\" content=\"en_US\" \/>\n<meta property=\"og:type\" content=\"article\" \/>\n<meta property=\"og:title\" content=\"Perfil Nutritionist Inactive Yeast\" \/>\n<meta property=\"og:description\" content=\"It is an additive produced to meet the plant protein and amino acid needs of animals.\" \/>\n<meta property=\"og:url\" content=\"https:\/\/gelisimyemkatki.com\/en\/raw-materials\/vegetable-source\/perfil-nutritionist-inactive-yeast\/\" \/>\n<meta property=\"og:site_name\" content=\"Geli\u015fim Yem Katk\u0131\" \/>\n<meta property=\"article:modified_time\" content=\"2025-01-18T10:19:30+00:00\" \/>\n<meta name=\"twitter:card\" content=\"summary_large_image\" \/>\n<meta name=\"twitter:label1\" content=\"Est. reading time\" \/>\n\t<meta name=\"twitter:data1\" content=\"2 minutes\" \/>\n<script type=\"application\/ld+json\" class=\"yoast-schema-graph\">{\"@context\":\"https:\/\/schema.org\",\"@graph\":[{\"@type\":\"WebPage\",\"@id\":\"https:\/\/gelisimyemkatki.com\/en\/raw-materials\/vegetable-source\/perfil-nutritionist-inactive-yeast\/\",\"url\":\"https:\/\/gelisimyemkatki.com\/en\/raw-materials\/vegetable-source\/perfil-nutritionist-inactive-yeast\/\",\"name\":\"Perfil Nutritionist Inactive Yeast | Geli\u015fim Yem Katk\u0131\",\"isPartOf\":{\"@id\":\"https:\/\/gelisimyemkatki.com\/en\/#website\"},\"datePublished\":\"2025-01-05T03:22:44+00:00\",\"dateModified\":\"2025-01-18T10:19:30+00:00\",\"description\":\"It is an additive produced to meet the plant protein and amino acid needs of animals.\",\"breadcrumb\":{\"@id\":\"https:\/\/gelisimyemkatki.com\/en\/raw-materials\/vegetable-source\/perfil-nutritionist-inactive-yeast\/#breadcrumb\"},\"inLanguage\":\"en-US\",\"potentialAction\":[{\"@type\":\"ReadAction\",\"target\":[\"https:\/\/gelisimyemkatki.com\/en\/raw-materials\/vegetable-source\/perfil-nutritionist-inactive-yeast\/\"]}]},{\"@type\":\"BreadcrumbList\",\"@id\":\"https:\/\/gelisimyemkatki.com\/en\/raw-materials\/vegetable-source\/perfil-nutritionist-inactive-yeast\/#breadcrumb\",\"itemListElement\":[{\"@type\":\"ListItem\",\"position\":1,\"name\":\"Home\",\"item\":\"https:\/\/gelisimyemkatki.com\/en\/\"},{\"@type\":\"ListItem\",\"position\":2,\"name\":\"Raw Materials\",\"item\":\"https:\/\/gelisimyemkatki.com\/en\/raw-materials\/\"},{\"@type\":\"ListItem\",\"position\":3,\"name\":\"Vegetable Source\",\"item\":\"https:\/\/gelisimyemkatki.com\/en\/raw-materials\/vegetable-source\/\"},{\"@type\":\"ListItem\",\"position\":4,\"name\":\"Perfil Nutritionist Inactive Yeast\"}]},{\"@type\":\"WebSite\",\"@id\":\"https:\/\/gelisimyemkatki.com\/en\/#website\",\"url\":\"https:\/\/gelisimyemkatki.com\/en\/\",\"name\":\"Geli\u015fim Yem Katk\u0131 \u00dcr\u00fcnleri\",\"description\":\"Maddeleri Tic. Ltd. \u015eti.\",\"potentialAction\":[{\"@type\":\"SearchAction\",\"target\":{\"@type\":\"EntryPoint\",\"urlTemplate\":\"https:\/\/gelisimyemkatki.com\/en\/?s={search_term_string}\"},\"query-input\":{\"@type\":\"PropertyValueSpecification\",\"valueRequired\":true,\"valueName\":\"search_term_string\"}}],\"inLanguage\":\"en-US\"}]}<\/script>\n<!-- \/ Yoast SEO Premium plugin. -->","yoast_head_json":{"title":"Perfil Nutritionist Inactive Yeast | Geli\u015fim Yem Katk\u0131","description":"It is an additive produced to meet the plant protein and amino acid needs of animals.","robots":{"index":"index","follow":"follow","max-snippet":"max-snippet:-1","max-image-preview":"max-image-preview:large","max-video-preview":"max-video-preview:-1"},"canonical":"https:\/\/gelisimyemkatki.com\/en\/raw-materials\/vegetable-source\/perfil-nutritionist-inactive-yeast\/","og_locale":"en_US","og_type":"article","og_title":"Perfil Nutritionist Inactive Yeast","og_description":"It is an additive produced to meet the plant protein and amino acid needs of animals.","og_url":"https:\/\/gelisimyemkatki.com\/en\/raw-materials\/vegetable-source\/perfil-nutritionist-inactive-yeast\/","og_site_name":"Geli\u015fim Yem Katk\u0131","article_modified_time":"2025-01-18T10:19:30+00:00","twitter_card":"summary_large_image","twitter_misc":{"Est. reading time":"2 minutes"},"schema":{"@context":"https:\/\/schema.org","@graph":[{"@type":"WebPage","@id":"https:\/\/gelisimyemkatki.com\/en\/raw-materials\/vegetable-source\/perfil-nutritionist-inactive-yeast\/","url":"https:\/\/gelisimyemkatki.com\/en\/raw-materials\/vegetable-source\/perfil-nutritionist-inactive-yeast\/","name":"Perfil Nutritionist Inactive Yeast | Geli\u015fim Yem Katk\u0131","isPartOf":{"@id":"https:\/\/gelisimyemkatki.com\/en\/#website"},"datePublished":"2025-01-05T03:22:44+00:00","dateModified":"2025-01-18T10:19:30+00:00","description":"It is an additive produced to meet the plant protein and amino acid needs of animals.","breadcrumb":{"@id":"https:\/\/gelisimyemkatki.com\/en\/raw-materials\/vegetable-source\/perfil-nutritionist-inactive-yeast\/#breadcrumb"},"inLanguage":"en-US","potentialAction":[{"@type":"ReadAction","target":["https:\/\/gelisimyemkatki.com\/en\/raw-materials\/vegetable-source\/perfil-nutritionist-inactive-yeast\/"]}]},{"@type":"BreadcrumbList","@id":"https:\/\/gelisimyemkatki.com\/en\/raw-materials\/vegetable-source\/perfil-nutritionist-inactive-yeast\/#breadcrumb","itemListElement":[{"@type":"ListItem","position":1,"name":"Home","item":"https:\/\/gelisimyemkatki.com\/en\/"},{"@type":"ListItem","position":2,"name":"Raw Materials","item":"https:\/\/gelisimyemkatki.com\/en\/raw-materials\/"},{"@type":"ListItem","position":3,"name":"Vegetable Source","item":"https:\/\/gelisimyemkatki.com\/en\/raw-materials\/vegetable-source\/"},{"@type":"ListItem","position":4,"name":"Perfil Nutritionist Inactive Yeast"}]},{"@type":"WebSite","@id":"https:\/\/gelisimyemkatki.com\/en\/#website","url":"https:\/\/gelisimyemkatki.com\/en\/","name":"Geli\u015fim Yem Katk\u0131 \u00dcr\u00fcnleri","description":"Maddeleri Tic. Ltd. \u015eti.","potentialAction":[{"@type":"SearchAction","target":{"@type":"EntryPoint","urlTemplate":"https:\/\/gelisimyemkatki.com\/en\/?s={search_term_string}"},"query-input":{"@type":"PropertyValueSpecification","valueRequired":true,"valueName":"search_term_string"}}],"inLanguage":"en-US"}]}},"_links":{"self":[{"href":"https:\/\/gelisimyemkatki.com\/en\/wp-json\/wp\/v2\/pages\/1704","targetHints":{"allow":["GET"]}}],"collection":[{"href":"https:\/\/gelisimyemkatki.com\/en\/wp-json\/wp\/v2\/pages"}],"about":[{"href":"https:\/\/gelisimyemkatki.com\/en\/wp-json\/wp\/v2\/types\/page"}],"author":[{"embeddable":true,"href":"https:\/\/gelisimyemkatki.com\/en\/wp-json\/wp\/v2\/users\/1"}],"replies":[{"embeddable":true,"href":"https:\/\/gelisimyemkatki.com\/en\/wp-json\/wp\/v2\/comments?post=1704"}],"version-history":[{"count":5,"href":"https:\/\/gelisimyemkatki.com\/en\/wp-json\/wp\/v2\/pages\/1704\/revisions"}],"predecessor-version":[{"id":2564,"href":"https:\/\/gelisimyemkatki.com\/en\/wp-json\/wp\/v2\/pages\/1704\/revisions\/2564"}],"up":[{"embeddable":true,"href":"https:\/\/gelisimyemkatki.com\/en\/wp-json\/wp\/v2\/pages\/1709"}],"wp:attachment":[{"href":"https:\/\/gelisimyemkatki.com\/en\/wp-json\/wp\/v2\/media?parent=1704"}],"curies":[{"name":"wp","href":"https:\/\/api.w.org\/{rel}","templated":true}]}}