{"id":1695,"date":"2025-01-05T06:22:40","date_gmt":"2025-01-05T03:22:40","guid":{"rendered":"https:\/\/gelisimyemkatki.com\/bovine-and-ovine\/performance-products\/vizyomix-fattening-ultra\/"},"modified":"2025-01-05T06:22:40","modified_gmt":"2025-01-05T03:22:40","slug":"vizyomix-fattening-ultra","status":"publish","type":"page","link":"https:\/\/gelisimyemkatki.com\/en\/bovine-and-sheep\/performance-products\/vizyomix-fattening-ultra\/","title":{"rendered":"Vizyomix Fattening Ultra"},"content":{"rendered":"<div class=\"tg-wrap\">\n<table class=\"tg\">\n<tbody>\n<tr>\n<td class=\"tg-yla0\"><span style=\"font-weight: bold;\">PRODUCT CODE:<\/span><\/td>\n<td class=\"tg-yla0\" colspan=\"3\"><span style=\"font-weight: bold;\">BF2850<\/span><\/td>\n<\/tr>\n<tr>\n<td class=\"tg-cly1\" colspan=\"4\">It is an additive produced to support the digestive physiology of livestock and to meet their vitamin and mineral needs.<\/td>\n<\/tr>\n<tr>\n<td class=\"tg-yla0\" colspan=\"4\"><span style=\"font-weight: bold;\">COMPOSITION<\/span><\/td>\n<\/tr>\n<tr>\n<td class=\"tg-yla0\"><span style=\"font-weight: bold;\">Identifier Number<\/span><\/td>\n<td class=\"tg-yla0\"><span style=\"font-weight: bold;\">Active Substance<\/span><\/td>\n<td class=\"tg-yla0\" colspan=\"2\"><span style=\"font-weight: bold;\">Level in Premix Units <\/span><\/td>\n<\/tr>\n<tr>\n<td class=\"tg-yla0\" colspan=\"4\"><span style=\"font-weight: bold;\">Vitamins<\/span><\/td>\n<\/tr>\n<tr>\n<td class=\"tg-cly1\">3a672a &#8211; E672<\/td>\n<td class=\"tg-cly1\">Vitamin A (Retinol)<\/td>\n<td class=\"tg-cly1\">8.000.000<\/td>\n<td class=\"tg-soni\"><span style=\"color: #1f1f1f;\">IU<\/span><\/td>\n<\/tr>\n<tr>\n<td class=\"tg-cly1\">3a671 &#8211; E671<\/td>\n<td class=\"tg-cly1\">Vitamin D3 (Cholecalciferol)<\/td>\n<td class=\"tg-cly1\">1.350.000<\/td>\n<td class=\"tg-soni\"><span style=\"color: #1f1f1f;\">IU<\/span><\/td>\n<\/tr>\n<tr>\n<td class=\"tg-cly1\">3a700 &#8211; E307<\/td>\n<td class=\"tg-7zrl\">Vitamin E (Tocopherol)<\/td>\n<td class=\"tg-7zrl\">13.500<\/td>\n<td class=\"tg-soni\"><span style=\"color: #1f1f1f;\">mg<\/span><\/td>\n<\/tr>\n<tr>\n<td class=\"tg-cly1\">E336<\/td>\n<td class=\"tg-7zrl\">Vitamin B7 (Biotin)<\/td>\n<td class=\"tg-7zrl\">675<\/td>\n<td class=\"tg-soni\"><span style=\"color: #1f1f1f;\">mg<\/span><\/td>\n<\/tr>\n<tr>\n<td class=\"tg-j6zm\" colspan=\"4\"><span style=\"font-weight: bold;\">Trace Minerals<\/span><\/td>\n<\/tr>\n<tr>\n<td class=\"tg-7zrl\">E5<\/td>\n<td class=\"tg-7zrl\">Manganese (Mn)<\/td>\n<td class=\"tg-7zrl\">34.000<\/td>\n<td class=\"tg-soni\"><span style=\"color: #1f1f1f;\">mg<\/span><\/td>\n<\/tr>\n<tr>\n<td class=\"tg-7zrl\">E1<\/td>\n<td class=\"tg-7zrl\">Iron (Fe)<\/td>\n<td class=\"tg-7zrl\">34.000<\/td>\n<td class=\"tg-soni\"><span style=\"color: #1f1f1f;\">mg<\/span><\/td>\n<\/tr>\n<tr>\n<td class=\"tg-cly1\">3b606 &#8211; E6<\/td>\n<td class=\"tg-cly1\">Zinc (Zn)<\/td>\n<td class=\"tg-cly1\">34.000<\/td>\n<td class=\"tg-cly1\">mg<\/td>\n<\/tr>\n<tr>\n<td class=\"tg-cly1\">E4<\/td>\n<td class=\"tg-cly1\">Copper (Cu)<\/td>\n<td class=\"tg-cly1\">5.000<\/td>\n<td class=\"tg-cly1\">mg<\/td>\n<\/tr>\n<tr>\n<td class=\"tg-cly1\">E3<\/td>\n<td class=\"tg-cly1\">Cobalt (Co)<\/td>\n<td class=\"tg-cly1\">170<\/td>\n<td class=\"tg-cly1\">mg<\/td>\n<\/tr>\n<tr>\n<td class=\"tg-cly1\">E2<\/td>\n<td class=\"tg-cly1\">Iodine (I)<\/td>\n<td class=\"tg-cly1\">340<\/td>\n<td class=\"tg-cly1\">mg<\/td>\n<\/tr>\n<tr>\n<td class=\"tg-cly1\">3b8.10 &#8211; E8<\/td>\n<td class=\"tg-cly1\">Selenium (Se)<\/td>\n<td class=\"tg-cly1\">135<\/td>\n<td class=\"tg-cly1\">mg<\/td>\n<\/tr>\n<tr>\n<td class=\"tg-yla0\" colspan=\"4\"><span style=\"font-weight: bold;\">Inorganic Components<\/span><\/td>\n<\/tr>\n<tr>\n<td class=\"tg-cly1\">E500<\/td>\n<td class=\"tg-cly1\">Sodium chloride (Salt)<\/td>\n<td class=\"tg-cly1\">27<\/td>\n<td class=\"tg-cly1\">g<\/td>\n<\/tr>\n<tr>\n<td class=\"tg-yla0\" colspan=\"4\"><span style=\"font-weight: bold;\">Aromatic Compounds<\/span><\/td>\n<\/tr>\n<tr>\n<td class=\"tg-cly1\">2b<\/td>\n<td class=\"tg-cly1\">Yucca schidigera (active ingredient Saponin 12%)<\/td>\n<td class=\"tg-cly1\">50.000<\/td>\n<td class=\"tg-cly1\">mg<\/td>\n<\/tr>\n<tr>\n<td class=\"tg-yla0\" colspan=\"4\"><span style=\"font-weight: bold;\">Natural Flavoring Ingredients<\/span><\/td>\n<\/tr>\n<tr>\n<td class=\"tg-cly1\"> <\/td>\n<td class=\"tg-cly1\" colspan=\"3\">Orange \/ Vanilla flavor<\/td>\n<\/tr>\n<tr>\n<td class=\"tg-yla0\"><span style=\"font-weight: bold;\">INSTRUCTIONS FOR USE:<\/span><\/td>\n<td class=\"tg-cly1\" colspan=\"3\">It is recommended to use between 50 &#8211; 100 g per day in fattening animals.<\/td>\n<\/tr>\n<tr>\n<td class=\"tg-yla0\"><span style=\"font-weight: bold;\">STORAGE CONDITIONS:<\/span><\/td>\n<td class=\"tg-cly1\" colspan=\"3\">Store in cool, dark and moisture-free conditions in its packaging.<\/td>\n<\/tr>\n<tr>\n<td class=\"tg-yla0\"><span style=\"font-weight: bold;\">WARNING:<\/span><\/td>\n<td class=\"tg-7zrl\" colspan=\"3\">Must be consumed within 24 months from the date of production.<\/td>\n<\/tr>\n<\/tbody>\n<\/table>\n<\/div>\n","protected":false},"excerpt":{"rendered":"<p>PRODUCT CODE: BF2850 It is an additive produced to support the digestive physiology of livestock and to meet their vitamin and mineral needs. COMPOSITION Identifier Number Active Substance Level in Premix Units Vitamins 3a672a &#8211; E672 Vitamin A (Retinol) 8.000.000 IU 3a671 &#8211; E671 Vitamin D3 (Cholecalciferol) 1.350.000 IU 3a700 &#8211; E307 Vitamin E (Tocopherol) [&hellip;]<\/p>\n","protected":false},"author":1,"featured_media":0,"parent":1590,"menu_order":0,"comment_status":"closed","ping_status":"closed","template":"","meta":{"footnotes":""},"class_list":["post-1695","page","type-page","status-publish","hentry"],"yoast_head":"<!-- This site is optimized with the Yoast SEO Premium plugin v24.1 (Yoast SEO v26.6) - https:\/\/yoast.com\/wordpress\/plugins\/seo\/ -->\n<title>Vizyomix Fattening Ultra | Geli\u015fim Yem Katk\u0131<\/title>\n<meta name=\"description\" content=\"It is an additive produced to support the digestive physiology of livestock and to meet their vitamin and mineral needs.\" \/>\n<meta name=\"robots\" content=\"index, follow, max-snippet:-1, max-image-preview:large, max-video-preview:-1\" \/>\n<link rel=\"canonical\" href=\"https:\/\/gelisimyemkatki.com\/en\/bovine-and-sheep\/performance-products\/vizyomix-fattening-ultra\/\" \/>\n<meta property=\"og:locale\" content=\"en_US\" \/>\n<meta property=\"og:type\" content=\"article\" \/>\n<meta property=\"og:title\" content=\"Vizyomix Fattening Ultra\" \/>\n<meta property=\"og:description\" content=\"It is an additive produced to support the digestive physiology of livestock and to meet their vitamin and mineral needs.\" \/>\n<meta property=\"og:url\" content=\"https:\/\/gelisimyemkatki.com\/en\/bovine-and-sheep\/performance-products\/vizyomix-fattening-ultra\/\" \/>\n<meta property=\"og:site_name\" content=\"Geli\u015fim Yem Katk\u0131\" \/>\n<meta name=\"twitter:card\" content=\"summary_large_image\" \/>\n<meta name=\"twitter:label1\" content=\"Est. reading time\" \/>\n\t<meta name=\"twitter:data1\" content=\"1 minute\" \/>\n<script type=\"application\/ld+json\" class=\"yoast-schema-graph\">{\"@context\":\"https:\/\/schema.org\",\"@graph\":[{\"@type\":\"WebPage\",\"@id\":\"https:\/\/gelisimyemkatki.com\/en\/bovine-and-sheep\/performance-products\/vizyomix-fattening-ultra\/\",\"url\":\"https:\/\/gelisimyemkatki.com\/en\/bovine-and-sheep\/performance-products\/vizyomix-fattening-ultra\/\",\"name\":\"Vizyomix Fattening Ultra | Geli\u015fim Yem Katk\u0131\",\"isPartOf\":{\"@id\":\"https:\/\/gelisimyemkatki.com\/en\/#website\"},\"datePublished\":\"2025-01-05T03:22:40+00:00\",\"description\":\"It is an additive produced to support the digestive physiology of livestock and to meet their vitamin and mineral needs.\",\"breadcrumb\":{\"@id\":\"https:\/\/gelisimyemkatki.com\/en\/bovine-and-sheep\/performance-products\/vizyomix-fattening-ultra\/#breadcrumb\"},\"inLanguage\":\"en-US\",\"potentialAction\":[{\"@type\":\"ReadAction\",\"target\":[\"https:\/\/gelisimyemkatki.com\/en\/bovine-and-sheep\/performance-products\/vizyomix-fattening-ultra\/\"]}]},{\"@type\":\"BreadcrumbList\",\"@id\":\"https:\/\/gelisimyemkatki.com\/en\/bovine-and-sheep\/performance-products\/vizyomix-fattening-ultra\/#breadcrumb\",\"itemListElement\":[{\"@type\":\"ListItem\",\"position\":1,\"name\":\"Home\",\"item\":\"https:\/\/gelisimyemkatki.com\/en\/\"},{\"@type\":\"ListItem\",\"position\":2,\"name\":\"Bovine and Sheep\",\"item\":\"https:\/\/gelisimyemkatki.com\/en\/bovine-and-sheep\/\"},{\"@type\":\"ListItem\",\"position\":3,\"name\":\"Performance Products\",\"item\":\"https:\/\/gelisimyemkatki.com\/en\/bovine-and-sheep\/performance-products\/\"},{\"@type\":\"ListItem\",\"position\":4,\"name\":\"Vizyomix Fattening Ultra\"}]},{\"@type\":\"WebSite\",\"@id\":\"https:\/\/gelisimyemkatki.com\/en\/#website\",\"url\":\"https:\/\/gelisimyemkatki.com\/en\/\",\"name\":\"Geli\u015fim Yem Katk\u0131 \u00dcr\u00fcnleri\",\"description\":\"Maddeleri Tic. Ltd. \u015eti.\",\"potentialAction\":[{\"@type\":\"SearchAction\",\"target\":{\"@type\":\"EntryPoint\",\"urlTemplate\":\"https:\/\/gelisimyemkatki.com\/en\/?s={search_term_string}\"},\"query-input\":{\"@type\":\"PropertyValueSpecification\",\"valueRequired\":true,\"valueName\":\"search_term_string\"}}],\"inLanguage\":\"en-US\"}]}<\/script>\n<!-- \/ Yoast SEO Premium plugin. -->","yoast_head_json":{"title":"Vizyomix Fattening Ultra | Geli\u015fim Yem Katk\u0131","description":"It is an additive produced to support the digestive physiology of livestock and to meet their vitamin and mineral needs.","robots":{"index":"index","follow":"follow","max-snippet":"max-snippet:-1","max-image-preview":"max-image-preview:large","max-video-preview":"max-video-preview:-1"},"canonical":"https:\/\/gelisimyemkatki.com\/en\/bovine-and-sheep\/performance-products\/vizyomix-fattening-ultra\/","og_locale":"en_US","og_type":"article","og_title":"Vizyomix Fattening Ultra","og_description":"It is an additive produced to support the digestive physiology of livestock and to meet their vitamin and mineral needs.","og_url":"https:\/\/gelisimyemkatki.com\/en\/bovine-and-sheep\/performance-products\/vizyomix-fattening-ultra\/","og_site_name":"Geli\u015fim Yem Katk\u0131","twitter_card":"summary_large_image","twitter_misc":{"Est. reading time":"1 minute"},"schema":{"@context":"https:\/\/schema.org","@graph":[{"@type":"WebPage","@id":"https:\/\/gelisimyemkatki.com\/en\/bovine-and-sheep\/performance-products\/vizyomix-fattening-ultra\/","url":"https:\/\/gelisimyemkatki.com\/en\/bovine-and-sheep\/performance-products\/vizyomix-fattening-ultra\/","name":"Vizyomix Fattening Ultra | Geli\u015fim Yem Katk\u0131","isPartOf":{"@id":"https:\/\/gelisimyemkatki.com\/en\/#website"},"datePublished":"2025-01-05T03:22:40+00:00","description":"It is an additive produced to support the digestive physiology of livestock and to meet their vitamin and mineral needs.","breadcrumb":{"@id":"https:\/\/gelisimyemkatki.com\/en\/bovine-and-sheep\/performance-products\/vizyomix-fattening-ultra\/#breadcrumb"},"inLanguage":"en-US","potentialAction":[{"@type":"ReadAction","target":["https:\/\/gelisimyemkatki.com\/en\/bovine-and-sheep\/performance-products\/vizyomix-fattening-ultra\/"]}]},{"@type":"BreadcrumbList","@id":"https:\/\/gelisimyemkatki.com\/en\/bovine-and-sheep\/performance-products\/vizyomix-fattening-ultra\/#breadcrumb","itemListElement":[{"@type":"ListItem","position":1,"name":"Home","item":"https:\/\/gelisimyemkatki.com\/en\/"},{"@type":"ListItem","position":2,"name":"Bovine and Sheep","item":"https:\/\/gelisimyemkatki.com\/en\/bovine-and-sheep\/"},{"@type":"ListItem","position":3,"name":"Performance Products","item":"https:\/\/gelisimyemkatki.com\/en\/bovine-and-sheep\/performance-products\/"},{"@type":"ListItem","position":4,"name":"Vizyomix Fattening Ultra"}]},{"@type":"WebSite","@id":"https:\/\/gelisimyemkatki.com\/en\/#website","url":"https:\/\/gelisimyemkatki.com\/en\/","name":"Geli\u015fim Yem Katk\u0131 \u00dcr\u00fcnleri","description":"Maddeleri Tic. Ltd. \u015eti.","potentialAction":[{"@type":"SearchAction","target":{"@type":"EntryPoint","urlTemplate":"https:\/\/gelisimyemkatki.com\/en\/?s={search_term_string}"},"query-input":{"@type":"PropertyValueSpecification","valueRequired":true,"valueName":"search_term_string"}}],"inLanguage":"en-US"}]}},"_links":{"self":[{"href":"https:\/\/gelisimyemkatki.com\/en\/wp-json\/wp\/v2\/pages\/1695","targetHints":{"allow":["GET"]}}],"collection":[{"href":"https:\/\/gelisimyemkatki.com\/en\/wp-json\/wp\/v2\/pages"}],"about":[{"href":"https:\/\/gelisimyemkatki.com\/en\/wp-json\/wp\/v2\/types\/page"}],"author":[{"embeddable":true,"href":"https:\/\/gelisimyemkatki.com\/en\/wp-json\/wp\/v2\/users\/1"}],"replies":[{"embeddable":true,"href":"https:\/\/gelisimyemkatki.com\/en\/wp-json\/wp\/v2\/comments?post=1695"}],"version-history":[{"count":0,"href":"https:\/\/gelisimyemkatki.com\/en\/wp-json\/wp\/v2\/pages\/1695\/revisions"}],"up":[{"embeddable":true,"href":"https:\/\/gelisimyemkatki.com\/en\/wp-json\/wp\/v2\/pages\/1590"}],"wp:attachment":[{"href":"https:\/\/gelisimyemkatki.com\/en\/wp-json\/wp\/v2\/media?parent=1695"}],"curies":[{"name":"wp","href":"https:\/\/api.w.org\/{rel}","templated":true}]}}