{"id":1694,"date":"2025-01-05T06:22:40","date_gmt":"2025-01-05T03:22:40","guid":{"rendered":"https:\/\/gelisimyemkatki.com\/bovine-and-ovine\/by-pass-oils\/calcium-soap-by-pass-oil\/"},"modified":"2025-01-05T06:22:40","modified_gmt":"2025-01-05T03:22:40","slug":"calcium-soap-by-pass-oil","status":"publish","type":"page","link":"https:\/\/gelisimyemkatki.com\/en\/bovine-and-sheep\/by-pass-oils\/calcium-soap-by-pass-oil\/","title":{"rendered":"Calcium Soap By-Pass Oil"},"content":{"rendered":"<div class=\"tg-wrap\">\n<table class=\"tg\">\n<tbody>\n<tr>\n<td class=\"tg-yla0\"><span style=\"font-weight: bold;\">PRODUCT CODE:<\/span><\/td>\n<td class=\"tg-yla0\" colspan=\"3\"><span style=\"font-weight: bold;\">BH4000<\/span><\/td>\n<\/tr>\n<tr>\n<td class=\"tg-cly1\" colspan=\"4\">It is an additive produced to meet the energy needs of ruminant animals.<\/td>\n<\/tr>\n<tr>\n<td class=\"tg-yla0\" colspan=\"4\"><span style=\"font-weight: bold;\">COMPOSITION<\/span><\/td>\n<\/tr>\n<tr>\n<td class=\"tg-yla0\"><span style=\"font-weight: bold;\">Identifier Number <\/span><\/td>\n<td class=\"tg-yla0\"><span style=\"font-weight: bold;\">Active Substance<\/span><\/td>\n<td class=\"tg-yla0\" colspan=\"2\"><span style=\"font-weight: bold;\">Level in Premix Units <\/span><\/td>\n<\/tr>\n<tr>\n<td class=\"tg-yla0\" colspan=\"4\"><span style=\"font-weight: bold;\">Fatty Acids Composition<\/span><\/td>\n<\/tr>\n<tr>\n<td class=\"tg-cly1\">C14:0<\/td>\n<td class=\"tg-cly1\">Myristic acid<\/td>\n<td class=\"tg-cly1\">1.5<\/td>\n<td class=\"tg-soni\"><span style=\"color: #1f1f1f;\">%<\/span><\/td>\n<\/tr>\n<tr>\n<td class=\"tg-cly1\">C16:0<\/td>\n<td class=\"tg-cly1\">Palmitic acid<\/td>\n<td class=\"tg-cly1\">89.1<\/td>\n<td class=\"tg-soni\"><span style=\"color: #1f1f1f;\">%<\/span><\/td>\n<\/tr>\n<tr>\n<td class=\"tg-cly1\">C18:0<\/td>\n<td class=\"tg-7zrl\">Stearic acid<\/td>\n<td class=\"tg-7zrl\">&lt; 5<\/td>\n<td class=\"tg-soni\"><span style=\"color: #1f1f1f;\">%<\/span><\/td>\n<\/tr>\n<tr>\n<td class=\"tg-cly1\">C18:1<\/td>\n<td class=\"tg-7zrl\">Oleic acid<\/td>\n<td class=\"tg-7zrl\">0.7<\/td>\n<td class=\"tg-soni\"><span style=\"color: #1f1f1f;\">%<\/span><\/td>\n<\/tr>\n<tr>\n<td class=\"tg-7zrl\">C18:2<\/td>\n<td class=\"tg-7zrl\">Linoleic acid<\/td>\n<td class=\"tg-7zrl\">max. 1<\/td>\n<td class=\"tg-soni\"><span style=\"color: #1f1f1f;\">%<\/span><\/td>\n<\/tr>\n<tr>\n<td class=\"tg-7zrl\">C20<\/td>\n<td class=\"tg-7zrl\">Arachidic acid<\/td>\n<td class=\"tg-7zrl\">&lt; 1<\/td>\n<td class=\"tg-soni\"><span style=\"color: #1f1f1f;\">%<\/span><\/td>\n<\/tr>\n<tr>\n<td class=\"tg-cly1\">C12:0<\/td>\n<td class=\"tg-cly1\">Lauric acid<\/td>\n<td class=\"tg-cly1\" colspan=\"2\">NEGATIVE<\/td>\n<\/tr>\n<tr>\n<td class=\"tg-cly1\"> <\/td>\n<td class=\"tg-cly1\">Non-saponifiable substance<\/td>\n<td class=\"tg-cly1\">&lt; 0.9<\/td>\n<td class=\"tg-cly1\">%<\/td>\n<\/tr>\n<tr>\n<td class=\"tg-yla0\" colspan=\"4\"><span style=\"font-weight: bold;\">Analytical Components  <\/span><\/td>\n<\/tr>\n<tr>\n<td class=\"tg-cly1\"> <\/td>\n<td class=\"tg-cly1\">Total fat<\/td>\n<td class=\"tg-cly1\">99<\/td>\n<td class=\"tg-soni\"><span style=\"color: #1f1f1f;\">%<\/span><\/td>\n<\/tr>\n<tr>\n<td class=\"tg-yla0\" colspan=\"4\"><span style=\"font-weight: bold;\">Trace Minerals<\/span><\/td>\n<\/tr>\n<tr>\n<td class=\"tg-cly1\">E915<\/td>\n<td class=\"tg-cly1\">Iodine (I)<\/td>\n<td class=\"tg-cly1\">0.86<\/td>\n<td class=\"tg-cly1\">g<\/td>\n<\/tr>\n<tr>\n<td class=\"tg-yla0\" colspan=\"4\"><span style=\"font-weight: bold;\">Physical Components<\/span><\/td>\n<\/tr>\n<tr>\n<td class=\"tg-cly1\"> <\/td>\n<td class=\"tg-cly1\">Moisture<\/td>\n<td class=\"tg-cly1\">&lt; 1<\/td>\n<td class=\"tg-soni\"><span style=\"color: #1f1f1f;\">%<\/span><\/td>\n<\/tr>\n<tr>\n<td class=\"tg-yla0\" colspan=\"4\"><span style=\"font-weight: bold;\">Chemical Properties<\/span><\/td>\n<\/tr>\n<tr>\n<td class=\"tg-cly1\"> <\/td>\n<td class=\"tg-cly1\">Acid value<\/td>\n<td class=\"tg-cly1\">216.5<\/td>\n<td class=\"tg-soni\"><span style=\"color: #1f1f1f;\">mg KOH\/g<\/span><\/td>\n<\/tr>\n<tr>\n<td class=\"tg-cly1\"> <\/td>\n<td class=\"tg-cly1\">Melting point<\/td>\n<td class=\"tg-cly1\">55<\/td>\n<td class=\"tg-soni\"><span style=\"color: #1f1f1f;\">C<\/span><\/td>\n<\/tr>\n<tr>\n<td class=\"tg-cly1\"> <\/td>\n<td class=\"tg-cly1\">Titration value<\/td>\n<td class=\"tg-cly1\">59.2<\/td>\n<td class=\"tg-cly1\">C<\/td>\n<\/tr>\n<tr>\n<td class=\"tg-cly1\"> <\/td>\n<td class=\"tg-cly1\">Saponification value<\/td>\n<td class=\"tg-cly1\">217.6<\/td>\n<td class=\"tg-cly1\">mg KOH\/g<\/td>\n<\/tr>\n<tr>\n<td class=\"tg-cly1\"> <\/td>\n<td class=\"tg-cly1\">Pesticide residues<\/td>\n<td class=\"tg-cly1\">&lt; 0.05<\/td>\n<td class=\"tg-cly1\">mg\/g<\/td>\n<\/tr>\n<tr>\n<td class=\"tg-yla0\" colspan=\"4\"><span style=\"font-weight: bold;\">Metabolic Properties<\/span><\/td>\n<\/tr>\n<tr>\n<td class=\"tg-cly1\"> <\/td>\n<td class=\"tg-cly1\">Metabolized value<\/td>\n<td class=\"tg-cly1\">~ 9100<\/td>\n<td class=\"tg-cly1\">kcal\/kg<\/td>\n<\/tr>\n<tr>\n<td class=\"tg-cly1\"> <\/td>\n<td class=\"tg-cly1\">Net energy lactation<\/td>\n<td class=\"tg-cly1\">~ 6550<\/td>\n<td class=\"tg-cly1\">kcal\/kg<\/td>\n<\/tr>\n<tr>\n<td class=\"tg-yla0\" colspan=\"4\"><span style=\"font-weight: bold;\">Physical Properties<\/span><\/td>\n<\/tr>\n<tr>\n<td class=\"tg-cly1\"> <\/td>\n<td class=\"tg-cly1\">Color &#8211; red<\/td>\n<td class=\"tg-cly1\" colspan=\"2\">0.2<\/td>\n<\/tr>\n<tr>\n<td class=\"tg-cly1\"> <\/td>\n<td class=\"tg-cly1\">Color &#8211; yellow<\/td>\n<td class=\"tg-cly1\" colspan=\"2\">1.4<\/td>\n<\/tr>\n<tr>\n<td class=\"tg-yla0\" colspan=\"4\"><span style=\"font-weight: bold;\">Contaminants Heavy Metals<\/span><\/td>\n<\/tr>\n<tr>\n<td class=\"tg-cly1\"> <\/td>\n<td class=\"tg-cly1\">Cadmium (Cd)<\/td>\n<td class=\"tg-cly1\">&lt; 0.01<\/td>\n<td class=\"tg-cly1\">ppm<\/td>\n<\/tr>\n<tr>\n<td class=\"tg-cly1\"> <\/td>\n<td class=\"tg-cly1\">Arsenic (As)<\/td>\n<td class=\"tg-cly1\">&lt; 0.10<\/td>\n<td class=\"tg-cly1\">ppm<\/td>\n<\/tr>\n<tr>\n<td class=\"tg-cly1\"> <\/td>\n<td class=\"tg-cly1\">Lead (Pb)<\/td>\n<td class=\"tg-cly1\">&lt; 0.10<\/td>\n<td class=\"tg-cly1\">ppm<\/td>\n<\/tr>\n<tr>\n<td class=\"tg-cly1\"> <\/td>\n<td class=\"tg-cly1\">Mercury (Hg)<\/td>\n<td class=\"tg-cly1\">&lt; 0.02<\/td>\n<td class=\"tg-cly1\">ppm<\/td>\n<\/tr>\n<tr>\n<td class=\"tg-yla0\" colspan=\"4\"><span style=\"font-weight: bold;\">Organic Pollutants: Dioxins and Polychlorinated Biphenyls<\/span><\/td>\n<\/tr>\n<tr>\n<td class=\"tg-cly1\">WHO-PCDD\/F-TEQ<\/td>\n<td class=\"tg-cly1\">Dioxin (All)<\/td>\n<td class=\"tg-cly1\">0.30<\/td>\n<td class=\"tg-cly1\">ng\/kg<\/td>\n<\/tr>\n<tr>\n<td class=\"tg-cly1\"> <\/td>\n<td class=\"tg-cly1\">Dioxin (PCBs)<\/td>\n<td class=\"tg-cly1\">0.16<\/td>\n<td class=\"tg-cly1\">ng\/kg<\/td>\n<\/tr>\n<tr>\n<td class=\"tg-yla0\"><span style=\"font-weight: bold;\">INSTRUCTIONS FOR USE:<\/span><\/td>\n<td class=\"tg-cly1\" colspan=\"3\">It is recommended to use between 200- 600 g per animal in ruminant animals.<\/td>\n<\/tr>\n<tr>\n<td class=\"tg-yla0\"><span style=\"font-weight: bold;\">STORAGE CONDITIONS:<\/span><\/td>\n<td class=\"tg-cly1\" colspan=\"3\">Store in cool, dark and moisture-free conditions in its packaging.<\/td>\n<\/tr>\n<tr>\n<td class=\"tg-yla0\"><span style=\"font-weight: bold;\">WARNING:<\/span><\/td>\n<td class=\"tg-7zrl\" colspan=\"3\">Must be consumed within 24 months from the date of production.<\/td>\n<\/tr>\n<\/tbody>\n<\/table>\n<\/div>\n","protected":false},"excerpt":{"rendered":"<p>PRODUCT CODE: BH4000 It is an additive produced to meet the energy needs of ruminant animals. COMPOSITION Identifier Number Active Substance Level in Premix Units Fatty Acids Composition C14:0 Myristic acid 1.5 % C16:0 Palmitic acid 89.1 % C18:0 Stearic acid &lt; 5 % C18:1 Oleic acid 0.7 % C18:2 Linoleic acid max. 1 % [&hellip;]<\/p>\n","protected":false},"author":1,"featured_media":0,"parent":1683,"menu_order":0,"comment_status":"closed","ping_status":"closed","template":"","meta":{"footnotes":""},"class_list":["post-1694","page","type-page","status-publish","hentry"],"yoast_head":"<!-- This site is optimized with the Yoast SEO Premium plugin v24.1 (Yoast SEO v26.6) - https:\/\/yoast.com\/wordpress\/plugins\/seo\/ -->\n<title>Calcium Soap By-Pass Oil | Geli\u015fim Yem Katk\u0131<\/title>\n<meta name=\"description\" content=\"It is an additive produced to meet the energy needs of ruminant animals.\" \/>\n<meta name=\"robots\" content=\"index, follow, max-snippet:-1, max-image-preview:large, max-video-preview:-1\" \/>\n<link rel=\"canonical\" href=\"https:\/\/gelisimyemkatki.com\/en\/bovine-and-sheep\/by-pass-oils\/calcium-soap-by-pass-oil\/\" \/>\n<meta property=\"og:locale\" content=\"en_US\" \/>\n<meta property=\"og:type\" content=\"article\" \/>\n<meta property=\"og:title\" content=\"Calcium Soap By-Pass Oil\" \/>\n<meta property=\"og:description\" content=\"It is an additive produced to meet the energy needs of ruminant animals.\" \/>\n<meta property=\"og:url\" content=\"https:\/\/gelisimyemkatki.com\/en\/bovine-and-sheep\/by-pass-oils\/calcium-soap-by-pass-oil\/\" \/>\n<meta property=\"og:site_name\" content=\"Geli\u015fim Yem Katk\u0131\" \/>\n<meta name=\"twitter:card\" content=\"summary_large_image\" \/>\n<meta name=\"twitter:label1\" content=\"Est. reading time\" \/>\n\t<meta name=\"twitter:data1\" content=\"1 minute\" \/>\n<script type=\"application\/ld+json\" class=\"yoast-schema-graph\">{\"@context\":\"https:\/\/schema.org\",\"@graph\":[{\"@type\":\"WebPage\",\"@id\":\"https:\/\/gelisimyemkatki.com\/en\/bovine-and-sheep\/by-pass-oils\/calcium-soap-by-pass-oil\/\",\"url\":\"https:\/\/gelisimyemkatki.com\/en\/bovine-and-sheep\/by-pass-oils\/calcium-soap-by-pass-oil\/\",\"name\":\"Calcium Soap By-Pass Oil | Geli\u015fim Yem Katk\u0131\",\"isPartOf\":{\"@id\":\"https:\/\/gelisimyemkatki.com\/en\/#website\"},\"datePublished\":\"2025-01-05T03:22:40+00:00\",\"description\":\"It is an additive produced to meet the energy needs of ruminant animals.\",\"breadcrumb\":{\"@id\":\"https:\/\/gelisimyemkatki.com\/en\/bovine-and-sheep\/by-pass-oils\/calcium-soap-by-pass-oil\/#breadcrumb\"},\"inLanguage\":\"en-US\",\"potentialAction\":[{\"@type\":\"ReadAction\",\"target\":[\"https:\/\/gelisimyemkatki.com\/en\/bovine-and-sheep\/by-pass-oils\/calcium-soap-by-pass-oil\/\"]}]},{\"@type\":\"BreadcrumbList\",\"@id\":\"https:\/\/gelisimyemkatki.com\/en\/bovine-and-sheep\/by-pass-oils\/calcium-soap-by-pass-oil\/#breadcrumb\",\"itemListElement\":[{\"@type\":\"ListItem\",\"position\":1,\"name\":\"Home\",\"item\":\"https:\/\/gelisimyemkatki.com\/en\/\"},{\"@type\":\"ListItem\",\"position\":2,\"name\":\"Bovine and Sheep\",\"item\":\"https:\/\/gelisimyemkatki.com\/en\/bovine-and-sheep\/\"},{\"@type\":\"ListItem\",\"position\":3,\"name\":\"By-Pass Oils\",\"item\":\"https:\/\/gelisimyemkatki.com\/en\/bovine-and-sheep\/by-pass-oils\/\"},{\"@type\":\"ListItem\",\"position\":4,\"name\":\"Calcium Soap By-Pass Oil\"}]},{\"@type\":\"WebSite\",\"@id\":\"https:\/\/gelisimyemkatki.com\/en\/#website\",\"url\":\"https:\/\/gelisimyemkatki.com\/en\/\",\"name\":\"Geli\u015fim Yem Katk\u0131 \u00dcr\u00fcnleri\",\"description\":\"Maddeleri Tic. Ltd. \u015eti.\",\"potentialAction\":[{\"@type\":\"SearchAction\",\"target\":{\"@type\":\"EntryPoint\",\"urlTemplate\":\"https:\/\/gelisimyemkatki.com\/en\/?s={search_term_string}\"},\"query-input\":{\"@type\":\"PropertyValueSpecification\",\"valueRequired\":true,\"valueName\":\"search_term_string\"}}],\"inLanguage\":\"en-US\"}]}<\/script>\n<!-- \/ Yoast SEO Premium plugin. -->","yoast_head_json":{"title":"Calcium Soap By-Pass Oil | Geli\u015fim Yem Katk\u0131","description":"It is an additive produced to meet the energy needs of ruminant animals.","robots":{"index":"index","follow":"follow","max-snippet":"max-snippet:-1","max-image-preview":"max-image-preview:large","max-video-preview":"max-video-preview:-1"},"canonical":"https:\/\/gelisimyemkatki.com\/en\/bovine-and-sheep\/by-pass-oils\/calcium-soap-by-pass-oil\/","og_locale":"en_US","og_type":"article","og_title":"Calcium Soap By-Pass Oil","og_description":"It is an additive produced to meet the energy needs of ruminant animals.","og_url":"https:\/\/gelisimyemkatki.com\/en\/bovine-and-sheep\/by-pass-oils\/calcium-soap-by-pass-oil\/","og_site_name":"Geli\u015fim Yem Katk\u0131","twitter_card":"summary_large_image","twitter_misc":{"Est. reading time":"1 minute"},"schema":{"@context":"https:\/\/schema.org","@graph":[{"@type":"WebPage","@id":"https:\/\/gelisimyemkatki.com\/en\/bovine-and-sheep\/by-pass-oils\/calcium-soap-by-pass-oil\/","url":"https:\/\/gelisimyemkatki.com\/en\/bovine-and-sheep\/by-pass-oils\/calcium-soap-by-pass-oil\/","name":"Calcium Soap By-Pass Oil | Geli\u015fim Yem Katk\u0131","isPartOf":{"@id":"https:\/\/gelisimyemkatki.com\/en\/#website"},"datePublished":"2025-01-05T03:22:40+00:00","description":"It is an additive produced to meet the energy needs of ruminant animals.","breadcrumb":{"@id":"https:\/\/gelisimyemkatki.com\/en\/bovine-and-sheep\/by-pass-oils\/calcium-soap-by-pass-oil\/#breadcrumb"},"inLanguage":"en-US","potentialAction":[{"@type":"ReadAction","target":["https:\/\/gelisimyemkatki.com\/en\/bovine-and-sheep\/by-pass-oils\/calcium-soap-by-pass-oil\/"]}]},{"@type":"BreadcrumbList","@id":"https:\/\/gelisimyemkatki.com\/en\/bovine-and-sheep\/by-pass-oils\/calcium-soap-by-pass-oil\/#breadcrumb","itemListElement":[{"@type":"ListItem","position":1,"name":"Home","item":"https:\/\/gelisimyemkatki.com\/en\/"},{"@type":"ListItem","position":2,"name":"Bovine and Sheep","item":"https:\/\/gelisimyemkatki.com\/en\/bovine-and-sheep\/"},{"@type":"ListItem","position":3,"name":"By-Pass Oils","item":"https:\/\/gelisimyemkatki.com\/en\/bovine-and-sheep\/by-pass-oils\/"},{"@type":"ListItem","position":4,"name":"Calcium Soap By-Pass Oil"}]},{"@type":"WebSite","@id":"https:\/\/gelisimyemkatki.com\/en\/#website","url":"https:\/\/gelisimyemkatki.com\/en\/","name":"Geli\u015fim Yem Katk\u0131 \u00dcr\u00fcnleri","description":"Maddeleri Tic. Ltd. \u015eti.","potentialAction":[{"@type":"SearchAction","target":{"@type":"EntryPoint","urlTemplate":"https:\/\/gelisimyemkatki.com\/en\/?s={search_term_string}"},"query-input":{"@type":"PropertyValueSpecification","valueRequired":true,"valueName":"search_term_string"}}],"inLanguage":"en-US"}]}},"_links":{"self":[{"href":"https:\/\/gelisimyemkatki.com\/en\/wp-json\/wp\/v2\/pages\/1694","targetHints":{"allow":["GET"]}}],"collection":[{"href":"https:\/\/gelisimyemkatki.com\/en\/wp-json\/wp\/v2\/pages"}],"about":[{"href":"https:\/\/gelisimyemkatki.com\/en\/wp-json\/wp\/v2\/types\/page"}],"author":[{"embeddable":true,"href":"https:\/\/gelisimyemkatki.com\/en\/wp-json\/wp\/v2\/users\/1"}],"replies":[{"embeddable":true,"href":"https:\/\/gelisimyemkatki.com\/en\/wp-json\/wp\/v2\/comments?post=1694"}],"version-history":[{"count":0,"href":"https:\/\/gelisimyemkatki.com\/en\/wp-json\/wp\/v2\/pages\/1694\/revisions"}],"up":[{"embeddable":true,"href":"https:\/\/gelisimyemkatki.com\/en\/wp-json\/wp\/v2\/pages\/1683"}],"wp:attachment":[{"href":"https:\/\/gelisimyemkatki.com\/en\/wp-json\/wp\/v2\/media?parent=1694"}],"curies":[{"name":"wp","href":"https:\/\/api.w.org\/{rel}","templated":true}]}}