{"id":1685,"date":"2025-01-05T06:22:39","date_gmt":"2025-01-05T03:22:39","guid":{"rendered":"https:\/\/gelisimyemkatki.com\/bovine-and-ovine\/calf-additives\/vizyofort-calf-supplement\/"},"modified":"2025-01-05T06:22:39","modified_gmt":"2025-01-05T03:22:39","slug":"vizyofort-calf-supplement","status":"publish","type":"page","link":"https:\/\/gelisimyemkatki.com\/en\/bovine-and-sheep\/calf-additives\/vizyofort-calf-supplement\/","title":{"rendered":"Vizyofort Calf Supplement"},"content":{"rendered":"<div class=\"tg-wrap\">\n<table class=\"tg\">\n<tbody>\n<tr>\n<td class=\"tg-yla0\"><span style=\"font-weight: bold;\">PRODUCT CODE:<\/span><\/td>\n<td class=\"tg-yla0\" colspan=\"3\"><span style=\"font-weight: bold;\">BF2300<\/span><\/td>\n<\/tr>\n<tr>\n<td class=\"tg-cly1\" colspan=\"4\">It is an additive produced to increase performance in calves, prevent early mortality, improve the digestive system, increase resistance to diseases, prevent diarrhea and support the bone &#8211; skeletal system.<\/td>\n<\/tr>\n<tr>\n<td class=\"tg-yla0\" colspan=\"4\"><span style=\"font-weight: bold;\">COMPOSITION<\/span><\/td>\n<\/tr>\n<tr>\n<td class=\"tg-yla0\"><span style=\"font-weight: bold;\">Identifier Number <\/span><\/td>\n<td class=\"tg-yla0\"><span style=\"font-weight: bold;\">Active Substance<\/span><\/td>\n<td class=\"tg-yla0\" colspan=\"2\"><span style=\"font-weight: bold;\">Level in Premix Units <\/span><\/td>\n<\/tr>\n<tr>\n<td class=\"tg-yla0\" colspan=\"4\"><span style=\"font-weight: bold;\">Organic Acids<\/span><\/td>\n<\/tr>\n<tr>\n<td class=\"tg-cly1\">E598<\/td>\n<td class=\"tg-cly1\">Humic fulvic acid<\/td>\n<td class=\"tg-cly1\">400.000<\/td>\n<td class=\"tg-7zrl\">mg<\/td>\n<\/tr>\n<tr>\n<td class=\"tg-yla0\" colspan=\"4\"><span style=\"font-weight: bold;\">Minerals<\/span><\/td>\n<\/tr>\n<tr>\n<td class=\"tg-cly1\">E341<\/td>\n<td class=\"tg-7zrl\">Organic acid chelated phosphorus (P)<\/td>\n<td class=\"tg-7zrl\">37.500<\/td>\n<td class=\"tg-7zrl\">mg<\/td>\n<\/tr>\n<tr>\n<td class=\"tg-yla0\" colspan=\"4\"><span style=\"font-weight: bold;\">Trace Minerals<\/span><\/td>\n<\/tr>\n<tr>\n<td class=\"tg-cly1\">E5<\/td>\n<td class=\"tg-cly1\">Chelate manganese (Mn)<\/td>\n<td class=\"tg-cly1\">1800<\/td>\n<td class=\"tg-7zrl\">mg<\/td>\n<\/tr>\n<tr>\n<td class=\"tg-cly1\">3b606 &#8211; E6<\/td>\n<td class=\"tg-cly1\">Chelate zinc (Zn)<\/td>\n<td class=\"tg-cly1\">3000<\/td>\n<td class=\"tg-7zrl\">mg<\/td>\n<\/tr>\n<tr>\n<td class=\"tg-cly1\">E1<\/td>\n<td class=\"tg-cly1\">Chelate iron (Fe)<\/td>\n<td class=\"tg-cly1\">1.800<\/td>\n<td class=\"tg-7zrl\">mg<\/td>\n<\/tr>\n<tr>\n<td class=\"tg-cly1\">E4<\/td>\n<td class=\"tg-cly1\">Chelate copper (Cu)<\/td>\n<td class=\"tg-cly1\">600<\/td>\n<td class=\"tg-7zrl\">mg<\/td>\n<\/tr>\n<tr>\n<td class=\"tg-cly1\">3b8.10 &#8211; E8<\/td>\n<td class=\"tg-cly1\">Selenium (Se)<\/td>\n<td class=\"tg-cly1\">150<\/td>\n<td class=\"tg-7zrl\">mg<\/td>\n<\/tr>\n<tr>\n<td class=\"tg-cly1\">E3<\/td>\n<td class=\"tg-cly1\">Cobalt (Co)<\/td>\n<td class=\"tg-cly1\">150<\/td>\n<td class=\"tg-7zrl\">mg<\/td>\n<\/tr>\n<tr>\n<td class=\"tg-cly1\">E2<\/td>\n<td class=\"tg-cly1\">Iodine (I)<\/td>\n<td class=\"tg-cly1\">650<\/td>\n<td class=\"tg-7zrl\">mg<\/td>\n<\/tr>\n<tr>\n<td class=\"tg-yla0\"><span style=\"font-weight: bold;\">INSTRUCTIONS FOR USE:<\/span><\/td>\n<td class=\"tg-cly1\" colspan=\"3\">It is recommended to use between 5 &#8211; 10 g per animal per day in calves, 2 g per animal per day in lambs and kids, 10 &#8211; 20 g per animal per day in fattening animals and dairy cows.<\/td>\n<\/tr>\n<tr>\n<td class=\"tg-yla0\"><span style=\"font-weight: bold;\">STORAGE CONDITIONS:<\/span><\/td>\n<td class=\"tg-cly1\" colspan=\"3\">Store in cool, dark and moisture-free conditions in its packaging.<\/td>\n<\/tr>\n<tr>\n<td class=\"tg-yla0\"><span style=\"font-weight: bold;\">WARNING:<\/span><\/td>\n<td class=\"tg-7zrl\" colspan=\"3\">Must be consumed within 24 months from the date of production.<\/td>\n<\/tr>\n<\/tbody>\n<\/table>\n<\/div>\n","protected":false},"excerpt":{"rendered":"<p>PRODUCT CODE: BF2300 It is an additive produced to increase performance in calves, prevent early mortality, improve the digestive system, increase resistance to diseases, prevent diarrhea and support the bone &#8211; skeletal system. COMPOSITION Identifier Number Active Substance Level in Premix Units Organic Acids E598 Humic fulvic acid 400.000 mg Minerals E341 Organic acid chelated [&hellip;]<\/p>\n","protected":false},"author":1,"featured_media":0,"parent":1638,"menu_order":0,"comment_status":"closed","ping_status":"closed","template":"","meta":{"footnotes":""},"class_list":["post-1685","page","type-page","status-publish","hentry"],"yoast_head":"<!-- This site is optimized with the Yoast SEO Premium plugin v24.1 (Yoast SEO v26.6) - https:\/\/yoast.com\/wordpress\/plugins\/seo\/ -->\n<title>Vizyofort Calf Supplement | Geli\u015fim Yem Katk\u0131<\/title>\n<meta name=\"description\" content=\"It is an additive produced to increase performance in calves, prevent early mortality, improve the digestive system, increase resistance to diseases, prevent diarrhea and support the bone - skeletal system.\" \/>\n<meta name=\"robots\" content=\"index, follow, max-snippet:-1, max-image-preview:large, max-video-preview:-1\" \/>\n<link rel=\"canonical\" href=\"https:\/\/gelisimyemkatki.com\/en\/bovine-and-sheep\/calf-additives\/vizyofort-calf-supplement\/\" \/>\n<meta property=\"og:locale\" content=\"en_US\" \/>\n<meta property=\"og:type\" content=\"article\" \/>\n<meta property=\"og:title\" content=\"Vizyofort Calf Supplement\" \/>\n<meta property=\"og:description\" content=\"It is an additive produced to increase performance in calves, prevent early mortality, improve the digestive system, increase resistance to diseases, prevent diarrhea and support the bone - skeletal system.\" \/>\n<meta property=\"og:url\" content=\"https:\/\/gelisimyemkatki.com\/en\/bovine-and-sheep\/calf-additives\/vizyofort-calf-supplement\/\" \/>\n<meta property=\"og:site_name\" content=\"Geli\u015fim Yem Katk\u0131\" \/>\n<meta name=\"twitter:card\" content=\"summary_large_image\" \/>\n<meta name=\"twitter:label1\" content=\"Est. reading time\" \/>\n\t<meta name=\"twitter:data1\" content=\"1 minute\" \/>\n<script type=\"application\/ld+json\" class=\"yoast-schema-graph\">{\"@context\":\"https:\/\/schema.org\",\"@graph\":[{\"@type\":\"WebPage\",\"@id\":\"https:\/\/gelisimyemkatki.com\/en\/bovine-and-sheep\/calf-additives\/vizyofort-calf-supplement\/\",\"url\":\"https:\/\/gelisimyemkatki.com\/en\/bovine-and-sheep\/calf-additives\/vizyofort-calf-supplement\/\",\"name\":\"Vizyofort Calf Supplement | Geli\u015fim Yem Katk\u0131\",\"isPartOf\":{\"@id\":\"https:\/\/gelisimyemkatki.com\/en\/#website\"},\"datePublished\":\"2025-01-05T03:22:39+00:00\",\"description\":\"It is an additive produced to increase performance in calves, prevent early mortality, improve the digestive system, increase resistance to diseases, prevent diarrhea and support the bone - skeletal system.\",\"breadcrumb\":{\"@id\":\"https:\/\/gelisimyemkatki.com\/en\/bovine-and-sheep\/calf-additives\/vizyofort-calf-supplement\/#breadcrumb\"},\"inLanguage\":\"en-US\",\"potentialAction\":[{\"@type\":\"ReadAction\",\"target\":[\"https:\/\/gelisimyemkatki.com\/en\/bovine-and-sheep\/calf-additives\/vizyofort-calf-supplement\/\"]}]},{\"@type\":\"BreadcrumbList\",\"@id\":\"https:\/\/gelisimyemkatki.com\/en\/bovine-and-sheep\/calf-additives\/vizyofort-calf-supplement\/#breadcrumb\",\"itemListElement\":[{\"@type\":\"ListItem\",\"position\":1,\"name\":\"Home\",\"item\":\"https:\/\/gelisimyemkatki.com\/en\/\"},{\"@type\":\"ListItem\",\"position\":2,\"name\":\"Bovine and Sheep\",\"item\":\"https:\/\/gelisimyemkatki.com\/en\/bovine-and-sheep\/\"},{\"@type\":\"ListItem\",\"position\":3,\"name\":\"Calf Additives\",\"item\":\"https:\/\/gelisimyemkatki.com\/en\/bovine-and-sheep\/calf-additives\/\"},{\"@type\":\"ListItem\",\"position\":4,\"name\":\"Vizyofort Calf Supplement\"}]},{\"@type\":\"WebSite\",\"@id\":\"https:\/\/gelisimyemkatki.com\/en\/#website\",\"url\":\"https:\/\/gelisimyemkatki.com\/en\/\",\"name\":\"Geli\u015fim Yem Katk\u0131 \u00dcr\u00fcnleri\",\"description\":\"Maddeleri Tic. Ltd. \u015eti.\",\"potentialAction\":[{\"@type\":\"SearchAction\",\"target\":{\"@type\":\"EntryPoint\",\"urlTemplate\":\"https:\/\/gelisimyemkatki.com\/en\/?s={search_term_string}\"},\"query-input\":{\"@type\":\"PropertyValueSpecification\",\"valueRequired\":true,\"valueName\":\"search_term_string\"}}],\"inLanguage\":\"en-US\"}]}<\/script>\n<!-- \/ Yoast SEO Premium plugin. -->","yoast_head_json":{"title":"Vizyofort Calf Supplement | Geli\u015fim Yem Katk\u0131","description":"It is an additive produced to increase performance in calves, prevent early mortality, improve the digestive system, increase resistance to diseases, prevent diarrhea and support the bone - skeletal system.","robots":{"index":"index","follow":"follow","max-snippet":"max-snippet:-1","max-image-preview":"max-image-preview:large","max-video-preview":"max-video-preview:-1"},"canonical":"https:\/\/gelisimyemkatki.com\/en\/bovine-and-sheep\/calf-additives\/vizyofort-calf-supplement\/","og_locale":"en_US","og_type":"article","og_title":"Vizyofort Calf Supplement","og_description":"It is an additive produced to increase performance in calves, prevent early mortality, improve the digestive system, increase resistance to diseases, prevent diarrhea and support the bone - skeletal system.","og_url":"https:\/\/gelisimyemkatki.com\/en\/bovine-and-sheep\/calf-additives\/vizyofort-calf-supplement\/","og_site_name":"Geli\u015fim Yem Katk\u0131","twitter_card":"summary_large_image","twitter_misc":{"Est. reading time":"1 minute"},"schema":{"@context":"https:\/\/schema.org","@graph":[{"@type":"WebPage","@id":"https:\/\/gelisimyemkatki.com\/en\/bovine-and-sheep\/calf-additives\/vizyofort-calf-supplement\/","url":"https:\/\/gelisimyemkatki.com\/en\/bovine-and-sheep\/calf-additives\/vizyofort-calf-supplement\/","name":"Vizyofort Calf Supplement | Geli\u015fim Yem Katk\u0131","isPartOf":{"@id":"https:\/\/gelisimyemkatki.com\/en\/#website"},"datePublished":"2025-01-05T03:22:39+00:00","description":"It is an additive produced to increase performance in calves, prevent early mortality, improve the digestive system, increase resistance to diseases, prevent diarrhea and support the bone - skeletal system.","breadcrumb":{"@id":"https:\/\/gelisimyemkatki.com\/en\/bovine-and-sheep\/calf-additives\/vizyofort-calf-supplement\/#breadcrumb"},"inLanguage":"en-US","potentialAction":[{"@type":"ReadAction","target":["https:\/\/gelisimyemkatki.com\/en\/bovine-and-sheep\/calf-additives\/vizyofort-calf-supplement\/"]}]},{"@type":"BreadcrumbList","@id":"https:\/\/gelisimyemkatki.com\/en\/bovine-and-sheep\/calf-additives\/vizyofort-calf-supplement\/#breadcrumb","itemListElement":[{"@type":"ListItem","position":1,"name":"Home","item":"https:\/\/gelisimyemkatki.com\/en\/"},{"@type":"ListItem","position":2,"name":"Bovine and Sheep","item":"https:\/\/gelisimyemkatki.com\/en\/bovine-and-sheep\/"},{"@type":"ListItem","position":3,"name":"Calf Additives","item":"https:\/\/gelisimyemkatki.com\/en\/bovine-and-sheep\/calf-additives\/"},{"@type":"ListItem","position":4,"name":"Vizyofort Calf Supplement"}]},{"@type":"WebSite","@id":"https:\/\/gelisimyemkatki.com\/en\/#website","url":"https:\/\/gelisimyemkatki.com\/en\/","name":"Geli\u015fim Yem Katk\u0131 \u00dcr\u00fcnleri","description":"Maddeleri Tic. Ltd. \u015eti.","potentialAction":[{"@type":"SearchAction","target":{"@type":"EntryPoint","urlTemplate":"https:\/\/gelisimyemkatki.com\/en\/?s={search_term_string}"},"query-input":{"@type":"PropertyValueSpecification","valueRequired":true,"valueName":"search_term_string"}}],"inLanguage":"en-US"}]}},"_links":{"self":[{"href":"https:\/\/gelisimyemkatki.com\/en\/wp-json\/wp\/v2\/pages\/1685","targetHints":{"allow":["GET"]}}],"collection":[{"href":"https:\/\/gelisimyemkatki.com\/en\/wp-json\/wp\/v2\/pages"}],"about":[{"href":"https:\/\/gelisimyemkatki.com\/en\/wp-json\/wp\/v2\/types\/page"}],"author":[{"embeddable":true,"href":"https:\/\/gelisimyemkatki.com\/en\/wp-json\/wp\/v2\/users\/1"}],"replies":[{"embeddable":true,"href":"https:\/\/gelisimyemkatki.com\/en\/wp-json\/wp\/v2\/comments?post=1685"}],"version-history":[{"count":0,"href":"https:\/\/gelisimyemkatki.com\/en\/wp-json\/wp\/v2\/pages\/1685\/revisions"}],"up":[{"embeddable":true,"href":"https:\/\/gelisimyemkatki.com\/en\/wp-json\/wp\/v2\/pages\/1638"}],"wp:attachment":[{"href":"https:\/\/gelisimyemkatki.com\/en\/wp-json\/wp\/v2\/media?parent=1685"}],"curies":[{"name":"wp","href":"https:\/\/api.w.org\/{rel}","templated":true}]}}