{"id":1678,"date":"2025-01-05T06:22:37","date_gmt":"2025-01-05T03:22:37","guid":{"rendered":"https:\/\/gelisimyemkatki.com\/poultry\/concentrated-premixes\/vizyomix-egg-concentrate\/"},"modified":"2025-01-09T23:10:09","modified_gmt":"2025-01-09T20:10:09","slug":"vizyomix-egg-concentrate","status":"publish","type":"page","link":"https:\/\/gelisimyemkatki.com\/en\/poultry\/concentrated-premixes\/vizyomix-egg-concentrate\/","title":{"rendered":"Vizyomix Egg Concentrate"},"content":{"rendered":"<div class=\"tg-wrap\">\n<table class=\"tg\" style=\"width: 100%;\">\n<tbody>\n<tr>\n<td class=\"tg-yla0\" style=\"width: 24.1722%;\"><span style=\"font-weight: bold;\">PRODUCT CODE:<\/span><\/td>\n<td class=\"tg-yla0\" style=\"width: 74.5033%;\" colspan=\"3\"><span style=\"font-weight: bold;\">KP0710<\/span><\/td>\n<\/tr>\n<tr>\n<td class=\"tg-cly1\" style=\"width: 98.6755%;\" colspan=\"4\">It is an additive produced to meet the vitamin and mineral, amino acid and phosphorus needs of laying hens.<\/td>\n<\/tr>\n<tr>\n<td class=\"tg-yla0\" style=\"width: 98.6755%;\" colspan=\"4\"><span style=\"font-weight: bold;\">COMPOSITION<\/span><\/td>\n<\/tr>\n<tr>\n<td class=\"tg-yla0\" style=\"width: 24.1722%;\"><span style=\"font-weight: bold;\">Identifier Number <\/span><\/td>\n<td class=\"tg-yla0\" style=\"width: 27.2627%;\"><span style=\"font-weight: bold;\">Active Substance<\/span><\/td>\n<td class=\"tg-yla0\" style=\"width: 47.2406%;\" colspan=\"2\"><span style=\"font-weight: bold;\">Level in premix Units (Per 25 kg premix)<\/span><\/td>\n<\/tr>\n<tr>\n<td class=\"tg-yla0\" style=\"width: 98.6755%;\" colspan=\"4\"><span style=\"font-weight: bold;\">Vitamins<\/span><\/td>\n<\/tr>\n<tr>\n<td class=\"tg-cly1\" style=\"width: 24.1722%;\">3a672a &#8211; E672<\/td>\n<td class=\"tg-cly1\" style=\"width: 27.2627%;\">Vitamin A (Retinol)<\/td>\n<td class=\"tg-cly1\" style=\"width: 20.4194%;\">12.000.000<\/td>\n<td class=\"tg-cly1\" style=\"width: 26.8212%;\">IU<\/td>\n<\/tr>\n<tr>\n<td class=\"tg-cly1\" style=\"width: 24.1722%;\">3a671 &#8211; E671<\/td>\n<td class=\"tg-cly1\" style=\"width: 27.2627%;\">Vitamin D3 (Cholecalciferol)<\/td>\n<td class=\"tg-cly1\" style=\"width: 20.4194%;\">2.400.000<\/td>\n<td class=\"tg-cly1\" style=\"width: 26.8212%;\">IU<\/td>\n<\/tr>\n<tr>\n<td class=\"tg-cly1\" style=\"width: 24.1722%;\">3a700 &#8211; E307<\/td>\n<td class=\"tg-7zrl\" style=\"width: 27.2627%;\">Vitamin E (Tocopherol)<\/td>\n<td class=\"tg-cly1\" style=\"width: 20.4194%;\">30.000<\/td>\n<td class=\"tg-cly1\" style=\"width: 26.8212%;\">mg<\/td>\n<\/tr>\n<tr>\n<td class=\"tg-cly1\" style=\"width: 24.1722%;\">3a300 &#8211; E300<\/td>\n<td class=\"tg-cly1\" style=\"width: 27.2627%;\">Vitamin C (Ascorbic acid)<\/td>\n<td class=\"tg-cly1\" style=\"width: 20.4194%;\">50.000<\/td>\n<td class=\"tg-cly1\" style=\"width: 26.8212%;\">mg<\/td>\n<\/tr>\n<tr>\n<td class=\"tg-cly1\" style=\"width: 24.1722%;\">E150<\/td>\n<td class=\"tg-cly1\" style=\"width: 27.2627%;\">Vitamin K3 (Menadion)<\/td>\n<td class=\"tg-cly1\" style=\"width: 20.4194%;\">3.000<\/td>\n<td class=\"tg-cly1\" style=\"width: 26.8212%;\">mg<\/td>\n<\/tr>\n<tr>\n<td class=\"tg-cly1\" style=\"width: 24.1722%;\">E100<\/td>\n<td class=\"tg-cly1\" style=\"width: 27.2627%;\">Vitamin B1 (Thiamine)<\/td>\n<td class=\"tg-cly1\" style=\"width: 20.4194%;\">2.500<\/td>\n<td class=\"tg-cly1\" style=\"width: 26.8212%;\">mg<\/td>\n<\/tr>\n<tr>\n<td class=\"tg-cly1\" style=\"width: 24.1722%;\">E101<\/td>\n<td class=\"tg-cly1\" style=\"width: 27.2627%;\">Vitamin B2 (Riboflavin)<\/td>\n<td class=\"tg-cly1\" style=\"width: 20.4194%;\">6.000<\/td>\n<td class=\"tg-cly1\" style=\"width: 26.8212%;\">mg<\/td>\n<\/tr>\n<tr>\n<td class=\"tg-cly1\" style=\"width: 24.1722%;\">E1006<\/td>\n<td class=\"tg-cly1\" style=\"width: 27.2627%;\">Vitamin B6 (Pyridoxine)<\/td>\n<td class=\"tg-cly1\" style=\"width: 20.4194%;\">4.000<\/td>\n<td class=\"tg-cly1\" style=\"width: 26.8212%;\">mg<\/td>\n<\/tr>\n<tr>\n<td class=\"tg-cly1\" style=\"width: 24.1722%;\">E912<\/td>\n<td class=\"tg-cly1\" style=\"width: 27.2627%;\">Vitamin B12 (Cobalamin)<\/td>\n<td class=\"tg-cly1\" style=\"width: 20.4194%;\">15<\/td>\n<td class=\"tg-cly1\" style=\"width: 26.8212%;\">mg<\/td>\n<\/tr>\n<tr>\n<td class=\"tg-cly1\" style=\"width: 24.1722%;\">E375<\/td>\n<td class=\"tg-cly1\" style=\"width: 27.2627%;\">Vitamin B3 (Niacin)<\/td>\n<td class=\"tg-cly1\" style=\"width: 20.4194%;\">20.000<\/td>\n<td class=\"tg-cly1\" style=\"width: 26.8212%;\">mg<\/td>\n<\/tr>\n<tr>\n<td class=\"tg-cly1\" style=\"width: 24.1722%;\">E524<\/td>\n<td class=\"tg-soni\" style=\"width: 27.2627%;\"><span style=\"color: #1f1f1f;\">Vitamin B5 (Calcium pantothenate)<\/span><\/td>\n<td class=\"tg-cly1\" style=\"width: 20.4194%;\">6.000<\/td>\n<td class=\"tg-cly1\" style=\"width: 26.8212%;\">mg<\/td>\n<\/tr>\n<tr>\n<td class=\"tg-cly1\" style=\"width: 24.1722%;\">E636<\/td>\n<td class=\"tg-cly1\" style=\"width: 27.2627%;\">Vitamin B9 (Folic acid)<\/td>\n<td class=\"tg-cly1\" style=\"width: 20.4194%;\">1.000<\/td>\n<td class=\"tg-cly1\" style=\"width: 26.8212%;\">mg<\/td>\n<\/tr>\n<tr>\n<td class=\"tg-cly1\" style=\"width: 24.1722%;\">E363<\/td>\n<td class=\"tg-cly1\" style=\"width: 27.2627%;\">Vitamin B7 (D-biotin)<\/td>\n<td class=\"tg-cly1\" style=\"width: 20.4194%;\">50<\/td>\n<td class=\"tg-cly1\" style=\"width: 26.8212%;\">mg<\/td>\n<\/tr>\n<tr>\n<td class=\"tg-yla0\" style=\"width: 98.6755%;\" colspan=\"4\"><span style=\"font-weight: bold;\">Trace Minerals<\/span><\/td>\n<\/tr>\n<tr>\n<td class=\"tg-cly1\" style=\"width: 24.1722%;\">E5<\/td>\n<td class=\"tg-7zrl\" style=\"width: 27.2627%;\">Manganese (Mn)<\/td>\n<td class=\"tg-cly1\" style=\"width: 20.4194%;\">80.000<\/td>\n<td class=\"tg-cly1\" style=\"width: 26.8212%;\">mg<\/td>\n<\/tr>\n<tr>\n<td class=\"tg-cly1\" style=\"width: 24.1722%;\">E1<\/td>\n<td class=\"tg-cly1\" style=\"width: 27.2627%;\">Iron (Fe)<\/td>\n<td class=\"tg-cly1\" style=\"width: 20.4194%;\">60.000<\/td>\n<td class=\"tg-cly1\" style=\"width: 26.8212%;\">mg<\/td>\n<\/tr>\n<tr>\n<td class=\"tg-cly1\" style=\"width: 24.1722%;\">3b606 &#8211; E6<\/td>\n<td class=\"tg-cly1\" style=\"width: 27.2627%;\">Zinc (Zn)<\/td>\n<td class=\"tg-cly1\" style=\"width: 20.4194%;\">60.000<\/td>\n<td class=\"tg-cly1\" style=\"width: 26.8212%;\">mg<\/td>\n<\/tr>\n<tr>\n<td class=\"tg-cly1\" style=\"width: 24.1722%;\">E4<\/td>\n<td class=\"tg-cly1\" style=\"width: 27.2627%;\">Copper (Cu)<\/td>\n<td class=\"tg-cly1\" style=\"width: 20.4194%;\">5.000<\/td>\n<td class=\"tg-cly1\" style=\"width: 26.8212%;\">mg<\/td>\n<\/tr>\n<tr>\n<td class=\"tg-cly1\" style=\"width: 24.1722%;\">E2<\/td>\n<td class=\"tg-cly1\" style=\"width: 27.2627%;\">Iodine (I)<\/td>\n<td class=\"tg-cly1\" style=\"width: 20.4194%;\">1.000<\/td>\n<td class=\"tg-cly1\" style=\"width: 26.8212%;\">mg<\/td>\n<\/tr>\n<tr>\n<td class=\"tg-cly1\" style=\"width: 24.1722%;\">3b8.10 &#8211; E8<\/td>\n<td class=\"tg-cly1\" style=\"width: 27.2627%;\">Selenium (Se)<\/td>\n<td class=\"tg-cly1\" style=\"width: 20.4194%;\">150<\/td>\n<td class=\"tg-cly1\" style=\"width: 26.8212%;\">mg<\/td>\n<\/tr>\n<tr>\n<td class=\"tg-cly1\" style=\"width: 24.1722%;\">E3<\/td>\n<td class=\"tg-cly1\" style=\"width: 27.2627%;\">Cobalt (Co)<\/td>\n<td class=\"tg-cly1\" style=\"width: 20.4194%;\">150<\/td>\n<td class=\"tg-cly1\" style=\"width: 26.8212%;\">mg<\/td>\n<\/tr>\n<tr>\n<td class=\"tg-yla0\" style=\"width: 98.6755%;\" colspan=\"4\"><span style=\"font-weight: bold;\">Minerals<\/span><\/td>\n<\/tr>\n<tr>\n<td class=\"tg-cly1\" style=\"width: 24.1722%;\">E341<\/td>\n<td class=\"tg-7zrl\" style=\"width: 27.2627%;\">D.C.P. 18<\/td>\n<td class=\"tg-cly1\" style=\"width: 20.4194%;\">8<\/td>\n<td class=\"tg-cly1\" style=\"width: 26.8212%;\">kg<\/td>\n<\/tr>\n<tr>\n<td class=\"tg-yla0\" style=\"width: 98.6755%;\" colspan=\"4\"><span style=\"font-weight: bold;\">Chemical Components<\/span><\/td>\n<\/tr>\n<tr>\n<td class=\"tg-cly1\" style=\"width: 24.1722%;\">3a890<\/td>\n<td class=\"tg-cly1\" style=\"width: 27.2627%;\">Choline chloride<\/td>\n<td class=\"tg-cly1\" style=\"width: 20.4194%;\">125.000<\/td>\n<td class=\"tg-cly1\" style=\"width: 26.8212%;\">mg<\/td>\n<\/tr>\n<tr>\n<td class=\"tg-yla0\" style=\"width: 98.6755%;\" colspan=\"4\"><span style=\"font-weight: bold;\">Amino acids<\/span><\/td>\n<\/tr>\n<tr>\n<td class=\"tg-cly1\" style=\"width: 24.1722%;\">100.000.393<\/td>\n<td class=\"tg-7zrl\" style=\"width: 27.2627%;\">DI &#8211; methionine<\/td>\n<td class=\"tg-cly1\" style=\"width: 20.4194%;\">1.000.000<\/td>\n<td class=\"tg-cly1\" style=\"width: 26.8212%;\">mg<\/td>\n<\/tr>\n<tr>\n<td class=\"tg-cly1\" style=\"width: 24.1722%;\">100.000.673<\/td>\n<td class=\"tg-7zrl\" style=\"width: 27.2627%;\">L &#8211; lysine<\/td>\n<td class=\"tg-cly1\" style=\"width: 20.4194%;\">250.000<\/td>\n<td class=\"tg-cly1\" style=\"width: 26.8212%;\">mg<\/td>\n<\/tr>\n<tr>\n<td class=\"tg-yla0\" style=\"width: 98.6755%;\" colspan=\"4\"><span style=\"font-weight: bold;\">Enzymes<\/span><\/td>\n<\/tr>\n<tr>\n<td class=\"tg-cly1\" style=\"width: 24.1722%;\"> <\/td>\n<td class=\"tg-7zrl\" style=\"width: 27.2627%;\">Multi enzyme<\/td>\n<td class=\"tg-cly1\" style=\"width: 20.4194%;\">25.000<\/td>\n<td class=\"tg-cly1\" style=\"width: 26.8212%;\">mg<\/td>\n<\/tr>\n<tr>\n<td class=\"tg-cly1\" style=\"width: 24.1722%;\"> <\/td>\n<td class=\"tg-7zrl\" style=\"width: 27.2627%;\">Phytase<\/td>\n<td class=\"tg-cly1\" style=\"width: 20.4194%;\">50.000<\/td>\n<td class=\"tg-cly1\" style=\"width: 26.8212%;\">mg<\/td>\n<\/tr>\n<tr>\n<td class=\"tg-yla0\" style=\"width: 98.6755%;\" colspan=\"4\"><span style=\"font-weight: bold;\">Zootechnical Additives: Colorants<\/span><\/td>\n<\/tr>\n<tr>\n<td class=\"tg-cly1\" style=\"width: 24.1722%;\">E1618<\/td>\n<td class=\"tg-cly1\" style=\"width: 27.2627%;\">Cantaxanthin<\/td>\n<td class=\"tg-cly1\" style=\"width: 20.4194%;\"> <\/td>\n<td class=\"tg-cly1\" style=\"width: 26.8212%;\"> <\/td>\n<\/tr>\n<tr>\n<td class=\"tg-cly1\" style=\"width: 24.1722%;\"> <\/td>\n<td class=\"tg-7zrl\" style=\"width: 27.2627%;\">Apo &#8211; 8 carotenic acid<\/td>\n<td class=\"tg-cly1\" style=\"width: 20.4194%;\"> <\/td>\n<td class=\"tg-cly1\" style=\"width: 26.8212%;\"> <\/td>\n<\/tr>\n<tr>\n<td class=\"tg-yla0\" style=\"width: 98.6755%;\" colspan=\"4\"><span style=\"font-weight: bold;\">Protective Additives<\/span><\/td>\n<\/tr>\n<tr>\n<td class=\"tg-cly1\" style=\"width: 24.1722%;\"> <\/td>\n<td class=\"tg-7zrl\" style=\"width: 27.2627%;\">Salmonella inhibitors<\/td>\n<td class=\"tg-cly1\" style=\"width: 20.4194%;\">1.000.000<\/td>\n<td class=\"tg-cly1\" style=\"width: 26.8212%;\">mg<\/td>\n<\/tr>\n<tr>\n<td class=\"tg-cly1\" style=\"width: 24.1722%;\"> <\/td>\n<td class=\"tg-7zrl\" style=\"width: 27.2627%;\">Toxin binders<\/td>\n<td class=\"tg-cly1\" style=\"width: 20.4194%;\">1.000.000<\/td>\n<td class=\"tg-cly1\" style=\"width: 26.8212%;\">mg<\/td>\n<\/tr>\n<tr>\n<td class=\"tg-yla0\" style=\"width: 24.1722%;\"><span style=\"font-weight: bold;\">INSTRUCTIONS FOR USE:<\/span><\/td>\n<td class=\"tg-7zrl\" style=\"width: 74.5033%;\" colspan=\"3\">It is recommended to use 25 kg per 1 ton of feed for laying hens.<\/td>\n<\/tr>\n<tr>\n<td class=\"tg-yla0\" style=\"width: 24.1722%;\"><span style=\"font-weight: bold;\">STORAGE CONDITIONS:<\/span><\/td>\n<td class=\"tg-cly1\" style=\"width: 74.5033%;\" colspan=\"3\">Store in cool, dark and moisture-free conditions in its packaging.<\/td>\n<\/tr>\n<tr>\n<td class=\"tg-yla0\" style=\"width: 24.1722%;\"><span style=\"font-weight: bold;\">WARNING:<\/span><\/td>\n<td class=\"tg-7zrl\" style=\"width: 74.5033%;\" colspan=\"3\">Must be consumed within 24 months from the date of production.<\/td>\n<\/tr>\n<\/tbody>\n<\/table>\n<\/div>\n","protected":false},"excerpt":{"rendered":"<p>PRODUCT CODE: KP0710 It is an additive produced to meet the vitamin and mineral, amino acid and phosphorus needs of laying hens. COMPOSITION Identifier Number Active Substance Level in premix Units (Per 25 kg premix) Vitamins 3a672a &#8211; E672 Vitamin A (Retinol) 12.000.000 IU 3a671 &#8211; E671 Vitamin D3 (Cholecalciferol) 2.400.000 IU 3a700 &#8211; E307 [&hellip;]<\/p>\n","protected":false},"author":1,"featured_media":0,"parent":1668,"menu_order":0,"comment_status":"closed","ping_status":"closed","template":"","meta":{"footnotes":""},"class_list":["post-1678","page","type-page","status-publish","hentry"],"yoast_head":"<!-- This site is optimized with the Yoast SEO Premium plugin v24.1 (Yoast SEO v26.6) - https:\/\/yoast.com\/wordpress\/plugins\/seo\/ -->\n<title>Vizyomix Egg Concentrate | Geli\u015fim Yem Katk\u0131<\/title>\n<meta name=\"description\" content=\"It is an additive produced to meet the vitamin and mineral, amino acid and phosphorus needs of laying hens.\" \/>\n<meta name=\"robots\" content=\"index, follow, max-snippet:-1, max-image-preview:large, max-video-preview:-1\" \/>\n<link rel=\"canonical\" href=\"https:\/\/gelisimyemkatki.com\/en\/poultry\/concentrated-premixes\/vizyomix-egg-concentrate\/\" \/>\n<meta property=\"og:locale\" content=\"en_US\" \/>\n<meta property=\"og:type\" content=\"article\" \/>\n<meta property=\"og:title\" content=\"Vizyomix Egg Concentrate\" \/>\n<meta property=\"og:description\" content=\"It is an additive produced to meet the vitamin and mineral, amino acid and phosphorus needs of laying hens.\" \/>\n<meta property=\"og:url\" content=\"https:\/\/gelisimyemkatki.com\/en\/poultry\/concentrated-premixes\/vizyomix-egg-concentrate\/\" \/>\n<meta property=\"og:site_name\" content=\"Geli\u015fim Yem Katk\u0131\" \/>\n<meta property=\"article:modified_time\" content=\"2025-01-09T20:10:09+00:00\" \/>\n<meta name=\"twitter:card\" content=\"summary_large_image\" \/>\n<meta name=\"twitter:label1\" content=\"Est. reading time\" \/>\n\t<meta name=\"twitter:data1\" content=\"1 minute\" \/>\n<script type=\"application\/ld+json\" class=\"yoast-schema-graph\">{\"@context\":\"https:\/\/schema.org\",\"@graph\":[{\"@type\":\"WebPage\",\"@id\":\"https:\/\/gelisimyemkatki.com\/en\/poultry\/concentrated-premixes\/vizyomix-egg-concentrate\/\",\"url\":\"https:\/\/gelisimyemkatki.com\/en\/poultry\/concentrated-premixes\/vizyomix-egg-concentrate\/\",\"name\":\"Vizyomix Egg Concentrate | Geli\u015fim Yem Katk\u0131\",\"isPartOf\":{\"@id\":\"https:\/\/gelisimyemkatki.com\/en\/#website\"},\"datePublished\":\"2025-01-05T03:22:37+00:00\",\"dateModified\":\"2025-01-09T20:10:09+00:00\",\"description\":\"It is an additive produced to meet the vitamin and mineral, amino acid and phosphorus needs of laying hens.\",\"breadcrumb\":{\"@id\":\"https:\/\/gelisimyemkatki.com\/en\/poultry\/concentrated-premixes\/vizyomix-egg-concentrate\/#breadcrumb\"},\"inLanguage\":\"en-US\",\"potentialAction\":[{\"@type\":\"ReadAction\",\"target\":[\"https:\/\/gelisimyemkatki.com\/en\/poultry\/concentrated-premixes\/vizyomix-egg-concentrate\/\"]}]},{\"@type\":\"BreadcrumbList\",\"@id\":\"https:\/\/gelisimyemkatki.com\/en\/poultry\/concentrated-premixes\/vizyomix-egg-concentrate\/#breadcrumb\",\"itemListElement\":[{\"@type\":\"ListItem\",\"position\":1,\"name\":\"Home\",\"item\":\"https:\/\/gelisimyemkatki.com\/en\/\"},{\"@type\":\"ListItem\",\"position\":2,\"name\":\"Poultry\",\"item\":\"https:\/\/gelisimyemkatki.com\/en\/poultry\/\"},{\"@type\":\"ListItem\",\"position\":3,\"name\":\"Concentrated Premixes\",\"item\":\"https:\/\/gelisimyemkatki.com\/en\/poultry\/concentrated-premixes\/\"},{\"@type\":\"ListItem\",\"position\":4,\"name\":\"Vizyomix Egg Concentrate\"}]},{\"@type\":\"WebSite\",\"@id\":\"https:\/\/gelisimyemkatki.com\/en\/#website\",\"url\":\"https:\/\/gelisimyemkatki.com\/en\/\",\"name\":\"Geli\u015fim Yem Katk\u0131 \u00dcr\u00fcnleri\",\"description\":\"Maddeleri Tic. Ltd. \u015eti.\",\"potentialAction\":[{\"@type\":\"SearchAction\",\"target\":{\"@type\":\"EntryPoint\",\"urlTemplate\":\"https:\/\/gelisimyemkatki.com\/en\/?s={search_term_string}\"},\"query-input\":{\"@type\":\"PropertyValueSpecification\",\"valueRequired\":true,\"valueName\":\"search_term_string\"}}],\"inLanguage\":\"en-US\"}]}<\/script>\n<!-- \/ Yoast SEO Premium plugin. -->","yoast_head_json":{"title":"Vizyomix Egg Concentrate | Geli\u015fim Yem Katk\u0131","description":"It is an additive produced to meet the vitamin and mineral, amino acid and phosphorus needs of laying hens.","robots":{"index":"index","follow":"follow","max-snippet":"max-snippet:-1","max-image-preview":"max-image-preview:large","max-video-preview":"max-video-preview:-1"},"canonical":"https:\/\/gelisimyemkatki.com\/en\/poultry\/concentrated-premixes\/vizyomix-egg-concentrate\/","og_locale":"en_US","og_type":"article","og_title":"Vizyomix Egg Concentrate","og_description":"It is an additive produced to meet the vitamin and mineral, amino acid and phosphorus needs of laying hens.","og_url":"https:\/\/gelisimyemkatki.com\/en\/poultry\/concentrated-premixes\/vizyomix-egg-concentrate\/","og_site_name":"Geli\u015fim Yem Katk\u0131","article_modified_time":"2025-01-09T20:10:09+00:00","twitter_card":"summary_large_image","twitter_misc":{"Est. reading time":"1 minute"},"schema":{"@context":"https:\/\/schema.org","@graph":[{"@type":"WebPage","@id":"https:\/\/gelisimyemkatki.com\/en\/poultry\/concentrated-premixes\/vizyomix-egg-concentrate\/","url":"https:\/\/gelisimyemkatki.com\/en\/poultry\/concentrated-premixes\/vizyomix-egg-concentrate\/","name":"Vizyomix Egg Concentrate | Geli\u015fim Yem Katk\u0131","isPartOf":{"@id":"https:\/\/gelisimyemkatki.com\/en\/#website"},"datePublished":"2025-01-05T03:22:37+00:00","dateModified":"2025-01-09T20:10:09+00:00","description":"It is an additive produced to meet the vitamin and mineral, amino acid and phosphorus needs of laying hens.","breadcrumb":{"@id":"https:\/\/gelisimyemkatki.com\/en\/poultry\/concentrated-premixes\/vizyomix-egg-concentrate\/#breadcrumb"},"inLanguage":"en-US","potentialAction":[{"@type":"ReadAction","target":["https:\/\/gelisimyemkatki.com\/en\/poultry\/concentrated-premixes\/vizyomix-egg-concentrate\/"]}]},{"@type":"BreadcrumbList","@id":"https:\/\/gelisimyemkatki.com\/en\/poultry\/concentrated-premixes\/vizyomix-egg-concentrate\/#breadcrumb","itemListElement":[{"@type":"ListItem","position":1,"name":"Home","item":"https:\/\/gelisimyemkatki.com\/en\/"},{"@type":"ListItem","position":2,"name":"Poultry","item":"https:\/\/gelisimyemkatki.com\/en\/poultry\/"},{"@type":"ListItem","position":3,"name":"Concentrated Premixes","item":"https:\/\/gelisimyemkatki.com\/en\/poultry\/concentrated-premixes\/"},{"@type":"ListItem","position":4,"name":"Vizyomix Egg Concentrate"}]},{"@type":"WebSite","@id":"https:\/\/gelisimyemkatki.com\/en\/#website","url":"https:\/\/gelisimyemkatki.com\/en\/","name":"Geli\u015fim Yem Katk\u0131 \u00dcr\u00fcnleri","description":"Maddeleri Tic. Ltd. \u015eti.","potentialAction":[{"@type":"SearchAction","target":{"@type":"EntryPoint","urlTemplate":"https:\/\/gelisimyemkatki.com\/en\/?s={search_term_string}"},"query-input":{"@type":"PropertyValueSpecification","valueRequired":true,"valueName":"search_term_string"}}],"inLanguage":"en-US"}]}},"_links":{"self":[{"href":"https:\/\/gelisimyemkatki.com\/en\/wp-json\/wp\/v2\/pages\/1678","targetHints":{"allow":["GET"]}}],"collection":[{"href":"https:\/\/gelisimyemkatki.com\/en\/wp-json\/wp\/v2\/pages"}],"about":[{"href":"https:\/\/gelisimyemkatki.com\/en\/wp-json\/wp\/v2\/types\/page"}],"author":[{"embeddable":true,"href":"https:\/\/gelisimyemkatki.com\/en\/wp-json\/wp\/v2\/users\/1"}],"replies":[{"embeddable":true,"href":"https:\/\/gelisimyemkatki.com\/en\/wp-json\/wp\/v2\/comments?post=1678"}],"version-history":[{"count":0,"href":"https:\/\/gelisimyemkatki.com\/en\/wp-json\/wp\/v2\/pages\/1678\/revisions"}],"up":[{"embeddable":true,"href":"https:\/\/gelisimyemkatki.com\/en\/wp-json\/wp\/v2\/pages\/1668"}],"wp:attachment":[{"href":"https:\/\/gelisimyemkatki.com\/en\/wp-json\/wp\/v2\/media?parent=1678"}],"curies":[{"name":"wp","href":"https:\/\/api.w.org\/{rel}","templated":true}]}}