{"id":1677,"date":"2025-01-05T06:22:37","date_gmt":"2025-01-05T03:22:37","guid":{"rendered":"https:\/\/gelisimyemkatki.com\/bovine-and-ovine\/other-contributions\/magnesium-oxide\/"},"modified":"2025-01-05T06:22:37","modified_gmt":"2025-01-05T03:22:37","slug":"magnesium-oxide","status":"publish","type":"page","link":"https:\/\/gelisimyemkatki.com\/en\/bovine-and-sheep\/other-additives\/magnesium-oxide\/","title":{"rendered":"Magnesium Oxide"},"content":{"rendered":"<div class=\"tg-wrap\">\n<table class=\"tg\">\n<tbody>\n<tr>\n<td class=\"tg-yla0\"><span style=\"font-weight: bold;\">PRODUCT CODE:<\/span><\/td>\n<td class=\"tg-yla0\" colspan=\"3\"><span style=\"font-weight: bold;\">MN3380<\/span><\/td>\n<\/tr>\n<tr>\n<td class=\"tg-cly1\" colspan=\"4\">It is an additive produced to improve the functions of muscle, bone and nervous system in animals, to activate enzymes involved in energy metabolism, to support milk yield and to increase appetite.<\/td>\n<\/tr>\n<tr>\n<td class=\"tg-yla0\" colspan=\"4\"><span style=\"font-weight: bold;\">COMPOSITION<\/span><\/td>\n<\/tr>\n<tr>\n<td class=\"tg-yla0\"><span style=\"font-weight: bold;\">Identifier Number <\/span><\/td>\n<td class=\"tg-yla0\"><span style=\"font-weight: bold;\">Active Substance<\/span><\/td>\n<td class=\"tg-yla0\" colspan=\"2\"><span style=\"font-weight: bold;\">Level in Premix Units <\/span><\/td>\n<\/tr>\n<tr>\n<td class=\"tg-yla0\" colspan=\"4\"><span style=\"font-weight: bold;\">Minerals<\/span><\/td>\n<\/tr>\n<tr>\n<td class=\"tg-cly1\">E530<\/td>\n<td class=\"tg-cly1\">Magnesium oxide (MgO)<\/td>\n<td class=\"tg-cly1\">min. 83.5<\/td>\n<td class=\"tg-cly1\">%<\/td>\n<\/tr>\n<tr>\n<td class=\"tg-cly1\"> <\/td>\n<td class=\"tg-cly1\">Magnesium (Mg)<\/td>\n<td class=\"tg-cly1\">min. 50<\/td>\n<td class=\"tg-cly1\">%<\/td>\n<\/tr>\n<tr>\n<td class=\"tg-cly1\">E526<\/td>\n<td class=\"tg-cly1\">Calcium oxide (CaO)<\/td>\n<td class=\"tg-cly1\">max. 4<\/td>\n<td class=\"tg-cly1\">%<\/td>\n<\/tr>\n<tr>\n<td class=\"tg-cly1\">E172<\/td>\n<td class=\"tg-cly1\">Iron oxide (Fe2O3)<\/td>\n<td class=\"tg-cly1\">max. 1.5 <\/td>\n<td class=\"tg-cly1\">%<\/td>\n<\/tr>\n<tr>\n<td class=\"tg-cly1\">E520<\/td>\n<td class=\"tg-cly1\">Aluminum oxide (Al2O3)<\/td>\n<td class=\"tg-cly1\">max. 0.5 <\/td>\n<td class=\"tg-cly1\">%<\/td>\n<\/tr>\n<tr>\n<td class=\"tg-cly1\"> <\/td>\n<td class=\"tg-cly1\">Fluoride (F)<\/td>\n<td class=\"tg-cly1\">max. 600 <\/td>\n<td class=\"tg-cly1\">mg\/kg<\/td>\n<\/tr>\n<tr>\n<td class=\"tg-cly1\">E251<\/td>\n<td class=\"tg-cly1\">Nitrates (Sodium nitrate)<\/td>\n<td class=\"tg-cly1\">max. 15 <\/td>\n<td class=\"tg-cly1\">mg\/kg<\/td>\n<\/tr>\n<tr>\n<td class=\"tg-yla0\" colspan=\"4\"><span style=\"font-weight: bold;\">Functional Group: Anti-caking agents, Carriers, Viscosifiers<\/span><\/td>\n<\/tr>\n<tr>\n<td class=\"tg-cly1\">E551<\/td>\n<td class=\"tg-cly1\">Silicon dioxide (SiO2)<\/td>\n<td class=\"tg-cly1\">max. 8<\/td>\n<td class=\"tg-7zrl\">%<\/td>\n<\/tr>\n<tr>\n<td class=\"tg-yla0\" colspan=\"4\"><span style=\"font-weight: bold;\">Chemical Properties<\/span><\/td>\n<\/tr>\n<tr>\n<td class=\"tg-cly1\"> <\/td>\n<td class=\"tg-cly1\">Loss of ignition<\/td>\n<td class=\"tg-cly1\">max. 4<\/td>\n<td class=\"tg-soni\"><span style=\"color: #1f1f1f;\">%<\/span><\/td>\n<\/tr>\n<tr>\n<td class=\"tg-yla0\" colspan=\"4\"><span style=\"font-weight: bold;\">Physical Properties<\/span><\/td>\n<\/tr>\n<tr>\n<td class=\"tg-cly1\"> <\/td>\n<td class=\"tg-cly1\">Particle size<\/td>\n<td class=\"tg-cly1\">0 &#8211; 1.5<\/td>\n<td class=\"tg-soni\"><span style=\"color: #1f1f1f;\">mm<\/span><\/td>\n<\/tr>\n<tr>\n<td class=\"tg-yla0\" colspan=\"4\"><span style=\"font-weight: bold;\">Contaminants Heavy Metals<\/span><\/td>\n<\/tr>\n<tr>\n<td class=\"tg-cly1\"> <\/td>\n<td class=\"tg-cly1\">Arsenic (As)<\/td>\n<td class=\"tg-cly1\">max. 20 <\/td>\n<td class=\"tg-cly1\">mg\/kg<\/td>\n<\/tr>\n<tr>\n<td class=\"tg-cly1\"> <\/td>\n<td class=\"tg-cly1\">Cadmium (Cd)<\/td>\n<td class=\"tg-cly1\">max. 2<\/td>\n<td class=\"tg-cly1\">mg\/kg<\/td>\n<\/tr>\n<tr>\n<td class=\"tg-cly1\"> <\/td>\n<td class=\"tg-cly1\">Lead (Pb)<\/td>\n<td class=\"tg-cly1\">max. 10 <\/td>\n<td class=\"tg-cly1\">mg\/kg<\/td>\n<\/tr>\n<tr>\n<td class=\"tg-cly1\"> <\/td>\n<td class=\"tg-cly1\">Mercury (Hg)<\/td>\n<td class=\"tg-cly1\">max. 0.1 <\/td>\n<td class=\"tg-cly1\">mg\/kg<\/td>\n<\/tr>\n<tr>\n<td class=\"tg-yla0\" colspan=\"4\"><span style=\"font-weight: bold;\">Organic Pollutants: Dioxins and Polychlorinated Biphenyls<\/span><\/td>\n<\/tr>\n<tr>\n<td class=\"tg-cly1\">WHO-PCCD\/F-TEQ\/ kg<\/td>\n<td class=\"tg-cly1\">Dioxins<\/td>\n<td class=\"tg-cly1\">max. 0.75 <\/td>\n<td class=\"tg-cly1\">ng\/kg<\/td>\n<\/tr>\n<tr>\n<td class=\"tg-cly1\">WHO-PCCD\/F-PCB-TEQ\/kg<\/td>\n<td class=\"tg-cly1\">Dioxins + Polychlorinated biphenyls<\/td>\n<td class=\"tg-cly1\">max. 1<\/td>\n<td class=\"tg-cly1\">ng\/kg<\/td>\n<\/tr>\n<tr>\n<td class=\"tg-cly1\"> <\/td>\n<td class=\"tg-cly1\">Non-dioxin-like polychlorinated biphenyls<\/td>\n<td class=\"tg-cly1\">max. 10 <\/td>\n<td class=\"tg-cly1\">ng\/kg<\/td>\n<\/tr>\n<tr>\n<td class=\"tg-yla0\"><span style=\"font-weight: bold;\">INSTRUCTIONS FOR USE:<\/span><\/td>\n<td class=\"tg-cly1\" colspan=\"3\">It is recommended to use between 1 &#8211; 5 kg per 1 ton of feed in animals.<\/td>\n<\/tr>\n<tr>\n<td class=\"tg-yla0\"><span style=\"font-weight: bold;\">STORAGE CONDITIONS:<\/span><\/td>\n<td class=\"tg-cly1\" colspan=\"3\">Store in cool, dark and moisture-free conditions in its packaging.<\/td>\n<\/tr>\n<tr>\n<td class=\"tg-yla0\"><span style=\"font-weight: bold;\">WARNING:<\/span><\/td>\n<td class=\"tg-7zrl\" colspan=\"3\">Must be consumed within 24 months from the date of production.<\/td>\n<\/tr>\n<\/tbody>\n<\/table>\n<\/div>\n","protected":false},"excerpt":{"rendered":"<p>PRODUCT CODE: MN3380 It is an additive produced to improve the functions of muscle, bone and nervous system in animals, to activate enzymes involved in energy metabolism, to support milk yield and to increase appetite. COMPOSITION Identifier Number Active Substance Level in Premix Units Minerals E530 Magnesium oxide (MgO) min. 83.5 % Magnesium (Mg) min. [&hellip;]<\/p>\n","protected":false},"author":1,"featured_media":0,"parent":1597,"menu_order":0,"comment_status":"closed","ping_status":"closed","template":"","meta":{"footnotes":""},"class_list":["post-1677","page","type-page","status-publish","hentry"],"yoast_head":"<!-- This site is optimized with the Yoast SEO Premium plugin v24.1 (Yoast SEO v26.6) - https:\/\/yoast.com\/wordpress\/plugins\/seo\/ -->\n<title>Magnesium Oxide | Geli\u015fim Yem Katk\u0131<\/title>\n<meta name=\"description\" content=\"It is an additive produced to improve the functions of muscle, bone and nervous system in animals, to activate enzymes involved in energy metabolism, to support milk yield and to increase appetite.\" \/>\n<meta name=\"robots\" content=\"index, follow, max-snippet:-1, max-image-preview:large, max-video-preview:-1\" \/>\n<link rel=\"canonical\" href=\"https:\/\/gelisimyemkatki.com\/en\/bovine-and-sheep\/other-additives\/magnesium-oxide\/\" \/>\n<meta property=\"og:locale\" content=\"en_US\" \/>\n<meta property=\"og:type\" content=\"article\" \/>\n<meta property=\"og:title\" content=\"Magnesium Oxide\" \/>\n<meta property=\"og:description\" content=\"It is an additive produced to improve the functions of muscle, bone and nervous system in animals, to activate enzymes involved in energy metabolism, to support milk yield and to increase appetite.\" \/>\n<meta property=\"og:url\" content=\"https:\/\/gelisimyemkatki.com\/en\/bovine-and-sheep\/other-additives\/magnesium-oxide\/\" \/>\n<meta property=\"og:site_name\" content=\"Geli\u015fim Yem Katk\u0131\" \/>\n<meta name=\"twitter:card\" content=\"summary_large_image\" \/>\n<meta name=\"twitter:label1\" content=\"Est. reading time\" \/>\n\t<meta name=\"twitter:data1\" content=\"1 minute\" \/>\n<script type=\"application\/ld+json\" class=\"yoast-schema-graph\">{\"@context\":\"https:\/\/schema.org\",\"@graph\":[{\"@type\":\"WebPage\",\"@id\":\"https:\/\/gelisimyemkatki.com\/en\/bovine-and-sheep\/other-additives\/magnesium-oxide\/\",\"url\":\"https:\/\/gelisimyemkatki.com\/en\/bovine-and-sheep\/other-additives\/magnesium-oxide\/\",\"name\":\"Magnesium Oxide | Geli\u015fim Yem Katk\u0131\",\"isPartOf\":{\"@id\":\"https:\/\/gelisimyemkatki.com\/en\/#website\"},\"datePublished\":\"2025-01-05T03:22:37+00:00\",\"description\":\"It is an additive produced to improve the functions of muscle, bone and nervous system in animals, to activate enzymes involved in energy metabolism, to support milk yield and to increase appetite.\",\"breadcrumb\":{\"@id\":\"https:\/\/gelisimyemkatki.com\/en\/bovine-and-sheep\/other-additives\/magnesium-oxide\/#breadcrumb\"},\"inLanguage\":\"en-US\",\"potentialAction\":[{\"@type\":\"ReadAction\",\"target\":[\"https:\/\/gelisimyemkatki.com\/en\/bovine-and-sheep\/other-additives\/magnesium-oxide\/\"]}]},{\"@type\":\"BreadcrumbList\",\"@id\":\"https:\/\/gelisimyemkatki.com\/en\/bovine-and-sheep\/other-additives\/magnesium-oxide\/#breadcrumb\",\"itemListElement\":[{\"@type\":\"ListItem\",\"position\":1,\"name\":\"Home\",\"item\":\"https:\/\/gelisimyemkatki.com\/en\/\"},{\"@type\":\"ListItem\",\"position\":2,\"name\":\"Bovine and Sheep\",\"item\":\"https:\/\/gelisimyemkatki.com\/en\/bovine-and-sheep\/\"},{\"@type\":\"ListItem\",\"position\":3,\"name\":\"Other Additives\",\"item\":\"https:\/\/gelisimyemkatki.com\/en\/bovine-and-sheep\/other-additives\/\"},{\"@type\":\"ListItem\",\"position\":4,\"name\":\"Magnesium Oxide\"}]},{\"@type\":\"WebSite\",\"@id\":\"https:\/\/gelisimyemkatki.com\/en\/#website\",\"url\":\"https:\/\/gelisimyemkatki.com\/en\/\",\"name\":\"Geli\u015fim Yem Katk\u0131 \u00dcr\u00fcnleri\",\"description\":\"Maddeleri Tic. Ltd. \u015eti.\",\"potentialAction\":[{\"@type\":\"SearchAction\",\"target\":{\"@type\":\"EntryPoint\",\"urlTemplate\":\"https:\/\/gelisimyemkatki.com\/en\/?s={search_term_string}\"},\"query-input\":{\"@type\":\"PropertyValueSpecification\",\"valueRequired\":true,\"valueName\":\"search_term_string\"}}],\"inLanguage\":\"en-US\"}]}<\/script>\n<!-- \/ Yoast SEO Premium plugin. -->","yoast_head_json":{"title":"Magnesium Oxide | Geli\u015fim Yem Katk\u0131","description":"It is an additive produced to improve the functions of muscle, bone and nervous system in animals, to activate enzymes involved in energy metabolism, to support milk yield and to increase appetite.","robots":{"index":"index","follow":"follow","max-snippet":"max-snippet:-1","max-image-preview":"max-image-preview:large","max-video-preview":"max-video-preview:-1"},"canonical":"https:\/\/gelisimyemkatki.com\/en\/bovine-and-sheep\/other-additives\/magnesium-oxide\/","og_locale":"en_US","og_type":"article","og_title":"Magnesium Oxide","og_description":"It is an additive produced to improve the functions of muscle, bone and nervous system in animals, to activate enzymes involved in energy metabolism, to support milk yield and to increase appetite.","og_url":"https:\/\/gelisimyemkatki.com\/en\/bovine-and-sheep\/other-additives\/magnesium-oxide\/","og_site_name":"Geli\u015fim Yem Katk\u0131","twitter_card":"summary_large_image","twitter_misc":{"Est. reading time":"1 minute"},"schema":{"@context":"https:\/\/schema.org","@graph":[{"@type":"WebPage","@id":"https:\/\/gelisimyemkatki.com\/en\/bovine-and-sheep\/other-additives\/magnesium-oxide\/","url":"https:\/\/gelisimyemkatki.com\/en\/bovine-and-sheep\/other-additives\/magnesium-oxide\/","name":"Magnesium Oxide | Geli\u015fim Yem Katk\u0131","isPartOf":{"@id":"https:\/\/gelisimyemkatki.com\/en\/#website"},"datePublished":"2025-01-05T03:22:37+00:00","description":"It is an additive produced to improve the functions of muscle, bone and nervous system in animals, to activate enzymes involved in energy metabolism, to support milk yield and to increase appetite.","breadcrumb":{"@id":"https:\/\/gelisimyemkatki.com\/en\/bovine-and-sheep\/other-additives\/magnesium-oxide\/#breadcrumb"},"inLanguage":"en-US","potentialAction":[{"@type":"ReadAction","target":["https:\/\/gelisimyemkatki.com\/en\/bovine-and-sheep\/other-additives\/magnesium-oxide\/"]}]},{"@type":"BreadcrumbList","@id":"https:\/\/gelisimyemkatki.com\/en\/bovine-and-sheep\/other-additives\/magnesium-oxide\/#breadcrumb","itemListElement":[{"@type":"ListItem","position":1,"name":"Home","item":"https:\/\/gelisimyemkatki.com\/en\/"},{"@type":"ListItem","position":2,"name":"Bovine and Sheep","item":"https:\/\/gelisimyemkatki.com\/en\/bovine-and-sheep\/"},{"@type":"ListItem","position":3,"name":"Other Additives","item":"https:\/\/gelisimyemkatki.com\/en\/bovine-and-sheep\/other-additives\/"},{"@type":"ListItem","position":4,"name":"Magnesium Oxide"}]},{"@type":"WebSite","@id":"https:\/\/gelisimyemkatki.com\/en\/#website","url":"https:\/\/gelisimyemkatki.com\/en\/","name":"Geli\u015fim Yem Katk\u0131 \u00dcr\u00fcnleri","description":"Maddeleri Tic. Ltd. \u015eti.","potentialAction":[{"@type":"SearchAction","target":{"@type":"EntryPoint","urlTemplate":"https:\/\/gelisimyemkatki.com\/en\/?s={search_term_string}"},"query-input":{"@type":"PropertyValueSpecification","valueRequired":true,"valueName":"search_term_string"}}],"inLanguage":"en-US"}]}},"_links":{"self":[{"href":"https:\/\/gelisimyemkatki.com\/en\/wp-json\/wp\/v2\/pages\/1677","targetHints":{"allow":["GET"]}}],"collection":[{"href":"https:\/\/gelisimyemkatki.com\/en\/wp-json\/wp\/v2\/pages"}],"about":[{"href":"https:\/\/gelisimyemkatki.com\/en\/wp-json\/wp\/v2\/types\/page"}],"author":[{"embeddable":true,"href":"https:\/\/gelisimyemkatki.com\/en\/wp-json\/wp\/v2\/users\/1"}],"replies":[{"embeddable":true,"href":"https:\/\/gelisimyemkatki.com\/en\/wp-json\/wp\/v2\/comments?post=1677"}],"version-history":[{"count":0,"href":"https:\/\/gelisimyemkatki.com\/en\/wp-json\/wp\/v2\/pages\/1677\/revisions"}],"up":[{"embeddable":true,"href":"https:\/\/gelisimyemkatki.com\/en\/wp-json\/wp\/v2\/pages\/1597"}],"wp:attachment":[{"href":"https:\/\/gelisimyemkatki.com\/en\/wp-json\/wp\/v2\/media?parent=1677"}],"curies":[{"name":"wp","href":"https:\/\/api.w.org\/{rel}","templated":true}]}}