{"id":1669,"date":"2025-01-05T06:22:35","date_gmt":"2025-01-05T03:22:35","guid":{"rendered":"https:\/\/gelisimyemkatki.com\/progel\/"},"modified":"2025-01-05T06:22:36","modified_gmt":"2025-01-05T03:22:36","slug":"progel","status":"publish","type":"page","link":"https:\/\/gelisimyemkatki.com\/en\/bovine-and-sheep\/coated-urea\/progel\/","title":{"rendered":"Progel"},"content":{"rendered":"<div class=\"tg-wrap\">\n<table class=\"tg\">\n<tbody>\n<tr>\n<td class=\"tg-yla0\"><span style=\"font-weight: bold;\">PRODUCT CODE:<\/span><\/td>\n<td class=\"tg-yla0\" colspan=\"3\"><span style=\"font-weight: bold;\">KH1000<\/span><\/td>\n<\/tr>\n<tr>\n<td class=\"tg-cly1\" colspan=\"4\">It is an additive produced to ensure slow release of nitrogen in the rumen in ruminant animals.<\/td>\n<\/tr>\n<tr>\n<td class=\"tg-yla0\" colspan=\"4\"><span style=\"font-weight: bold;\">COMPOSITION<\/span><\/td>\n<\/tr>\n<tr>\n<td class=\"tg-yla0\"><span style=\"font-weight: bold;\">Identifier Number<\/span><\/td>\n<td class=\"tg-yla0\"><span style=\"font-weight: bold;\">Active Substance<\/span><\/td>\n<td class=\"tg-yla0\" colspan=\"2\"><span style=\"font-weight: bold;\">Level in Premix Units <\/span><\/td>\n<\/tr>\n<tr>\n<td class=\"tg-yla0\" colspan=\"4\"><span style=\"font-weight: bold;\">Minerals  <\/span><\/td>\n<\/tr>\n<tr>\n<td class=\"tg-cly1\"> <\/td>\n<td class=\"tg-cly1\">Total nitrogen<\/td>\n<td class=\"tg-cly1\">39<\/td>\n<td class=\"tg-cly1\">%<\/td>\n<\/tr>\n<tr>\n<td class=\"tg-cly1\">E4<\/td>\n<td class=\"tg-cly1\">Copper (Cu)<\/td>\n<td class=\"tg-cly1\">&lt; 5<\/td>\n<td class=\"tg-cly1\">ppm<\/td>\n<\/tr>\n<tr>\n<td class=\"tg-cly1\">E1<\/td>\n<td class=\"tg-cly1\">Iron (Fe)<\/td>\n<td class=\"tg-cly1\">&lt; 5<\/td>\n<td class=\"tg-cly1\">ppm<\/td>\n<\/tr>\n<tr>\n<td class=\"tg-yla0\" colspan=\"4\"><span style=\"font-weight: bold;\">Physical Components<\/span><\/td>\n<\/tr>\n<tr>\n<td class=\"tg-cly1\"> <\/td>\n<td class=\"tg-cly1\">Moisture<\/td>\n<td class=\"tg-cly1\">&lt; 1<\/td>\n<td class=\"tg-cly1\">%<\/td>\n<\/tr>\n<tr>\n<td class=\"tg-yla0\" colspan=\"4\"><span style=\"font-weight: bold;\">Physical Properties<\/span><\/td>\n<\/tr>\n<tr>\n<td class=\"tg-cly1\"> <\/td>\n<td class=\"tg-7zrl\">Color<\/td>\n<td class=\"tg-cly1\" colspan=\"2\">White &#8211; yellow<\/td>\n<\/tr>\n<tr>\n<td class=\"tg-cly1\"> <\/td>\n<td class=\"tg-cly1\">Appearance<\/td>\n<td class=\"tg-cly1\" colspan=\"2\">Granule<\/td>\n<\/tr>\n<tr>\n<td class=\"tg-yla0\" colspan=\"4\"><span style=\"font-weight: bold;\">Contaminants Heavy Metals<\/span><\/td>\n<\/tr>\n<tr>\n<td class=\"tg-cly1\"> <\/td>\n<td class=\"tg-7zrl\">Heavy metals (Total)<\/td>\n<td class=\"tg-7zrl\">&lt; 10<\/td>\n<td class=\"tg-7zrl\">ppm<\/td>\n<\/tr>\n<tr>\n<td class=\"tg-cly1\"> <\/td>\n<td class=\"tg-7zrl\">Arsenic (As)<\/td>\n<td class=\"tg-7zrl\">&lt; 5<\/td>\n<td class=\"tg-7zrl\">ppm<\/td>\n<\/tr>\n<tr>\n<td class=\"tg-cly1\"> <\/td>\n<td class=\"tg-7zrl\">Lead (Pb)<\/td>\n<td class=\"tg-7zrl\">&lt; 5<\/td>\n<td class=\"tg-7zrl\">ppm<\/td>\n<\/tr>\n<tr>\n<td class=\"tg-yla0\"><span style=\"font-weight: bold;\">INSTRUCTIONS FOR USE:<\/span><\/td>\n<td class=\"tg-cly1\" colspan=\"3\">It is recommended to use between 100 &#8211; 300 g per animal in ruminant animals.<\/td>\n<\/tr>\n<tr>\n<td class=\"tg-yla0\"><span style=\"font-weight: bold;\">STORAGE CONDITIONS:<\/span><\/td>\n<td class=\"tg-cly1\" colspan=\"3\">Store in cool, dark and moisture-free conditions in its packaging.<\/td>\n<\/tr>\n<tr>\n<td class=\"tg-yla0\"><span style=\"font-weight: bold;\">WARNING:<\/span><\/td>\n<td class=\"tg-7zrl\" colspan=\"3\">Must be consumed within 24 months from the date of production.<\/td>\n<\/tr>\n<\/tbody>\n<\/table>\n<\/div>\n","protected":false},"excerpt":{"rendered":"<p>PRODUCT CODE: KH1000 It is an additive produced to ensure slow release of nitrogen in the rumen in ruminant animals. COMPOSITION Identifier Number Active Substance Level in Premix Units Minerals Total nitrogen 39 % E4 Copper (Cu) &lt; 5 ppm E1 Iron (Fe) &lt; 5 ppm Physical Components Moisture &lt; 1 % Physical Properties Color [&hellip;]<\/p>\n","protected":false},"author":1,"featured_media":0,"parent":1671,"menu_order":0,"comment_status":"closed","ping_status":"closed","template":"","meta":{"footnotes":""},"class_list":["post-1669","page","type-page","status-publish","hentry"],"yoast_head":"<!-- This site is optimized with the Yoast SEO Premium plugin v24.1 (Yoast SEO v26.6) - https:\/\/yoast.com\/wordpress\/plugins\/seo\/ -->\n<title>Progel | Geli\u015fim Yem Katk\u0131<\/title>\n<meta name=\"description\" content=\"It is an additive produced to ensure slow release of nitrogen in the rumen in ruminant animals.\" \/>\n<meta name=\"robots\" content=\"index, follow, max-snippet:-1, max-image-preview:large, max-video-preview:-1\" \/>\n<link rel=\"canonical\" href=\"https:\/\/gelisimyemkatki.com\/en\/bovine-and-sheep\/coated-urea\/progel\/\" \/>\n<meta property=\"og:locale\" content=\"en_US\" \/>\n<meta property=\"og:type\" content=\"article\" \/>\n<meta property=\"og:title\" content=\"Progel\" \/>\n<meta property=\"og:description\" content=\"It is an additive produced to ensure slow release of nitrogen in the rumen in ruminant animals.\" \/>\n<meta property=\"og:url\" content=\"https:\/\/gelisimyemkatki.com\/en\/bovine-and-sheep\/coated-urea\/progel\/\" \/>\n<meta property=\"og:site_name\" content=\"Geli\u015fim Yem Katk\u0131\" \/>\n<meta property=\"article:modified_time\" content=\"2025-01-05T03:22:36+00:00\" \/>\n<meta name=\"twitter:card\" content=\"summary_large_image\" \/>\n<meta name=\"twitter:label1\" content=\"Est. reading time\" \/>\n\t<meta name=\"twitter:data1\" content=\"1 minute\" \/>\n<script type=\"application\/ld+json\" class=\"yoast-schema-graph\">{\"@context\":\"https:\/\/schema.org\",\"@graph\":[{\"@type\":\"WebPage\",\"@id\":\"https:\/\/gelisimyemkatki.com\/en\/bovine-and-sheep\/coated-urea\/progel\/\",\"url\":\"https:\/\/gelisimyemkatki.com\/en\/bovine-and-sheep\/coated-urea\/progel\/\",\"name\":\"Progel | Geli\u015fim Yem Katk\u0131\",\"isPartOf\":{\"@id\":\"https:\/\/gelisimyemkatki.com\/en\/#website\"},\"datePublished\":\"2025-01-05T03:22:35+00:00\",\"dateModified\":\"2025-01-05T03:22:36+00:00\",\"description\":\"It is an additive produced to ensure slow release of nitrogen in the rumen in ruminant animals.\",\"breadcrumb\":{\"@id\":\"https:\/\/gelisimyemkatki.com\/en\/bovine-and-sheep\/coated-urea\/progel\/#breadcrumb\"},\"inLanguage\":\"en-US\",\"potentialAction\":[{\"@type\":\"ReadAction\",\"target\":[\"https:\/\/gelisimyemkatki.com\/en\/bovine-and-sheep\/coated-urea\/progel\/\"]}]},{\"@type\":\"BreadcrumbList\",\"@id\":\"https:\/\/gelisimyemkatki.com\/en\/bovine-and-sheep\/coated-urea\/progel\/#breadcrumb\",\"itemListElement\":[{\"@type\":\"ListItem\",\"position\":1,\"name\":\"Home\",\"item\":\"https:\/\/gelisimyemkatki.com\/en\/\"},{\"@type\":\"ListItem\",\"position\":2,\"name\":\"Progel\"}]},{\"@type\":\"WebSite\",\"@id\":\"https:\/\/gelisimyemkatki.com\/en\/#website\",\"url\":\"https:\/\/gelisimyemkatki.com\/en\/\",\"name\":\"Geli\u015fim Yem Katk\u0131 \u00dcr\u00fcnleri\",\"description\":\"Maddeleri Tic. Ltd. \u015eti.\",\"potentialAction\":[{\"@type\":\"SearchAction\",\"target\":{\"@type\":\"EntryPoint\",\"urlTemplate\":\"https:\/\/gelisimyemkatki.com\/en\/?s={search_term_string}\"},\"query-input\":{\"@type\":\"PropertyValueSpecification\",\"valueRequired\":true,\"valueName\":\"search_term_string\"}}],\"inLanguage\":\"en-US\"}]}<\/script>\n<!-- \/ Yoast SEO Premium plugin. -->","yoast_head_json":{"title":"Progel | Geli\u015fim Yem Katk\u0131","description":"It is an additive produced to ensure slow release of nitrogen in the rumen in ruminant animals.","robots":{"index":"index","follow":"follow","max-snippet":"max-snippet:-1","max-image-preview":"max-image-preview:large","max-video-preview":"max-video-preview:-1"},"canonical":"https:\/\/gelisimyemkatki.com\/en\/bovine-and-sheep\/coated-urea\/progel\/","og_locale":"en_US","og_type":"article","og_title":"Progel","og_description":"It is an additive produced to ensure slow release of nitrogen in the rumen in ruminant animals.","og_url":"https:\/\/gelisimyemkatki.com\/en\/bovine-and-sheep\/coated-urea\/progel\/","og_site_name":"Geli\u015fim Yem Katk\u0131","article_modified_time":"2025-01-05T03:22:36+00:00","twitter_card":"summary_large_image","twitter_misc":{"Est. reading time":"1 minute"},"schema":{"@context":"https:\/\/schema.org","@graph":[{"@type":"WebPage","@id":"https:\/\/gelisimyemkatki.com\/en\/bovine-and-sheep\/coated-urea\/progel\/","url":"https:\/\/gelisimyemkatki.com\/en\/bovine-and-sheep\/coated-urea\/progel\/","name":"Progel | Geli\u015fim Yem Katk\u0131","isPartOf":{"@id":"https:\/\/gelisimyemkatki.com\/en\/#website"},"datePublished":"2025-01-05T03:22:35+00:00","dateModified":"2025-01-05T03:22:36+00:00","description":"It is an additive produced to ensure slow release of nitrogen in the rumen in ruminant animals.","breadcrumb":{"@id":"https:\/\/gelisimyemkatki.com\/en\/bovine-and-sheep\/coated-urea\/progel\/#breadcrumb"},"inLanguage":"en-US","potentialAction":[{"@type":"ReadAction","target":["https:\/\/gelisimyemkatki.com\/en\/bovine-and-sheep\/coated-urea\/progel\/"]}]},{"@type":"BreadcrumbList","@id":"https:\/\/gelisimyemkatki.com\/en\/bovine-and-sheep\/coated-urea\/progel\/#breadcrumb","itemListElement":[{"@type":"ListItem","position":1,"name":"Home","item":"https:\/\/gelisimyemkatki.com\/en\/"},{"@type":"ListItem","position":2,"name":"Progel"}]},{"@type":"WebSite","@id":"https:\/\/gelisimyemkatki.com\/en\/#website","url":"https:\/\/gelisimyemkatki.com\/en\/","name":"Geli\u015fim Yem Katk\u0131 \u00dcr\u00fcnleri","description":"Maddeleri Tic. Ltd. \u015eti.","potentialAction":[{"@type":"SearchAction","target":{"@type":"EntryPoint","urlTemplate":"https:\/\/gelisimyemkatki.com\/en\/?s={search_term_string}"},"query-input":{"@type":"PropertyValueSpecification","valueRequired":true,"valueName":"search_term_string"}}],"inLanguage":"en-US"}]}},"_links":{"self":[{"href":"https:\/\/gelisimyemkatki.com\/en\/wp-json\/wp\/v2\/pages\/1669","targetHints":{"allow":["GET"]}}],"collection":[{"href":"https:\/\/gelisimyemkatki.com\/en\/wp-json\/wp\/v2\/pages"}],"about":[{"href":"https:\/\/gelisimyemkatki.com\/en\/wp-json\/wp\/v2\/types\/page"}],"author":[{"embeddable":true,"href":"https:\/\/gelisimyemkatki.com\/en\/wp-json\/wp\/v2\/users\/1"}],"replies":[{"embeddable":true,"href":"https:\/\/gelisimyemkatki.com\/en\/wp-json\/wp\/v2\/comments?post=1669"}],"version-history":[{"count":0,"href":"https:\/\/gelisimyemkatki.com\/en\/wp-json\/wp\/v2\/pages\/1669\/revisions"}],"up":[{"embeddable":true,"href":"https:\/\/gelisimyemkatki.com\/en\/wp-json\/wp\/v2\/pages\/1671"}],"wp:attachment":[{"href":"https:\/\/gelisimyemkatki.com\/en\/wp-json\/wp\/v2\/media?parent=1669"}],"curies":[{"name":"wp","href":"https:\/\/api.w.org\/{rel}","templated":true}]}}