{"id":1660,"date":"2025-01-05T06:22:32","date_gmt":"2025-01-05T03:22:32","guid":{"rendered":"https:\/\/gelisimyemkatki.com\/poultry\/enzymes\/multienzyme-fitase\/"},"modified":"2025-01-05T06:22:32","modified_gmt":"2025-01-05T03:22:32","slug":"multienzyme-fitase","status":"publish","type":"page","link":"https:\/\/gelisimyemkatki.com\/en\/poultry\/enzymes\/multienzyme-fitase\/","title":{"rendered":"Multienzyme -Fitase"},"content":{"rendered":"<div class=\"tg-wrap\">\n<table class=\"tg\">\n<tbody>\n<tr>\n<td class=\"tg-yla0\"><span style=\"font-weight: bold;\">PRODUCT CODE:<\/span><\/td>\n<td class=\"tg-yla0\" colspan=\"3\"><span style=\"font-weight: bold;\">EMZ3300<\/span><\/td>\n<\/tr>\n<tr>\n<td class=\"tg-cly1\" colspan=\"4\">It is an enzymatic additive produced to increase the utilization of undigested nutrients in poultry.<\/td>\n<\/tr>\n<tr>\n<td class=\"tg-yla0\" colspan=\"4\"><span style=\"font-weight: bold;\">COMPOSITION<\/span><\/td>\n<\/tr>\n<tr>\n<td class=\"tg-yla0\"><span style=\"font-weight: bold;\">Identifier Number<\/span><\/td>\n<td class=\"tg-yla0\"><span style=\"font-weight: bold;\">Active Substance<\/span><\/td>\n<td class=\"tg-yla0\" colspan=\"2\"><span style=\"font-weight: bold;\">Level in Premix Units<\/span><\/td>\n<\/tr>\n<tr>\n<td class=\"tg-yla0\" colspan=\"4\"><span style=\"font-weight: bold;\">Technological Additives: Enzymatic Additive<\/span><\/td>\n<\/tr>\n<tr>\n<td class=\"tg-soni\"><span style=\"color: #1f1f1f;\">3.2.1.8<\/span><\/td>\n<td class=\"tg-cly1\">Endo &#8211; 1,4 &#8211; beta xylanase<\/td>\n<td class=\"tg-cly1\">1.500.000<\/td>\n<td class=\"tg-cly1\">EPU\/kg<\/td>\n<\/tr>\n<tr>\n<td class=\"tg-cly1\">3.1.3.26<\/td>\n<td class=\"tg-cly1\">6 &#8211; phytase<\/td>\n<td class=\"tg-cly1\">500<\/td>\n<td class=\"tg-cly1\">FTU\/kg<\/td>\n<\/tr>\n<tr>\n<td class=\"tg-yla0\" colspan=\"4\"><span style=\"font-weight: bold;\">Functional Group: Carriers<\/span><\/td>\n<\/tr>\n<tr>\n<td class=\"tg-cly1\">11.1.1 &#8211; E170<\/td>\n<td class=\"tg-cly1\">Calcium carbonate (CaCO3)<\/td>\n<td class=\"tg-cly1\">925.000<\/td>\n<td class=\"tg-cly1\">mg\/kg<\/td>\n<\/tr>\n<tr>\n<td class=\"tg-yla0\"><span style=\"font-weight: bold;\">INSTRUCTIONS FOR USE:<\/span><\/td>\n<td class=\"tg-cly1\" colspan=\"3\">It is recommended to use 1 kg per 1 ton of egg feed in poultry.<\/td>\n<\/tr>\n<tr>\n<td class=\"tg-yla0\"><span style=\"font-weight: bold;\">STORAGE CONDITIONS:<\/span><\/td>\n<td class=\"tg-cly1\" colspan=\"3\">Store in cool, dark and moisture-free conditions in its packaging.<\/td>\n<\/tr>\n<tr>\n<td class=\"tg-yla0\"><span style=\"font-weight: bold;\">WARNING:<\/span><\/td>\n<td class=\"tg-7zrl\" colspan=\"3\">Must be consumed within 24 months from the date of production.<\/td>\n<\/tr>\n<\/tbody>\n<\/table>\n<\/div>\n","protected":false},"excerpt":{"rendered":"<p>PRODUCT CODE: EMZ3300 It is an enzymatic additive produced to increase the utilization of undigested nutrients in poultry. COMPOSITION Identifier Number Active Substance Level in Premix Units Technological Additives: Enzymatic Additive 3.2.1.8 Endo &#8211; 1,4 &#8211; beta xylanase 1.500.000 EPU\/kg 3.1.3.26 6 &#8211; phytase 500 FTU\/kg Functional Group: Carriers 11.1.1 &#8211; E170 Calcium carbonate (CaCO3) [&hellip;]<\/p>\n","protected":false},"author":1,"featured_media":0,"parent":1572,"menu_order":0,"comment_status":"closed","ping_status":"closed","template":"","meta":{"footnotes":""},"class_list":["post-1660","page","type-page","status-publish","hentry"],"yoast_head":"<!-- This site is optimized with the Yoast SEO Premium plugin v24.1 (Yoast SEO v26.6) - https:\/\/yoast.com\/wordpress\/plugins\/seo\/ -->\n<title>Multienzyme -Fitase | Geli\u015fim Yem Katk\u0131<\/title>\n<meta name=\"description\" content=\"It is an enzymatic additive produced to increase the utilization of undigested nutrients in poultry.\" \/>\n<meta name=\"robots\" content=\"index, follow, max-snippet:-1, max-image-preview:large, max-video-preview:-1\" \/>\n<link rel=\"canonical\" href=\"https:\/\/gelisimyemkatki.com\/en\/poultry\/enzymes\/multienzyme-fitase\/\" \/>\n<meta property=\"og:locale\" content=\"en_US\" \/>\n<meta property=\"og:type\" content=\"article\" \/>\n<meta property=\"og:title\" content=\"Multienzyme -Fitase\" \/>\n<meta property=\"og:description\" content=\"It is an enzymatic additive produced to increase the utilization of undigested nutrients in poultry.\" \/>\n<meta property=\"og:url\" content=\"https:\/\/gelisimyemkatki.com\/en\/poultry\/enzymes\/multienzyme-fitase\/\" \/>\n<meta property=\"og:site_name\" content=\"Geli\u015fim Yem Katk\u0131\" \/>\n<meta name=\"twitter:card\" content=\"summary_large_image\" \/>\n<script type=\"application\/ld+json\" class=\"yoast-schema-graph\">{\"@context\":\"https:\/\/schema.org\",\"@graph\":[{\"@type\":\"WebPage\",\"@id\":\"https:\/\/gelisimyemkatki.com\/en\/poultry\/enzymes\/multienzyme-fitase\/\",\"url\":\"https:\/\/gelisimyemkatki.com\/en\/poultry\/enzymes\/multienzyme-fitase\/\",\"name\":\"Multienzyme -Fitase | Geli\u015fim Yem Katk\u0131\",\"isPartOf\":{\"@id\":\"https:\/\/gelisimyemkatki.com\/en\/#website\"},\"datePublished\":\"2025-01-05T03:22:32+00:00\",\"description\":\"It is an enzymatic additive produced to increase the utilization of undigested nutrients in poultry.\",\"breadcrumb\":{\"@id\":\"https:\/\/gelisimyemkatki.com\/en\/poultry\/enzymes\/multienzyme-fitase\/#breadcrumb\"},\"inLanguage\":\"en-US\",\"potentialAction\":[{\"@type\":\"ReadAction\",\"target\":[\"https:\/\/gelisimyemkatki.com\/en\/poultry\/enzymes\/multienzyme-fitase\/\"]}]},{\"@type\":\"BreadcrumbList\",\"@id\":\"https:\/\/gelisimyemkatki.com\/en\/poultry\/enzymes\/multienzyme-fitase\/#breadcrumb\",\"itemListElement\":[{\"@type\":\"ListItem\",\"position\":1,\"name\":\"Home\",\"item\":\"https:\/\/gelisimyemkatki.com\/en\/\"},{\"@type\":\"ListItem\",\"position\":2,\"name\":\"Poultry\",\"item\":\"https:\/\/gelisimyemkatki.com\/en\/poultry\/\"},{\"@type\":\"ListItem\",\"position\":3,\"name\":\"Enzymes\",\"item\":\"https:\/\/gelisimyemkatki.com\/en\/poultry\/enzymes\/\"},{\"@type\":\"ListItem\",\"position\":4,\"name\":\"Multienzyme -Fitase\"}]},{\"@type\":\"WebSite\",\"@id\":\"https:\/\/gelisimyemkatki.com\/en\/#website\",\"url\":\"https:\/\/gelisimyemkatki.com\/en\/\",\"name\":\"Geli\u015fim Yem Katk\u0131 \u00dcr\u00fcnleri\",\"description\":\"Maddeleri Tic. Ltd. \u015eti.\",\"potentialAction\":[{\"@type\":\"SearchAction\",\"target\":{\"@type\":\"EntryPoint\",\"urlTemplate\":\"https:\/\/gelisimyemkatki.com\/en\/?s={search_term_string}\"},\"query-input\":{\"@type\":\"PropertyValueSpecification\",\"valueRequired\":true,\"valueName\":\"search_term_string\"}}],\"inLanguage\":\"en-US\"}]}<\/script>\n<!-- \/ Yoast SEO Premium plugin. -->","yoast_head_json":{"title":"Multienzyme -Fitase | Geli\u015fim Yem Katk\u0131","description":"It is an enzymatic additive produced to increase the utilization of undigested nutrients in poultry.","robots":{"index":"index","follow":"follow","max-snippet":"max-snippet:-1","max-image-preview":"max-image-preview:large","max-video-preview":"max-video-preview:-1"},"canonical":"https:\/\/gelisimyemkatki.com\/en\/poultry\/enzymes\/multienzyme-fitase\/","og_locale":"en_US","og_type":"article","og_title":"Multienzyme -Fitase","og_description":"It is an enzymatic additive produced to increase the utilization of undigested nutrients in poultry.","og_url":"https:\/\/gelisimyemkatki.com\/en\/poultry\/enzymes\/multienzyme-fitase\/","og_site_name":"Geli\u015fim Yem Katk\u0131","twitter_card":"summary_large_image","schema":{"@context":"https:\/\/schema.org","@graph":[{"@type":"WebPage","@id":"https:\/\/gelisimyemkatki.com\/en\/poultry\/enzymes\/multienzyme-fitase\/","url":"https:\/\/gelisimyemkatki.com\/en\/poultry\/enzymes\/multienzyme-fitase\/","name":"Multienzyme -Fitase | Geli\u015fim Yem Katk\u0131","isPartOf":{"@id":"https:\/\/gelisimyemkatki.com\/en\/#website"},"datePublished":"2025-01-05T03:22:32+00:00","description":"It is an enzymatic additive produced to increase the utilization of undigested nutrients in poultry.","breadcrumb":{"@id":"https:\/\/gelisimyemkatki.com\/en\/poultry\/enzymes\/multienzyme-fitase\/#breadcrumb"},"inLanguage":"en-US","potentialAction":[{"@type":"ReadAction","target":["https:\/\/gelisimyemkatki.com\/en\/poultry\/enzymes\/multienzyme-fitase\/"]}]},{"@type":"BreadcrumbList","@id":"https:\/\/gelisimyemkatki.com\/en\/poultry\/enzymes\/multienzyme-fitase\/#breadcrumb","itemListElement":[{"@type":"ListItem","position":1,"name":"Home","item":"https:\/\/gelisimyemkatki.com\/en\/"},{"@type":"ListItem","position":2,"name":"Poultry","item":"https:\/\/gelisimyemkatki.com\/en\/poultry\/"},{"@type":"ListItem","position":3,"name":"Enzymes","item":"https:\/\/gelisimyemkatki.com\/en\/poultry\/enzymes\/"},{"@type":"ListItem","position":4,"name":"Multienzyme -Fitase"}]},{"@type":"WebSite","@id":"https:\/\/gelisimyemkatki.com\/en\/#website","url":"https:\/\/gelisimyemkatki.com\/en\/","name":"Geli\u015fim Yem Katk\u0131 \u00dcr\u00fcnleri","description":"Maddeleri Tic. Ltd. \u015eti.","potentialAction":[{"@type":"SearchAction","target":{"@type":"EntryPoint","urlTemplate":"https:\/\/gelisimyemkatki.com\/en\/?s={search_term_string}"},"query-input":{"@type":"PropertyValueSpecification","valueRequired":true,"valueName":"search_term_string"}}],"inLanguage":"en-US"}]}},"_links":{"self":[{"href":"https:\/\/gelisimyemkatki.com\/en\/wp-json\/wp\/v2\/pages\/1660","targetHints":{"allow":["GET"]}}],"collection":[{"href":"https:\/\/gelisimyemkatki.com\/en\/wp-json\/wp\/v2\/pages"}],"about":[{"href":"https:\/\/gelisimyemkatki.com\/en\/wp-json\/wp\/v2\/types\/page"}],"author":[{"embeddable":true,"href":"https:\/\/gelisimyemkatki.com\/en\/wp-json\/wp\/v2\/users\/1"}],"replies":[{"embeddable":true,"href":"https:\/\/gelisimyemkatki.com\/en\/wp-json\/wp\/v2\/comments?post=1660"}],"version-history":[{"count":0,"href":"https:\/\/gelisimyemkatki.com\/en\/wp-json\/wp\/v2\/pages\/1660\/revisions"}],"up":[{"embeddable":true,"href":"https:\/\/gelisimyemkatki.com\/en\/wp-json\/wp\/v2\/pages\/1572"}],"wp:attachment":[{"href":"https:\/\/gelisimyemkatki.com\/en\/wp-json\/wp\/v2\/media?parent=1660"}],"curies":[{"name":"wp","href":"https:\/\/api.w.org\/{rel}","templated":true}]}}