{"id":1659,"date":"2025-01-05T06:22:32","date_gmt":"2025-01-05T03:22:32","guid":{"rendered":"https:\/\/gelisimyemkatki.com\/b-laurin-30\/"},"modified":"2025-01-18T12:52:03","modified_gmt":"2025-01-18T09:52:03","slug":"b-laurin-30","status":"publish","type":"page","link":"https:\/\/gelisimyemkatki.com\/en\/poultry\/antiviral-antibacterial\/b-laurin-30\/","title":{"rendered":"B-Laurin 30"},"content":{"rendered":"<div class=\"tg-wrap\">\n<table class=\"tg\">\n<tbody>\n<tr>\n<td class=\"tg-yla0\"><span style=\"font-weight: bold;\">PRODUCT CODE:<\/span><\/td>\n<td class=\"tg-yla0\" colspan=\"3\"><span style=\"font-weight: bold;\">BF3100<\/span><\/td>\n<\/tr>\n<tr>\n<td class=\"tg-cly1\" colspan=\"4\">It is an additive produced to strengthen the immune system against fat enveloped viruses, gram positive bacteria and microorganisms in poultry.<\/td>\n<\/tr>\n<tr>\n<td class=\"tg-yla0\" colspan=\"4\"><span style=\"font-weight: bold;\">COMPOSITION<\/span><\/td>\n<\/tr>\n<tr>\n<td class=\"tg-yla0\"><span style=\"font-weight: bold;\">Identifier Number (ECHA)<\/span><\/td>\n<td class=\"tg-yla0\"><span style=\"font-weight: bold;\">Active substance<\/span><\/td>\n<td class=\"tg-yla0\" colspan=\"2\"><span style=\"font-weight: bold;\">Level in Premix Units <\/span><\/td>\n<\/tr>\n<tr>\n<td class=\"tg-yla0\" colspan=\"4\"><span style=\"font-weight: bold;\">Fatty Acids Composition<\/span><\/td>\n<\/tr>\n<tr>\n<td class=\"tg-cly1\">E471<\/td>\n<td class=\"tg-cly1\">\u03b1- monolaurin<\/td>\n<td class=\"tg-cly1\">30.0<\/td>\n<td class=\"tg-soni\"><span style=\"color: #1f1f1f;\">%<\/span><\/td>\n<\/tr>\n<tr>\n<td class=\"tg-yla0\" colspan=\"4\"><span style=\"font-weight: bold;\">Analytical Components <\/span><\/td>\n<\/tr>\n<tr>\n<td class=\"tg-cly1\">E1400<\/td>\n<td class=\"tg-cly1\">Pre-gelatinized wheat starch<\/td>\n<td class=\"tg-cly1\">58<\/td>\n<td class=\"tg-soni\"><span style=\"color: #1f1f1f;\">%<\/span><\/td>\n<\/tr>\n<tr>\n<td class=\"tg-7zrl\">\u00a0<\/td>\n<td class=\"tg-soni\"><span style=\"color: #1f1f1f;\">Crude ash<\/span><\/td>\n<td class=\"tg-cly1\">6.8<\/td>\n<td class=\"tg-soni\"><span style=\"color: #1f1f1f;\">%<\/span><\/td>\n<\/tr>\n<tr>\n<td class=\"tg-cly1\">\u00a0<\/td>\n<td class=\"tg-7zrl\">Crude oil<\/td>\n<td class=\"tg-cly1\">30.0<\/td>\n<td class=\"tg-soni\"><span style=\"color: #1f1f1f;\">%<\/span><\/td>\n<\/tr>\n<tr>\n<td class=\"tg-cly1\">\u00a0<\/td>\n<td class=\"tg-7zrl\">Crude fiber<\/td>\n<td class=\"tg-cly1\">0.0<\/td>\n<td class=\"tg-soni\"><span style=\"color: #1f1f1f;\">%<\/span><\/td>\n<\/tr>\n<tr>\n<td class=\"tg-cly1\">\u00a0<\/td>\n<td class=\"tg-7zrl\">Crude protein<\/td>\n<td class=\"tg-cly1\">6.2<\/td>\n<td class=\"tg-soni\"><span style=\"color: #1f1f1f;\">%<\/span><\/td>\n<\/tr>\n<tr>\n<td class=\"tg-yla0\" colspan=\"4\"><span style=\"font-weight: bold;\">Amino acids<\/span><\/td>\n<\/tr>\n<tr>\n<td class=\"tg-cly1\">100.000.673<\/td>\n<td class=\"tg-7zrl\">Lysine<\/td>\n<td class=\"tg-cly1\">0.2<\/td>\n<td class=\"tg-soni\"><span style=\"color: #1f1f1f;\">%<\/span><\/td>\n<\/tr>\n<tr>\n<td class=\"tg-cly1\">100.000.393<\/td>\n<td class=\"tg-7zrl\">Methionine<\/td>\n<td class=\"tg-cly1\">0.1<\/td>\n<td class=\"tg-soni\"><span style=\"color: #1f1f1f;\">%<\/span><\/td>\n<\/tr>\n<tr>\n<td class=\"tg-yla0\" colspan=\"4\"><span style=\"font-weight: bold;\">Minerals<\/span><\/td>\n<\/tr>\n<tr>\n<td class=\"tg-cly1\">\u00a0<\/td>\n<td class=\"tg-7zrl\">Calcium (Ca)<\/td>\n<td class=\"tg-cly1\">2.0<\/td>\n<td class=\"tg-soni\"><span style=\"color: #1f1f1f;\">%<\/span><\/td>\n<\/tr>\n<tr>\n<td class=\"tg-cly1\">\u00a0<\/td>\n<td class=\"tg-7zrl\">Sodium (Na)<\/td>\n<td class=\"tg-cly1\">0.0<\/td>\n<td class=\"tg-soni\"><span style=\"color: #1f1f1f;\">%<\/span><\/td>\n<\/tr>\n<tr>\n<td class=\"tg-yla0\" colspan=\"4\"><span style=\"font-weight: bold;\">Functional Group: Carriers<\/span><\/td>\n<\/tr>\n<tr>\n<td class=\"tg-cly1\">11.1.1 &#8211; E170<\/td>\n<td class=\"tg-7zrl\">Calcium carbonate (CaCO3)<\/td>\n<td class=\"tg-7zrl\">4<\/td>\n<td class=\"tg-soni\"><span style=\"color: #1f1f1f;\">%<\/span><\/td>\n<\/tr>\n<tr>\n<td class=\"tg-yla0\"><span style=\"font-weight: bold;\">INSTRUCTIONS FOR USE:<\/span><\/td>\n<td class=\"tg-cly1\" colspan=\"3\">It is recommended to use 0.5 &#8211; 6.0 kg per 1 ton of feed for poultry, 0.5 &#8211; 6.0 kg per 1 ton of feed for laying hens, 0.5 &#8211; 6.0 kg per 1 ton of feed for turkeys, 0.5 &#8211; 6.0 kg per 1 ton of feed for horses, 0.5 &#8211; 6.0 kg per 1 ton of feed for calves, 0.5 &#8211; 3.0 kg per 1 ton of feed for lambs, 0.5 &#8211; 3.0 kg per 1 ton of feed for pets.<\/td>\n<\/tr>\n<tr>\n<td class=\"tg-yla0\"><span style=\"font-weight: bold;\">STORAGE CONDITIONS:<\/span><\/td>\n<td class=\"tg-cly1\" colspan=\"3\">Store in cool, dark and moisture-free conditions in its packaging.<\/td>\n<\/tr>\n<tr>\n<td class=\"tg-yla0\"><span style=\"font-weight: bold;\">WARNING:<\/span><\/td>\n<td class=\"tg-7zrl\" colspan=\"3\">Must be consumed within 24 months from the date of production.<\/td>\n<\/tr>\n<\/tbody>\n<\/table>\n<\/div>\n","protected":false},"excerpt":{"rendered":"<p>PRODUCT CODE: BF3100 It is an additive produced to strengthen the immune system against fat enveloped viruses, gram positive bacteria and microorganisms in poultry. COMPOSITION Identifier Number (ECHA) Active substance Level in Premix Units Fatty Acids Composition E471 \u03b1- monolaurin 30.0 % Analytical Components E1400 Pre-gelatinized wheat starch 58 % \u00a0 Crude ash 6.8 % [&hellip;]<\/p>\n","protected":false},"author":1,"featured_media":0,"parent":1663,"menu_order":0,"comment_status":"closed","ping_status":"closed","template":"","meta":{"footnotes":""},"class_list":["post-1659","page","type-page","status-publish","hentry"],"yoast_head":"<!-- This site is optimized with the Yoast SEO Premium plugin v24.1 (Yoast SEO v26.6) - https:\/\/yoast.com\/wordpress\/plugins\/seo\/ -->\n<title>B-Laurin 30 | Geli\u015fim Yem Katk\u0131<\/title>\n<meta name=\"description\" content=\"It is an additive produced to strengthen the immune system against fat enveloped viruses, gram positive bacteria and microorganisms in poultry.\" \/>\n<meta name=\"robots\" content=\"index, follow, max-snippet:-1, max-image-preview:large, max-video-preview:-1\" \/>\n<link rel=\"canonical\" href=\"https:\/\/gelisimyemkatki.com\/en\/poultry\/antiviral-antibacterial\/b-laurin-30\/\" \/>\n<meta property=\"og:locale\" content=\"en_US\" \/>\n<meta property=\"og:type\" content=\"article\" \/>\n<meta property=\"og:title\" content=\"B-Laurin 30\" \/>\n<meta property=\"og:description\" content=\"It is an additive produced to strengthen the immune system against fat enveloped viruses, gram positive bacteria and microorganisms in poultry.\" \/>\n<meta property=\"og:url\" content=\"https:\/\/gelisimyemkatki.com\/en\/poultry\/antiviral-antibacterial\/b-laurin-30\/\" \/>\n<meta property=\"og:site_name\" content=\"Geli\u015fim Yem Katk\u0131\" \/>\n<meta property=\"article:modified_time\" content=\"2025-01-18T09:52:03+00:00\" \/>\n<meta name=\"twitter:card\" content=\"summary_large_image\" \/>\n<meta name=\"twitter:label1\" content=\"Est. reading time\" \/>\n\t<meta name=\"twitter:data1\" content=\"1 minute\" \/>\n<script type=\"application\/ld+json\" class=\"yoast-schema-graph\">{\"@context\":\"https:\/\/schema.org\",\"@graph\":[{\"@type\":\"WebPage\",\"@id\":\"https:\/\/gelisimyemkatki.com\/en\/poultry\/antiviral-antibacterial\/b-laurin-30\/\",\"url\":\"https:\/\/gelisimyemkatki.com\/en\/poultry\/antiviral-antibacterial\/b-laurin-30\/\",\"name\":\"B-Laurin 30 | Geli\u015fim Yem Katk\u0131\",\"isPartOf\":{\"@id\":\"https:\/\/gelisimyemkatki.com\/en\/#website\"},\"datePublished\":\"2025-01-05T03:22:32+00:00\",\"dateModified\":\"2025-01-18T09:52:03+00:00\",\"description\":\"It is an additive produced to strengthen the immune system against fat enveloped viruses, gram positive bacteria and microorganisms in poultry.\",\"breadcrumb\":{\"@id\":\"https:\/\/gelisimyemkatki.com\/en\/poultry\/antiviral-antibacterial\/b-laurin-30\/#breadcrumb\"},\"inLanguage\":\"en-US\",\"potentialAction\":[{\"@type\":\"ReadAction\",\"target\":[\"https:\/\/gelisimyemkatki.com\/en\/poultry\/antiviral-antibacterial\/b-laurin-30\/\"]}]},{\"@type\":\"BreadcrumbList\",\"@id\":\"https:\/\/gelisimyemkatki.com\/en\/poultry\/antiviral-antibacterial\/b-laurin-30\/#breadcrumb\",\"itemListElement\":[{\"@type\":\"ListItem\",\"position\":1,\"name\":\"Home\",\"item\":\"https:\/\/gelisimyemkatki.com\/en\/\"},{\"@type\":\"ListItem\",\"position\":2,\"name\":\"Poultry\",\"item\":\"https:\/\/gelisimyemkatki.com\/en\/poultry\/\"},{\"@type\":\"ListItem\",\"position\":3,\"name\":\"Antiviral &#8211; Antibacterial\",\"item\":\"https:\/\/gelisimyemkatki.com\/en\/poultry\/antiviral-antibacterial\/\"},{\"@type\":\"ListItem\",\"position\":4,\"name\":\"B-Laurin 30\"}]},{\"@type\":\"WebSite\",\"@id\":\"https:\/\/gelisimyemkatki.com\/en\/#website\",\"url\":\"https:\/\/gelisimyemkatki.com\/en\/\",\"name\":\"Geli\u015fim Yem Katk\u0131 \u00dcr\u00fcnleri\",\"description\":\"Maddeleri Tic. Ltd. \u015eti.\",\"potentialAction\":[{\"@type\":\"SearchAction\",\"target\":{\"@type\":\"EntryPoint\",\"urlTemplate\":\"https:\/\/gelisimyemkatki.com\/en\/?s={search_term_string}\"},\"query-input\":{\"@type\":\"PropertyValueSpecification\",\"valueRequired\":true,\"valueName\":\"search_term_string\"}}],\"inLanguage\":\"en-US\"}]}<\/script>\n<!-- \/ Yoast SEO Premium plugin. -->","yoast_head_json":{"title":"B-Laurin 30 | Geli\u015fim Yem Katk\u0131","description":"It is an additive produced to strengthen the immune system against fat enveloped viruses, gram positive bacteria and microorganisms in poultry.","robots":{"index":"index","follow":"follow","max-snippet":"max-snippet:-1","max-image-preview":"max-image-preview:large","max-video-preview":"max-video-preview:-1"},"canonical":"https:\/\/gelisimyemkatki.com\/en\/poultry\/antiviral-antibacterial\/b-laurin-30\/","og_locale":"en_US","og_type":"article","og_title":"B-Laurin 30","og_description":"It is an additive produced to strengthen the immune system against fat enveloped viruses, gram positive bacteria and microorganisms in poultry.","og_url":"https:\/\/gelisimyemkatki.com\/en\/poultry\/antiviral-antibacterial\/b-laurin-30\/","og_site_name":"Geli\u015fim Yem Katk\u0131","article_modified_time":"2025-01-18T09:52:03+00:00","twitter_card":"summary_large_image","twitter_misc":{"Est. reading time":"1 minute"},"schema":{"@context":"https:\/\/schema.org","@graph":[{"@type":"WebPage","@id":"https:\/\/gelisimyemkatki.com\/en\/poultry\/antiviral-antibacterial\/b-laurin-30\/","url":"https:\/\/gelisimyemkatki.com\/en\/poultry\/antiviral-antibacterial\/b-laurin-30\/","name":"B-Laurin 30 | Geli\u015fim Yem Katk\u0131","isPartOf":{"@id":"https:\/\/gelisimyemkatki.com\/en\/#website"},"datePublished":"2025-01-05T03:22:32+00:00","dateModified":"2025-01-18T09:52:03+00:00","description":"It is an additive produced to strengthen the immune system against fat enveloped viruses, gram positive bacteria and microorganisms in poultry.","breadcrumb":{"@id":"https:\/\/gelisimyemkatki.com\/en\/poultry\/antiviral-antibacterial\/b-laurin-30\/#breadcrumb"},"inLanguage":"en-US","potentialAction":[{"@type":"ReadAction","target":["https:\/\/gelisimyemkatki.com\/en\/poultry\/antiviral-antibacterial\/b-laurin-30\/"]}]},{"@type":"BreadcrumbList","@id":"https:\/\/gelisimyemkatki.com\/en\/poultry\/antiviral-antibacterial\/b-laurin-30\/#breadcrumb","itemListElement":[{"@type":"ListItem","position":1,"name":"Home","item":"https:\/\/gelisimyemkatki.com\/en\/"},{"@type":"ListItem","position":2,"name":"Poultry","item":"https:\/\/gelisimyemkatki.com\/en\/poultry\/"},{"@type":"ListItem","position":3,"name":"Antiviral &#8211; Antibacterial","item":"https:\/\/gelisimyemkatki.com\/en\/poultry\/antiviral-antibacterial\/"},{"@type":"ListItem","position":4,"name":"B-Laurin 30"}]},{"@type":"WebSite","@id":"https:\/\/gelisimyemkatki.com\/en\/#website","url":"https:\/\/gelisimyemkatki.com\/en\/","name":"Geli\u015fim Yem Katk\u0131 \u00dcr\u00fcnleri","description":"Maddeleri Tic. Ltd. \u015eti.","potentialAction":[{"@type":"SearchAction","target":{"@type":"EntryPoint","urlTemplate":"https:\/\/gelisimyemkatki.com\/en\/?s={search_term_string}"},"query-input":{"@type":"PropertyValueSpecification","valueRequired":true,"valueName":"search_term_string"}}],"inLanguage":"en-US"}]}},"_links":{"self":[{"href":"https:\/\/gelisimyemkatki.com\/en\/wp-json\/wp\/v2\/pages\/1659","targetHints":{"allow":["GET"]}}],"collection":[{"href":"https:\/\/gelisimyemkatki.com\/en\/wp-json\/wp\/v2\/pages"}],"about":[{"href":"https:\/\/gelisimyemkatki.com\/en\/wp-json\/wp\/v2\/types\/page"}],"author":[{"embeddable":true,"href":"https:\/\/gelisimyemkatki.com\/en\/wp-json\/wp\/v2\/users\/1"}],"replies":[{"embeddable":true,"href":"https:\/\/gelisimyemkatki.com\/en\/wp-json\/wp\/v2\/comments?post=1659"}],"version-history":[{"count":1,"href":"https:\/\/gelisimyemkatki.com\/en\/wp-json\/wp\/v2\/pages\/1659\/revisions"}],"predecessor-version":[{"id":2550,"href":"https:\/\/gelisimyemkatki.com\/en\/wp-json\/wp\/v2\/pages\/1659\/revisions\/2550"}],"up":[{"embeddable":true,"href":"https:\/\/gelisimyemkatki.com\/en\/wp-json\/wp\/v2\/pages\/1663"}],"wp:attachment":[{"href":"https:\/\/gelisimyemkatki.com\/en\/wp-json\/wp\/v2\/media?parent=1659"}],"curies":[{"name":"wp","href":"https:\/\/api.w.org\/{rel}","templated":true}]}}