{"id":1656,"date":"2025-01-05T06:22:32","date_gmt":"2025-01-05T03:22:32","guid":{"rendered":"https:\/\/gelisimyemkatki.com\/lysophos-avian\/"},"modified":"2025-01-05T06:22:55","modified_gmt":"2025-01-05T03:22:55","slug":"lysophos-avian","status":"publish","type":"page","link":"https:\/\/gelisimyemkatki.com\/en\/poultry\/biosurfactant\/lysophos-avian\/","title":{"rendered":"Lysophos Avian"},"content":{"rendered":"<div class=\"tg-wrap\">\n<table class=\"tg\">\n<tbody>\n<tr>\n<td class=\"tg-yla0\"><span style=\"font-weight: bold;\">PRODUCT CODE:<\/span><\/td>\n<td class=\"tg-yla0\" colspan=\"5\"><span style=\"font-weight: bold;\">BF2370<\/span><\/td>\n<\/tr>\n<tr>\n<td class=\"tg-7zrl\" colspan=\"6\">It is an additive produced to increase resistance against diseases by strengthening the immune system of animals, to meet phospholipid needs, to protect the integrity of organs and tissues and to ensure regeneration with its antioxidant and regenerative effect.<\/td>\n<\/tr>\n<tr>\n<td class=\"tg-yla0\" colspan=\"6\"><span style=\"font-weight: bold;\">COMPOSITION<\/span><\/td>\n<\/tr>\n<tr>\n<td class=\"tg-yla0\"><span style=\"font-weight: bold;\">Identifier Number<\/span><\/td>\n<td class=\"tg-yla0\"><span style=\"font-weight: bold;\">Active Substance<\/span><\/td>\n<td class=\"tg-yla0\" colspan=\"2\"><span style=\"font-weight: bold;\">Contribution Name<\/span><\/td>\n<td class=\"tg-yla0\" colspan=\"2\"><span style=\"font-weight: bold;\">Level in Premix Units <\/span><\/td>\n<\/tr>\n<tr>\n<td class=\"tg-yla0\" colspan=\"6\"><span style=\"font-weight: bold;\">Technological Additives: Emulsifiers, Stabilizers, Thickeners and Gelling agents<\/span><\/td>\n<\/tr>\n<tr>\n<td class=\"tg-cly1\">E222<\/td>\n<td class=\"tg-cly1\">Phospholipid<\/td>\n<td class=\"tg-cly1\" colspan=\"2\">60% Lecithin<\/td>\n<td class=\"tg-cly1\">240.000<\/td>\n<td class=\"tg-cly1\">mg<\/td>\n<\/tr>\n<tr>\n<td class=\"tg-yla0\" colspan=\"6\"><span style=\"font-weight: bold;\">Technological Additives: Binders, Anti-caking agents and Coagulants<\/span><\/td>\n<\/tr>\n<tr>\n<td class=\"tg-cly1\">E551<\/td>\n<td class=\"tg-cly1\">Silicon dioxide<\/td>\n<td class=\"tg-cly1\" colspan=\"2\">Synthetic amorphous silicon dioxide<\/td>\n<td class=\"tg-cly1\">50.000<\/td>\n<td class=\"tg-cly1\">mg<\/td>\n<\/tr>\n<tr>\n<td class=\"tg-yla0\" colspan=\"6\"><span style=\"font-weight: bold;\">Functional Group: Protectors<\/span><\/td>\n<\/tr>\n<tr>\n<td class=\"tg-cly1\">E238<\/td>\n<td class=\"tg-cly1\">Calcium format  [Ca(HCOO)2]<\/td>\n<td class=\"tg-cly1\" colspan=\"2\">Calcium formate (99.9%)<\/td>\n<td class=\"tg-cly1\">5.000<\/td>\n<td class=\"tg-cly1\">mg<\/td>\n<\/tr>\n<tr>\n<td class=\"tg-yla0\" colspan=\"6\"><span style=\"font-weight: bold;\">Functional Group: Carriers<\/span><\/td>\n<\/tr>\n<tr>\n<td class=\"tg-cly1\">11.1.1 &#8211; E170<\/td>\n<td class=\"tg-cly1\">Calcium carbonate (CaCO3)<\/td>\n<td class=\"tg-cly1\" colspan=\"2\">Calcite (limestone)<\/td>\n<td class=\"tg-cly1\">545.000<\/td>\n<td class=\"tg-cly1\">mg<\/td>\n<\/tr>\n<tr>\n<td class=\"tg-yla0\"><span style=\"font-weight: bold;\">INSTRUCTIONS FOR USE:<\/span><\/td>\n<td class=\"tg-cly1\" colspan=\"5\">It is recommended to use between 0.5 &#8211; 1.0 kg per 1 ton of feed in poultry.<\/td>\n<\/tr>\n<tr>\n<td class=\"tg-yla0\"><span style=\"font-weight: bold;\">STORAGE CONDITIONS:<\/span><\/td>\n<td class=\"tg-cly1\" colspan=\"5\">Store in cool, dark and moisture-free conditions in its packaging. Maintains stability up to 185 C in pelletizing and extrusion processes. <\/td>\n<\/tr>\n<tr>\n<td class=\"tg-yla0\"><span style=\"font-weight: bold;\">WARNING:<\/span><\/td>\n<td class=\"tg-soni\" colspan=\"5\"><span style=\"color: #1f1f1f;\">Must be consumed within 24 months from the date of production.<\/span><\/td>\n<\/tr>\n<\/tbody>\n<\/table>\n<\/div>\n","protected":false},"excerpt":{"rendered":"<p>PRODUCT CODE: BF2370 It is an additive produced to increase resistance against diseases by strengthening the immune system of animals, to meet phospholipid needs, to protect the integrity of organs and tissues and to ensure regeneration with its antioxidant and regenerative effect. COMPOSITION Identifier Number Active Substance Contribution Name Level in Premix Units Technological Additives: [&hellip;]<\/p>\n","protected":false},"author":1,"featured_media":0,"parent":1754,"menu_order":0,"comment_status":"closed","ping_status":"closed","template":"","meta":{"footnotes":""},"class_list":["post-1656","page","type-page","status-publish","hentry"],"yoast_head":"<!-- This site is optimized with the Yoast SEO Premium plugin v24.1 (Yoast SEO v26.6) - https:\/\/yoast.com\/wordpress\/plugins\/seo\/ -->\n<title>Lysophos Avian | Geli\u015fim Yem Katk\u0131<\/title>\n<meta name=\"description\" content=\"It is an additive produced to increase resistance against diseases by strengthening the immune system of animals, to meet phospholipid needs, to protect the integrity of organs and tissues and to ensure regeneration with its antioxidant and regenerative effect.\" \/>\n<meta name=\"robots\" content=\"index, follow, max-snippet:-1, max-image-preview:large, max-video-preview:-1\" \/>\n<link rel=\"canonical\" href=\"https:\/\/gelisimyemkatki.com\/en\/poultry\/biosurfactant\/lysophos-avian\/\" \/>\n<meta property=\"og:locale\" content=\"en_US\" \/>\n<meta property=\"og:type\" content=\"article\" \/>\n<meta property=\"og:title\" content=\"Lysophos Avian\" \/>\n<meta property=\"og:description\" content=\"It is an additive produced to increase resistance against diseases by strengthening the immune system of animals, to meet phospholipid needs, to protect the integrity of organs and tissues and to ensure regeneration with its antioxidant and regenerative effect.\" \/>\n<meta property=\"og:url\" content=\"https:\/\/gelisimyemkatki.com\/en\/poultry\/biosurfactant\/lysophos-avian\/\" \/>\n<meta property=\"og:site_name\" content=\"Geli\u015fim Yem Katk\u0131\" \/>\n<meta property=\"article:modified_time\" content=\"2025-01-05T03:22:55+00:00\" \/>\n<meta name=\"twitter:card\" content=\"summary_large_image\" \/>\n<meta name=\"twitter:label1\" content=\"Est. reading time\" \/>\n\t<meta name=\"twitter:data1\" content=\"1 minute\" \/>\n<script type=\"application\/ld+json\" class=\"yoast-schema-graph\">{\"@context\":\"https:\/\/schema.org\",\"@graph\":[{\"@type\":\"WebPage\",\"@id\":\"https:\/\/gelisimyemkatki.com\/en\/poultry\/biosurfactant\/lysophos-avian\/\",\"url\":\"https:\/\/gelisimyemkatki.com\/en\/poultry\/biosurfactant\/lysophos-avian\/\",\"name\":\"Lysophos Avian | Geli\u015fim Yem Katk\u0131\",\"isPartOf\":{\"@id\":\"https:\/\/gelisimyemkatki.com\/en\/#website\"},\"datePublished\":\"2025-01-05T03:22:32+00:00\",\"dateModified\":\"2025-01-05T03:22:55+00:00\",\"description\":\"It is an additive produced to increase resistance against diseases by strengthening the immune system of animals, to meet phospholipid needs, to protect the integrity of organs and tissues and to ensure regeneration with its antioxidant and regenerative effect.\",\"breadcrumb\":{\"@id\":\"https:\/\/gelisimyemkatki.com\/en\/poultry\/biosurfactant\/lysophos-avian\/#breadcrumb\"},\"inLanguage\":\"en-US\",\"potentialAction\":[{\"@type\":\"ReadAction\",\"target\":[\"https:\/\/gelisimyemkatki.com\/en\/poultry\/biosurfactant\/lysophos-avian\/\"]}]},{\"@type\":\"BreadcrumbList\",\"@id\":\"https:\/\/gelisimyemkatki.com\/en\/poultry\/biosurfactant\/lysophos-avian\/#breadcrumb\",\"itemListElement\":[{\"@type\":\"ListItem\",\"position\":1,\"name\":\"Home\",\"item\":\"https:\/\/gelisimyemkatki.com\/en\/\"},{\"@type\":\"ListItem\",\"position\":2,\"name\":\"Poultry\",\"item\":\"https:\/\/gelisimyemkatki.com\/en\/poultry\/\"},{\"@type\":\"ListItem\",\"position\":3,\"name\":\"Biosurfactant\",\"item\":\"https:\/\/gelisimyemkatki.com\/en\/poultry\/biosurfactant\/\"},{\"@type\":\"ListItem\",\"position\":4,\"name\":\"Lysophos Avian\"}]},{\"@type\":\"WebSite\",\"@id\":\"https:\/\/gelisimyemkatki.com\/en\/#website\",\"url\":\"https:\/\/gelisimyemkatki.com\/en\/\",\"name\":\"Geli\u015fim Yem Katk\u0131 \u00dcr\u00fcnleri\",\"description\":\"Maddeleri Tic. Ltd. \u015eti.\",\"potentialAction\":[{\"@type\":\"SearchAction\",\"target\":{\"@type\":\"EntryPoint\",\"urlTemplate\":\"https:\/\/gelisimyemkatki.com\/en\/?s={search_term_string}\"},\"query-input\":{\"@type\":\"PropertyValueSpecification\",\"valueRequired\":true,\"valueName\":\"search_term_string\"}}],\"inLanguage\":\"en-US\"}]}<\/script>\n<!-- \/ Yoast SEO Premium plugin. -->","yoast_head_json":{"title":"Lysophos Avian | Geli\u015fim Yem Katk\u0131","description":"It is an additive produced to increase resistance against diseases by strengthening the immune system of animals, to meet phospholipid needs, to protect the integrity of organs and tissues and to ensure regeneration with its antioxidant and regenerative effect.","robots":{"index":"index","follow":"follow","max-snippet":"max-snippet:-1","max-image-preview":"max-image-preview:large","max-video-preview":"max-video-preview:-1"},"canonical":"https:\/\/gelisimyemkatki.com\/en\/poultry\/biosurfactant\/lysophos-avian\/","og_locale":"en_US","og_type":"article","og_title":"Lysophos Avian","og_description":"It is an additive produced to increase resistance against diseases by strengthening the immune system of animals, to meet phospholipid needs, to protect the integrity of organs and tissues and to ensure regeneration with its antioxidant and regenerative effect.","og_url":"https:\/\/gelisimyemkatki.com\/en\/poultry\/biosurfactant\/lysophos-avian\/","og_site_name":"Geli\u015fim Yem Katk\u0131","article_modified_time":"2025-01-05T03:22:55+00:00","twitter_card":"summary_large_image","twitter_misc":{"Est. reading time":"1 minute"},"schema":{"@context":"https:\/\/schema.org","@graph":[{"@type":"WebPage","@id":"https:\/\/gelisimyemkatki.com\/en\/poultry\/biosurfactant\/lysophos-avian\/","url":"https:\/\/gelisimyemkatki.com\/en\/poultry\/biosurfactant\/lysophos-avian\/","name":"Lysophos Avian | Geli\u015fim Yem Katk\u0131","isPartOf":{"@id":"https:\/\/gelisimyemkatki.com\/en\/#website"},"datePublished":"2025-01-05T03:22:32+00:00","dateModified":"2025-01-05T03:22:55+00:00","description":"It is an additive produced to increase resistance against diseases by strengthening the immune system of animals, to meet phospholipid needs, to protect the integrity of organs and tissues and to ensure regeneration with its antioxidant and regenerative effect.","breadcrumb":{"@id":"https:\/\/gelisimyemkatki.com\/en\/poultry\/biosurfactant\/lysophos-avian\/#breadcrumb"},"inLanguage":"en-US","potentialAction":[{"@type":"ReadAction","target":["https:\/\/gelisimyemkatki.com\/en\/poultry\/biosurfactant\/lysophos-avian\/"]}]},{"@type":"BreadcrumbList","@id":"https:\/\/gelisimyemkatki.com\/en\/poultry\/biosurfactant\/lysophos-avian\/#breadcrumb","itemListElement":[{"@type":"ListItem","position":1,"name":"Home","item":"https:\/\/gelisimyemkatki.com\/en\/"},{"@type":"ListItem","position":2,"name":"Poultry","item":"https:\/\/gelisimyemkatki.com\/en\/poultry\/"},{"@type":"ListItem","position":3,"name":"Biosurfactant","item":"https:\/\/gelisimyemkatki.com\/en\/poultry\/biosurfactant\/"},{"@type":"ListItem","position":4,"name":"Lysophos Avian"}]},{"@type":"WebSite","@id":"https:\/\/gelisimyemkatki.com\/en\/#website","url":"https:\/\/gelisimyemkatki.com\/en\/","name":"Geli\u015fim Yem Katk\u0131 \u00dcr\u00fcnleri","description":"Maddeleri Tic. Ltd. \u015eti.","potentialAction":[{"@type":"SearchAction","target":{"@type":"EntryPoint","urlTemplate":"https:\/\/gelisimyemkatki.com\/en\/?s={search_term_string}"},"query-input":{"@type":"PropertyValueSpecification","valueRequired":true,"valueName":"search_term_string"}}],"inLanguage":"en-US"}]}},"_links":{"self":[{"href":"https:\/\/gelisimyemkatki.com\/en\/wp-json\/wp\/v2\/pages\/1656","targetHints":{"allow":["GET"]}}],"collection":[{"href":"https:\/\/gelisimyemkatki.com\/en\/wp-json\/wp\/v2\/pages"}],"about":[{"href":"https:\/\/gelisimyemkatki.com\/en\/wp-json\/wp\/v2\/types\/page"}],"author":[{"embeddable":true,"href":"https:\/\/gelisimyemkatki.com\/en\/wp-json\/wp\/v2\/users\/1"}],"replies":[{"embeddable":true,"href":"https:\/\/gelisimyemkatki.com\/en\/wp-json\/wp\/v2\/comments?post=1656"}],"version-history":[{"count":0,"href":"https:\/\/gelisimyemkatki.com\/en\/wp-json\/wp\/v2\/pages\/1656\/revisions"}],"up":[{"embeddable":true,"href":"https:\/\/gelisimyemkatki.com\/en\/wp-json\/wp\/v2\/pages\/1754"}],"wp:attachment":[{"href":"https:\/\/gelisimyemkatki.com\/en\/wp-json\/wp\/v2\/media?parent=1656"}],"curies":[{"name":"wp","href":"https:\/\/api.w.org\/{rel}","templated":true}]}}