{"id":1641,"date":"2025-01-05T06:22:13","date_gmt":"2025-01-05T03:22:13","guid":{"rendered":"https:\/\/gelisimyemkatki.com\/pet-products\/flavors\/lamb-meat-flavor-powder\/"},"modified":"2025-01-05T06:22:13","modified_gmt":"2025-01-05T03:22:13","slug":"lamb-meat-flavor-powder","status":"publish","type":"page","link":"https:\/\/gelisimyemkatki.com\/en\/pet-products\/flavors\/lamb-meat-flavor-powder\/","title":{"rendered":"Lamb Meat Flavor -Powder"},"content":{"rendered":"<div class=\"tg-wrap\">\n<table class=\"tg\">\n<tbody>\n<tr>\n<td class=\"tg-yla0\"><span style=\"font-weight: bold;\">PRODUCT CODE:<\/span><\/td>\n<td class=\"tg-yla0\" colspan=\"3\"><span style=\"font-weight: bold;\">ARM1210<\/span><\/td>\n<\/tr>\n<tr>\n<td class=\"tg-cly1\" colspan=\"4\"><span style=\"font-weight: normal;\">It is an additive produced to improve the taste and odor of feed in pet animals (usually cats).<\/span><\/td>\n<\/tr>\n<tr>\n<td class=\"tg-wa1i\" colspan=\"4\"><span style=\"font-weight: bold;\">COMPOSITION<\/span><\/td>\n<\/tr>\n<tr>\n<td class=\"tg-wa1i\"><span style=\"font-weight: bold;\">Identifier Number<\/span><\/td>\n<td class=\"tg-wa1i\"><span style=\"font-weight: bold;\">Active Substance<\/span><\/td>\n<td class=\"tg-wa1i\" colspan=\"2\"><span style=\"font-weight: bold;\">Level in Premix Units <\/span><\/td>\n<\/tr>\n<tr>\n<td class=\"tg-yla0\" colspan=\"4\"><span style=\"font-weight: bold;\">Nutritional Additives<\/span><\/td>\n<\/tr>\n<tr>\n<td class=\"tg-cly1\"><span style=\"font-weight: normal;\">E471<\/span><\/td>\n<td class=\"tg-fiw3\"><span style=\"font-weight: normal; color: #1f1f1f; background-color: #fff;\">Composition of fats of vegetable and animal origin<\/span><\/td>\n<td class=\"tg-cly1\"> <\/td>\n<td class=\"tg-cly1\"> <\/td>\n<\/tr>\n<tr>\n<td class=\"tg-yla0\" colspan=\"4\"><span style=\"font-weight: bold;\">Minerals<\/span><\/td>\n<\/tr>\n<tr>\n<td class=\"tg-cly1\"> <\/td>\n<td class=\"tg-fiw3\"><span style=\"font-weight: normal; color: #1f1f1f; background-color: #fff;\">13 types of sulfur<\/span><\/td>\n<td class=\"tg-cly1\"> <\/td>\n<td class=\"tg-cly1\"> <\/td>\n<\/tr>\n<tr>\n<td class=\"tg-yla0\" colspan=\"4\"><span style=\"font-weight: bold;\">Amino acids<\/span><\/td>\n<\/tr>\n<tr>\n<td class=\"tg-cly1\"> <\/td>\n<td class=\"tg-fiw3\"><span style=\"font-weight: normal; color: #1f1f1f; background-color: #fff;\">7 kinds of amino acids<\/span><\/td>\n<td class=\"tg-kcps\"> <\/td>\n<td class=\"tg-cly1\"> <\/td>\n<\/tr>\n<tr>\n<td class=\"tg-yla0\" colspan=\"4\"><span style=\"font-weight: bold;\">Mycotoxins<\/span><\/td>\n<\/tr>\n<tr>\n<td class=\"tg-kcps\"> <\/td>\n<td class=\"tg-fiw3\"><span style=\"font-weight: normal; color: #1f1f1f; background-color: #fff;\">B1+B2 and G1+G2<\/span><\/td>\n<td class=\"tg-mwxe\"><span style=\"font-weight: normal;\">&lt; 4.0<\/span><\/td>\n<td class=\"tg-4ub0\"><span style=\"font-weight: normal; color: #1f1f1f; background-color: #fff;\">ppb<\/span><\/td>\n<\/tr>\n<tr>\n<td class=\"tg-cly1\"> <\/td>\n<td class=\"tg-7zrl\"><span style=\"font-weight: normal;\">Aflatoxin B1<\/span><\/td>\n<td class=\"tg-mwxe\"><span style=\"font-weight: normal;\">&lt; 2.0<\/span><\/td>\n<td class=\"tg-4ub0\">ppb<\/td>\n<\/tr>\n<tr>\n<td class=\"tg-cly1\"> <\/td>\n<td class=\"tg-7zrl\"><span style=\"font-weight: normal;\">Ochratoxin <\/span><\/td>\n<td class=\"tg-mwxe\"><span style=\"font-weight: normal;\">&lt; 15<\/span><\/td>\n<td class=\"tg-4ub0\"><span style=\"font-weight: normal; color: #1f1f1f; background-color: #fff;\">ppb<\/span><\/td>\n<\/tr>\n<tr>\n<td class=\"tg-yla0\" colspan=\"4\"><span style=\"font-weight: bold;\">Contaminants Heavy Metals<\/span><\/td>\n<\/tr>\n<tr>\n<td class=\"tg-cly1\"> <\/td>\n<td class=\"tg-cly1\"><span style=\"font-weight: normal;\">Lead (Pb)<\/span><\/td>\n<td class=\"tg-mwxe\"><span style=\"font-weight: normal;\">&lt; 2<\/span><\/td>\n<td class=\"tg-mwxe\"><span style=\"font-weight: normal;\">ppm<\/span><\/td>\n<\/tr>\n<tr>\n<td class=\"tg-cly1\"> <\/td>\n<td class=\"tg-cly1\"><span style=\"font-weight: normal;\">Arsenic (As)<\/span><\/td>\n<td class=\"tg-mwxe\"><span style=\"font-weight: normal;\">&lt; 3 <\/span><\/td>\n<td class=\"tg-mwxe\"><span style=\"font-weight: normal;\">ppm<\/span><\/td>\n<\/tr>\n<tr>\n<td class=\"tg-cly1\"> <\/td>\n<td class=\"tg-cly1\"><span style=\"font-weight: normal;\">Mercury (Hg)<\/span><\/td>\n<td class=\"tg-mwxe\"><span style=\"font-weight: normal;\">&lt; 0.1<\/span><\/td>\n<td class=\"tg-mwxe\"><span style=\"font-weight: normal;\">ppm<\/span><\/td>\n<\/tr>\n<tr>\n<td class=\"tg-cly1\"> <\/td>\n<td class=\"tg-cly1\"><span style=\"font-weight: normal;\">Cadmium (Cd)<\/span><\/td>\n<td class=\"tg-mwxe\"><span style=\"font-weight: normal;\">&lt; 1<\/span><\/td>\n<td class=\"tg-mwxe\"><span style=\"font-weight: normal;\">ppm<\/span><\/td>\n<\/tr>\n<tr>\n<td class=\"tg-yla0\" colspan=\"4\"><span style=\"font-weight: bold;\">Natural Flavoring Ingredients<\/span><\/td>\n<\/tr>\n<tr>\n<td class=\"tg-cly1\"> <\/td>\n<td class=\"tg-cly1\"><span style=\"font-weight: normal;\">Lamb flavor (Powder form)<\/span><\/td>\n<td class=\"tg-mwxe\"><span style=\"font-weight: normal;\">10<\/span><\/td>\n<td class=\"tg-mwxe\"><span style=\"font-weight: normal;\">ml<\/span><\/td>\n<\/tr>\n<tr>\n<td class=\"tg-yla0\"><span style=\"font-weight: bold;\">INSTRUCTIONS FOR USE:<\/span><\/td>\n<td class=\"tg-cly1\" colspan=\"3\"><span style=\"font-weight: normal;\">It is recommended to use 1 kg per 1 ton of feed. Usage rates can be increased up to 3 &#8211; 6 kg depending on the ration and process.   <\/span><\/td>\n<\/tr>\n<tr>\n<td class=\"tg-yla0\"><span style=\"font-weight: bold;\">STORAGE CONDITIONS:<\/span><\/td>\n<td class=\"tg-cly1\" colspan=\"3\"><span style=\"font-weight: normal;\">Store in cool, dark and moisture-free conditions in its packaging.<\/span><\/td>\n<\/tr>\n<tr>\n<td class=\"tg-yla0\"><span style=\"font-weight: bold;\">WARNING:<\/span><\/td>\n<td class=\"tg-cly1\" colspan=\"3\"><span style=\"font-weight: normal;\">May contain trace amounts of germanium, zinc, vitamins A, B1, D and C. Must be consumed within 24 months from the date of production. <\/span><\/td>\n<\/tr>\n<\/tbody>\n<\/table>\n<\/div>\n","protected":false},"excerpt":{"rendered":"<p>PRODUCT CODE: ARM1210 It is an additive produced to improve the taste and odor of feed in pet animals (usually cats). COMPOSITION Identifier Number Active Substance Level in Premix Units Nutritional Additives E471 Composition of fats of vegetable and animal origin Minerals 13 types of sulfur Amino acids 7 kinds of amino acids Mycotoxins B1+B2 [&hellip;]<\/p>\n","protected":false},"author":1,"featured_media":0,"parent":1631,"menu_order":0,"comment_status":"closed","ping_status":"closed","template":"","meta":{"footnotes":""},"class_list":["post-1641","page","type-page","status-publish","hentry"],"yoast_head":"<!-- This site is optimized with the Yoast SEO Premium plugin v24.1 (Yoast SEO v26.6) - https:\/\/yoast.com\/wordpress\/plugins\/seo\/ -->\n<title>Lamb Meat Flavor -Powder | Geli\u015fim Yem Katk\u0131<\/title>\n<meta name=\"description\" content=\"It is an additive produced to improve the taste and odor of feed in pet animals (usually cats).\" \/>\n<meta name=\"robots\" content=\"index, follow, max-snippet:-1, max-image-preview:large, max-video-preview:-1\" \/>\n<link rel=\"canonical\" href=\"https:\/\/gelisimyemkatki.com\/en\/pet-products\/flavors\/lamb-meat-flavor-powder\/\" \/>\n<meta property=\"og:locale\" content=\"en_US\" \/>\n<meta property=\"og:type\" content=\"article\" \/>\n<meta property=\"og:title\" content=\"Lamb Meat Flavor -Powder\" \/>\n<meta property=\"og:description\" content=\"It is an additive produced to improve the taste and odor of feed in pet animals (usually cats).\" \/>\n<meta property=\"og:url\" content=\"https:\/\/gelisimyemkatki.com\/en\/pet-products\/flavors\/lamb-meat-flavor-powder\/\" \/>\n<meta property=\"og:site_name\" content=\"Geli\u015fim Yem Katk\u0131\" \/>\n<meta name=\"twitter:card\" content=\"summary_large_image\" \/>\n<meta name=\"twitter:label1\" content=\"Est. reading time\" \/>\n\t<meta name=\"twitter:data1\" content=\"1 minute\" \/>\n<script type=\"application\/ld+json\" class=\"yoast-schema-graph\">{\"@context\":\"https:\/\/schema.org\",\"@graph\":[{\"@type\":\"WebPage\",\"@id\":\"https:\/\/gelisimyemkatki.com\/en\/pet-products\/flavors\/lamb-meat-flavor-powder\/\",\"url\":\"https:\/\/gelisimyemkatki.com\/en\/pet-products\/flavors\/lamb-meat-flavor-powder\/\",\"name\":\"Lamb Meat Flavor -Powder | Geli\u015fim Yem Katk\u0131\",\"isPartOf\":{\"@id\":\"https:\/\/gelisimyemkatki.com\/en\/#website\"},\"datePublished\":\"2025-01-05T03:22:13+00:00\",\"description\":\"It is an additive produced to improve the taste and odor of feed in pet animals (usually cats).\",\"breadcrumb\":{\"@id\":\"https:\/\/gelisimyemkatki.com\/en\/pet-products\/flavors\/lamb-meat-flavor-powder\/#breadcrumb\"},\"inLanguage\":\"en-US\",\"potentialAction\":[{\"@type\":\"ReadAction\",\"target\":[\"https:\/\/gelisimyemkatki.com\/en\/pet-products\/flavors\/lamb-meat-flavor-powder\/\"]}]},{\"@type\":\"BreadcrumbList\",\"@id\":\"https:\/\/gelisimyemkatki.com\/en\/pet-products\/flavors\/lamb-meat-flavor-powder\/#breadcrumb\",\"itemListElement\":[{\"@type\":\"ListItem\",\"position\":1,\"name\":\"Home\",\"item\":\"https:\/\/gelisimyemkatki.com\/en\/\"},{\"@type\":\"ListItem\",\"position\":2,\"name\":\"Pet Products\",\"item\":\"https:\/\/gelisimyemkatki.com\/en\/pet-products\/\"},{\"@type\":\"ListItem\",\"position\":3,\"name\":\"Flavors\",\"item\":\"https:\/\/gelisimyemkatki.com\/en\/pet-products\/flavors\/\"},{\"@type\":\"ListItem\",\"position\":4,\"name\":\"Lamb Meat Flavor -Powder\"}]},{\"@type\":\"WebSite\",\"@id\":\"https:\/\/gelisimyemkatki.com\/en\/#website\",\"url\":\"https:\/\/gelisimyemkatki.com\/en\/\",\"name\":\"Geli\u015fim Yem Katk\u0131 \u00dcr\u00fcnleri\",\"description\":\"Maddeleri Tic. Ltd. \u015eti.\",\"potentialAction\":[{\"@type\":\"SearchAction\",\"target\":{\"@type\":\"EntryPoint\",\"urlTemplate\":\"https:\/\/gelisimyemkatki.com\/en\/?s={search_term_string}\"},\"query-input\":{\"@type\":\"PropertyValueSpecification\",\"valueRequired\":true,\"valueName\":\"search_term_string\"}}],\"inLanguage\":\"en-US\"}]}<\/script>\n<!-- \/ Yoast SEO Premium plugin. -->","yoast_head_json":{"title":"Lamb Meat Flavor -Powder | Geli\u015fim Yem Katk\u0131","description":"It is an additive produced to improve the taste and odor of feed in pet animals (usually cats).","robots":{"index":"index","follow":"follow","max-snippet":"max-snippet:-1","max-image-preview":"max-image-preview:large","max-video-preview":"max-video-preview:-1"},"canonical":"https:\/\/gelisimyemkatki.com\/en\/pet-products\/flavors\/lamb-meat-flavor-powder\/","og_locale":"en_US","og_type":"article","og_title":"Lamb Meat Flavor -Powder","og_description":"It is an additive produced to improve the taste and odor of feed in pet animals (usually cats).","og_url":"https:\/\/gelisimyemkatki.com\/en\/pet-products\/flavors\/lamb-meat-flavor-powder\/","og_site_name":"Geli\u015fim Yem Katk\u0131","twitter_card":"summary_large_image","twitter_misc":{"Est. reading time":"1 minute"},"schema":{"@context":"https:\/\/schema.org","@graph":[{"@type":"WebPage","@id":"https:\/\/gelisimyemkatki.com\/en\/pet-products\/flavors\/lamb-meat-flavor-powder\/","url":"https:\/\/gelisimyemkatki.com\/en\/pet-products\/flavors\/lamb-meat-flavor-powder\/","name":"Lamb Meat Flavor -Powder | Geli\u015fim Yem Katk\u0131","isPartOf":{"@id":"https:\/\/gelisimyemkatki.com\/en\/#website"},"datePublished":"2025-01-05T03:22:13+00:00","description":"It is an additive produced to improve the taste and odor of feed in pet animals (usually cats).","breadcrumb":{"@id":"https:\/\/gelisimyemkatki.com\/en\/pet-products\/flavors\/lamb-meat-flavor-powder\/#breadcrumb"},"inLanguage":"en-US","potentialAction":[{"@type":"ReadAction","target":["https:\/\/gelisimyemkatki.com\/en\/pet-products\/flavors\/lamb-meat-flavor-powder\/"]}]},{"@type":"BreadcrumbList","@id":"https:\/\/gelisimyemkatki.com\/en\/pet-products\/flavors\/lamb-meat-flavor-powder\/#breadcrumb","itemListElement":[{"@type":"ListItem","position":1,"name":"Home","item":"https:\/\/gelisimyemkatki.com\/en\/"},{"@type":"ListItem","position":2,"name":"Pet Products","item":"https:\/\/gelisimyemkatki.com\/en\/pet-products\/"},{"@type":"ListItem","position":3,"name":"Flavors","item":"https:\/\/gelisimyemkatki.com\/en\/pet-products\/flavors\/"},{"@type":"ListItem","position":4,"name":"Lamb Meat Flavor -Powder"}]},{"@type":"WebSite","@id":"https:\/\/gelisimyemkatki.com\/en\/#website","url":"https:\/\/gelisimyemkatki.com\/en\/","name":"Geli\u015fim Yem Katk\u0131 \u00dcr\u00fcnleri","description":"Maddeleri Tic. Ltd. \u015eti.","potentialAction":[{"@type":"SearchAction","target":{"@type":"EntryPoint","urlTemplate":"https:\/\/gelisimyemkatki.com\/en\/?s={search_term_string}"},"query-input":{"@type":"PropertyValueSpecification","valueRequired":true,"valueName":"search_term_string"}}],"inLanguage":"en-US"}]}},"_links":{"self":[{"href":"https:\/\/gelisimyemkatki.com\/en\/wp-json\/wp\/v2\/pages\/1641","targetHints":{"allow":["GET"]}}],"collection":[{"href":"https:\/\/gelisimyemkatki.com\/en\/wp-json\/wp\/v2\/pages"}],"about":[{"href":"https:\/\/gelisimyemkatki.com\/en\/wp-json\/wp\/v2\/types\/page"}],"author":[{"embeddable":true,"href":"https:\/\/gelisimyemkatki.com\/en\/wp-json\/wp\/v2\/users\/1"}],"replies":[{"embeddable":true,"href":"https:\/\/gelisimyemkatki.com\/en\/wp-json\/wp\/v2\/comments?post=1641"}],"version-history":[{"count":0,"href":"https:\/\/gelisimyemkatki.com\/en\/wp-json\/wp\/v2\/pages\/1641\/revisions"}],"up":[{"embeddable":true,"href":"https:\/\/gelisimyemkatki.com\/en\/wp-json\/wp\/v2\/pages\/1631"}],"wp:attachment":[{"href":"https:\/\/gelisimyemkatki.com\/en\/wp-json\/wp\/v2\/media?parent=1641"}],"curies":[{"name":"wp","href":"https:\/\/api.w.org\/{rel}","templated":true}]}}