{"id":1636,"date":"2025-01-05T06:22:11","date_gmt":"2025-01-05T03:22:11","guid":{"rendered":"https:\/\/gelisimyemkatki.com\/horse-products\/pure-salmon-oil\/"},"modified":"2025-01-05T18:58:26","modified_gmt":"2025-01-05T15:58:26","slug":"pure-salmon-oil","status":"publish","type":"page","link":"https:\/\/gelisimyemkatki.com\/en\/horse-products\/pure-salmon-oil\/","title":{"rendered":"Pure Salmon Oil"},"content":{"rendered":"<div class=\"tg-wrap\">\n<table class=\"tg\">\n<tbody>\n<tr>\n<td class=\"tg-yla0\"><span style=\"font-weight: bold;\">PRODUCT CODE:<\/span><\/td>\n<td class=\"tg-yla0\" colspan=\"3\"><span style=\"font-weight: bold;\">BF2400<\/span><\/td>\n<\/tr>\n<tr>\n<td class=\"tg-cly1\" colspan=\"4\"><span style=\"font-weight: normal;\">It is an additive produced to reduce the bad odor caused by ammonia, sulfuric acid and other gases in pet animals and to regulate the intestinal flora.<\/span><\/td>\n<\/tr>\n<tr>\n<td class=\"tg-wa1i\" colspan=\"4\"><span style=\"font-weight: bold;\">COMPOSITION<\/span><\/td>\n<\/tr>\n<tr>\n<td class=\"tg-wa1i\"><span style=\"font-weight: bold;\">Identifier Number<\/span><\/td>\n<td class=\"tg-wa1i\" style=\"text-align: left;\"><span style=\"font-weight: bold;\">Active Substance<\/span><\/td>\n<td class=\"tg-wa1i\" colspan=\"2\"><span style=\"font-weight: bold;\">Level in Premix Units (Per 1 kg)<\/span><\/td>\n<\/tr>\n<tr>\n<td class=\"tg-yla0\" colspan=\"4\"><span style=\"font-weight: bold;\">Aromatic Compounds<\/span><\/td>\n<\/tr>\n<tr>\n<td class=\"tg-fiw3\"><span style=\"font-weight: normal; color: #1f1f1f; background-color: #fff;\">2b<\/span><\/td>\n<td class=\"tg-cly1\"><span style=\"font-weight: normal;\">Yucca Schidigera (active ingredient Saponin 12%)<\/span><\/td>\n<td class=\"tg-mwxe\"><span style=\"font-weight: normal;\">240.000<\/span><\/td>\n<td class=\"tg-mwxe\"><span style=\"font-weight: normal;\">mg<\/span><\/td>\n<\/tr>\n<tr>\n<td class=\"tg-yla0\" colspan=\"4\"><span style=\"font-weight: bold;\">Functional Group: Carriers<\/span><\/td>\n<\/tr>\n<tr>\n<td class=\"tg-cly1\"><span style=\"font-weight: normal;\">11.1.1 &#8211; E170<\/span><\/td>\n<td class=\"tg-cly1\"><span style=\"font-weight: normal;\">Calcium carbonate (CaCO3)<\/span><\/td>\n<td class=\"tg-mwxe\"><span style=\"font-weight: normal;\">760.000<\/span><\/td>\n<td class=\"tg-4ub0\"><span style=\"font-weight: normal; color: #1f1f1f; background-color: #fff;\">mg<\/span><\/td>\n<\/tr>\n<tr>\n<td class=\"tg-yla0\"><span style=\"font-weight: bold;\">INSTRUCTIONS FOR USE:<\/span><\/td>\n<td class=\"tg-ktyi\">It is recommended to use between 1 &#8211; 2 kg per 1 ton of feed in pet animals.<\/td>\n<td class=\"tg-cly1\"> <\/td>\n<td class=\"tg-cly1\"> <\/td>\n<\/tr>\n<tr>\n<td class=\"tg-yla0\"><span style=\"font-weight: bold;\">STORAGE CONDITIONS:<\/span><\/td>\n<td class=\"tg-cly1\" colspan=\"3\"><span style=\"font-weight: normal;\">Store in cool, dark and moisture-free conditions in its packaging.<\/span><\/td>\n<\/tr>\n<tr>\n<td class=\"tg-yla0\"><span style=\"font-weight: bold;\">WARNING:<\/span><\/td>\n<td class=\"tg-7zrl\" colspan=\"3\"><span style=\"font-weight: normal;\">Must be consumed within 24 months from the date of production.<\/span><\/td>\n<\/tr>\n<\/tbody>\n<\/table>\n<\/div>\n","protected":false},"excerpt":{"rendered":"<p>PRODUCT CODE: BF2400 It is an additive produced to reduce the bad odor caused by ammonia, sulfuric acid and other gases in pet animals and to regulate the intestinal flora. COMPOSITION Identifier Number Active Substance Level in Premix Units (Per 1 kg) Aromatic Compounds 2b Yucca Schidigera (active ingredient Saponin 12%) 240.000 mg Functional Group: [&hellip;]<\/p>\n","protected":false},"author":1,"featured_media":0,"parent":1626,"menu_order":5,"comment_status":"closed","ping_status":"closed","template":"","meta":{"footnotes":""},"class_list":["post-1636","page","type-page","status-publish","hentry"],"yoast_head":"<!-- This site is optimized with the Yoast SEO Premium plugin v24.1 (Yoast SEO v26.6) - https:\/\/yoast.com\/wordpress\/plugins\/seo\/ -->\n<title>Pure Salmon Oil | Geli\u015fim Yem Katk\u0131<\/title>\n<meta name=\"description\" content=\"It is an additive produced to meet the omega-3 needs of horses, shine their hair, improve their skin structure and meet their energy needs.\" \/>\n<meta name=\"robots\" content=\"index, follow, max-snippet:-1, max-image-preview:large, max-video-preview:-1\" \/>\n<link rel=\"canonical\" href=\"https:\/\/gelisimyemkatki.com\/en\/horse-products\/pure-salmon-oil\/\" \/>\n<meta property=\"og:locale\" content=\"en_US\" \/>\n<meta property=\"og:type\" content=\"article\" \/>\n<meta property=\"og:title\" content=\"Pure Salmon Oil\" \/>\n<meta property=\"og:description\" content=\"It is an additive produced to meet the omega-3 needs of horses, shine their hair, improve their skin structure and meet their energy needs.\" \/>\n<meta property=\"og:url\" content=\"https:\/\/gelisimyemkatki.com\/en\/horse-products\/pure-salmon-oil\/\" \/>\n<meta property=\"og:site_name\" content=\"Geli\u015fim Yem Katk\u0131\" \/>\n<meta property=\"article:modified_time\" content=\"2025-01-05T15:58:26+00:00\" \/>\n<meta name=\"twitter:card\" content=\"summary_large_image\" \/>\n<meta name=\"twitter:label1\" content=\"Est. reading time\" \/>\n\t<meta name=\"twitter:data1\" content=\"1 minute\" \/>\n<script type=\"application\/ld+json\" class=\"yoast-schema-graph\">{\"@context\":\"https:\/\/schema.org\",\"@graph\":[{\"@type\":\"WebPage\",\"@id\":\"https:\/\/gelisimyemkatki.com\/en\/horse-products\/pure-salmon-oil\/\",\"url\":\"https:\/\/gelisimyemkatki.com\/en\/horse-products\/pure-salmon-oil\/\",\"name\":\"Pure Salmon Oil | Geli\u015fim Yem Katk\u0131\",\"isPartOf\":{\"@id\":\"https:\/\/gelisimyemkatki.com\/en\/#website\"},\"datePublished\":\"2025-01-05T03:22:11+00:00\",\"dateModified\":\"2025-01-05T15:58:26+00:00\",\"description\":\"It is an additive produced to meet the omega-3 needs of horses, shine their hair, improve their skin structure and meet their energy needs.\",\"breadcrumb\":{\"@id\":\"https:\/\/gelisimyemkatki.com\/en\/horse-products\/pure-salmon-oil\/#breadcrumb\"},\"inLanguage\":\"en-US\",\"potentialAction\":[{\"@type\":\"ReadAction\",\"target\":[\"https:\/\/gelisimyemkatki.com\/en\/horse-products\/pure-salmon-oil\/\"]}]},{\"@type\":\"BreadcrumbList\",\"@id\":\"https:\/\/gelisimyemkatki.com\/en\/horse-products\/pure-salmon-oil\/#breadcrumb\",\"itemListElement\":[{\"@type\":\"ListItem\",\"position\":1,\"name\":\"Home\",\"item\":\"https:\/\/gelisimyemkatki.com\/en\/\"},{\"@type\":\"ListItem\",\"position\":2,\"name\":\"Horse Products\",\"item\":\"https:\/\/gelisimyemkatki.com\/en\/horse-products\/\"},{\"@type\":\"ListItem\",\"position\":3,\"name\":\"Pure Salmon Oil\"}]},{\"@type\":\"WebSite\",\"@id\":\"https:\/\/gelisimyemkatki.com\/en\/#website\",\"url\":\"https:\/\/gelisimyemkatki.com\/en\/\",\"name\":\"Geli\u015fim Yem Katk\u0131 \u00dcr\u00fcnleri\",\"description\":\"Maddeleri Tic. Ltd. \u015eti.\",\"potentialAction\":[{\"@type\":\"SearchAction\",\"target\":{\"@type\":\"EntryPoint\",\"urlTemplate\":\"https:\/\/gelisimyemkatki.com\/en\/?s={search_term_string}\"},\"query-input\":{\"@type\":\"PropertyValueSpecification\",\"valueRequired\":true,\"valueName\":\"search_term_string\"}}],\"inLanguage\":\"en-US\"}]}<\/script>\n<!-- \/ Yoast SEO Premium plugin. -->","yoast_head_json":{"title":"Pure Salmon Oil | Geli\u015fim Yem Katk\u0131","description":"It is an additive produced to meet the omega-3 needs of horses, shine their hair, improve their skin structure and meet their energy needs.","robots":{"index":"index","follow":"follow","max-snippet":"max-snippet:-1","max-image-preview":"max-image-preview:large","max-video-preview":"max-video-preview:-1"},"canonical":"https:\/\/gelisimyemkatki.com\/en\/horse-products\/pure-salmon-oil\/","og_locale":"en_US","og_type":"article","og_title":"Pure Salmon Oil","og_description":"It is an additive produced to meet the omega-3 needs of horses, shine their hair, improve their skin structure and meet their energy needs.","og_url":"https:\/\/gelisimyemkatki.com\/en\/horse-products\/pure-salmon-oil\/","og_site_name":"Geli\u015fim Yem Katk\u0131","article_modified_time":"2025-01-05T15:58:26+00:00","twitter_card":"summary_large_image","twitter_misc":{"Est. reading time":"1 minute"},"schema":{"@context":"https:\/\/schema.org","@graph":[{"@type":"WebPage","@id":"https:\/\/gelisimyemkatki.com\/en\/horse-products\/pure-salmon-oil\/","url":"https:\/\/gelisimyemkatki.com\/en\/horse-products\/pure-salmon-oil\/","name":"Pure Salmon Oil | Geli\u015fim Yem Katk\u0131","isPartOf":{"@id":"https:\/\/gelisimyemkatki.com\/en\/#website"},"datePublished":"2025-01-05T03:22:11+00:00","dateModified":"2025-01-05T15:58:26+00:00","description":"It is an additive produced to meet the omega-3 needs of horses, shine their hair, improve their skin structure and meet their energy needs.","breadcrumb":{"@id":"https:\/\/gelisimyemkatki.com\/en\/horse-products\/pure-salmon-oil\/#breadcrumb"},"inLanguage":"en-US","potentialAction":[{"@type":"ReadAction","target":["https:\/\/gelisimyemkatki.com\/en\/horse-products\/pure-salmon-oil\/"]}]},{"@type":"BreadcrumbList","@id":"https:\/\/gelisimyemkatki.com\/en\/horse-products\/pure-salmon-oil\/#breadcrumb","itemListElement":[{"@type":"ListItem","position":1,"name":"Home","item":"https:\/\/gelisimyemkatki.com\/en\/"},{"@type":"ListItem","position":2,"name":"Horse Products","item":"https:\/\/gelisimyemkatki.com\/en\/horse-products\/"},{"@type":"ListItem","position":3,"name":"Pure Salmon Oil"}]},{"@type":"WebSite","@id":"https:\/\/gelisimyemkatki.com\/en\/#website","url":"https:\/\/gelisimyemkatki.com\/en\/","name":"Geli\u015fim Yem Katk\u0131 \u00dcr\u00fcnleri","description":"Maddeleri Tic. Ltd. \u015eti.","potentialAction":[{"@type":"SearchAction","target":{"@type":"EntryPoint","urlTemplate":"https:\/\/gelisimyemkatki.com\/en\/?s={search_term_string}"},"query-input":{"@type":"PropertyValueSpecification","valueRequired":true,"valueName":"search_term_string"}}],"inLanguage":"en-US"}]}},"_links":{"self":[{"href":"https:\/\/gelisimyemkatki.com\/en\/wp-json\/wp\/v2\/pages\/1636","targetHints":{"allow":["GET"]}}],"collection":[{"href":"https:\/\/gelisimyemkatki.com\/en\/wp-json\/wp\/v2\/pages"}],"about":[{"href":"https:\/\/gelisimyemkatki.com\/en\/wp-json\/wp\/v2\/types\/page"}],"author":[{"embeddable":true,"href":"https:\/\/gelisimyemkatki.com\/en\/wp-json\/wp\/v2\/users\/1"}],"replies":[{"embeddable":true,"href":"https:\/\/gelisimyemkatki.com\/en\/wp-json\/wp\/v2\/comments?post=1636"}],"version-history":[{"count":0,"href":"https:\/\/gelisimyemkatki.com\/en\/wp-json\/wp\/v2\/pages\/1636\/revisions"}],"up":[{"embeddable":true,"href":"https:\/\/gelisimyemkatki.com\/en\/wp-json\/wp\/v2\/pages\/1626"}],"wp:attachment":[{"href":"https:\/\/gelisimyemkatki.com\/en\/wp-json\/wp\/v2\/media?parent=1636"}],"curies":[{"name":"wp","href":"https:\/\/api.w.org\/{rel}","templated":true}]}}