{"id":1632,"date":"2025-01-05T06:22:09","date_gmt":"2025-01-05T03:22:09","guid":{"rendered":"https:\/\/gelisimyemkatki.com\/poultry\/amino-acids\/choline-chloride-60\/"},"modified":"2025-01-05T06:22:09","modified_gmt":"2025-01-05T03:22:09","slug":"choline-chloride-60","status":"publish","type":"page","link":"https:\/\/gelisimyemkatki.com\/en\/poultry\/amino-acids\/choline-chloride-60\/","title":{"rendered":"Choline Chloride 60"},"content":{"rendered":"<div class=\"tg-wrap\">\n<table class=\"tg\">\n<tbody>\n<tr>\n<td class=\"tg-yla0\"><span style=\"font-weight: bold;\">PRODUCT CODE:<\/span><\/td>\n<td class=\"tg-yla0\" colspan=\"3\"><span style=\"font-weight: bold;\">VM2710<\/span><\/td>\n<\/tr>\n<tr>\n<td class=\"tg-cly1\" colspan=\"4\">It is an additive produced to protect liver health, support brain functions, regulate fat metabolism and improve reproductive health in animals.<\/td>\n<\/tr>\n<tr>\n<td class=\"tg-yla0\" colspan=\"4\"><span style=\"font-weight: bold;\">COMPOSITION<\/span><\/td>\n<\/tr>\n<tr>\n<td class=\"tg-yla0\"><span style=\"font-weight: bold;\">Identifier Number<\/span><\/td>\n<td class=\"tg-yla0\"><span style=\"font-weight: bold;\">Active Substance<\/span><\/td>\n<td class=\"tg-yla0\" colspan=\"2\"><span style=\"font-weight: bold;\">Level in Premix Units<\/span><\/td>\n<\/tr>\n<tr>\n<td class=\"tg-yla0\" colspan=\"4\"><span style=\"font-weight: bold;\">Chemical Components<\/span><\/td>\n<\/tr>\n<tr>\n<td class=\"tg-soni\"><span style=\"color: #1f1f1f;\">3a890<\/span><\/td>\n<td class=\"tg-cly1\">Choline chloride<\/td>\n<td class=\"tg-cly1\">60.3<\/td>\n<td class=\"tg-cly1\">%<\/td>\n<\/tr>\n<tr>\n<td class=\"tg-yla0\" colspan=\"4\"><span style=\"font-weight: bold;\">Physical Properties<\/span><\/td>\n<\/tr>\n<tr>\n<td class=\"tg-cly1\"> <\/td>\n<td class=\"tg-cly1\">Color<\/td>\n<td class=\"tg-cly1\" colspan=\"2\">Yellow &#8211; brown<\/td>\n<\/tr>\n<tr>\n<td class=\"tg-cly1\"> <\/td>\n<td class=\"tg-cly1\">Appearance<\/td>\n<td class=\"tg-cly1\" colspan=\"2\">Dry granules<\/td>\n<\/tr>\n<tr>\n<td class=\"tg-cly1\"> <\/td>\n<td class=\"tg-cly1\">Permeability<\/td>\n<td class=\"tg-cly1\">96<\/td>\n<td class=\"tg-cly1\">%<\/td>\n<\/tr>\n<tr>\n<td class=\"tg-cly1\"> <\/td>\n<td class=\"tg-cly1\">Loss on drying<\/td>\n<td class=\"tg-cly1\">0.3<\/td>\n<td class=\"tg-cly1\">%<\/td>\n<\/tr>\n<tr>\n<td class=\"tg-yla0\" colspan=\"4\"><span style=\"font-weight: bold;\">Chemical Properties<\/span><\/td>\n<\/tr>\n<tr>\n<td class=\"tg-cly1\"> <\/td>\n<td class=\"tg-cly1\">Free amine \/ ammonia<\/td>\n<td class=\"tg-cly1\">0.02<\/td>\n<td class=\"tg-cly1\">%<\/td>\n<\/tr>\n<tr>\n<td class=\"tg-yla0\" colspan=\"4\"><span style=\"font-weight: bold;\">Contaminants Heavy Metals<\/span><\/td>\n<\/tr>\n<tr>\n<td class=\"tg-cly1\"> <\/td>\n<td class=\"tg-cly1\">Lead (Pb)<\/td>\n<td class=\"tg-cly1\">&lt; 20<\/td>\n<td class=\"tg-cly1\">mg\/kg<\/td>\n<\/tr>\n<tr>\n<td class=\"tg-cly1\"> <\/td>\n<td class=\"tg-cly1\">Arsenic (As)<\/td>\n<td class=\"tg-cly1\">0.21<\/td>\n<td class=\"tg-cly1\">mg\/kg<\/td>\n<\/tr>\n<tr>\n<td class=\"tg-yla0\" colspan=\"4\"><span style=\"font-weight: bold;\">Low Energy Source: Fiber Source<\/span><\/td>\n<\/tr>\n<tr>\n<td class=\"tg-cly1\"> <\/td>\n<td class=\"tg-cly1\">Corn cob<\/td>\n<td class=\"tg-cly1\"> <\/td>\n<td class=\"tg-cly1\"> <\/td>\n<\/tr>\n<tr>\n<td class=\"tg-yla0\"><span style=\"font-weight: bold;\">INSTRUCTIONS FOR USE:<\/span><\/td>\n<td class=\"tg-cly1\" colspan=\"3\"> <\/td>\n<\/tr>\n<tr>\n<td class=\"tg-yla0\"><span style=\"font-weight: bold;\">STORAGE CONDITIONS:<\/span><\/td>\n<td class=\"tg-cly1\" colspan=\"3\">Store in cool, dark and moisture-free conditions in its packaging.<\/td>\n<\/tr>\n<tr>\n<td class=\"tg-yla0\"><span style=\"font-weight: bold;\">WARNING:<\/span><\/td>\n<td class=\"tg-7zrl\" colspan=\"3\">Must be consumed within 24 months from the date of production.<\/td>\n<\/tr>\n<\/tbody>\n<\/table>\n<\/div>\n","protected":false},"excerpt":{"rendered":"<p>PRODUCT CODE: VM2710 It is an additive produced to protect liver health, support brain functions, regulate fat metabolism and improve reproductive health in animals. COMPOSITION Identifier Number Active Substance Level in Premix Units Chemical Components 3a890 Choline chloride 60.3 % Physical Properties Color Yellow &#8211; brown Appearance Dry granules Permeability 96 % Loss on drying [&hellip;]<\/p>\n","protected":false},"author":1,"featured_media":0,"parent":1548,"menu_order":0,"comment_status":"closed","ping_status":"closed","template":"","meta":{"footnotes":""},"class_list":["post-1632","page","type-page","status-publish","hentry"],"yoast_head":"<!-- This site is optimized with the Yoast SEO Premium plugin v24.1 (Yoast SEO v26.6) - https:\/\/yoast.com\/wordpress\/plugins\/seo\/ -->\n<title>Choline Chloride 60 | Geli\u015fim Yem Katk\u0131<\/title>\n<meta name=\"description\" content=\"It is an additive produced to protect liver health, support brain functions, regulate fat metabolism and improve reproductive health in animals.\" \/>\n<meta name=\"robots\" content=\"index, follow, max-snippet:-1, max-image-preview:large, max-video-preview:-1\" \/>\n<link rel=\"canonical\" href=\"https:\/\/gelisimyemkatki.com\/en\/poultry\/amino-acids\/choline-chloride-60\/\" \/>\n<meta property=\"og:locale\" content=\"en_US\" \/>\n<meta property=\"og:type\" content=\"article\" \/>\n<meta property=\"og:title\" content=\"Choline Chloride 60\" \/>\n<meta property=\"og:description\" content=\"It is an additive produced to protect liver health, support brain functions, regulate fat metabolism and improve reproductive health in animals.\" \/>\n<meta property=\"og:url\" content=\"https:\/\/gelisimyemkatki.com\/en\/poultry\/amino-acids\/choline-chloride-60\/\" \/>\n<meta property=\"og:site_name\" content=\"Geli\u015fim Yem Katk\u0131\" \/>\n<meta name=\"twitter:card\" content=\"summary_large_image\" \/>\n<meta name=\"twitter:label1\" content=\"Est. reading time\" \/>\n\t<meta name=\"twitter:data1\" content=\"1 minute\" \/>\n<script type=\"application\/ld+json\" class=\"yoast-schema-graph\">{\"@context\":\"https:\/\/schema.org\",\"@graph\":[{\"@type\":\"WebPage\",\"@id\":\"https:\/\/gelisimyemkatki.com\/en\/poultry\/amino-acids\/choline-chloride-60\/\",\"url\":\"https:\/\/gelisimyemkatki.com\/en\/poultry\/amino-acids\/choline-chloride-60\/\",\"name\":\"Choline Chloride 60 | Geli\u015fim Yem Katk\u0131\",\"isPartOf\":{\"@id\":\"https:\/\/gelisimyemkatki.com\/en\/#website\"},\"datePublished\":\"2025-01-05T03:22:09+00:00\",\"description\":\"It is an additive produced to protect liver health, support brain functions, regulate fat metabolism and improve reproductive health in animals.\",\"breadcrumb\":{\"@id\":\"https:\/\/gelisimyemkatki.com\/en\/poultry\/amino-acids\/choline-chloride-60\/#breadcrumb\"},\"inLanguage\":\"en-US\",\"potentialAction\":[{\"@type\":\"ReadAction\",\"target\":[\"https:\/\/gelisimyemkatki.com\/en\/poultry\/amino-acids\/choline-chloride-60\/\"]}]},{\"@type\":\"BreadcrumbList\",\"@id\":\"https:\/\/gelisimyemkatki.com\/en\/poultry\/amino-acids\/choline-chloride-60\/#breadcrumb\",\"itemListElement\":[{\"@type\":\"ListItem\",\"position\":1,\"name\":\"Home\",\"item\":\"https:\/\/gelisimyemkatki.com\/en\/\"},{\"@type\":\"ListItem\",\"position\":2,\"name\":\"Poultry\",\"item\":\"https:\/\/gelisimyemkatki.com\/en\/poultry\/\"},{\"@type\":\"ListItem\",\"position\":3,\"name\":\"Amino Acids\",\"item\":\"https:\/\/gelisimyemkatki.com\/en\/poultry\/amino-acids\/\"},{\"@type\":\"ListItem\",\"position\":4,\"name\":\"Choline Chloride 60\"}]},{\"@type\":\"WebSite\",\"@id\":\"https:\/\/gelisimyemkatki.com\/en\/#website\",\"url\":\"https:\/\/gelisimyemkatki.com\/en\/\",\"name\":\"Geli\u015fim Yem Katk\u0131 \u00dcr\u00fcnleri\",\"description\":\"Maddeleri Tic. Ltd. \u015eti.\",\"potentialAction\":[{\"@type\":\"SearchAction\",\"target\":{\"@type\":\"EntryPoint\",\"urlTemplate\":\"https:\/\/gelisimyemkatki.com\/en\/?s={search_term_string}\"},\"query-input\":{\"@type\":\"PropertyValueSpecification\",\"valueRequired\":true,\"valueName\":\"search_term_string\"}}],\"inLanguage\":\"en-US\"}]}<\/script>\n<!-- \/ Yoast SEO Premium plugin. -->","yoast_head_json":{"title":"Choline Chloride 60 | Geli\u015fim Yem Katk\u0131","description":"It is an additive produced to protect liver health, support brain functions, regulate fat metabolism and improve reproductive health in animals.","robots":{"index":"index","follow":"follow","max-snippet":"max-snippet:-1","max-image-preview":"max-image-preview:large","max-video-preview":"max-video-preview:-1"},"canonical":"https:\/\/gelisimyemkatki.com\/en\/poultry\/amino-acids\/choline-chloride-60\/","og_locale":"en_US","og_type":"article","og_title":"Choline Chloride 60","og_description":"It is an additive produced to protect liver health, support brain functions, regulate fat metabolism and improve reproductive health in animals.","og_url":"https:\/\/gelisimyemkatki.com\/en\/poultry\/amino-acids\/choline-chloride-60\/","og_site_name":"Geli\u015fim Yem Katk\u0131","twitter_card":"summary_large_image","twitter_misc":{"Est. reading time":"1 minute"},"schema":{"@context":"https:\/\/schema.org","@graph":[{"@type":"WebPage","@id":"https:\/\/gelisimyemkatki.com\/en\/poultry\/amino-acids\/choline-chloride-60\/","url":"https:\/\/gelisimyemkatki.com\/en\/poultry\/amino-acids\/choline-chloride-60\/","name":"Choline Chloride 60 | Geli\u015fim Yem Katk\u0131","isPartOf":{"@id":"https:\/\/gelisimyemkatki.com\/en\/#website"},"datePublished":"2025-01-05T03:22:09+00:00","description":"It is an additive produced to protect liver health, support brain functions, regulate fat metabolism and improve reproductive health in animals.","breadcrumb":{"@id":"https:\/\/gelisimyemkatki.com\/en\/poultry\/amino-acids\/choline-chloride-60\/#breadcrumb"},"inLanguage":"en-US","potentialAction":[{"@type":"ReadAction","target":["https:\/\/gelisimyemkatki.com\/en\/poultry\/amino-acids\/choline-chloride-60\/"]}]},{"@type":"BreadcrumbList","@id":"https:\/\/gelisimyemkatki.com\/en\/poultry\/amino-acids\/choline-chloride-60\/#breadcrumb","itemListElement":[{"@type":"ListItem","position":1,"name":"Home","item":"https:\/\/gelisimyemkatki.com\/en\/"},{"@type":"ListItem","position":2,"name":"Poultry","item":"https:\/\/gelisimyemkatki.com\/en\/poultry\/"},{"@type":"ListItem","position":3,"name":"Amino Acids","item":"https:\/\/gelisimyemkatki.com\/en\/poultry\/amino-acids\/"},{"@type":"ListItem","position":4,"name":"Choline Chloride 60"}]},{"@type":"WebSite","@id":"https:\/\/gelisimyemkatki.com\/en\/#website","url":"https:\/\/gelisimyemkatki.com\/en\/","name":"Geli\u015fim Yem Katk\u0131 \u00dcr\u00fcnleri","description":"Maddeleri Tic. Ltd. \u015eti.","potentialAction":[{"@type":"SearchAction","target":{"@type":"EntryPoint","urlTemplate":"https:\/\/gelisimyemkatki.com\/en\/?s={search_term_string}"},"query-input":{"@type":"PropertyValueSpecification","valueRequired":true,"valueName":"search_term_string"}}],"inLanguage":"en-US"}]}},"_links":{"self":[{"href":"https:\/\/gelisimyemkatki.com\/en\/wp-json\/wp\/v2\/pages\/1632","targetHints":{"allow":["GET"]}}],"collection":[{"href":"https:\/\/gelisimyemkatki.com\/en\/wp-json\/wp\/v2\/pages"}],"about":[{"href":"https:\/\/gelisimyemkatki.com\/en\/wp-json\/wp\/v2\/types\/page"}],"author":[{"embeddable":true,"href":"https:\/\/gelisimyemkatki.com\/en\/wp-json\/wp\/v2\/users\/1"}],"replies":[{"embeddable":true,"href":"https:\/\/gelisimyemkatki.com\/en\/wp-json\/wp\/v2\/comments?post=1632"}],"version-history":[{"count":0,"href":"https:\/\/gelisimyemkatki.com\/en\/wp-json\/wp\/v2\/pages\/1632\/revisions"}],"up":[{"embeddable":true,"href":"https:\/\/gelisimyemkatki.com\/en\/wp-json\/wp\/v2\/pages\/1548"}],"wp:attachment":[{"href":"https:\/\/gelisimyemkatki.com\/en\/wp-json\/wp\/v2\/media?parent=1632"}],"curies":[{"name":"wp","href":"https:\/\/api.w.org\/{rel}","templated":true}]}}