{"id":1623,"date":"2025-01-05T06:22:05","date_gmt":"2025-01-05T03:22:05","guid":{"rendered":"https:\/\/gelisimyemkatki.com\/protectors\/salmonella-inhibitors\/salex-liquid-100\/"},"modified":"2025-01-07T18:48:53","modified_gmt":"2025-01-07T15:48:53","slug":"salex-liquid-100","status":"publish","type":"page","link":"https:\/\/gelisimyemkatki.com\/en\/protective-additives\/salmonella-inhibitors\/salex-liquid-100\/","title":{"rendered":"Salex Liquid 100"},"content":{"rendered":"<div class=\"tg-wrap\">\n<table class=\"tg\" style=\"width: 100%;\">\n<tbody>\n<tr>\n<td class=\"tg-yla0\" style=\"width: 20.9302%;\"><span style=\"font-weight: bold;\">PRODUCT CODE:<\/span><\/td>\n<td class=\"tg-yla0\" style=\"width: 77.4282%;\" colspan=\"3\"><span style=\"font-weight: bold;\">KR4500<\/span><\/td>\n<\/tr>\n<tr>\n<td class=\"tg-0lax\" style=\"width: 98.3584%;\" colspan=\"4\"><span style=\"font-style: normal;\">Contained in compound feed, feed raw materials and drinking water <\/span><span style=\"font-style: italic;\">Salmonella<\/span><span style=\"font-style: normal;\"> It is an antibacterial additive produced to control gram-negative bacteria such as gram-negative bacteria.<\/span><\/td>\n<\/tr>\n<tr>\n<td class=\"tg-wa1i\" style=\"width: 98.3584%;\" colspan=\"4\"><span style=\"font-weight: bold;\">COMPOSITION<\/span><\/td>\n<\/tr>\n<tr>\n<td class=\"tg-wa1i\" style=\"width: 20.9302%;\"><span style=\"font-weight: bold;\">Identifier Number<\/span><\/td>\n<td class=\"tg-wa1i\" style=\"width: 33.9261%;\"><span style=\"font-weight: bold;\">Active Substance<\/span><\/td>\n<td class=\"tg-wa1i\" style=\"width: 43.5021%;\" colspan=\"2\"><span style=\"font-weight: bold;\">Level in Premix Units <\/span><\/td>\n<\/tr>\n<tr>\n<td class=\"tg-yla0\" style=\"width: 98.3584%;\" colspan=\"4\"><span style=\"font-weight: bold;\">Organic Acids<\/span><\/td>\n<\/tr>\n<tr>\n<td class=\"tg-cly1\" style=\"width: 20.9302%;\">E236<\/td>\n<td class=\"tg-cly1\" style=\"width: 33.9261%;\">Formic acid (CH2O2)<\/td>\n<td class=\"tg-mwxe\" style=\"width: 8.48156%;\">75<\/td>\n<td class=\"tg-yqfv\" style=\"width: 35.0205%;\"><span style=\"color: #1f1f1f;\">%<\/span><\/td>\n<\/tr>\n<tr>\n<td class=\"tg-cly1\" style=\"width: 20.9302%;\">E280<\/td>\n<td class=\"tg-cly1\" style=\"width: 33.9261%;\">Propionic acid (C3H6O2)<\/td>\n<td class=\"tg-mwxe\" style=\"width: 8.48156%;\">25<\/td>\n<td class=\"tg-yqfv\" style=\"width: 35.0205%;\"><span style=\"color: #1f1f1f;\">%<\/span><\/td>\n<\/tr>\n<tr>\n<td class=\"tg-yla0\" style=\"width: 20.9302%;\"><span style=\"font-weight: bold;\">INSTRUCTIONS FOR USE:<\/span><\/td>\n<td class=\"tg-cly1\" style=\"width: 77.4282%;\" colspan=\"3\">It is recommended to use between 3 &#8211; 10 liters per 1 ton of feed in compound feed, feed raw materials and drinking water. For routine control, it is recommended to use 3 liters per 1 ton of feed.<\/td>\n<\/tr>\n<tr>\n<td class=\"tg-yla0\" style=\"width: 20.9302%;\"><span style=\"font-weight: bold;\">STORAGE CONDITIONS:<\/span><\/td>\n<td class=\"tg-cly1\" style=\"width: 77.4282%;\" colspan=\"3\">Store in cool, dark and moisture-free conditions in its packaging.<\/td>\n<\/tr>\n<tr>\n<td class=\"tg-yla0\" style=\"width: 20.9302%;\"><span style=\"font-weight: bold;\">WARNING:<\/span><\/td>\n<td class=\"tg-soni\" style=\"width: 77.4282%;\" colspan=\"3\"><span style=\"color: #1f1f1f;\">Must be consumed within 24 months from the date of production.<\/span><\/td>\n<\/tr>\n<\/tbody>\n<\/table>\n<\/div>\n","protected":false},"excerpt":{"rendered":"<p>PRODUCT CODE: KR4500 Contained in compound feed, feed raw materials and drinking water Salmonella It is an antibacterial additive produced to control gram-negative bacteria such as gram-negative bacteria. COMPOSITION Identifier Number Active Substance Level in Premix Units Organic Acids E236 Formic acid (CH2O2) 75 % E280 Propionic acid (C3H6O2) 25 % INSTRUCTIONS FOR USE: It [&hellip;]<\/p>\n","protected":false},"author":1,"featured_media":0,"parent":1605,"menu_order":0,"comment_status":"closed","ping_status":"closed","template":"","meta":{"footnotes":""},"class_list":["post-1623","page","type-page","status-publish","hentry"],"yoast_head":"<!-- This site is optimized with the Yoast SEO Premium plugin v24.1 (Yoast SEO v26.6) - https:\/\/yoast.com\/wordpress\/plugins\/seo\/ -->\n<title>Salex Liquid 100 | Geli\u015fim Yem Katk\u0131<\/title>\n<meta name=\"description\" content=\"It is an antibacterial additive produced to control gram negative bacteria such as Salmonella in mixed feed, feed raw materials and drinking water.\" \/>\n<meta name=\"robots\" content=\"index, follow, max-snippet:-1, max-image-preview:large, max-video-preview:-1\" \/>\n<link rel=\"canonical\" href=\"https:\/\/gelisimyemkatki.com\/en\/protective-additives\/salmonella-inhibitors\/salex-liquid-100\/\" \/>\n<meta property=\"og:locale\" content=\"en_US\" \/>\n<meta property=\"og:type\" content=\"article\" \/>\n<meta property=\"og:title\" content=\"Salex Liquid 100\" \/>\n<meta property=\"og:description\" content=\"It is an antibacterial additive produced to control gram negative bacteria such as Salmonella in mixed feed, feed raw materials and drinking water.\" \/>\n<meta property=\"og:url\" content=\"https:\/\/gelisimyemkatki.com\/en\/protective-additives\/salmonella-inhibitors\/salex-liquid-100\/\" \/>\n<meta property=\"og:site_name\" content=\"Geli\u015fim Yem Katk\u0131\" \/>\n<meta property=\"article:modified_time\" content=\"2025-01-07T15:48:53+00:00\" \/>\n<meta name=\"twitter:card\" content=\"summary_large_image\" \/>\n<meta name=\"twitter:label1\" content=\"Est. reading time\" \/>\n\t<meta name=\"twitter:data1\" content=\"1 minute\" \/>\n<script type=\"application\/ld+json\" class=\"yoast-schema-graph\">{\"@context\":\"https:\/\/schema.org\",\"@graph\":[{\"@type\":\"WebPage\",\"@id\":\"https:\/\/gelisimyemkatki.com\/en\/protective-additives\/salmonella-inhibitors\/salex-liquid-100\/\",\"url\":\"https:\/\/gelisimyemkatki.com\/en\/protective-additives\/salmonella-inhibitors\/salex-liquid-100\/\",\"name\":\"Salex Liquid 100 | Geli\u015fim Yem Katk\u0131\",\"isPartOf\":{\"@id\":\"https:\/\/gelisimyemkatki.com\/en\/#website\"},\"datePublished\":\"2025-01-05T03:22:05+00:00\",\"dateModified\":\"2025-01-07T15:48:53+00:00\",\"description\":\"It is an antibacterial additive produced to control gram negative bacteria such as Salmonella in mixed feed, feed raw materials and drinking water.\",\"breadcrumb\":{\"@id\":\"https:\/\/gelisimyemkatki.com\/en\/protective-additives\/salmonella-inhibitors\/salex-liquid-100\/#breadcrumb\"},\"inLanguage\":\"en-US\",\"potentialAction\":[{\"@type\":\"ReadAction\",\"target\":[\"https:\/\/gelisimyemkatki.com\/en\/protective-additives\/salmonella-inhibitors\/salex-liquid-100\/\"]}]},{\"@type\":\"BreadcrumbList\",\"@id\":\"https:\/\/gelisimyemkatki.com\/en\/protective-additives\/salmonella-inhibitors\/salex-liquid-100\/#breadcrumb\",\"itemListElement\":[{\"@type\":\"ListItem\",\"position\":1,\"name\":\"Home\",\"item\":\"https:\/\/gelisimyemkatki.com\/en\/\"},{\"@type\":\"ListItem\",\"position\":2,\"name\":\"Protective Additives\",\"item\":\"https:\/\/gelisimyemkatki.com\/en\/protective-additives\/\"},{\"@type\":\"ListItem\",\"position\":3,\"name\":\"Salmonella Inhibitors\",\"item\":\"https:\/\/gelisimyemkatki.com\/en\/protective-additives\/salmonella-inhibitors\/\"},{\"@type\":\"ListItem\",\"position\":4,\"name\":\"Salex Liquid 100\"}]},{\"@type\":\"WebSite\",\"@id\":\"https:\/\/gelisimyemkatki.com\/en\/#website\",\"url\":\"https:\/\/gelisimyemkatki.com\/en\/\",\"name\":\"Geli\u015fim Yem Katk\u0131 \u00dcr\u00fcnleri\",\"description\":\"Maddeleri Tic. Ltd. \u015eti.\",\"potentialAction\":[{\"@type\":\"SearchAction\",\"target\":{\"@type\":\"EntryPoint\",\"urlTemplate\":\"https:\/\/gelisimyemkatki.com\/en\/?s={search_term_string}\"},\"query-input\":{\"@type\":\"PropertyValueSpecification\",\"valueRequired\":true,\"valueName\":\"search_term_string\"}}],\"inLanguage\":\"en-US\"}]}<\/script>\n<!-- \/ Yoast SEO Premium plugin. -->","yoast_head_json":{"title":"Salex Liquid 100 | Geli\u015fim Yem Katk\u0131","description":"It is an antibacterial additive produced to control gram negative bacteria such as Salmonella in mixed feed, feed raw materials and drinking water.","robots":{"index":"index","follow":"follow","max-snippet":"max-snippet:-1","max-image-preview":"max-image-preview:large","max-video-preview":"max-video-preview:-1"},"canonical":"https:\/\/gelisimyemkatki.com\/en\/protective-additives\/salmonella-inhibitors\/salex-liquid-100\/","og_locale":"en_US","og_type":"article","og_title":"Salex Liquid 100","og_description":"It is an antibacterial additive produced to control gram negative bacteria such as Salmonella in mixed feed, feed raw materials and drinking water.","og_url":"https:\/\/gelisimyemkatki.com\/en\/protective-additives\/salmonella-inhibitors\/salex-liquid-100\/","og_site_name":"Geli\u015fim Yem Katk\u0131","article_modified_time":"2025-01-07T15:48:53+00:00","twitter_card":"summary_large_image","twitter_misc":{"Est. reading time":"1 minute"},"schema":{"@context":"https:\/\/schema.org","@graph":[{"@type":"WebPage","@id":"https:\/\/gelisimyemkatki.com\/en\/protective-additives\/salmonella-inhibitors\/salex-liquid-100\/","url":"https:\/\/gelisimyemkatki.com\/en\/protective-additives\/salmonella-inhibitors\/salex-liquid-100\/","name":"Salex Liquid 100 | Geli\u015fim Yem Katk\u0131","isPartOf":{"@id":"https:\/\/gelisimyemkatki.com\/en\/#website"},"datePublished":"2025-01-05T03:22:05+00:00","dateModified":"2025-01-07T15:48:53+00:00","description":"It is an antibacterial additive produced to control gram negative bacteria such as Salmonella in mixed feed, feed raw materials and drinking water.","breadcrumb":{"@id":"https:\/\/gelisimyemkatki.com\/en\/protective-additives\/salmonella-inhibitors\/salex-liquid-100\/#breadcrumb"},"inLanguage":"en-US","potentialAction":[{"@type":"ReadAction","target":["https:\/\/gelisimyemkatki.com\/en\/protective-additives\/salmonella-inhibitors\/salex-liquid-100\/"]}]},{"@type":"BreadcrumbList","@id":"https:\/\/gelisimyemkatki.com\/en\/protective-additives\/salmonella-inhibitors\/salex-liquid-100\/#breadcrumb","itemListElement":[{"@type":"ListItem","position":1,"name":"Home","item":"https:\/\/gelisimyemkatki.com\/en\/"},{"@type":"ListItem","position":2,"name":"Protective Additives","item":"https:\/\/gelisimyemkatki.com\/en\/protective-additives\/"},{"@type":"ListItem","position":3,"name":"Salmonella Inhibitors","item":"https:\/\/gelisimyemkatki.com\/en\/protective-additives\/salmonella-inhibitors\/"},{"@type":"ListItem","position":4,"name":"Salex Liquid 100"}]},{"@type":"WebSite","@id":"https:\/\/gelisimyemkatki.com\/en\/#website","url":"https:\/\/gelisimyemkatki.com\/en\/","name":"Geli\u015fim Yem Katk\u0131 \u00dcr\u00fcnleri","description":"Maddeleri Tic. Ltd. \u015eti.","potentialAction":[{"@type":"SearchAction","target":{"@type":"EntryPoint","urlTemplate":"https:\/\/gelisimyemkatki.com\/en\/?s={search_term_string}"},"query-input":{"@type":"PropertyValueSpecification","valueRequired":true,"valueName":"search_term_string"}}],"inLanguage":"en-US"}]}},"_links":{"self":[{"href":"https:\/\/gelisimyemkatki.com\/en\/wp-json\/wp\/v2\/pages\/1623","targetHints":{"allow":["GET"]}}],"collection":[{"href":"https:\/\/gelisimyemkatki.com\/en\/wp-json\/wp\/v2\/pages"}],"about":[{"href":"https:\/\/gelisimyemkatki.com\/en\/wp-json\/wp\/v2\/types\/page"}],"author":[{"embeddable":true,"href":"https:\/\/gelisimyemkatki.com\/en\/wp-json\/wp\/v2\/users\/1"}],"replies":[{"embeddable":true,"href":"https:\/\/gelisimyemkatki.com\/en\/wp-json\/wp\/v2\/comments?post=1623"}],"version-history":[{"count":0,"href":"https:\/\/gelisimyemkatki.com\/en\/wp-json\/wp\/v2\/pages\/1623\/revisions"}],"up":[{"embeddable":true,"href":"https:\/\/gelisimyemkatki.com\/en\/wp-json\/wp\/v2\/pages\/1605"}],"wp:attachment":[{"href":"https:\/\/gelisimyemkatki.com\/en\/wp-json\/wp\/v2\/media?parent=1623"}],"curies":[{"name":"wp","href":"https:\/\/api.w.org\/{rel}","templated":true}]}}