{"id":1562,"date":"2025-01-05T06:13:31","date_gmt":"2025-01-05T03:13:31","guid":{"rendered":"https:\/\/gelisimyemkatki.com\/poultry\/vitamin-and-mineral-premixes\/vizyomix-chicken-vm-premix-2\/"},"modified":"2025-03-13T15:23:07","modified_gmt":"2025-03-13T12:23:07","slug":"vizyomix-layer-vm-premix","status":"publish","type":"page","link":"https:\/\/gelisimyemkatki.com\/en\/poultry\/vitamin-and-mineral-premixes\/vizyomix-layer-vm-premix\/","title":{"rendered":"Vizyomix Layer VM Premix"},"content":{"rendered":"<div class=\"tg-wrap\">\n<table class=\"tg\" style=\"width: 100%;\">\n<tbody>\n<tr>\n<td class=\"tg-yla0\" style=\"width: 24.0618%;\"><span style=\"font-weight: bold;\">PRODUCT CODE:<\/span><\/td>\n<td class=\"tg-yla0\" style=\"width: 74.6137%;\" colspan=\"3\"><span style=\"font-weight: bold;\">KP0640<\/span><\/td>\n<\/tr>\n<tr>\n<td class=\"tg-cly1\" style=\"width: 98.6755%;\" colspan=\"4\">It is an additive produced to meet the vitamin and mineral needs of laying hens.<\/td>\n<\/tr>\n<tr>\n<td class=\"tg-yla0\" style=\"width: 98.6755%;\" colspan=\"4\"><span style=\"font-weight: bold;\">COMPOSITION<\/span><\/td>\n<\/tr>\n<tr>\n<td class=\"tg-yla0\" style=\"width: 24.0618%;\"><span style=\"font-weight: bold;\">Identifier Number <\/span><\/td>\n<td class=\"tg-yla0\" style=\"width: 27.1523%;\"><span style=\"font-weight: bold;\">Active Substance<\/span><\/td>\n<td class=\"tg-yla0\" style=\"width: 47.4614%;\" colspan=\"2\"><span style=\"font-weight: bold;\">Level in premix Units (Per 2.5 kg premix)<\/span><\/td>\n<\/tr>\n<tr>\n<td class=\"tg-yla0\" style=\"width: 98.6755%;\" colspan=\"4\"><span style=\"font-weight: bold;\">Vitamins<\/span><\/td>\n<\/tr>\n<tr>\n<td class=\"tg-cly1\" style=\"width: 24.0618%;\">3a672a &#8211; E672<\/td>\n<td class=\"tg-cly1\" style=\"width: 27.1523%;\">Vitamin A (Retinol)<\/td>\n<td class=\"tg-cly1\" style=\"width: 18.543%;\">12.500.00<\/td>\n<td class=\"tg-cly1\" style=\"width: 28.9183%;\">IU<\/td>\n<\/tr>\n<tr>\n<td class=\"tg-cly1\" style=\"width: 24.0618%;\">3a671 &#8211; E671<\/td>\n<td class=\"tg-cly1\" style=\"width: 27.1523%;\">Vitamin D3 (Cholecalciferol)<\/td>\n<td class=\"tg-cly1\" style=\"width: 18.543%;\">2.400.000<\/td>\n<td class=\"tg-cly1\" style=\"width: 28.9183%;\">IU<\/td>\n<\/tr>\n<tr>\n<td class=\"tg-cly1\" style=\"width: 24.0618%;\">3a700 &#8211; E307<\/td>\n<td class=\"tg-7zrl\" style=\"width: 27.1523%;\">Vitamin E (Tocopherol)<\/td>\n<td class=\"tg-cly1\" style=\"width: 18.543%;\">30.000<\/td>\n<td class=\"tg-cly1\" style=\"width: 28.9183%;\">mg<\/td>\n<\/tr>\n<tr>\n<td class=\"tg-cly1\" style=\"width: 24.0618%;\">E150<\/td>\n<td class=\"tg-cly1\" style=\"width: 27.1523%;\">Vitamin K3 (Menadion)<\/td>\n<td class=\"tg-cly1\" style=\"width: 18.543%;\">4.000<\/td>\n<td class=\"tg-cly1\" style=\"width: 28.9183%;\">mg<\/td>\n<\/tr>\n<tr>\n<td class=\"tg-cly1\" style=\"width: 24.0618%;\">E100<\/td>\n<td class=\"tg-cly1\" style=\"width: 27.1523%;\">Vitamin B1 (Thiamine)<\/td>\n<td class=\"tg-cly1\" style=\"width: 18.543%;\">3.000<\/td>\n<td class=\"tg-cly1\" style=\"width: 28.9183%;\">mg<\/td>\n<\/tr>\n<tr>\n<td class=\"tg-cly1\" style=\"width: 24.0618%;\">E101<\/td>\n<td class=\"tg-cly1\" style=\"width: 27.1523%;\">Vitamin B2 (Riboflavin)<\/td>\n<td class=\"tg-cly1\" style=\"width: 18.543%;\">7.000<\/td>\n<td class=\"tg-cly1\" style=\"width: 28.9183%;\">mg<\/td>\n<\/tr>\n<tr>\n<td class=\"tg-cly1\" style=\"width: 24.0618%;\">E1006<\/td>\n<td class=\"tg-cly1\" style=\"width: 27.1523%;\">Vitamin B6 (Pyridoxine)<\/td>\n<td class=\"tg-cly1\" style=\"width: 18.543%;\">5.000<\/td>\n<td class=\"tg-cly1\" style=\"width: 28.9183%;\">mg<\/td>\n<\/tr>\n<tr>\n<td class=\"tg-cly1\" style=\"width: 24.0618%;\">E912<\/td>\n<td class=\"tg-cly1\" style=\"width: 27.1523%;\">Vitamin B12 (Cobalamin)<\/td>\n<td class=\"tg-cly1\" style=\"width: 18.543%;\">15<\/td>\n<td class=\"tg-cly1\" style=\"width: 28.9183%;\">mg<\/td>\n<\/tr>\n<tr>\n<td class=\"tg-cly1\" style=\"width: 24.0618%;\">3a300 &#8211; E300<\/td>\n<td class=\"tg-cly1\" style=\"width: 27.1523%;\">Vitamin C (Ascorbic acid)<\/td>\n<td class=\"tg-cly1\" style=\"width: 18.543%;\">50.000<\/td>\n<td class=\"tg-cly1\" style=\"width: 28.9183%;\">mg<\/td>\n<\/tr>\n<tr>\n<td class=\"tg-cly1\" style=\"width: 24.0618%;\">E375<\/td>\n<td class=\"tg-cly1\" style=\"width: 27.1523%;\">Vitamin B3 (Niacin)<\/td>\n<td class=\"tg-cly1\" style=\"width: 18.543%;\">25.000<\/td>\n<td class=\"tg-cly1\" style=\"width: 28.9183%;\">mg<\/td>\n<\/tr>\n<tr>\n<td class=\"tg-cly1\" style=\"width: 24.0618%;\">E524<\/td>\n<td class=\"tg-soni\" style=\"width: 27.1523%;\"><span style=\"color: #1f1f1f;\">Vitamin B5 (Calcium pantothenate)<\/span><\/td>\n<td class=\"tg-cly1\" style=\"width: 18.543%;\">10.000<\/td>\n<td class=\"tg-cly1\" style=\"width: 28.9183%;\">mg<\/td>\n<\/tr>\n<tr>\n<td class=\"tg-cly1\" style=\"width: 24.0618%;\">E363<\/td>\n<td class=\"tg-cly1\" style=\"width: 27.1523%;\">Vitamin B7 (D-biotin)<\/td>\n<td class=\"tg-cly1\" style=\"width: 18.543%;\">45<\/td>\n<td class=\"tg-cly1\" style=\"width: 28.9183%;\">mg<\/td>\n<\/tr>\n<tr>\n<td class=\"tg-cly1\" style=\"width: 24.0618%;\">E636<\/td>\n<td class=\"tg-cly1\" style=\"width: 27.1523%;\">Vitamin B9 (Folic acid)<\/td>\n<td class=\"tg-cly1\" style=\"width: 18.543%;\">1.000<\/td>\n<td class=\"tg-cly1\" style=\"width: 28.9183%;\">mg<\/td>\n<\/tr>\n<tr>\n<td class=\"tg-yla0\" style=\"width: 98.6755%;\" colspan=\"4\"><span style=\"font-weight: bold;\">Enzymes<\/span><\/td>\n<\/tr>\n<tr>\n<td class=\"tg-cly1\" style=\"width: 24.0618%;\">\u00a0<\/td>\n<td class=\"tg-cly1\" style=\"width: 27.1523%;\">Phytase<\/td>\n<td class=\"tg-cly1\" style=\"width: 18.543%;\">300.000<\/td>\n<td class=\"tg-cly1\" style=\"width: 28.9183%;\">FTU<\/td>\n<\/tr>\n<tr>\n<td class=\"tg-cly1\" style=\"width: 24.0618%;\">\u00a0<\/td>\n<td class=\"tg-cly1\" style=\"width: 27.1523%;\">Beta glucanase<\/td>\n<td class=\"tg-cly1\" style=\"width: 18.543%;\">900.000<\/td>\n<td class=\"tg-cly1\" style=\"width: 28.9183%;\">BGU\/g<\/td>\n<\/tr>\n<tr>\n<td class=\"tg-cly1\" style=\"width: 24.0618%;\">\u00a0<\/td>\n<td class=\"tg-cly1\" style=\"width: 27.1523%;\">Beta xylanase<\/td>\n<td class=\"tg-cly1\" style=\"width: 18.543%;\">4.000.000<\/td>\n<td class=\"tg-cly1\" style=\"width: 28.9183%;\">XU\/g<\/td>\n<\/tr>\n<tr>\n<td class=\"tg-yla0\" style=\"width: 98.6755%;\" colspan=\"4\"><span style=\"font-weight: bold;\">Trace Minerals<\/span><\/td>\n<\/tr>\n<tr>\n<td style=\"width: 24.0618%;\">E1<\/td>\n<td style=\"width: 27.1523%;\">Iron (Fe)<\/td>\n<td style=\"width: 18.543%;\">60.000<\/td>\n<td style=\"width: 28.9183%;\">mg<\/td>\n<\/tr>\n<tr>\n<td class=\"tg-cly1\" style=\"width: 24.0618%;\">E5<\/td>\n<td class=\"tg-7zrl\" style=\"width: 27.1523%;\">Manganese (Mn)<\/td>\n<td class=\"tg-cly1\" style=\"width: 18.543%;\">80.000<\/td>\n<td class=\"tg-cly1\" style=\"width: 28.9183%;\">mg<\/td>\n<\/tr>\n<tr>\n<td class=\"tg-cly1\" style=\"width: 24.0618%;\">3b606 &#8211; E6<\/td>\n<td class=\"tg-cly1\" style=\"width: 27.1523%;\">Zinc (Zn)<\/td>\n<td class=\"tg-cly1\" style=\"width: 18.543%;\">60.000<\/td>\n<td class=\"tg-cly1\" style=\"width: 28.9183%;\">mg<\/td>\n<\/tr>\n<tr>\n<td class=\"tg-cly1\" style=\"width: 24.0618%;\">E4<\/td>\n<td class=\"tg-cly1\" style=\"width: 27.1523%;\">Copper (Cu)<\/td>\n<td class=\"tg-cly1\" style=\"width: 18.543%;\">5.000<\/td>\n<td class=\"tg-cly1\" style=\"width: 28.9183%;\">mg<\/td>\n<\/tr>\n<tr>\n<td class=\"tg-cly1\" style=\"width: 24.0618%;\">E2<\/td>\n<td class=\"tg-cly1\" style=\"width: 27.1523%;\">Iodine (I)<\/td>\n<td class=\"tg-cly1\" style=\"width: 18.543%;\">1.000<\/td>\n<td class=\"tg-cly1\" style=\"width: 28.9183%;\">mg<\/td>\n<\/tr>\n<tr>\n<td class=\"tg-cly1\" style=\"width: 24.0618%;\">E3<\/td>\n<td class=\"tg-cly1\" style=\"width: 27.1523%;\">Cobalt (Co)<\/td>\n<td class=\"tg-cly1\" style=\"width: 18.543%;\">200<\/td>\n<td class=\"tg-cly1\" style=\"width: 28.9183%;\">mg<\/td>\n<\/tr>\n<tr>\n<td class=\"tg-cly1\" style=\"width: 24.0618%;\">3b8.10 &#8211; E8<\/td>\n<td class=\"tg-cly1\" style=\"width: 27.1523%;\">Selenium (Se)<\/td>\n<td class=\"tg-cly1\" style=\"width: 18.543%;\">150<\/td>\n<td class=\"tg-cly1\" style=\"width: 28.9183%;\">mg<\/td>\n<\/tr>\n<tr>\n<td class=\"tg-yla0\" style=\"width: 98.6755%;\" colspan=\"4\"><span style=\"font-weight: bold;\">Chemical Components<\/span><\/td>\n<\/tr>\n<tr>\n<td class=\"tg-cly1\" style=\"width: 24.0618%;\">3a890<\/td>\n<td class=\"tg-cly1\" style=\"width: 27.1523%;\">Choline chloride<\/td>\n<td class=\"tg-cly1\" style=\"width: 18.543%;\">125.000<\/td>\n<td class=\"tg-cly1\" style=\"width: 28.9183%;\">mg<\/td>\n<\/tr>\n<tr>\n<td class=\"tg-yla0\" style=\"width: 98.6755%;\" colspan=\"4\"><span style=\"font-weight: bold;\">Zootechnical Additives: Colorants<\/span><\/td>\n<\/tr>\n<tr>\n<td class=\"tg-cly1\" style=\"width: 24.0618%;\">E1618<\/td>\n<td class=\"tg-cly1\" style=\"width: 27.1523%;\">Cantaxanthin<\/td>\n<td class=\"tg-cly1\" style=\"width: 18.543%;\">3.500<\/td>\n<td class=\"tg-cly1\" style=\"width: 28.9183%;\">mg<\/td>\n<\/tr>\n<tr>\n<td class=\"tg-cly1\" style=\"width: 24.0618%;\">E160f<\/td>\n<td class=\"tg-cly1\" style=\"width: 27.1523%;\">Apo carotenoid acid ester<\/td>\n<td class=\"tg-cly1\" style=\"width: 18.543%;\">1.500<\/td>\n<td class=\"tg-cly1\" style=\"width: 28.9183%;\">mg<\/td>\n<\/tr>\n<tr>\n<td class=\"tg-yla0\" style=\"width: 98.6755%;\" colspan=\"4\"><span style=\"font-weight: bold;\">Natural Additives<\/span><\/td>\n<\/tr>\n<tr>\n<td class=\"tg-cly1\" style=\"width: 24.0618%;\">\u00a0<\/td>\n<td class=\"tg-cly1\" style=\"width: 27.1523%;\">Sodium humate<\/td>\n<td class=\"tg-cly1\" style=\"width: 18.543%;\">400.000<\/td>\n<td class=\"tg-cly1\" style=\"width: 28.9183%;\">mg<\/td>\n<\/tr>\n<tr>\n<td class=\"tg-yla0\" style=\"width: 24.0618%;\"><span style=\"font-weight: bold;\">INSTRUCTIONS FOR USE:<\/span><\/td>\n<td class=\"tg-7zrl\" style=\"width: 74.6137%;\" colspan=\"3\">It is recommended to use 2.5 kg per 1 ton of feed for laying hens.<\/td>\n<\/tr>\n<tr>\n<td class=\"tg-yla0\" style=\"width: 24.0618%;\"><span style=\"font-weight: bold;\">STORAGE CONDITIONS:<\/span><\/td>\n<td class=\"tg-cly1\" style=\"width: 74.6137%;\" colspan=\"3\">Store in cool, dark and moisture-free conditions in its packaging.<\/td>\n<\/tr>\n<tr>\n<td class=\"tg-yla0\" style=\"width: 24.0618%;\"><span style=\"font-weight: bold;\">WARNING:<\/span><\/td>\n<td class=\"tg-7zrl\" style=\"width: 74.6137%;\" colspan=\"3\">Must be consumed within 24 months from the date of production.<\/td>\n<\/tr>\n<\/tbody>\n<\/table>\n<\/div>\n","protected":false},"excerpt":{"rendered":"<p>PRODUCT CODE: KP0640 It is an additive produced to meet the vitamin and mineral needs of laying hens. COMPOSITION Identifier Number Active Substance Level in premix Units (Per 2.5 kg premix) Vitamins 3a672a &#8211; E672 Vitamin A (Retinol) 12.500.00 IU 3a671 &#8211; E671 Vitamin D3 (Cholecalciferol) 2.400.000 IU 3a700 &#8211; E307 Vitamin E (Tocopherol) 30.000 [&hellip;]<\/p>\n","protected":false},"author":1,"featured_media":0,"parent":1544,"menu_order":0,"comment_status":"closed","ping_status":"closed","template":"","meta":{"footnotes":""},"class_list":["post-1562","page","type-page","status-publish","hentry"],"yoast_head":"<!-- This site is optimized with the Yoast SEO Premium plugin v24.1 (Yoast SEO v26.6) - https:\/\/yoast.com\/wordpress\/plugins\/seo\/ -->\n<title>Vizyomix Layer VM Premix | Geli\u015fim Yem Katk\u0131<\/title>\n<meta name=\"description\" content=\"It is an additive produced to meet the vitamin and mineral needs of laying hens.\" \/>\n<meta name=\"robots\" content=\"index, follow, max-snippet:-1, max-image-preview:large, max-video-preview:-1\" \/>\n<link rel=\"canonical\" href=\"https:\/\/gelisimyemkatki.com\/en\/poultry\/vitamin-and-mineral-premixes\/vizyomix-layer-vm-premix\/\" \/>\n<meta property=\"og:locale\" content=\"en_US\" \/>\n<meta property=\"og:type\" content=\"article\" \/>\n<meta property=\"og:title\" content=\"Vizyomix Layer VM Premix\" \/>\n<meta property=\"og:description\" content=\"It is an additive produced to meet the vitamin and mineral needs of laying hens.\" \/>\n<meta property=\"og:url\" content=\"https:\/\/gelisimyemkatki.com\/en\/poultry\/vitamin-and-mineral-premixes\/vizyomix-layer-vm-premix\/\" \/>\n<meta property=\"og:site_name\" content=\"Geli\u015fim Yem Katk\u0131\" \/>\n<meta property=\"article:modified_time\" content=\"2025-03-13T12:23:07+00:00\" \/>\n<meta name=\"twitter:card\" content=\"summary_large_image\" \/>\n<meta name=\"twitter:label1\" content=\"Est. reading time\" \/>\n\t<meta name=\"twitter:data1\" content=\"2 minutes\" \/>\n<script type=\"application\/ld+json\" class=\"yoast-schema-graph\">{\"@context\":\"https:\/\/schema.org\",\"@graph\":[{\"@type\":\"WebPage\",\"@id\":\"https:\/\/gelisimyemkatki.com\/en\/poultry\/vitamin-and-mineral-premixes\/vizyomix-layer-vm-premix\/\",\"url\":\"https:\/\/gelisimyemkatki.com\/en\/poultry\/vitamin-and-mineral-premixes\/vizyomix-layer-vm-premix\/\",\"name\":\"Vizyomix Layer VM Premix | Geli\u015fim Yem Katk\u0131\",\"isPartOf\":{\"@id\":\"https:\/\/gelisimyemkatki.com\/en\/#website\"},\"datePublished\":\"2025-01-05T03:13:31+00:00\",\"dateModified\":\"2025-03-13T12:23:07+00:00\",\"description\":\"It is an additive produced to meet the vitamin and mineral needs of laying hens.\",\"breadcrumb\":{\"@id\":\"https:\/\/gelisimyemkatki.com\/en\/poultry\/vitamin-and-mineral-premixes\/vizyomix-layer-vm-premix\/#breadcrumb\"},\"inLanguage\":\"en-US\",\"potentialAction\":[{\"@type\":\"ReadAction\",\"target\":[\"https:\/\/gelisimyemkatki.com\/en\/poultry\/vitamin-and-mineral-premixes\/vizyomix-layer-vm-premix\/\"]}]},{\"@type\":\"BreadcrumbList\",\"@id\":\"https:\/\/gelisimyemkatki.com\/en\/poultry\/vitamin-and-mineral-premixes\/vizyomix-layer-vm-premix\/#breadcrumb\",\"itemListElement\":[{\"@type\":\"ListItem\",\"position\":1,\"name\":\"Home\",\"item\":\"https:\/\/gelisimyemkatki.com\/en\/\"},{\"@type\":\"ListItem\",\"position\":2,\"name\":\"Poultry\",\"item\":\"https:\/\/gelisimyemkatki.com\/en\/poultry\/\"},{\"@type\":\"ListItem\",\"position\":3,\"name\":\"Vitamin and Mineral Premixes\",\"item\":\"https:\/\/gelisimyemkatki.com\/en\/poultry\/vitamin-and-mineral-premixes\/\"},{\"@type\":\"ListItem\",\"position\":4,\"name\":\"Vizyomix Layer VM Premix\"}]},{\"@type\":\"WebSite\",\"@id\":\"https:\/\/gelisimyemkatki.com\/en\/#website\",\"url\":\"https:\/\/gelisimyemkatki.com\/en\/\",\"name\":\"Geli\u015fim Yem Katk\u0131 \u00dcr\u00fcnleri\",\"description\":\"Maddeleri Tic. Ltd. \u015eti.\",\"potentialAction\":[{\"@type\":\"SearchAction\",\"target\":{\"@type\":\"EntryPoint\",\"urlTemplate\":\"https:\/\/gelisimyemkatki.com\/en\/?s={search_term_string}\"},\"query-input\":{\"@type\":\"PropertyValueSpecification\",\"valueRequired\":true,\"valueName\":\"search_term_string\"}}],\"inLanguage\":\"en-US\"}]}<\/script>\n<!-- \/ Yoast SEO Premium plugin. -->","yoast_head_json":{"title":"Vizyomix Layer VM Premix | Geli\u015fim Yem Katk\u0131","description":"It is an additive produced to meet the vitamin and mineral needs of laying hens.","robots":{"index":"index","follow":"follow","max-snippet":"max-snippet:-1","max-image-preview":"max-image-preview:large","max-video-preview":"max-video-preview:-1"},"canonical":"https:\/\/gelisimyemkatki.com\/en\/poultry\/vitamin-and-mineral-premixes\/vizyomix-layer-vm-premix\/","og_locale":"en_US","og_type":"article","og_title":"Vizyomix Layer VM Premix","og_description":"It is an additive produced to meet the vitamin and mineral needs of laying hens.","og_url":"https:\/\/gelisimyemkatki.com\/en\/poultry\/vitamin-and-mineral-premixes\/vizyomix-layer-vm-premix\/","og_site_name":"Geli\u015fim Yem Katk\u0131","article_modified_time":"2025-03-13T12:23:07+00:00","twitter_card":"summary_large_image","twitter_misc":{"Est. reading time":"2 minutes"},"schema":{"@context":"https:\/\/schema.org","@graph":[{"@type":"WebPage","@id":"https:\/\/gelisimyemkatki.com\/en\/poultry\/vitamin-and-mineral-premixes\/vizyomix-layer-vm-premix\/","url":"https:\/\/gelisimyemkatki.com\/en\/poultry\/vitamin-and-mineral-premixes\/vizyomix-layer-vm-premix\/","name":"Vizyomix Layer VM Premix | Geli\u015fim Yem Katk\u0131","isPartOf":{"@id":"https:\/\/gelisimyemkatki.com\/en\/#website"},"datePublished":"2025-01-05T03:13:31+00:00","dateModified":"2025-03-13T12:23:07+00:00","description":"It is an additive produced to meet the vitamin and mineral needs of laying hens.","breadcrumb":{"@id":"https:\/\/gelisimyemkatki.com\/en\/poultry\/vitamin-and-mineral-premixes\/vizyomix-layer-vm-premix\/#breadcrumb"},"inLanguage":"en-US","potentialAction":[{"@type":"ReadAction","target":["https:\/\/gelisimyemkatki.com\/en\/poultry\/vitamin-and-mineral-premixes\/vizyomix-layer-vm-premix\/"]}]},{"@type":"BreadcrumbList","@id":"https:\/\/gelisimyemkatki.com\/en\/poultry\/vitamin-and-mineral-premixes\/vizyomix-layer-vm-premix\/#breadcrumb","itemListElement":[{"@type":"ListItem","position":1,"name":"Home","item":"https:\/\/gelisimyemkatki.com\/en\/"},{"@type":"ListItem","position":2,"name":"Poultry","item":"https:\/\/gelisimyemkatki.com\/en\/poultry\/"},{"@type":"ListItem","position":3,"name":"Vitamin and Mineral Premixes","item":"https:\/\/gelisimyemkatki.com\/en\/poultry\/vitamin-and-mineral-premixes\/"},{"@type":"ListItem","position":4,"name":"Vizyomix Layer VM Premix"}]},{"@type":"WebSite","@id":"https:\/\/gelisimyemkatki.com\/en\/#website","url":"https:\/\/gelisimyemkatki.com\/en\/","name":"Geli\u015fim Yem Katk\u0131 \u00dcr\u00fcnleri","description":"Maddeleri Tic. Ltd. \u015eti.","potentialAction":[{"@type":"SearchAction","target":{"@type":"EntryPoint","urlTemplate":"https:\/\/gelisimyemkatki.com\/en\/?s={search_term_string}"},"query-input":{"@type":"PropertyValueSpecification","valueRequired":true,"valueName":"search_term_string"}}],"inLanguage":"en-US"}]}},"_links":{"self":[{"href":"https:\/\/gelisimyemkatki.com\/en\/wp-json\/wp\/v2\/pages\/1562","targetHints":{"allow":["GET"]}}],"collection":[{"href":"https:\/\/gelisimyemkatki.com\/en\/wp-json\/wp\/v2\/pages"}],"about":[{"href":"https:\/\/gelisimyemkatki.com\/en\/wp-json\/wp\/v2\/types\/page"}],"author":[{"embeddable":true,"href":"https:\/\/gelisimyemkatki.com\/en\/wp-json\/wp\/v2\/users\/1"}],"replies":[{"embeddable":true,"href":"https:\/\/gelisimyemkatki.com\/en\/wp-json\/wp\/v2\/comments?post=1562"}],"version-history":[{"count":3,"href":"https:\/\/gelisimyemkatki.com\/en\/wp-json\/wp\/v2\/pages\/1562\/revisions"}],"predecessor-version":[{"id":2611,"href":"https:\/\/gelisimyemkatki.com\/en\/wp-json\/wp\/v2\/pages\/1562\/revisions\/2611"}],"up":[{"embeddable":true,"href":"https:\/\/gelisimyemkatki.com\/en\/wp-json\/wp\/v2\/pages\/1544"}],"wp:attachment":[{"href":"https:\/\/gelisimyemkatki.com\/en\/wp-json\/wp\/v2\/media?parent=1562"}],"curies":[{"name":"wp","href":"https:\/\/api.w.org\/{rel}","templated":true}]}}